{"id":7303,"date":"2012-05-03T09:51:19","date_gmt":"2012-05-03T09:51:19","guid":{"rendered":"https:\/\/www.khpartner.com\/pl\/?page_id=7303"},"modified":"2017-07-11T13:11:31","modified_gmt":"2017-07-11T13:11:31","slug":"jogurt-owocowy","status":"publish","type":"page","link":"https:\/\/katech-solutions.com\/pl\/jogurty\/jogurt-owocowy\/","title":{"rendered":"Jogurt owocowy"},"content":{"rendered":"<p>W przypadku produkt\u00f3w tego typu, wsady owocowe lub inne wsady smakowe doskonale z\u0142agodz\u0105 kwa\u015bny smak jogurtu naturalnego, dzi\u0119ki czemu powstanie produkt o nowym, zupe\u0142nie innym, smaku. Nietrudno zrozumie\u0107, dlaczego jogurty owocowe sta\u0142y si\u0119 tak popularne w\u015br\u00f3d konsument\u00f3w &#8211; to od\u015bwie\u017caj\u0105ce, zdrowe, bardzo por\u0119czne i wygodne produkty mleczarskie dost\u0119pne w wielu wariantach smakowych, kt\u00f3re spe\u0142ni\u0105 wiele r\u00f3\u017cnych oczekiwa\u0144.<\/p>\n<p>Technologia produkcji jogurt\u00f3w owocowych polega na dodaniu preparat\u00f3w owocowych (lub pulpy owocowej) zawieraj\u0105cych zazwyczaj oko\u0142o 50% cukru do bazy jogurtu wyprodukowanej metod\u0105 zbiornikow\u0105. Baza ta mo\u017ce, ale nie musi, by\u0107 s\u0142odzona. Mo\u017cliwe jest tak\u017ce dodanie, na przyk\u0142ad, wanilii.<\/p>\n<p>Istnieje kilka mo\u017cliwo\u015bci dodania owoc\u00f3w do jogurtu. Mo\u017cna je wymiesza\u0107 z baz\u0105 przed nape\u0142nieniem, mog\u0105 one stanowi\u0107 warstw\u0119 na dnie lub na wierzchu opakowania. Ponadto, kawa\u0142ki owoc\u00f3w, Muesli lub ciasteczek mo\u017cna zapakowa\u0107 osobno w komorach opakowa\u0144 typu \u201e<em>twin pot<\/em>\u201d lub \u201e<em>top hat<\/em>\u201d.<\/p>\n","protected":false},"excerpt":{"rendered":"<p>W przypadku produkt\u00f3w tego typu, wsady owocowe lub inne wsady smakowe doskonale z\u0142agodz\u0105 kwa\u015bny smak jogurtu naturalnego, dzi\u0119ki czemu powstanie produkt o nowym, zupe\u0142nie innym, smaku. Nietrudno zrozumie\u0107, dlaczego jogurty owocowe sta\u0142y si\u0119 tak popularne w\u015br\u00f3d konsument\u00f3w &#8211; to od\u015bwie\u017caj\u0105ce, &hellip; <a class=\"continue-reading\" href=\"https:\/\/katech-solutions.com\/pl\/jogurty\/jogurt-owocowy\/\">Czytaj dalej <span class=\"meta-nav\">&rarr;<\/span><\/a><\/p>\n","protected":false},"author":3,"featured_media":0,"parent":7298,"menu_order":0,"comment_status":"closed","ping_status":"open","template":"","meta":{"_acf_changed":false,"footnotes":""},"class_list":["post-7303","page","type-page","status-publish","hentry"],"acf":[],"yoast_head":"<!-- This site is optimized with the Yoast SEO plugin v27.2 - https:\/\/yoast.com\/product\/yoast-seo-wordpress\/ -->\n<title>KaTech - Systemy stabilizuj\u0105ce i emulguj\u0105ce dla jogurtu owocowego<\/title>\n<meta name=\"description\" content=\"KaTech to firma z bran\u017cy technologii \u017cywno\u015bci specjalizuj\u0105ca si\u0119 w produkcji system\u00f3w stabilizuj\u0105cych i emulguj\u0105cych dla jogurtu owocowego\" \/>\n<meta name=\"robots\" content=\"index, follow, max-snippet:-1, max-image-preview:large, max-video-preview:-1\" \/>\n<link rel=\"canonical\" href=\"https:\/\/katech-solutions.com\/pl\/jogurty\/jogurt-owocowy\/\" \/>\n<meta property=\"og:locale\" content=\"pl_PL\" \/>\n<meta property=\"og:type\" content=\"article\" \/>\n<meta property=\"og:title\" content=\"KaTech - Systemy stabilizuj\u0105ce i emulguj\u0105ce dla jogurtu owocowego\" \/>\n<meta property=\"og:description\" content=\"KaTech to firma z bran\u017cy technologii \u017cywno\u015bci specjalizuj\u0105ca si\u0119 w produkcji system\u00f3w stabilizuj\u0105cych i emulguj\u0105cych dla jogurtu owocowego\" \/>\n<meta property=\"og:url\" content=\"https:\/\/katech-solutions.com\/pl\/jogurty\/jogurt-owocowy\/\" \/>\n<meta property=\"og:site_name\" content=\"KaTech\" \/>\n<meta property=\"article:modified_time\" content=\"2017-07-11T13:11:31+00:00\" \/>\n<meta name=\"twitter:label1\" content=\"Szacowany czas czytania\" \/>\n\t<meta name=\"twitter:data1\" content=\"1 minuta\" \/>\n<script type=\"application\/ld+json\" class=\"yoast-schema-graph\">{\"@context\":\"https:\/\/schema.org\",\"@graph\":[{\"@type\":\"WebPage\",\"@id\":\"https:\/\/katech-solutions.com\/pl\/jogurty\/jogurt-owocowy\/\",\"url\":\"https:\/\/katech-solutions.com\/pl\/jogurty\/jogurt-owocowy\/\",\"name\":\"KaTech - Systemy stabilizuj\u0105ce i emulguj\u0105ce dla jogurtu owocowego\",\"isPartOf\":{\"@id\":\"https:\/\/katech-solutions.com\/#website\"},\"datePublished\":\"2012-05-03T09:51:19+00:00\",\"dateModified\":\"2017-07-11T13:11:31+00:00\",\"description\":\"KaTech to firma z bran\u017cy technologii \u017cywno\u015bci specjalizuj\u0105ca si\u0119 w produkcji system\u00f3w stabilizuj\u0105cych i emulguj\u0105cych dla jogurtu owocowego\",\"breadcrumb\":{\"@id\":\"https:\/\/katech-solutions.com\/pl\/jogurty\/jogurt-owocowy\/#breadcrumb\"},\"inLanguage\":\"pl-PL\",\"potentialAction\":[{\"@type\":\"ReadAction\",\"target\":[\"https:\/\/katech-solutions.com\/pl\/jogurty\/jogurt-owocowy\/\"]}]},{\"@type\":\"BreadcrumbList\",\"@id\":\"https:\/\/katech-solutions.com\/pl\/jogurty\/jogurt-owocowy\/#breadcrumb\",\"itemListElement\":[{\"@type\":\"ListItem\",\"position\":1,\"name\":\"Jogurty\",\"item\":\"https:\/\/katech-solutions.com\/pl\/jogurty\/\"},{\"@type\":\"ListItem\",\"position\":2,\"name\":\"Jogurt owocowy\"}]},{\"@type\":\"WebSite\",\"@id\":\"https:\/\/katech-solutions.com\/#website\",\"url\":\"https:\/\/katech-solutions.com\/\",\"name\":\"KaTech\",\"description\":\"\",\"potentialAction\":[{\"@type\":\"SearchAction\",\"target\":{\"@type\":\"EntryPoint\",\"urlTemplate\":\"https:\/\/katech-solutions.com\/?s={search_term_string}\"},\"query-input\":{\"@type\":\"PropertyValueSpecification\",\"valueRequired\":true,\"valueName\":\"search_term_string\"}}],\"inLanguage\":\"pl-PL\"}]}<\/script>\n<!-- \/ Yoast SEO plugin. -->","yoast_head_json":{"title":"KaTech - Systemy stabilizuj\u0105ce i emulguj\u0105ce dla jogurtu owocowego","description":"KaTech to firma z bran\u017cy technologii \u017cywno\u015bci specjalizuj\u0105ca si\u0119 w produkcji system\u00f3w stabilizuj\u0105cych i emulguj\u0105cych dla jogurtu owocowego","robots":{"index":"index","follow":"follow","max-snippet":"max-snippet:-1","max-image-preview":"max-image-preview:large","max-video-preview":"max-video-preview:-1"},"canonical":"https:\/\/katech-solutions.com\/pl\/jogurty\/jogurt-owocowy\/","og_locale":"pl_PL","og_type":"article","og_title":"KaTech - Systemy stabilizuj\u0105ce i emulguj\u0105ce dla jogurtu owocowego","og_description":"KaTech to firma z bran\u017cy technologii \u017cywno\u015bci specjalizuj\u0105ca si\u0119 w produkcji system\u00f3w stabilizuj\u0105cych i emulguj\u0105cych dla jogurtu owocowego","og_url":"https:\/\/katech-solutions.com\/pl\/jogurty\/jogurt-owocowy\/","og_site_name":"KaTech","article_modified_time":"2017-07-11T13:11:31+00:00","twitter_misc":{"Szacowany czas czytania":"1 minuta"},"schema":{"@context":"https:\/\/schema.org","@graph":[{"@type":"WebPage","@id":"https:\/\/katech-solutions.com\/pl\/jogurty\/jogurt-owocowy\/","url":"https:\/\/katech-solutions.com\/pl\/jogurty\/jogurt-owocowy\/","name":"KaTech - Systemy stabilizuj\u0105ce i emulguj\u0105ce dla jogurtu owocowego","isPartOf":{"@id":"https:\/\/katech-solutions.com\/#website"},"datePublished":"2012-05-03T09:51:19+00:00","dateModified":"2017-07-11T13:11:31+00:00","description":"KaTech to firma z bran\u017cy technologii \u017cywno\u015bci specjalizuj\u0105ca si\u0119 w produkcji system\u00f3w stabilizuj\u0105cych i emulguj\u0105cych dla jogurtu owocowego","breadcrumb":{"@id":"https:\/\/katech-solutions.com\/pl\/jogurty\/jogurt-owocowy\/#breadcrumb"},"inLanguage":"pl-PL","potentialAction":[{"@type":"ReadAction","target":["https:\/\/katech-solutions.com\/pl\/jogurty\/jogurt-owocowy\/"]}]},{"@type":"BreadcrumbList","@id":"https:\/\/katech-solutions.com\/pl\/jogurty\/jogurt-owocowy\/#breadcrumb","itemListElement":[{"@type":"ListItem","position":1,"name":"Jogurty","item":"https:\/\/katech-solutions.com\/pl\/jogurty\/"},{"@type":"ListItem","position":2,"name":"Jogurt owocowy"}]},{"@type":"WebSite","@id":"https:\/\/katech-solutions.com\/#website","url":"https:\/\/katech-solutions.com\/","name":"KaTech","description":"","potentialAction":[{"@type":"SearchAction","target":{"@type":"EntryPoint","urlTemplate":"https:\/\/katech-solutions.com\/?s={search_term_string}"},"query-input":{"@type":"PropertyValueSpecification","valueRequired":true,"valueName":"search_term_string"}}],"inLanguage":"pl-PL"}]}},"_links":{"self":[{"href":"https:\/\/katech-solutions.com\/pl\/wp-json\/wp\/v2\/pages\/7303","targetHints":{"allow":["GET"]}}],"collection":[{"href":"https:\/\/katech-solutions.com\/pl\/wp-json\/wp\/v2\/pages"}],"about":[{"href":"https:\/\/katech-solutions.com\/pl\/wp-json\/wp\/v2\/types\/page"}],"author":[{"embeddable":true,"href":"https:\/\/katech-solutions.com\/pl\/wp-json\/wp\/v2\/users\/3"}],"replies":[{"embeddable":true,"href":"https:\/\/katech-solutions.com\/pl\/wp-json\/wp\/v2\/comments?post=7303"}],"version-history":[{"count":6,"href":"https:\/\/katech-solutions.com\/pl\/wp-json\/wp\/v2\/pages\/7303\/revisions"}],"predecessor-version":[{"id":8123,"href":"https:\/\/katech-solutions.com\/pl\/wp-json\/wp\/v2\/pages\/7303\/revisions\/8123"}],"up":[{"embeddable":true,"href":"https:\/\/katech-solutions.com\/pl\/wp-json\/wp\/v2\/pages\/7298"}],"wp:attachment":[{"href":"https:\/\/katech-solutions.com\/pl\/wp-json\/wp\/v2\/media?parent=7303"}],"curies":[{"name":"wp","href":"https:\/\/api.w.org\/{rel}","templated":true}]}}