{"id":7300,"date":"2016-08-04T15:25:15","date_gmt":"2016-08-04T15:25:15","guid":{"rendered":"https:\/\/www.khpartner.com\/pl\/?page_id=7300"},"modified":"2017-11-02T13:54:24","modified_gmt":"2017-11-02T13:54:24","slug":"jogurt-pitny","status":"publish","type":"page","link":"https:\/\/katech-solutions.com\/pl\/jogurty\/jogurt-pitny\/","title":{"rendered":"Jogurt pitny"},"content":{"rendered":"<p style=\"text-align: justify;\">Jogurt pitny to tradycyjny jogurt produkowany metod\u0105 zbiornikow\u0105, kt\u00f3ry charakteryzuje si\u0119 nisk\u0105 lepko\u015bci\u0105. Ten orze\u017awiaj\u0105cy produkt o niskiej zawarto\u015bci t\u0142uszczu dost\u0119pny jest w wielu wariantach smakowych.<\/p>\n<p style=\"text-align: justify;\">Jogurty pitne wpisuj\u0105 si\u0119 idealnie w nowoczesny styl \u017cycia konsument\u00f3w: s\u0105 wygodne w spo\u017cyciu, zdrowe i zawieraj\u0105 ma\u0142o kalorii.<\/p>\n<p style=\"text-align: justify;\">Stosowanie system\u00f3w stabilizuj\u0105cych w jogurtach pitnych ma na celu ochron\u0119 bia\u0142ek, poprawienie stabilno\u015bci i uzyskanie w\u0142a\u015bciwego odczucia w ustach.<\/p>\n","protected":false},"excerpt":{"rendered":"<p>Jogurt pitny to tradycyjny jogurt produkowany metod\u0105 zbiornikow\u0105, kt\u00f3ry charakteryzuje si\u0119 nisk\u0105 lepko\u015bci\u0105. Ten orze\u017awiaj\u0105cy produkt o niskiej zawarto\u015bci t\u0142uszczu dost\u0119pny jest w wielu wariantach smakowych. Jogurty pitne wpisuj\u0105 si\u0119 idealnie w nowoczesny styl \u017cycia konsument\u00f3w: s\u0105 wygodne w spo\u017cyciu, &hellip; <a class=\"continue-reading\" href=\"https:\/\/katech-solutions.com\/pl\/jogurty\/jogurt-pitny\/\">Czytaj dalej <span class=\"meta-nav\">&rarr;<\/span><\/a><\/p>\n","protected":false},"author":28,"featured_media":0,"parent":7298,"menu_order":0,"comment_status":"closed","ping_status":"open","template":"","meta":{"_acf_changed":false,"footnotes":""},"class_list":["post-7300","page","type-page","status-publish","hentry"],"acf":[],"yoast_head":"<!-- This site is optimized with the Yoast SEO plugin v27.2 - https:\/\/yoast.com\/product\/yoast-seo-wordpress\/ -->\n<title>Jogurt pitny |<\/title>\n<meta name=\"robots\" content=\"index, follow, max-snippet:-1, max-image-preview:large, max-video-preview:-1\" \/>\n<link rel=\"canonical\" href=\"https:\/\/katech-solutions.com\/pl\/jogurty\/jogurt-pitny\/\" \/>\n<meta property=\"og:locale\" content=\"pl_PL\" \/>\n<meta property=\"og:type\" content=\"article\" \/>\n<meta property=\"og:title\" content=\"Jogurt pitny |\" \/>\n<meta property=\"og:description\" content=\"Jogurt pitny to tradycyjny jogurt produkowany metod\u0105 zbiornikow\u0105, kt\u00f3ry charakteryzuje si\u0119 nisk\u0105 lepko\u015bci\u0105. Ten orze\u017awiaj\u0105cy produkt o niskiej zawarto\u015bci t\u0142uszczu dost\u0119pny jest w wielu wariantach smakowych. Jogurty pitne wpisuj\u0105 si\u0119 idealnie w nowoczesny styl \u017cycia konsument\u00f3w: s\u0105 wygodne w spo\u017cyciu, &hellip; Czytaj dalej &rarr;\" \/>\n<meta property=\"og:url\" content=\"https:\/\/katech-solutions.com\/pl\/jogurty\/jogurt-pitny\/\" \/>\n<meta property=\"og:site_name\" content=\"KaTech\" \/>\n<meta property=\"article:modified_time\" content=\"2017-11-02T13:54:24+00:00\" \/>\n<script type=\"application\/ld+json\" class=\"yoast-schema-graph\">{\"@context\":\"https:\/\/schema.org\",\"@graph\":[{\"@type\":\"WebPage\",\"@id\":\"https:\/\/katech-solutions.com\/pl\/jogurty\/jogurt-pitny\/\",\"url\":\"https:\/\/katech-solutions.com\/pl\/jogurty\/jogurt-pitny\/\",\"name\":\"Jogurt pitny |\",\"isPartOf\":{\"@id\":\"https:\/\/katech-solutions.com\/#website\"},\"datePublished\":\"2016-08-04T15:25:15+00:00\",\"dateModified\":\"2017-11-02T13:54:24+00:00\",\"breadcrumb\":{\"@id\":\"https:\/\/katech-solutions.com\/pl\/jogurty\/jogurt-pitny\/#breadcrumb\"},\"inLanguage\":\"pl-PL\",\"potentialAction\":[{\"@type\":\"ReadAction\",\"target\":[\"https:\/\/katech-solutions.com\/pl\/jogurty\/jogurt-pitny\/\"]}]},{\"@type\":\"BreadcrumbList\",\"@id\":\"https:\/\/katech-solutions.com\/pl\/jogurty\/jogurt-pitny\/#breadcrumb\",\"itemListElement\":[{\"@type\":\"ListItem\",\"position\":1,\"name\":\"Jogurty\",\"item\":\"https:\/\/katech-solutions.com\/pl\/jogurty\/\"},{\"@type\":\"ListItem\",\"position\":2,\"name\":\"Jogurt pitny\"}]},{\"@type\":\"WebSite\",\"@id\":\"https:\/\/katech-solutions.com\/#website\",\"url\":\"https:\/\/katech-solutions.com\/\",\"name\":\"KaTech\",\"description\":\"\",\"potentialAction\":[{\"@type\":\"SearchAction\",\"target\":{\"@type\":\"EntryPoint\",\"urlTemplate\":\"https:\/\/katech-solutions.com\/?s={search_term_string}\"},\"query-input\":{\"@type\":\"PropertyValueSpecification\",\"valueRequired\":true,\"valueName\":\"search_term_string\"}}],\"inLanguage\":\"pl-PL\"}]}<\/script>\n<!-- \/ Yoast SEO plugin. -->","yoast_head_json":{"title":"Jogurt pitny |","robots":{"index":"index","follow":"follow","max-snippet":"max-snippet:-1","max-image-preview":"max-image-preview:large","max-video-preview":"max-video-preview:-1"},"canonical":"https:\/\/katech-solutions.com\/pl\/jogurty\/jogurt-pitny\/","og_locale":"pl_PL","og_type":"article","og_title":"Jogurt pitny |","og_description":"Jogurt pitny to tradycyjny jogurt produkowany metod\u0105 zbiornikow\u0105, kt\u00f3ry charakteryzuje si\u0119 nisk\u0105 lepko\u015bci\u0105. Ten orze\u017awiaj\u0105cy produkt o niskiej zawarto\u015bci t\u0142uszczu dost\u0119pny jest w wielu wariantach smakowych. Jogurty pitne wpisuj\u0105 si\u0119 idealnie w nowoczesny styl \u017cycia konsument\u00f3w: s\u0105 wygodne w spo\u017cyciu, &hellip; Czytaj dalej &rarr;","og_url":"https:\/\/katech-solutions.com\/pl\/jogurty\/jogurt-pitny\/","og_site_name":"KaTech","article_modified_time":"2017-11-02T13:54:24+00:00","schema":{"@context":"https:\/\/schema.org","@graph":[{"@type":"WebPage","@id":"https:\/\/katech-solutions.com\/pl\/jogurty\/jogurt-pitny\/","url":"https:\/\/katech-solutions.com\/pl\/jogurty\/jogurt-pitny\/","name":"Jogurt pitny |","isPartOf":{"@id":"https:\/\/katech-solutions.com\/#website"},"datePublished":"2016-08-04T15:25:15+00:00","dateModified":"2017-11-02T13:54:24+00:00","breadcrumb":{"@id":"https:\/\/katech-solutions.com\/pl\/jogurty\/jogurt-pitny\/#breadcrumb"},"inLanguage":"pl-PL","potentialAction":[{"@type":"ReadAction","target":["https:\/\/katech-solutions.com\/pl\/jogurty\/jogurt-pitny\/"]}]},{"@type":"BreadcrumbList","@id":"https:\/\/katech-solutions.com\/pl\/jogurty\/jogurt-pitny\/#breadcrumb","itemListElement":[{"@type":"ListItem","position":1,"name":"Jogurty","item":"https:\/\/katech-solutions.com\/pl\/jogurty\/"},{"@type":"ListItem","position":2,"name":"Jogurt pitny"}]},{"@type":"WebSite","@id":"https:\/\/katech-solutions.com\/#website","url":"https:\/\/katech-solutions.com\/","name":"KaTech","description":"","potentialAction":[{"@type":"SearchAction","target":{"@type":"EntryPoint","urlTemplate":"https:\/\/katech-solutions.com\/?s={search_term_string}"},"query-input":{"@type":"PropertyValueSpecification","valueRequired":true,"valueName":"search_term_string"}}],"inLanguage":"pl-PL"}]}},"_links":{"self":[{"href":"https:\/\/katech-solutions.com\/pl\/wp-json\/wp\/v2\/pages\/7300","targetHints":{"allow":["GET"]}}],"collection":[{"href":"https:\/\/katech-solutions.com\/pl\/wp-json\/wp\/v2\/pages"}],"about":[{"href":"https:\/\/katech-solutions.com\/pl\/wp-json\/wp\/v2\/types\/page"}],"author":[{"embeddable":true,"href":"https:\/\/katech-solutions.com\/pl\/wp-json\/wp\/v2\/users\/28"}],"replies":[{"embeddable":true,"href":"https:\/\/katech-solutions.com\/pl\/wp-json\/wp\/v2\/comments?post=7300"}],"version-history":[{"count":3,"href":"https:\/\/katech-solutions.com\/pl\/wp-json\/wp\/v2\/pages\/7300\/revisions"}],"predecessor-version":[{"id":8520,"href":"https:\/\/katech-solutions.com\/pl\/wp-json\/wp\/v2\/pages\/7300\/revisions\/8520"}],"up":[{"embeddable":true,"href":"https:\/\/katech-solutions.com\/pl\/wp-json\/wp\/v2\/pages\/7298"}],"wp:attachment":[{"href":"https:\/\/katech-solutions.com\/pl\/wp-json\/wp\/v2\/media?parent=7300"}],"curies":[{"name":"wp","href":"https:\/\/api.w.org\/{rel}","templated":true}]}}