{"id":7298,"date":"2016-08-04T15:24:10","date_gmt":"2016-08-04T15:24:10","guid":{"rendered":"https:\/\/www.khpartner.com\/pl\/?page_id=7298"},"modified":"2017-08-24T16:17:14","modified_gmt":"2017-08-24T16:17:14","slug":"jogurty","status":"publish","type":"page","link":"https:\/\/katech-solutions.com\/pl\/jogurty\/","title":{"rendered":"Jogurty"},"content":{"rendered":"<h2 style=\"text-align: justify;\">Jogurty<\/h2>\n<p style=\"text-align: justify;\">Jogurty s\u0105 znane od wiek\u00f3w. Egipcjanie pili je ju\u017c 4 tysi\u0105ce lat temu. Ich walory zdrowotne i smakowe zosta\u0142y tak\u017ce szybko docenione przez mieszka\u0144c\u00f3w kraj\u00f3w Bliskiego Wschodu, Afryki i Ba\u0142kan\u00f3w. Nazwa jogurtu pochodzi od tureckiego s\u0142owa <em>ja-urt<\/em>, kt\u00f3re oznacza \u201ekwa\u015bne mleko\u201d. W Bu\u0142garii natomiast na jogurt m\u00f3wi si\u0119 \u201e<em>jugurt<\/em>\u201d i \u201e<em>kise\u0142o mlako<\/em>\u201d. Ju\u017c setki lat temu jogurty wytwarzane by\u0142y przez ludno\u015b\u0107 wiejsk\u0105 z mleka bawolego, kt\u00f3re zag\u0119szczano przez d\u0142ugotrwa\u0142e gotowanie a nast\u0119pnie poddawano&nbsp;fermentacji mlekowej. Z biegiem czasu do ich wytwarzania zacz\u0119to u\u017cywa\u0107 r\u00f3wnie\u017c mleka koziego i&nbsp;krowiego. Z uwagi na bardzo kwa\u015bny smak, przed spo\u017cyciem nierzadko rozcie\u0144czano je wod\u0105. Swoj\u0105 najwi\u0119ksz\u0105 popularno\u015b\u0107 jogurty zawdzi\u0119czaj\u0105 jednak Szwajcarom, kt\u00f3rzy dodali do nich owoce. Szacuje si\u0119, \u017ce obecnie ponad 30% ludno\u015bci na ca\u0142ym \u015bwiecie spo\u017cywa jogurty.<\/p>\n<p style=\"text-align: justify;\">Przy produkcji jogurt\u00f3w pasteryzowane mleko zaszczepia si\u0119 bakteriami, kt\u00f3re przekszta\u0142caj\u0105 cz\u0119\u015b\u0107 laktozy w kwas mlekowy \u015bcinaj\u0105cy mleko. Jogurty zawdzi\u0119czaj\u0105 sw\u00f3j charakterystyczny smaki aromat powsta\u0142emu w tym procesie kwasowi mlekowemu, kt\u00f3ry ma r\u00f3wnie\u017c dzia\u0142anie konserwuj\u0105ce.<\/p>\n","protected":false},"excerpt":{"rendered":"<p>Jogurty Jogurty s\u0105 znane od wiek\u00f3w. Egipcjanie pili je ju\u017c 4 tysi\u0105ce lat temu. Ich walory zdrowotne i smakowe zosta\u0142y tak\u017ce szybko docenione przez mieszka\u0144c\u00f3w kraj\u00f3w Bliskiego Wschodu, Afryki i Ba\u0142kan\u00f3w. Nazwa jogurtu pochodzi od tureckiego s\u0142owa ja-urt, kt\u00f3re oznacza &hellip; <a class=\"continue-reading\" href=\"https:\/\/katech-solutions.com\/pl\/jogurty\/\">Czytaj dalej <span class=\"meta-nav\">&rarr;<\/span><\/a><\/p>\n","protected":false},"author":28,"featured_media":0,"parent":0,"menu_order":0,"comment_status":"closed","ping_status":"open","template":"layout-content-3.php","meta":{"_acf_changed":false,"footnotes":""},"class_list":["post-7298","page","type-page","status-publish","hentry"],"acf":[],"yoast_head":"<!-- This site is optimized with the Yoast SEO plugin v27.2 - https:\/\/yoast.com\/product\/yoast-seo-wordpress\/ -->\n<title>Jogurty |<\/title>\n<meta name=\"robots\" content=\"index, follow, max-snippet:-1, max-image-preview:large, max-video-preview:-1\" \/>\n<link rel=\"canonical\" href=\"https:\/\/katech-solutions.com\/pl\/jogurty\/\" \/>\n<meta property=\"og:locale\" content=\"pl_PL\" \/>\n<meta property=\"og:type\" content=\"article\" \/>\n<meta property=\"og:title\" content=\"Jogurty |\" \/>\n<meta property=\"og:description\" content=\"Jogurty Jogurty s\u0105 znane od wiek\u00f3w. Egipcjanie pili je ju\u017c 4 tysi\u0105ce lat temu. Ich walory zdrowotne i smakowe zosta\u0142y tak\u017ce szybko docenione przez mieszka\u0144c\u00f3w kraj\u00f3w Bliskiego Wschodu, Afryki i Ba\u0142kan\u00f3w. Nazwa jogurtu pochodzi od tureckiego s\u0142owa ja-urt, kt\u00f3re oznacza &hellip; Czytaj dalej &rarr;\" \/>\n<meta property=\"og:url\" content=\"https:\/\/katech-solutions.com\/pl\/jogurty\/\" \/>\n<meta property=\"og:site_name\" content=\"KaTech\" \/>\n<meta property=\"article:modified_time\" content=\"2017-08-24T16:17:14+00:00\" \/>\n<meta name=\"twitter:label1\" content=\"Szacowany czas czytania\" \/>\n\t<meta name=\"twitter:data1\" content=\"1 minuta\" \/>\n<script type=\"application\/ld+json\" class=\"yoast-schema-graph\">{\"@context\":\"https:\/\/schema.org\",\"@graph\":[{\"@type\":\"WebPage\",\"@id\":\"https:\/\/katech-solutions.com\/pl\/jogurty\/\",\"url\":\"https:\/\/katech-solutions.com\/pl\/jogurty\/\",\"name\":\"Jogurty |\",\"isPartOf\":{\"@id\":\"https:\/\/katech-solutions.com\/#website\"},\"datePublished\":\"2016-08-04T15:24:10+00:00\",\"dateModified\":\"2017-08-24T16:17:14+00:00\",\"inLanguage\":\"pl-PL\",\"potentialAction\":[{\"@type\":\"ReadAction\",\"target\":[\"https:\/\/katech-solutions.com\/pl\/jogurty\/\"]}]},{\"@type\":\"WebSite\",\"@id\":\"https:\/\/katech-solutions.com\/#website\",\"url\":\"https:\/\/katech-solutions.com\/\",\"name\":\"KaTech\",\"description\":\"\",\"potentialAction\":[{\"@type\":\"SearchAction\",\"target\":{\"@type\":\"EntryPoint\",\"urlTemplate\":\"https:\/\/katech-solutions.com\/?s={search_term_string}\"},\"query-input\":{\"@type\":\"PropertyValueSpecification\",\"valueRequired\":true,\"valueName\":\"search_term_string\"}}],\"inLanguage\":\"pl-PL\"}]}<\/script>\n<!-- \/ Yoast SEO plugin. -->","yoast_head_json":{"title":"Jogurty |","robots":{"index":"index","follow":"follow","max-snippet":"max-snippet:-1","max-image-preview":"max-image-preview:large","max-video-preview":"max-video-preview:-1"},"canonical":"https:\/\/katech-solutions.com\/pl\/jogurty\/","og_locale":"pl_PL","og_type":"article","og_title":"Jogurty |","og_description":"Jogurty Jogurty s\u0105 znane od wiek\u00f3w. Egipcjanie pili je ju\u017c 4 tysi\u0105ce lat temu. Ich walory zdrowotne i smakowe zosta\u0142y tak\u017ce szybko docenione przez mieszka\u0144c\u00f3w kraj\u00f3w Bliskiego Wschodu, Afryki i Ba\u0142kan\u00f3w. Nazwa jogurtu pochodzi od tureckiego s\u0142owa ja-urt, kt\u00f3re oznacza &hellip; Czytaj dalej &rarr;","og_url":"https:\/\/katech-solutions.com\/pl\/jogurty\/","og_site_name":"KaTech","article_modified_time":"2017-08-24T16:17:14+00:00","twitter_misc":{"Szacowany czas czytania":"1 minuta"},"schema":{"@context":"https:\/\/schema.org","@graph":[{"@type":"WebPage","@id":"https:\/\/katech-solutions.com\/pl\/jogurty\/","url":"https:\/\/katech-solutions.com\/pl\/jogurty\/","name":"Jogurty |","isPartOf":{"@id":"https:\/\/katech-solutions.com\/#website"},"datePublished":"2016-08-04T15:24:10+00:00","dateModified":"2017-08-24T16:17:14+00:00","inLanguage":"pl-PL","potentialAction":[{"@type":"ReadAction","target":["https:\/\/katech-solutions.com\/pl\/jogurty\/"]}]},{"@type":"WebSite","@id":"https:\/\/katech-solutions.com\/#website","url":"https:\/\/katech-solutions.com\/","name":"KaTech","description":"","potentialAction":[{"@type":"SearchAction","target":{"@type":"EntryPoint","urlTemplate":"https:\/\/katech-solutions.com\/?s={search_term_string}"},"query-input":{"@type":"PropertyValueSpecification","valueRequired":true,"valueName":"search_term_string"}}],"inLanguage":"pl-PL"}]}},"_links":{"self":[{"href":"https:\/\/katech-solutions.com\/pl\/wp-json\/wp\/v2\/pages\/7298","targetHints":{"allow":["GET"]}}],"collection":[{"href":"https:\/\/katech-solutions.com\/pl\/wp-json\/wp\/v2\/pages"}],"about":[{"href":"https:\/\/katech-solutions.com\/pl\/wp-json\/wp\/v2\/types\/page"}],"author":[{"embeddable":true,"href":"https:\/\/katech-solutions.com\/pl\/wp-json\/wp\/v2\/users\/28"}],"replies":[{"embeddable":true,"href":"https:\/\/katech-solutions.com\/pl\/wp-json\/wp\/v2\/comments?post=7298"}],"version-history":[{"count":4,"href":"https:\/\/katech-solutions.com\/pl\/wp-json\/wp\/v2\/pages\/7298\/revisions"}],"predecessor-version":[{"id":8383,"href":"https:\/\/katech-solutions.com\/pl\/wp-json\/wp\/v2\/pages\/7298\/revisions\/8383"}],"wp:attachment":[{"href":"https:\/\/katech-solutions.com\/pl\/wp-json\/wp\/v2\/media?parent=7298"}],"curies":[{"name":"wp","href":"https:\/\/api.w.org\/{rel}","templated":true}]}}