{"id":7296,"date":"2016-08-04T15:23:08","date_gmt":"2016-08-04T15:23:08","guid":{"rendered":"https:\/\/www.khpartner.com\/pl\/?page_id=7296"},"modified":"2020-02-25T15:26:00","modified_gmt":"2020-02-25T15:26:00","slug":"rozwiazywanie-problemow","status":"publish","type":"page","link":"https:\/\/katech-solutions.com\/pl\/rozwiazywanie-problemow\/","title":{"rendered":"Rozwi\u0105zywanie problem\u00f3w"},"content":{"rendered":"<h2>Rozwi\u0105zywanie problem\u00f3w technologicznych<\/h2>\n<p style=\"text-align: justify;\">Problem z jednym z produkt\u00f3w mo\u017ce mie\u0107 negatywny wp\u0142yw na ca\u0142\u0105 Pa\u0144stwa dzia\u0142alno\u015b\u0107. Powa\u017cne problemy technologiczne mog\u0105 doprowadzi\u0107 do reklamacji, do utraty zysku oraz, co najgorsze, do utraty renomy w\u015br\u00f3d klient\u00f3w. W takiej sytuacji kluczowe znaczenie ma to w jaki spos\u00f3b i jak szybko dany problem zostanie rozwi\u0105zany.<\/p>\n<p style=\"text-align: justify;\">Niewa\u017cne z jakim problemem przysz\u0142o si\u0119 Pa\u0144stwu zmierzy\u0107, nasz do\u015bwiadczony zesp\u00f3\u0142 technolog\u00f3w i sprzedawc\u00f3w wykorzystuj\u0105c swoje do\u015bwiadczenie szybko zaproponuje\u00a0jakie\u015b skuteczne rozwi\u0105zanie. Wieloletnia dzia\u0142alno\u015b\u0107 w\u00a0bran\u017cy pozwoli\u0142a nam opanowa\u0107 wiedz\u0119 na temat\u00a0wielu r\u00f3\u017cnych\u00a0produkt\u00f3w, proces\u00f3w i linii produkcyjnych oraz wymaga\u0144 technicznych i technologicznych. Ma ona kluczowe znaczenie dla opracowania jak najlepszych rozwi\u0105za\u0144.<\/p>\n<p style=\"text-align: justify;\">Je\u015bli zatem zmagaj\u0105 si\u0119 Pa\u0144stwo z jakim\u015b problemem technologicznym, prosimy o kontakt, a my z przyjemno\u015bci\u0105 pomo\u017cemy w\u00a0jego rozwi\u0105zaniu.<\/p>\n","protected":false},"excerpt":{"rendered":"<p>Rozwi\u0105zywanie problem\u00f3w technologicznych Problem z jednym z produkt\u00f3w mo\u017ce mie\u0107 negatywny wp\u0142yw na ca\u0142\u0105 Pa\u0144stwa dzia\u0142alno\u015b\u0107. Powa\u017cne problemy technologiczne mog\u0105 doprowadzi\u0107 do reklamacji, do utraty zysku oraz, co najgorsze, do utraty renomy w\u015br\u00f3d klient\u00f3w. W takiej sytuacji kluczowe znaczenie ma &hellip; <a class=\"continue-reading\" href=\"https:\/\/katech-solutions.com\/pl\/rozwiazywanie-problemow\/\">Czytaj dalej <span class=\"meta-nav\">&rarr;<\/span><\/a><\/p>\n","protected":false},"author":28,"featured_media":0,"parent":0,"menu_order":0,"comment_status":"closed","ping_status":"open","template":"layout-content-3.php","meta":{"_acf_changed":false,"footnotes":""},"class_list":["post-7296","page","type-page","status-publish","hentry"],"acf":[],"yoast_head":"<!-- This site is optimized with the Yoast SEO plugin v27.2 - https:\/\/yoast.com\/product\/yoast-seo-wordpress\/ -->\n<title>Rozwi\u0105zywanie problem\u00f3w |<\/title>\n<meta name=\"robots\" content=\"index, follow, max-snippet:-1, max-image-preview:large, max-video-preview:-1\" \/>\n<link rel=\"canonical\" href=\"https:\/\/katech-solutions.com\/pl\/rozwiazywanie-problemow\/\" \/>\n<meta property=\"og:locale\" content=\"pl_PL\" \/>\n<meta property=\"og:type\" content=\"article\" \/>\n<meta property=\"og:title\" content=\"Rozwi\u0105zywanie problem\u00f3w |\" \/>\n<meta property=\"og:description\" content=\"Rozwi\u0105zywanie problem\u00f3w technologicznych Problem z jednym z produkt\u00f3w mo\u017ce mie\u0107 negatywny wp\u0142yw na ca\u0142\u0105 Pa\u0144stwa dzia\u0142alno\u015b\u0107. Powa\u017cne problemy technologiczne mog\u0105 doprowadzi\u0107 do reklamacji, do utraty zysku oraz, co najgorsze, do utraty renomy w\u015br\u00f3d klient\u00f3w. W takiej sytuacji kluczowe znaczenie ma &hellip; Czytaj dalej &rarr;\" \/>\n<meta property=\"og:url\" content=\"https:\/\/katech-solutions.com\/pl\/rozwiazywanie-problemow\/\" \/>\n<meta property=\"og:site_name\" content=\"KaTech\" \/>\n<meta property=\"article:modified_time\" content=\"2020-02-25T15:26:00+00:00\" \/>\n<meta name=\"twitter:label1\" content=\"Szacowany czas czytania\" \/>\n\t<meta name=\"twitter:data1\" content=\"1 minuta\" \/>\n<script type=\"application\/ld+json\" class=\"yoast-schema-graph\">{\"@context\":\"https:\/\/schema.org\",\"@graph\":[{\"@type\":\"WebPage\",\"@id\":\"https:\/\/katech-solutions.com\/pl\/rozwiazywanie-problemow\/\",\"url\":\"https:\/\/katech-solutions.com\/pl\/rozwiazywanie-problemow\/\",\"name\":\"Rozwi\u0105zywanie problem\u00f3w |\",\"isPartOf\":{\"@id\":\"https:\/\/katech-solutions.com\/#website\"},\"datePublished\":\"2016-08-04T15:23:08+00:00\",\"dateModified\":\"2020-02-25T15:26:00+00:00\",\"inLanguage\":\"pl-PL\",\"potentialAction\":[{\"@type\":\"ReadAction\",\"target\":[\"https:\/\/katech-solutions.com\/pl\/rozwiazywanie-problemow\/\"]}]},{\"@type\":\"WebSite\",\"@id\":\"https:\/\/katech-solutions.com\/#website\",\"url\":\"https:\/\/katech-solutions.com\/\",\"name\":\"KaTech\",\"description\":\"\",\"potentialAction\":[{\"@type\":\"SearchAction\",\"target\":{\"@type\":\"EntryPoint\",\"urlTemplate\":\"https:\/\/katech-solutions.com\/?s={search_term_string}\"},\"query-input\":{\"@type\":\"PropertyValueSpecification\",\"valueRequired\":true,\"valueName\":\"search_term_string\"}}],\"inLanguage\":\"pl-PL\"}]}<\/script>\n<!-- \/ Yoast SEO plugin. -->","yoast_head_json":{"title":"Rozwi\u0105zywanie problem\u00f3w |","robots":{"index":"index","follow":"follow","max-snippet":"max-snippet:-1","max-image-preview":"max-image-preview:large","max-video-preview":"max-video-preview:-1"},"canonical":"https:\/\/katech-solutions.com\/pl\/rozwiazywanie-problemow\/","og_locale":"pl_PL","og_type":"article","og_title":"Rozwi\u0105zywanie problem\u00f3w |","og_description":"Rozwi\u0105zywanie problem\u00f3w technologicznych Problem z jednym z produkt\u00f3w mo\u017ce mie\u0107 negatywny wp\u0142yw na ca\u0142\u0105 Pa\u0144stwa dzia\u0142alno\u015b\u0107. Powa\u017cne problemy technologiczne mog\u0105 doprowadzi\u0107 do reklamacji, do utraty zysku oraz, co najgorsze, do utraty renomy w\u015br\u00f3d klient\u00f3w. W takiej sytuacji kluczowe znaczenie ma &hellip; Czytaj dalej &rarr;","og_url":"https:\/\/katech-solutions.com\/pl\/rozwiazywanie-problemow\/","og_site_name":"KaTech","article_modified_time":"2020-02-25T15:26:00+00:00","twitter_misc":{"Szacowany czas czytania":"1 minuta"},"schema":{"@context":"https:\/\/schema.org","@graph":[{"@type":"WebPage","@id":"https:\/\/katech-solutions.com\/pl\/rozwiazywanie-problemow\/","url":"https:\/\/katech-solutions.com\/pl\/rozwiazywanie-problemow\/","name":"Rozwi\u0105zywanie problem\u00f3w |","isPartOf":{"@id":"https:\/\/katech-solutions.com\/#website"},"datePublished":"2016-08-04T15:23:08+00:00","dateModified":"2020-02-25T15:26:00+00:00","inLanguage":"pl-PL","potentialAction":[{"@type":"ReadAction","target":["https:\/\/katech-solutions.com\/pl\/rozwiazywanie-problemow\/"]}]},{"@type":"WebSite","@id":"https:\/\/katech-solutions.com\/#website","url":"https:\/\/katech-solutions.com\/","name":"KaTech","description":"","potentialAction":[{"@type":"SearchAction","target":{"@type":"EntryPoint","urlTemplate":"https:\/\/katech-solutions.com\/?s={search_term_string}"},"query-input":{"@type":"PropertyValueSpecification","valueRequired":true,"valueName":"search_term_string"}}],"inLanguage":"pl-PL"}]}},"_links":{"self":[{"href":"https:\/\/katech-solutions.com\/pl\/wp-json\/wp\/v2\/pages\/7296","targetHints":{"allow":["GET"]}}],"collection":[{"href":"https:\/\/katech-solutions.com\/pl\/wp-json\/wp\/v2\/pages"}],"about":[{"href":"https:\/\/katech-solutions.com\/pl\/wp-json\/wp\/v2\/types\/page"}],"author":[{"embeddable":true,"href":"https:\/\/katech-solutions.com\/pl\/wp-json\/wp\/v2\/users\/28"}],"replies":[{"embeddable":true,"href":"https:\/\/katech-solutions.com\/pl\/wp-json\/wp\/v2\/comments?post=7296"}],"version-history":[{"count":7,"href":"https:\/\/katech-solutions.com\/pl\/wp-json\/wp\/v2\/pages\/7296\/revisions"}],"predecessor-version":[{"id":10608,"href":"https:\/\/katech-solutions.com\/pl\/wp-json\/wp\/v2\/pages\/7296\/revisions\/10608"}],"wp:attachment":[{"href":"https:\/\/katech-solutions.com\/pl\/wp-json\/wp\/v2\/media?parent=7296"}],"curies":[{"name":"wp","href":"https:\/\/api.w.org\/{rel}","templated":true}]}}