{"id":7293,"date":"2016-08-04T15:21:55","date_gmt":"2016-08-04T15:21:55","guid":{"rendered":"https:\/\/www.khpartner.com\/pl\/?page_id=7293"},"modified":"2016-10-24T14:13:24","modified_gmt":"2016-10-24T14:13:24","slug":"sosy-z-pomidorow","status":"publish","type":"page","link":"https:\/\/katech-solutions.com\/pl\/sosy-i-zupy\/sosy-z-pomidorow\/","title":{"rendered":"Sosy z pomidor\u00f3w"},"content":{"rendered":"<p style=\"text-align: justify;\">Pomidory pochodz\u0105 z\u00a0Peru i by\u0142y tam uprawiane przez Indian na d\u0142ugo przed przybyciem pierwszych Europejczyk\u00f3w. W Europie pojawi\u0142y si\u0119 w XV wieku dzi\u0119ki hiszpa\u0144skim konkwistadorom, kt\u00f3rzy przywie\u017ali je na Stary Kontynent bardziej jako ciekawostk\u0119 ni\u017c potencjalny nowy pokarm. Pocz\u0105tkowo podchodzono do nich bardzo sceptycznie uznaj\u0105c, \u017ce owoce ro\u015bliny s\u0105 truj\u0105ce. Krzew\u00f3w pomidor\u00f3w u\u017cywano g\u0142\u00f3wnie do dekorowania rabat. Prze\u0142omu dokonali W\u0142osi, kt\u00f3rzy odwa\u017cyli si\u0119 u\u017cy\u0107 ich w kuchni. Nazywali je <em>pomodoro<\/em> \u2013 z\u0142ote jab\u0142ka. Obecnie trudno wyobrazi\u0107 sobie w\u0142osk\u0105 kuchni\u0119, a w szczeg\u00f3lno\u015bci rozmaite sosy do makaron\u00f3w lub pizzy, bez pomidor\u00f3w. Dzi\u0119ki nim skromne dania zyskuj\u0105 bardziej wyszukany smak. To sprawia, \u017ce s\u0105 one sprawdzonym i cenionym dodatkiem i nie powinno ich zabrakn\u0105\u0107 w \u017cadnej kuchni.<\/p>\n<p style=\"text-align: justify;\">Sosy z pomidor\u00f3w dost\u0119pne s\u0105 na rynku w wielu r\u00f3\u017cnych wariantach (na przyk\u0142ad: mro\u017cone, \u015bwie\u017ce, pasteryzowane, z mi\u0119sem lub bez mi\u0119sa).<\/p>\n","protected":false},"excerpt":{"rendered":"<p>Pomidory pochodz\u0105 z\u00a0Peru i by\u0142y tam uprawiane przez Indian na d\u0142ugo przed przybyciem pierwszych Europejczyk\u00f3w. W Europie pojawi\u0142y si\u0119 w XV wieku dzi\u0119ki hiszpa\u0144skim konkwistadorom, kt\u00f3rzy przywie\u017ali je na Stary Kontynent bardziej jako ciekawostk\u0119 ni\u017c potencjalny nowy pokarm. Pocz\u0105tkowo podchodzono &hellip; <a class=\"continue-reading\" href=\"https:\/\/katech-solutions.com\/pl\/sosy-i-zupy\/sosy-z-pomidorow\/\">Czytaj dalej <span class=\"meta-nav\">&rarr;<\/span><\/a><\/p>\n","protected":false},"author":28,"featured_media":0,"parent":7277,"menu_order":0,"comment_status":"closed","ping_status":"open","template":"","meta":{"_acf_changed":false,"footnotes":""},"class_list":["post-7293","page","type-page","status-publish","hentry"],"acf":[],"yoast_head":"<!-- This site is optimized with the Yoast SEO plugin v27.2 - https:\/\/yoast.com\/product\/yoast-seo-wordpress\/ -->\n<title>Sosy z pomidor\u00f3w |<\/title>\n<meta name=\"robots\" content=\"index, follow, max-snippet:-1, max-image-preview:large, max-video-preview:-1\" \/>\n<link rel=\"canonical\" href=\"https:\/\/katech-solutions.com\/pl\/sosy-i-zupy\/sosy-z-pomidorow\/\" \/>\n<meta property=\"og:locale\" content=\"pl_PL\" \/>\n<meta property=\"og:type\" content=\"article\" \/>\n<meta property=\"og:title\" content=\"Sosy z pomidor\u00f3w |\" \/>\n<meta property=\"og:description\" content=\"Pomidory pochodz\u0105 z\u00a0Peru i by\u0142y tam uprawiane przez Indian na d\u0142ugo przed przybyciem pierwszych Europejczyk\u00f3w. W Europie pojawi\u0142y si\u0119 w XV wieku dzi\u0119ki hiszpa\u0144skim konkwistadorom, kt\u00f3rzy przywie\u017ali je na Stary Kontynent bardziej jako ciekawostk\u0119 ni\u017c potencjalny nowy pokarm. Pocz\u0105tkowo podchodzono &hellip; Czytaj dalej &rarr;\" \/>\n<meta property=\"og:url\" content=\"https:\/\/katech-solutions.com\/pl\/sosy-i-zupy\/sosy-z-pomidorow\/\" \/>\n<meta property=\"og:site_name\" content=\"KaTech\" \/>\n<meta property=\"article:modified_time\" content=\"2016-10-24T14:13:24+00:00\" \/>\n<meta name=\"twitter:label1\" content=\"Szacowany czas czytania\" \/>\n\t<meta name=\"twitter:data1\" content=\"1 minuta\" \/>\n<script type=\"application\/ld+json\" class=\"yoast-schema-graph\">{\"@context\":\"https:\/\/schema.org\",\"@graph\":[{\"@type\":\"WebPage\",\"@id\":\"https:\/\/katech-solutions.com\/pl\/sosy-i-zupy\/sosy-z-pomidorow\/\",\"url\":\"https:\/\/katech-solutions.com\/pl\/sosy-i-zupy\/sosy-z-pomidorow\/\",\"name\":\"Sosy z pomidor\u00f3w |\",\"isPartOf\":{\"@id\":\"https:\/\/katech-solutions.com\/#website\"},\"datePublished\":\"2016-08-04T15:21:55+00:00\",\"dateModified\":\"2016-10-24T14:13:24+00:00\",\"breadcrumb\":{\"@id\":\"https:\/\/katech-solutions.com\/pl\/sosy-i-zupy\/sosy-z-pomidorow\/#breadcrumb\"},\"inLanguage\":\"pl-PL\",\"potentialAction\":[{\"@type\":\"ReadAction\",\"target\":[\"https:\/\/katech-solutions.com\/pl\/sosy-i-zupy\/sosy-z-pomidorow\/\"]}]},{\"@type\":\"BreadcrumbList\",\"@id\":\"https:\/\/katech-solutions.com\/pl\/sosy-i-zupy\/sosy-z-pomidorow\/#breadcrumb\",\"itemListElement\":[{\"@type\":\"ListItem\",\"position\":1,\"name\":\"Sosy i zupy\",\"item\":\"https:\/\/katech-solutions.com\/pl\/sosy-i-zupy\/\"},{\"@type\":\"ListItem\",\"position\":2,\"name\":\"Sosy z pomidor\u00f3w\"}]},{\"@type\":\"WebSite\",\"@id\":\"https:\/\/katech-solutions.com\/#website\",\"url\":\"https:\/\/katech-solutions.com\/\",\"name\":\"KaTech\",\"description\":\"\",\"potentialAction\":[{\"@type\":\"SearchAction\",\"target\":{\"@type\":\"EntryPoint\",\"urlTemplate\":\"https:\/\/katech-solutions.com\/?s={search_term_string}\"},\"query-input\":{\"@type\":\"PropertyValueSpecification\",\"valueRequired\":true,\"valueName\":\"search_term_string\"}}],\"inLanguage\":\"pl-PL\"}]}<\/script>\n<!-- \/ Yoast SEO plugin. -->","yoast_head_json":{"title":"Sosy z pomidor\u00f3w |","robots":{"index":"index","follow":"follow","max-snippet":"max-snippet:-1","max-image-preview":"max-image-preview:large","max-video-preview":"max-video-preview:-1"},"canonical":"https:\/\/katech-solutions.com\/pl\/sosy-i-zupy\/sosy-z-pomidorow\/","og_locale":"pl_PL","og_type":"article","og_title":"Sosy z pomidor\u00f3w |","og_description":"Pomidory pochodz\u0105 z\u00a0Peru i by\u0142y tam uprawiane przez Indian na d\u0142ugo przed przybyciem pierwszych Europejczyk\u00f3w. W Europie pojawi\u0142y si\u0119 w XV wieku dzi\u0119ki hiszpa\u0144skim konkwistadorom, kt\u00f3rzy przywie\u017ali je na Stary Kontynent bardziej jako ciekawostk\u0119 ni\u017c potencjalny nowy pokarm. Pocz\u0105tkowo podchodzono &hellip; Czytaj dalej &rarr;","og_url":"https:\/\/katech-solutions.com\/pl\/sosy-i-zupy\/sosy-z-pomidorow\/","og_site_name":"KaTech","article_modified_time":"2016-10-24T14:13:24+00:00","twitter_misc":{"Szacowany czas czytania":"1 minuta"},"schema":{"@context":"https:\/\/schema.org","@graph":[{"@type":"WebPage","@id":"https:\/\/katech-solutions.com\/pl\/sosy-i-zupy\/sosy-z-pomidorow\/","url":"https:\/\/katech-solutions.com\/pl\/sosy-i-zupy\/sosy-z-pomidorow\/","name":"Sosy z pomidor\u00f3w |","isPartOf":{"@id":"https:\/\/katech-solutions.com\/#website"},"datePublished":"2016-08-04T15:21:55+00:00","dateModified":"2016-10-24T14:13:24+00:00","breadcrumb":{"@id":"https:\/\/katech-solutions.com\/pl\/sosy-i-zupy\/sosy-z-pomidorow\/#breadcrumb"},"inLanguage":"pl-PL","potentialAction":[{"@type":"ReadAction","target":["https:\/\/katech-solutions.com\/pl\/sosy-i-zupy\/sosy-z-pomidorow\/"]}]},{"@type":"BreadcrumbList","@id":"https:\/\/katech-solutions.com\/pl\/sosy-i-zupy\/sosy-z-pomidorow\/#breadcrumb","itemListElement":[{"@type":"ListItem","position":1,"name":"Sosy i zupy","item":"https:\/\/katech-solutions.com\/pl\/sosy-i-zupy\/"},{"@type":"ListItem","position":2,"name":"Sosy z pomidor\u00f3w"}]},{"@type":"WebSite","@id":"https:\/\/katech-solutions.com\/#website","url":"https:\/\/katech-solutions.com\/","name":"KaTech","description":"","potentialAction":[{"@type":"SearchAction","target":{"@type":"EntryPoint","urlTemplate":"https:\/\/katech-solutions.com\/?s={search_term_string}"},"query-input":{"@type":"PropertyValueSpecification","valueRequired":true,"valueName":"search_term_string"}}],"inLanguage":"pl-PL"}]}},"_links":{"self":[{"href":"https:\/\/katech-solutions.com\/pl\/wp-json\/wp\/v2\/pages\/7293","targetHints":{"allow":["GET"]}}],"collection":[{"href":"https:\/\/katech-solutions.com\/pl\/wp-json\/wp\/v2\/pages"}],"about":[{"href":"https:\/\/katech-solutions.com\/pl\/wp-json\/wp\/v2\/types\/page"}],"author":[{"embeddable":true,"href":"https:\/\/katech-solutions.com\/pl\/wp-json\/wp\/v2\/users\/28"}],"replies":[{"embeddable":true,"href":"https:\/\/katech-solutions.com\/pl\/wp-json\/wp\/v2\/comments?post=7293"}],"version-history":[{"count":2,"href":"https:\/\/katech-solutions.com\/pl\/wp-json\/wp\/v2\/pages\/7293\/revisions"}],"predecessor-version":[{"id":7602,"href":"https:\/\/katech-solutions.com\/pl\/wp-json\/wp\/v2\/pages\/7293\/revisions\/7602"}],"up":[{"embeddable":true,"href":"https:\/\/katech-solutions.com\/pl\/wp-json\/wp\/v2\/pages\/7277"}],"wp:attachment":[{"href":"https:\/\/katech-solutions.com\/pl\/wp-json\/wp\/v2\/media?parent=7293"}],"curies":[{"name":"wp","href":"https:\/\/api.w.org\/{rel}","templated":true}]}}