{"id":7289,"date":"2013-10-23T11:51:47","date_gmt":"2013-10-23T11:51:47","guid":{"rendered":"https:\/\/www.khpartner.com\/pl\/?page_id=7289"},"modified":"2017-11-03T11:56:35","modified_gmt":"2017-11-03T11:56:35","slug":"sosy-sterylizowane","status":"publish","type":"page","link":"https:\/\/katech-solutions.com\/pl\/sosy-i-zupy\/sosy-sterylizowane\/","title":{"rendered":"Sosy sterylizowane"},"content":{"rendered":"<p>Idea produkt\u00f3w sterylizowanych jest szczeg\u00f3lnie bliska sercu Kathariny Hahn, obecnej w\u0142a\u015bcicielki firmy KaTech. Przypomina ona o jednym z jej przodk\u00f3w, Georg Carl Hahna. \u00a0W 1848 roku za\u0142o\u017cy\u0142 on firm\u0119 produkuj\u0105c\u0105 konserwowan\u0105 \u017cywno\u015b\u0107 dla za\u0142\u00f3g statk\u00f3w wyruszaj\u0105cych w dalekomorskie podr\u00f3\u017ce z hanzeatyckiego portu w Lubece.<br \/>\nBy\u0142a fabryka mieszcz\u0105ca si\u0119 przy Aegidienstrasse 22 w Lubece nadal jest w\u0142asno\u015bci\u0105 Kathariny Hahn, a obecnie jest europejskim centrum technologiczno-rozwojowym firmy KaTech Katharina Hahn + Partner.<br \/>\nObecnie, wraz z wprowadzeniem do obrotu nowych rodzaj\u00f3w opakowa\u0144 barierowych, sterylizowane sosy o niewielkiej ilo\u015bci cz\u0105stek sta\u0142ych produkowane s\u0105 przy u\u017cyciu p\u0142ytowych wymiennik\u00f3w ciep\u0142a i technologii UHT.<\/p>\n","protected":false},"excerpt":{"rendered":"<p>Idea produkt\u00f3w sterylizowanych jest szczeg\u00f3lnie bliska sercu Kathariny Hahn, obecnej w\u0142a\u015bcicielki firmy KaTech. Przypomina ona o jednym z jej przodk\u00f3w, Georg Carl Hahna. \u00a0W 1848 roku za\u0142o\u017cy\u0142 on firm\u0119 produkuj\u0105c\u0105 konserwowan\u0105 \u017cywno\u015b\u0107 dla za\u0142\u00f3g statk\u00f3w wyruszaj\u0105cych w dalekomorskie podr\u00f3\u017ce z &hellip; <a class=\"continue-reading\" href=\"https:\/\/katech-solutions.com\/pl\/sosy-i-zupy\/sosy-sterylizowane\/\">Czytaj dalej <span class=\"meta-nav\">&rarr;<\/span><\/a><\/p>\n","protected":false},"author":17,"featured_media":0,"parent":7277,"menu_order":0,"comment_status":"closed","ping_status":"closed","template":"","meta":{"_acf_changed":false,"footnotes":""},"class_list":["post-7289","page","type-page","status-publish","hentry"],"acf":[],"yoast_head":"<!-- This site is optimized with the Yoast SEO plugin v27.2 - https:\/\/yoast.com\/product\/yoast-seo-wordpress\/ -->\n<title>KaTech - Systemy stabilizuj\u0105ce i emulguj\u0105ce dla sos\u00f3w sterylizowanych<\/title>\n<meta name=\"description\" content=\"KaTech to firma z bran\u017cy technologii \u017cywno\u015bci specjalizuj\u0105ca si\u0119 w produkcji system\u00f3w stabilizuj\u0105cych i emulguj\u0105cych dla sos\u00f3w sterylizowanych.\" \/>\n<meta name=\"robots\" content=\"index, follow, max-snippet:-1, max-image-preview:large, max-video-preview:-1\" \/>\n<link rel=\"canonical\" href=\"https:\/\/katech-solutions.com\/pl\/sosy-i-zupy\/sosy-sterylizowane\/\" \/>\n<meta property=\"og:locale\" content=\"pl_PL\" \/>\n<meta property=\"og:type\" content=\"article\" \/>\n<meta property=\"og:title\" content=\"KaTech - Systemy stabilizuj\u0105ce i emulguj\u0105ce dla sos\u00f3w sterylizowanych\" \/>\n<meta property=\"og:description\" content=\"KaTech to firma z bran\u017cy technologii \u017cywno\u015bci specjalizuj\u0105ca si\u0119 w produkcji system\u00f3w stabilizuj\u0105cych i emulguj\u0105cych dla sos\u00f3w sterylizowanych.\" \/>\n<meta property=\"og:url\" content=\"https:\/\/katech-solutions.com\/pl\/sosy-i-zupy\/sosy-sterylizowane\/\" \/>\n<meta property=\"og:site_name\" content=\"KaTech\" \/>\n<meta property=\"article:modified_time\" content=\"2017-11-03T11:56:35+00:00\" \/>\n<meta name=\"twitter:label1\" content=\"Szacowany czas czytania\" \/>\n\t<meta name=\"twitter:data1\" content=\"1 minuta\" \/>\n<script type=\"application\/ld+json\" class=\"yoast-schema-graph\">{\"@context\":\"https:\/\/schema.org\",\"@graph\":[{\"@type\":\"WebPage\",\"@id\":\"https:\/\/katech-solutions.com\/pl\/sosy-i-zupy\/sosy-sterylizowane\/\",\"url\":\"https:\/\/katech-solutions.com\/pl\/sosy-i-zupy\/sosy-sterylizowane\/\",\"name\":\"KaTech - Systemy stabilizuj\u0105ce i emulguj\u0105ce dla sos\u00f3w sterylizowanych\",\"isPartOf\":{\"@id\":\"https:\/\/katech-solutions.com\/#website\"},\"datePublished\":\"2013-10-23T11:51:47+00:00\",\"dateModified\":\"2017-11-03T11:56:35+00:00\",\"description\":\"KaTech to firma z bran\u017cy technologii \u017cywno\u015bci specjalizuj\u0105ca si\u0119 w produkcji system\u00f3w stabilizuj\u0105cych i emulguj\u0105cych dla sos\u00f3w sterylizowanych.\",\"breadcrumb\":{\"@id\":\"https:\/\/katech-solutions.com\/pl\/sosy-i-zupy\/sosy-sterylizowane\/#breadcrumb\"},\"inLanguage\":\"pl-PL\",\"potentialAction\":[{\"@type\":\"ReadAction\",\"target\":[\"https:\/\/katech-solutions.com\/pl\/sosy-i-zupy\/sosy-sterylizowane\/\"]}]},{\"@type\":\"BreadcrumbList\",\"@id\":\"https:\/\/katech-solutions.com\/pl\/sosy-i-zupy\/sosy-sterylizowane\/#breadcrumb\",\"itemListElement\":[{\"@type\":\"ListItem\",\"position\":1,\"name\":\"Sosy i zupy\",\"item\":\"https:\/\/katech-solutions.com\/pl\/sosy-i-zupy\/\"},{\"@type\":\"ListItem\",\"position\":2,\"name\":\"Sosy sterylizowane\"}]},{\"@type\":\"WebSite\",\"@id\":\"https:\/\/katech-solutions.com\/#website\",\"url\":\"https:\/\/katech-solutions.com\/\",\"name\":\"KaTech\",\"description\":\"\",\"potentialAction\":[{\"@type\":\"SearchAction\",\"target\":{\"@type\":\"EntryPoint\",\"urlTemplate\":\"https:\/\/katech-solutions.com\/?s={search_term_string}\"},\"query-input\":{\"@type\":\"PropertyValueSpecification\",\"valueRequired\":true,\"valueName\":\"search_term_string\"}}],\"inLanguage\":\"pl-PL\"}]}<\/script>\n<!-- \/ Yoast SEO plugin. -->","yoast_head_json":{"title":"KaTech - Systemy stabilizuj\u0105ce i emulguj\u0105ce dla sos\u00f3w sterylizowanych","description":"KaTech to firma z bran\u017cy technologii \u017cywno\u015bci specjalizuj\u0105ca si\u0119 w produkcji system\u00f3w stabilizuj\u0105cych i emulguj\u0105cych dla sos\u00f3w sterylizowanych.","robots":{"index":"index","follow":"follow","max-snippet":"max-snippet:-1","max-image-preview":"max-image-preview:large","max-video-preview":"max-video-preview:-1"},"canonical":"https:\/\/katech-solutions.com\/pl\/sosy-i-zupy\/sosy-sterylizowane\/","og_locale":"pl_PL","og_type":"article","og_title":"KaTech - Systemy stabilizuj\u0105ce i emulguj\u0105ce dla sos\u00f3w sterylizowanych","og_description":"KaTech to firma z bran\u017cy technologii \u017cywno\u015bci specjalizuj\u0105ca si\u0119 w produkcji system\u00f3w stabilizuj\u0105cych i emulguj\u0105cych dla sos\u00f3w sterylizowanych.","og_url":"https:\/\/katech-solutions.com\/pl\/sosy-i-zupy\/sosy-sterylizowane\/","og_site_name":"KaTech","article_modified_time":"2017-11-03T11:56:35+00:00","twitter_misc":{"Szacowany czas czytania":"1 minuta"},"schema":{"@context":"https:\/\/schema.org","@graph":[{"@type":"WebPage","@id":"https:\/\/katech-solutions.com\/pl\/sosy-i-zupy\/sosy-sterylizowane\/","url":"https:\/\/katech-solutions.com\/pl\/sosy-i-zupy\/sosy-sterylizowane\/","name":"KaTech - Systemy stabilizuj\u0105ce i emulguj\u0105ce dla sos\u00f3w sterylizowanych","isPartOf":{"@id":"https:\/\/katech-solutions.com\/#website"},"datePublished":"2013-10-23T11:51:47+00:00","dateModified":"2017-11-03T11:56:35+00:00","description":"KaTech to firma z bran\u017cy technologii \u017cywno\u015bci specjalizuj\u0105ca si\u0119 w produkcji system\u00f3w stabilizuj\u0105cych i emulguj\u0105cych dla sos\u00f3w sterylizowanych.","breadcrumb":{"@id":"https:\/\/katech-solutions.com\/pl\/sosy-i-zupy\/sosy-sterylizowane\/#breadcrumb"},"inLanguage":"pl-PL","potentialAction":[{"@type":"ReadAction","target":["https:\/\/katech-solutions.com\/pl\/sosy-i-zupy\/sosy-sterylizowane\/"]}]},{"@type":"BreadcrumbList","@id":"https:\/\/katech-solutions.com\/pl\/sosy-i-zupy\/sosy-sterylizowane\/#breadcrumb","itemListElement":[{"@type":"ListItem","position":1,"name":"Sosy i zupy","item":"https:\/\/katech-solutions.com\/pl\/sosy-i-zupy\/"},{"@type":"ListItem","position":2,"name":"Sosy sterylizowane"}]},{"@type":"WebSite","@id":"https:\/\/katech-solutions.com\/#website","url":"https:\/\/katech-solutions.com\/","name":"KaTech","description":"","potentialAction":[{"@type":"SearchAction","target":{"@type":"EntryPoint","urlTemplate":"https:\/\/katech-solutions.com\/?s={search_term_string}"},"query-input":{"@type":"PropertyValueSpecification","valueRequired":true,"valueName":"search_term_string"}}],"inLanguage":"pl-PL"}]}},"_links":{"self":[{"href":"https:\/\/katech-solutions.com\/pl\/wp-json\/wp\/v2\/pages\/7289","targetHints":{"allow":["GET"]}}],"collection":[{"href":"https:\/\/katech-solutions.com\/pl\/wp-json\/wp\/v2\/pages"}],"about":[{"href":"https:\/\/katech-solutions.com\/pl\/wp-json\/wp\/v2\/types\/page"}],"author":[{"embeddable":true,"href":"https:\/\/katech-solutions.com\/pl\/wp-json\/wp\/v2\/users\/17"}],"replies":[{"embeddable":true,"href":"https:\/\/katech-solutions.com\/pl\/wp-json\/wp\/v2\/comments?post=7289"}],"version-history":[{"count":10,"href":"https:\/\/katech-solutions.com\/pl\/wp-json\/wp\/v2\/pages\/7289\/revisions"}],"predecessor-version":[{"id":8566,"href":"https:\/\/katech-solutions.com\/pl\/wp-json\/wp\/v2\/pages\/7289\/revisions\/8566"}],"up":[{"embeddable":true,"href":"https:\/\/katech-solutions.com\/pl\/wp-json\/wp\/v2\/pages\/7277"}],"wp:attachment":[{"href":"https:\/\/katech-solutions.com\/pl\/wp-json\/wp\/v2\/media?parent=7289"}],"curies":[{"name":"wp","href":"https:\/\/api.w.org\/{rel}","templated":true}]}}