{"id":7286,"date":"2016-08-04T15:18:57","date_gmt":"2016-08-04T15:18:57","guid":{"rendered":"https:\/\/www.khpartner.com\/pl\/?page_id=7286"},"modified":"2017-11-30T07:44:42","modified_gmt":"2017-11-30T07:44:42","slug":"ketchup","status":"publish","type":"page","link":"https:\/\/katech-solutions.com\/pl\/sosy-i-zupy\/ketchup\/","title":{"rendered":"Ketchup"},"content":{"rendered":"<p style=\"text-align: justify;\">Ketchup (ang. <em>ketchup<\/em> lub <em>catsup<\/em>) jako pierwsi wymy\u015blili Chi\u0144czycy. Pierwotnie by\u0142 to s\u0142ony fermentowany sos do potraw rybnych. Mia\u0142 on posta\u0107 rzadkiego p\u0142ynu, kt\u00f3ry bardzo przypomina\u0142 sos sojowy. S\u0142owo ketchup pochodzi od <em>k\u00f4e-chiap<\/em> w chi\u0144skim dialekcie Xiamen i\u00a0znaczy dok\u0142adnie zaprawa do ryb. Nazwa sosu i jego pierwotna receptura dotar\u0142y do Europy przez Angli\u0119 pod koniec XVII wieku. W\u00a0drugiej po\u0142owie XIX wieku ketchup dotar\u0142 do Stan\u00f3w Zjednoczonych. Receptura zosta\u0142a nast\u0119pnie dostosowana do europejskich i\u00a0ameryka\u0144skich przyzwyczaje\u0144 smakowych oraz dost\u0119pnych surowc\u00f3w. W XIX wieku s\u0142owo <em>catsup<\/em> odnosi\u0142o si\u0119 jednak do ka\u017cdego sosu, w\u00a0kt\u00f3rego sk\u0142adzie znajdowa\u0142 si\u0119 ocet. Baz\u0119 dla takiego sosu mog\u0142y stanowi\u0107 nie tylko pomidory, ale tak\u017ce orzechy, czy nawet grzyby.<\/p>\n<p style=\"text-align: justify;\">Wsp\u00f3\u0142cze\u015bnie, to ketchup z pomidor\u00f3w go\u015bci najcz\u0119\u015bciej\u00a0na\u00a0naszych sto\u0142ach. Swoj\u0105 g\u0119st\u0105 konsystencj\u0119 zawdzi\u0119cza pektynom, kt\u00f3re s\u0105\u00a0naturalnym sk\u0142adnikiem pomidor\u00f3w. Produkcja na du\u017c\u0105 skal\u0119 przemys\u0142ow\u0105 wymaga\u0142a jednak wprowadzenia zmian. W\u00a0technologii pominieto proces fermentacji \u00a0a do pomidorow (ich koncentratu) w recepturze dodano, mi\u0119dzy innymi, ocet, cukier i\u00a0skrobi\u0119. W ten spos\u00f3b wytwarza si\u0119 obecnie\u00a0ten s\u0142odko-kwa\u015bny przysmak, kt\u00f3ry znany na ca\u0142ym \u015bwiecie.<\/p>\n","protected":false},"excerpt":{"rendered":"<p>Ketchup (ang. ketchup lub catsup) jako pierwsi wymy\u015blili Chi\u0144czycy. Pierwotnie by\u0142 to s\u0142ony fermentowany sos do potraw rybnych. Mia\u0142 on posta\u0107 rzadkiego p\u0142ynu, kt\u00f3ry bardzo przypomina\u0142 sos sojowy. S\u0142owo ketchup pochodzi od k\u00f4e-chiap w chi\u0144skim dialekcie Xiamen i\u00a0znaczy dok\u0142adnie zaprawa &hellip; <a class=\"continue-reading\" href=\"https:\/\/katech-solutions.com\/pl\/sosy-i-zupy\/ketchup\/\">Czytaj dalej <span class=\"meta-nav\">&rarr;<\/span><\/a><\/p>\n","protected":false},"author":28,"featured_media":0,"parent":7277,"menu_order":0,"comment_status":"closed","ping_status":"open","template":"","meta":{"_acf_changed":false,"footnotes":""},"class_list":["post-7286","page","type-page","status-publish","hentry"],"acf":[],"yoast_head":"<!-- This site is optimized with the Yoast SEO plugin v27.2 - https:\/\/yoast.com\/product\/yoast-seo-wordpress\/ -->\n<title>Ketchup |<\/title>\n<meta name=\"robots\" content=\"index, follow, max-snippet:-1, max-image-preview:large, max-video-preview:-1\" \/>\n<link rel=\"canonical\" href=\"https:\/\/katech-solutions.com\/pl\/sosy-i-zupy\/ketchup\/\" \/>\n<meta property=\"og:locale\" content=\"pl_PL\" \/>\n<meta property=\"og:type\" content=\"article\" \/>\n<meta property=\"og:title\" content=\"Ketchup |\" \/>\n<meta property=\"og:description\" content=\"Ketchup (ang. ketchup lub catsup) jako pierwsi wymy\u015blili Chi\u0144czycy. Pierwotnie by\u0142 to s\u0142ony fermentowany sos do potraw rybnych. Mia\u0142 on posta\u0107 rzadkiego p\u0142ynu, kt\u00f3ry bardzo przypomina\u0142 sos sojowy. S\u0142owo ketchup pochodzi od k\u00f4e-chiap w chi\u0144skim dialekcie Xiamen i\u00a0znaczy dok\u0142adnie zaprawa &hellip; Czytaj dalej &rarr;\" \/>\n<meta property=\"og:url\" content=\"https:\/\/katech-solutions.com\/pl\/sosy-i-zupy\/ketchup\/\" \/>\n<meta property=\"og:site_name\" content=\"KaTech\" \/>\n<meta property=\"article:modified_time\" content=\"2017-11-30T07:44:42+00:00\" \/>\n<meta name=\"twitter:label1\" content=\"Szacowany czas czytania\" \/>\n\t<meta name=\"twitter:data1\" content=\"1 minuta\" \/>\n<script type=\"application\/ld+json\" class=\"yoast-schema-graph\">{\"@context\":\"https:\/\/schema.org\",\"@graph\":[{\"@type\":\"WebPage\",\"@id\":\"https:\/\/katech-solutions.com\/pl\/sosy-i-zupy\/ketchup\/\",\"url\":\"https:\/\/katech-solutions.com\/pl\/sosy-i-zupy\/ketchup\/\",\"name\":\"Ketchup |\",\"isPartOf\":{\"@id\":\"https:\/\/katech-solutions.com\/#website\"},\"datePublished\":\"2016-08-04T15:18:57+00:00\",\"dateModified\":\"2017-11-30T07:44:42+00:00\",\"breadcrumb\":{\"@id\":\"https:\/\/katech-solutions.com\/pl\/sosy-i-zupy\/ketchup\/#breadcrumb\"},\"inLanguage\":\"pl-PL\",\"potentialAction\":[{\"@type\":\"ReadAction\",\"target\":[\"https:\/\/katech-solutions.com\/pl\/sosy-i-zupy\/ketchup\/\"]}]},{\"@type\":\"BreadcrumbList\",\"@id\":\"https:\/\/katech-solutions.com\/pl\/sosy-i-zupy\/ketchup\/#breadcrumb\",\"itemListElement\":[{\"@type\":\"ListItem\",\"position\":1,\"name\":\"Sosy i zupy\",\"item\":\"https:\/\/katech-solutions.com\/pl\/sosy-i-zupy\/\"},{\"@type\":\"ListItem\",\"position\":2,\"name\":\"Ketchup\"}]},{\"@type\":\"WebSite\",\"@id\":\"https:\/\/katech-solutions.com\/#website\",\"url\":\"https:\/\/katech-solutions.com\/\",\"name\":\"KaTech\",\"description\":\"\",\"potentialAction\":[{\"@type\":\"SearchAction\",\"target\":{\"@type\":\"EntryPoint\",\"urlTemplate\":\"https:\/\/katech-solutions.com\/?s={search_term_string}\"},\"query-input\":{\"@type\":\"PropertyValueSpecification\",\"valueRequired\":true,\"valueName\":\"search_term_string\"}}],\"inLanguage\":\"pl-PL\"}]}<\/script>\n<!-- \/ Yoast SEO plugin. -->","yoast_head_json":{"title":"Ketchup |","robots":{"index":"index","follow":"follow","max-snippet":"max-snippet:-1","max-image-preview":"max-image-preview:large","max-video-preview":"max-video-preview:-1"},"canonical":"https:\/\/katech-solutions.com\/pl\/sosy-i-zupy\/ketchup\/","og_locale":"pl_PL","og_type":"article","og_title":"Ketchup |","og_description":"Ketchup (ang. ketchup lub catsup) jako pierwsi wymy\u015blili Chi\u0144czycy. Pierwotnie by\u0142 to s\u0142ony fermentowany sos do potraw rybnych. Mia\u0142 on posta\u0107 rzadkiego p\u0142ynu, kt\u00f3ry bardzo przypomina\u0142 sos sojowy. S\u0142owo ketchup pochodzi od k\u00f4e-chiap w chi\u0144skim dialekcie Xiamen i\u00a0znaczy dok\u0142adnie zaprawa &hellip; Czytaj dalej &rarr;","og_url":"https:\/\/katech-solutions.com\/pl\/sosy-i-zupy\/ketchup\/","og_site_name":"KaTech","article_modified_time":"2017-11-30T07:44:42+00:00","twitter_misc":{"Szacowany czas czytania":"1 minuta"},"schema":{"@context":"https:\/\/schema.org","@graph":[{"@type":"WebPage","@id":"https:\/\/katech-solutions.com\/pl\/sosy-i-zupy\/ketchup\/","url":"https:\/\/katech-solutions.com\/pl\/sosy-i-zupy\/ketchup\/","name":"Ketchup |","isPartOf":{"@id":"https:\/\/katech-solutions.com\/#website"},"datePublished":"2016-08-04T15:18:57+00:00","dateModified":"2017-11-30T07:44:42+00:00","breadcrumb":{"@id":"https:\/\/katech-solutions.com\/pl\/sosy-i-zupy\/ketchup\/#breadcrumb"},"inLanguage":"pl-PL","potentialAction":[{"@type":"ReadAction","target":["https:\/\/katech-solutions.com\/pl\/sosy-i-zupy\/ketchup\/"]}]},{"@type":"BreadcrumbList","@id":"https:\/\/katech-solutions.com\/pl\/sosy-i-zupy\/ketchup\/#breadcrumb","itemListElement":[{"@type":"ListItem","position":1,"name":"Sosy i zupy","item":"https:\/\/katech-solutions.com\/pl\/sosy-i-zupy\/"},{"@type":"ListItem","position":2,"name":"Ketchup"}]},{"@type":"WebSite","@id":"https:\/\/katech-solutions.com\/#website","url":"https:\/\/katech-solutions.com\/","name":"KaTech","description":"","potentialAction":[{"@type":"SearchAction","target":{"@type":"EntryPoint","urlTemplate":"https:\/\/katech-solutions.com\/?s={search_term_string}"},"query-input":{"@type":"PropertyValueSpecification","valueRequired":true,"valueName":"search_term_string"}}],"inLanguage":"pl-PL"}]}},"_links":{"self":[{"href":"https:\/\/katech-solutions.com\/pl\/wp-json\/wp\/v2\/pages\/7286","targetHints":{"allow":["GET"]}}],"collection":[{"href":"https:\/\/katech-solutions.com\/pl\/wp-json\/wp\/v2\/pages"}],"about":[{"href":"https:\/\/katech-solutions.com\/pl\/wp-json\/wp\/v2\/types\/page"}],"author":[{"embeddable":true,"href":"https:\/\/katech-solutions.com\/pl\/wp-json\/wp\/v2\/users\/28"}],"replies":[{"embeddable":true,"href":"https:\/\/katech-solutions.com\/pl\/wp-json\/wp\/v2\/comments?post=7286"}],"version-history":[{"count":7,"href":"https:\/\/katech-solutions.com\/pl\/wp-json\/wp\/v2\/pages\/7286\/revisions"}],"predecessor-version":[{"id":8820,"href":"https:\/\/katech-solutions.com\/pl\/wp-json\/wp\/v2\/pages\/7286\/revisions\/8820"}],"up":[{"embeddable":true,"href":"https:\/\/katech-solutions.com\/pl\/wp-json\/wp\/v2\/pages\/7277"}],"wp:attachment":[{"href":"https:\/\/katech-solutions.com\/pl\/wp-json\/wp\/v2\/media?parent=7286"}],"curies":[{"name":"wp","href":"https:\/\/api.w.org\/{rel}","templated":true}]}}