{"id":7285,"date":"2016-08-04T15:19:11","date_gmt":"2016-08-04T15:19:11","guid":{"rendered":"https:\/\/www.khpartner.com\/pl\/?page_id=7285"},"modified":"2016-10-24T14:56:58","modified_gmt":"2016-10-24T14:56:58","slug":"centrum-technologiczne-wielka-brytania","status":"publish","type":"page","link":"https:\/\/katech-solutions.com\/pl\/centrum-technologiczne-wielka-brytania\/","title":{"rendered":"Centrum technologiczne, Wielka Brytania"},"content":{"rendered":"<h2 style=\"text-align: justify;\">Centrum technologiczne w Chester<\/h2>\n<p style=\"text-align: justify;\">Centrum technologiczne na obrze\u017cach Chester w p\u00f3\u0142nocno-zachodniej Anglii, to miejsce, w kt\u00f3rym (tak\u017ce wsp\u00f3lnie z\u00a0klientami) opracowujemy produkty mleczarskie i delikatesowe spe\u0142niaj\u0105ce specyficzne wymagania rynku brytyjskiego (np. kr\u00f3tki okres przydatno\u015bci do spo\u017cycia), dostosowuj\u0105c je do indywidualnych potrzeb naszych klient\u00f3w.<\/p>\n<p style=\"text-align: justify;\">Do biur wchodzi si\u0119 przez recepcj\u0119 i wygodny hol. S\u0105 one idealnym miejscem na nieformalne spotkania i rozmowy z\u00a0klientami.<\/p>\n<p style=\"text-align: justify;\">Z holu przechodzi si\u0119 do przestronnej kuchni s\u0142u\u017c\u0105cej do degustacji produkt\u00f3w oraz do laboratorium wyposa\u017conego w\u00a0nowoczesny sprz\u0119t do wykonywania bada\u0144 oraz pr\u00f3b technologicznych. To tutaj, razem z klientami opracowujemy nowe rozwi\u0105zania oraz przygotowujemy dla nich pr\u00f3bki system\u00f3w stabilizuj\u0105cych i gotowych produkt\u00f3w.<\/p>\n<p style=\"text-align: justify;\">Centrum technologiczne wyposa\u017cono w najnowsze zdobycze techniki, zachowuj\u0105c przy tym najwy\u017csze standardy jako\u015bci. Dysponujemy ca\u0142ym szeregiem nowoczesnych urz\u0105dze\u0144, w tym specjalnie dla nas zaprojektowanym p\u0142ytowym wymiennikiem ciep\u0142a. Dzi\u0119ki nim mo\u017cemy odwzorowa\u0107 praktycznie ka\u017cdy proces produkcyjny i opracowywa\u0107 skuteczne rozwi\u0105zania na miar\u0119 Pa\u0144stwa potrzeb.<\/p>\n","protected":false},"excerpt":{"rendered":"<p>Centrum technologiczne w Chester Centrum technologiczne na obrze\u017cach Chester w p\u00f3\u0142nocno-zachodniej Anglii, to miejsce, w kt\u00f3rym (tak\u017ce wsp\u00f3lnie z\u00a0klientami) opracowujemy produkty mleczarskie i delikatesowe spe\u0142niaj\u0105ce specyficzne wymagania rynku brytyjskiego (np. kr\u00f3tki okres przydatno\u015bci do spo\u017cycia), dostosowuj\u0105c je do indywidualnych potrzeb &hellip; <a class=\"continue-reading\" href=\"https:\/\/katech-solutions.com\/pl\/centrum-technologiczne-wielka-brytania\/\">Czytaj dalej <span class=\"meta-nav\">&rarr;<\/span><\/a><\/p>\n","protected":false},"author":3,"featured_media":0,"parent":0,"menu_order":2,"comment_status":"closed","ping_status":"closed","template":"layout-content-3.php","meta":{"_acf_changed":false,"footnotes":""},"class_list":["post-7285","page","type-page","status-publish","hentry"],"acf":[],"yoast_head":"<!-- This site is optimized with the Yoast SEO plugin v27.2 - https:\/\/yoast.com\/product\/yoast-seo-wordpress\/ -->\n<title>KaTech - Biura i centrum technologiczne w Chester<\/title>\n<meta name=\"description\" content=\"KaTech to firma z bran\u017cy technologii \u017cywno\u015bci specjalizuj\u0105ca si\u0119 w produkcji stabilizator\u00f3w i emulgator\u00f3w. Biura i centrum technologiczne znajduj\u0105 si\u0119 w Chester.\" \/>\n<meta name=\"robots\" content=\"index, follow, max-snippet:-1, max-image-preview:large, max-video-preview:-1\" \/>\n<link rel=\"canonical\" href=\"https:\/\/katech-solutions.com\/pl\/centrum-technologiczne-wielka-brytania\/\" \/>\n<meta property=\"og:locale\" content=\"pl_PL\" \/>\n<meta property=\"og:type\" content=\"article\" \/>\n<meta property=\"og:title\" content=\"KaTech - Biura i centrum technologiczne w Chester\" \/>\n<meta property=\"og:description\" content=\"KaTech to firma z bran\u017cy technologii \u017cywno\u015bci specjalizuj\u0105ca si\u0119 w produkcji stabilizator\u00f3w i emulgator\u00f3w. Biura i centrum technologiczne znajduj\u0105 si\u0119 w Chester.\" \/>\n<meta property=\"og:url\" content=\"https:\/\/katech-solutions.com\/pl\/centrum-technologiczne-wielka-brytania\/\" \/>\n<meta property=\"og:site_name\" content=\"KaTech\" \/>\n<meta property=\"article:modified_time\" content=\"2016-10-24T14:56:58+00:00\" \/>\n<meta name=\"twitter:label1\" content=\"Szacowany czas czytania\" \/>\n\t<meta name=\"twitter:data1\" content=\"1 minuta\" \/>\n<script type=\"application\/ld+json\" class=\"yoast-schema-graph\">{\"@context\":\"https:\/\/schema.org\",\"@graph\":[{\"@type\":\"WebPage\",\"@id\":\"https:\/\/katech-solutions.com\/pl\/centrum-technologiczne-wielka-brytania\/\",\"url\":\"https:\/\/katech-solutions.com\/pl\/centrum-technologiczne-wielka-brytania\/\",\"name\":\"KaTech - Biura i centrum technologiczne w Chester\",\"isPartOf\":{\"@id\":\"https:\/\/katech-solutions.com\/#website\"},\"datePublished\":\"2016-08-04T15:19:11+00:00\",\"dateModified\":\"2016-10-24T14:56:58+00:00\",\"description\":\"KaTech to firma z bran\u017cy technologii \u017cywno\u015bci specjalizuj\u0105ca si\u0119 w produkcji stabilizator\u00f3w i emulgator\u00f3w. Biura i centrum technologiczne znajduj\u0105 si\u0119 w Chester.\",\"inLanguage\":\"pl-PL\",\"potentialAction\":[{\"@type\":\"ReadAction\",\"target\":[\"https:\/\/katech-solutions.com\/pl\/centrum-technologiczne-wielka-brytania\/\"]}]},{\"@type\":\"WebSite\",\"@id\":\"https:\/\/katech-solutions.com\/#website\",\"url\":\"https:\/\/katech-solutions.com\/\",\"name\":\"KaTech\",\"description\":\"\",\"potentialAction\":[{\"@type\":\"SearchAction\",\"target\":{\"@type\":\"EntryPoint\",\"urlTemplate\":\"https:\/\/katech-solutions.com\/?s={search_term_string}\"},\"query-input\":{\"@type\":\"PropertyValueSpecification\",\"valueRequired\":true,\"valueName\":\"search_term_string\"}}],\"inLanguage\":\"pl-PL\"}]}<\/script>\n<!-- \/ Yoast SEO plugin. -->","yoast_head_json":{"title":"KaTech - Biura i centrum technologiczne w Chester","description":"KaTech to firma z bran\u017cy technologii \u017cywno\u015bci specjalizuj\u0105ca si\u0119 w produkcji stabilizator\u00f3w i emulgator\u00f3w. Biura i centrum technologiczne znajduj\u0105 si\u0119 w Chester.","robots":{"index":"index","follow":"follow","max-snippet":"max-snippet:-1","max-image-preview":"max-image-preview:large","max-video-preview":"max-video-preview:-1"},"canonical":"https:\/\/katech-solutions.com\/pl\/centrum-technologiczne-wielka-brytania\/","og_locale":"pl_PL","og_type":"article","og_title":"KaTech - Biura i centrum technologiczne w Chester","og_description":"KaTech to firma z bran\u017cy technologii \u017cywno\u015bci specjalizuj\u0105ca si\u0119 w produkcji stabilizator\u00f3w i emulgator\u00f3w. Biura i centrum technologiczne znajduj\u0105 si\u0119 w Chester.","og_url":"https:\/\/katech-solutions.com\/pl\/centrum-technologiczne-wielka-brytania\/","og_site_name":"KaTech","article_modified_time":"2016-10-24T14:56:58+00:00","twitter_misc":{"Szacowany czas czytania":"1 minuta"},"schema":{"@context":"https:\/\/schema.org","@graph":[{"@type":"WebPage","@id":"https:\/\/katech-solutions.com\/pl\/centrum-technologiczne-wielka-brytania\/","url":"https:\/\/katech-solutions.com\/pl\/centrum-technologiczne-wielka-brytania\/","name":"KaTech - Biura i centrum technologiczne w Chester","isPartOf":{"@id":"https:\/\/katech-solutions.com\/#website"},"datePublished":"2016-08-04T15:19:11+00:00","dateModified":"2016-10-24T14:56:58+00:00","description":"KaTech to firma z bran\u017cy technologii \u017cywno\u015bci specjalizuj\u0105ca si\u0119 w produkcji stabilizator\u00f3w i emulgator\u00f3w. Biura i centrum technologiczne znajduj\u0105 si\u0119 w Chester.","inLanguage":"pl-PL","potentialAction":[{"@type":"ReadAction","target":["https:\/\/katech-solutions.com\/pl\/centrum-technologiczne-wielka-brytania\/"]}]},{"@type":"WebSite","@id":"https:\/\/katech-solutions.com\/#website","url":"https:\/\/katech-solutions.com\/","name":"KaTech","description":"","potentialAction":[{"@type":"SearchAction","target":{"@type":"EntryPoint","urlTemplate":"https:\/\/katech-solutions.com\/?s={search_term_string}"},"query-input":{"@type":"PropertyValueSpecification","valueRequired":true,"valueName":"search_term_string"}}],"inLanguage":"pl-PL"}]}},"_links":{"self":[{"href":"https:\/\/katech-solutions.com\/pl\/wp-json\/wp\/v2\/pages\/7285","targetHints":{"allow":["GET"]}}],"collection":[{"href":"https:\/\/katech-solutions.com\/pl\/wp-json\/wp\/v2\/pages"}],"about":[{"href":"https:\/\/katech-solutions.com\/pl\/wp-json\/wp\/v2\/types\/page"}],"author":[{"embeddable":true,"href":"https:\/\/katech-solutions.com\/pl\/wp-json\/wp\/v2\/users\/3"}],"replies":[{"embeddable":true,"href":"https:\/\/katech-solutions.com\/pl\/wp-json\/wp\/v2\/comments?post=7285"}],"version-history":[{"count":3,"href":"https:\/\/katech-solutions.com\/pl\/wp-json\/wp\/v2\/pages\/7285\/revisions"}],"predecessor-version":[{"id":7612,"href":"https:\/\/katech-solutions.com\/pl\/wp-json\/wp\/v2\/pages\/7285\/revisions\/7612"}],"wp:attachment":[{"href":"https:\/\/katech-solutions.com\/pl\/wp-json\/wp\/v2\/media?parent=7285"}],"curies":[{"name":"wp","href":"https:\/\/api.w.org\/{rel}","templated":true}]}}