{"id":7283,"date":"2016-08-04T15:17:25","date_gmt":"2016-08-04T15:17:25","guid":{"rendered":"https:\/\/www.khpartner.com\/pl\/?page_id=7283"},"modified":"2017-11-03T11:39:58","modified_gmt":"2017-11-03T11:39:58","slug":"sosy-wysokotluszczowe","status":"publish","type":"page","link":"https:\/\/katech-solutions.com\/pl\/sosy-i-zupy\/sosy-wysokotluszczowe\/","title":{"rendered":"Sosy wysokot\u0142uszczowe"},"content":{"rendered":"<p style=\"text-align: justify;\">Ze wzgl\u0119du na wysok\u0105 zawarto\u015b\u0107 mas\u0142a (zazwyczaj 30% lub wi\u0119cej) produkcja sos\u00f3w wysokot\u0142uszczowych, takich jak sos holenderski, sos choron, sos berne\u0144ski, czy sos <i>Caf\u00e9 de Paris<\/i> na skal\u0119 przemys\u0142ow\u0105 mo\u017ce okaza\u0107 si\u0119 bardzo trudnym zadaniem. Przygotowuj\u0105c sosy wysokot\u0142uszczowe, szefowie kuchni jako sk\u0142adnika emulguj\u0105cego u\u017cywaj\u0105 \u017c\u00f3\u0142tka jaja, do kt\u00f3rego dodaje si\u0119 mas\u0142o, wino, oraz inne sk\u0142adniki (np. przyprawy) i miesza ze sob\u0105 w\u00a0k\u0105pieli wodnej. Taki spos\u00f3b przygotowania zapewnia stabilno\u015b\u0107 sosu jedynie na kr\u00f3tki czas. Sosy na bazie mas\u0142a wytwarzane przemys\u0142owo po zapakowaniu zazwyczaj s\u0105 przechowywane w\u00a0temperaturze otoczenia przez d\u0142u\u017cszy czas, w nast\u0119pstwie czego mo\u017ce dochodzi\u0107 do separacji faz (t\u0142uszczowej i wodnej). Istnieje jednak wiele rozwi\u0105za\u0144, dzi\u0119ki kt\u00f3rym sosy tego typu zyskuj\u0105 wymagan\u0105 stabilno\u015b\u0107.<\/p>\n","protected":false},"excerpt":{"rendered":"<p>Ze wzgl\u0119du na wysok\u0105 zawarto\u015b\u0107 mas\u0142a (zazwyczaj 30% lub wi\u0119cej) produkcja sos\u00f3w wysokot\u0142uszczowych, takich jak sos holenderski, sos choron, sos berne\u0144ski, czy sos Caf\u00e9 de Paris na skal\u0119 przemys\u0142ow\u0105 mo\u017ce okaza\u0107 si\u0119 bardzo trudnym zadaniem. Przygotowuj\u0105c sosy wysokot\u0142uszczowe, szefowie kuchni &hellip; <a class=\"continue-reading\" href=\"https:\/\/katech-solutions.com\/pl\/sosy-i-zupy\/sosy-wysokotluszczowe\/\">Czytaj dalej <span class=\"meta-nav\">&rarr;<\/span><\/a><\/p>\n","protected":false},"author":28,"featured_media":0,"parent":7277,"menu_order":0,"comment_status":"closed","ping_status":"open","template":"","meta":{"_acf_changed":false,"footnotes":""},"class_list":["post-7283","page","type-page","status-publish","hentry"],"acf":[],"yoast_head":"<!-- This site is optimized with the Yoast SEO plugin v27.2 - https:\/\/yoast.com\/product\/yoast-seo-wordpress\/ -->\n<title>Sosy wysokot\u0142uszczowe |<\/title>\n<meta name=\"robots\" content=\"index, follow, max-snippet:-1, max-image-preview:large, max-video-preview:-1\" \/>\n<link rel=\"canonical\" href=\"https:\/\/katech-solutions.com\/pl\/sosy-i-zupy\/sosy-wysokotluszczowe\/\" \/>\n<meta property=\"og:locale\" content=\"pl_PL\" \/>\n<meta property=\"og:type\" content=\"article\" \/>\n<meta property=\"og:title\" content=\"Sosy wysokot\u0142uszczowe |\" \/>\n<meta property=\"og:description\" content=\"Ze wzgl\u0119du na wysok\u0105 zawarto\u015b\u0107 mas\u0142a (zazwyczaj 30% lub wi\u0119cej) produkcja sos\u00f3w wysokot\u0142uszczowych, takich jak sos holenderski, sos choron, sos berne\u0144ski, czy sos Caf\u00e9 de Paris na skal\u0119 przemys\u0142ow\u0105 mo\u017ce okaza\u0107 si\u0119 bardzo trudnym zadaniem. Przygotowuj\u0105c sosy wysokot\u0142uszczowe, szefowie kuchni &hellip; Czytaj dalej &rarr;\" \/>\n<meta property=\"og:url\" content=\"https:\/\/katech-solutions.com\/pl\/sosy-i-zupy\/sosy-wysokotluszczowe\/\" \/>\n<meta property=\"og:site_name\" content=\"KaTech\" \/>\n<meta property=\"article:modified_time\" content=\"2017-11-03T11:39:58+00:00\" \/>\n<meta name=\"twitter:label1\" content=\"Szacowany czas czytania\" \/>\n\t<meta name=\"twitter:data1\" content=\"1 minuta\" \/>\n<script type=\"application\/ld+json\" class=\"yoast-schema-graph\">{\"@context\":\"https:\/\/schema.org\",\"@graph\":[{\"@type\":\"WebPage\",\"@id\":\"https:\/\/katech-solutions.com\/pl\/sosy-i-zupy\/sosy-wysokotluszczowe\/\",\"url\":\"https:\/\/katech-solutions.com\/pl\/sosy-i-zupy\/sosy-wysokotluszczowe\/\",\"name\":\"Sosy wysokot\u0142uszczowe |\",\"isPartOf\":{\"@id\":\"https:\/\/katech-solutions.com\/#website\"},\"datePublished\":\"2016-08-04T15:17:25+00:00\",\"dateModified\":\"2017-11-03T11:39:58+00:00\",\"breadcrumb\":{\"@id\":\"https:\/\/katech-solutions.com\/pl\/sosy-i-zupy\/sosy-wysokotluszczowe\/#breadcrumb\"},\"inLanguage\":\"pl-PL\",\"potentialAction\":[{\"@type\":\"ReadAction\",\"target\":[\"https:\/\/katech-solutions.com\/pl\/sosy-i-zupy\/sosy-wysokotluszczowe\/\"]}]},{\"@type\":\"BreadcrumbList\",\"@id\":\"https:\/\/katech-solutions.com\/pl\/sosy-i-zupy\/sosy-wysokotluszczowe\/#breadcrumb\",\"itemListElement\":[{\"@type\":\"ListItem\",\"position\":1,\"name\":\"Sosy i zupy\",\"item\":\"https:\/\/katech-solutions.com\/pl\/sosy-i-zupy\/\"},{\"@type\":\"ListItem\",\"position\":2,\"name\":\"Sosy wysokot\u0142uszczowe\"}]},{\"@type\":\"WebSite\",\"@id\":\"https:\/\/katech-solutions.com\/#website\",\"url\":\"https:\/\/katech-solutions.com\/\",\"name\":\"KaTech\",\"description\":\"\",\"potentialAction\":[{\"@type\":\"SearchAction\",\"target\":{\"@type\":\"EntryPoint\",\"urlTemplate\":\"https:\/\/katech-solutions.com\/?s={search_term_string}\"},\"query-input\":{\"@type\":\"PropertyValueSpecification\",\"valueRequired\":true,\"valueName\":\"search_term_string\"}}],\"inLanguage\":\"pl-PL\"}]}<\/script>\n<!-- \/ Yoast SEO plugin. -->","yoast_head_json":{"title":"Sosy wysokot\u0142uszczowe |","robots":{"index":"index","follow":"follow","max-snippet":"max-snippet:-1","max-image-preview":"max-image-preview:large","max-video-preview":"max-video-preview:-1"},"canonical":"https:\/\/katech-solutions.com\/pl\/sosy-i-zupy\/sosy-wysokotluszczowe\/","og_locale":"pl_PL","og_type":"article","og_title":"Sosy wysokot\u0142uszczowe |","og_description":"Ze wzgl\u0119du na wysok\u0105 zawarto\u015b\u0107 mas\u0142a (zazwyczaj 30% lub wi\u0119cej) produkcja sos\u00f3w wysokot\u0142uszczowych, takich jak sos holenderski, sos choron, sos berne\u0144ski, czy sos Caf\u00e9 de Paris na skal\u0119 przemys\u0142ow\u0105 mo\u017ce okaza\u0107 si\u0119 bardzo trudnym zadaniem. Przygotowuj\u0105c sosy wysokot\u0142uszczowe, szefowie kuchni &hellip; Czytaj dalej &rarr;","og_url":"https:\/\/katech-solutions.com\/pl\/sosy-i-zupy\/sosy-wysokotluszczowe\/","og_site_name":"KaTech","article_modified_time":"2017-11-03T11:39:58+00:00","twitter_misc":{"Szacowany czas czytania":"1 minuta"},"schema":{"@context":"https:\/\/schema.org","@graph":[{"@type":"WebPage","@id":"https:\/\/katech-solutions.com\/pl\/sosy-i-zupy\/sosy-wysokotluszczowe\/","url":"https:\/\/katech-solutions.com\/pl\/sosy-i-zupy\/sosy-wysokotluszczowe\/","name":"Sosy wysokot\u0142uszczowe |","isPartOf":{"@id":"https:\/\/katech-solutions.com\/#website"},"datePublished":"2016-08-04T15:17:25+00:00","dateModified":"2017-11-03T11:39:58+00:00","breadcrumb":{"@id":"https:\/\/katech-solutions.com\/pl\/sosy-i-zupy\/sosy-wysokotluszczowe\/#breadcrumb"},"inLanguage":"pl-PL","potentialAction":[{"@type":"ReadAction","target":["https:\/\/katech-solutions.com\/pl\/sosy-i-zupy\/sosy-wysokotluszczowe\/"]}]},{"@type":"BreadcrumbList","@id":"https:\/\/katech-solutions.com\/pl\/sosy-i-zupy\/sosy-wysokotluszczowe\/#breadcrumb","itemListElement":[{"@type":"ListItem","position":1,"name":"Sosy i zupy","item":"https:\/\/katech-solutions.com\/pl\/sosy-i-zupy\/"},{"@type":"ListItem","position":2,"name":"Sosy wysokot\u0142uszczowe"}]},{"@type":"WebSite","@id":"https:\/\/katech-solutions.com\/#website","url":"https:\/\/katech-solutions.com\/","name":"KaTech","description":"","potentialAction":[{"@type":"SearchAction","target":{"@type":"EntryPoint","urlTemplate":"https:\/\/katech-solutions.com\/?s={search_term_string}"},"query-input":{"@type":"PropertyValueSpecification","valueRequired":true,"valueName":"search_term_string"}}],"inLanguage":"pl-PL"}]}},"_links":{"self":[{"href":"https:\/\/katech-solutions.com\/pl\/wp-json\/wp\/v2\/pages\/7283","targetHints":{"allow":["GET"]}}],"collection":[{"href":"https:\/\/katech-solutions.com\/pl\/wp-json\/wp\/v2\/pages"}],"about":[{"href":"https:\/\/katech-solutions.com\/pl\/wp-json\/wp\/v2\/types\/page"}],"author":[{"embeddable":true,"href":"https:\/\/katech-solutions.com\/pl\/wp-json\/wp\/v2\/users\/28"}],"replies":[{"embeddable":true,"href":"https:\/\/katech-solutions.com\/pl\/wp-json\/wp\/v2\/comments?post=7283"}],"version-history":[{"count":3,"href":"https:\/\/katech-solutions.com\/pl\/wp-json\/wp\/v2\/pages\/7283\/revisions"}],"predecessor-version":[{"id":8560,"href":"https:\/\/katech-solutions.com\/pl\/wp-json\/wp\/v2\/pages\/7283\/revisions\/8560"}],"up":[{"embeddable":true,"href":"https:\/\/katech-solutions.com\/pl\/wp-json\/wp\/v2\/pages\/7277"}],"wp:attachment":[{"href":"https:\/\/katech-solutions.com\/pl\/wp-json\/wp\/v2\/media?parent=7283"}],"curies":[{"name":"wp","href":"https:\/\/api.w.org\/{rel}","templated":true}]}}