{"id":7281,"date":"2016-08-04T15:16:05","date_gmt":"2016-08-04T15:16:05","guid":{"rendered":"https:\/\/www.khpartner.com\/pl\/?page_id=7281"},"modified":"2017-06-20T12:42:51","modified_gmt":"2017-06-20T12:42:51","slug":"sosy-swieze-pasteryzowane-lub-sterylizowane","status":"publish","type":"page","link":"https:\/\/katech-solutions.com\/pl\/sosy-i-zupy\/sosy-swieze-pasteryzowane-lub-sterylizowane\/","title":{"rendered":"Sosy \u015bwie\u017ce i pasteryzowane"},"content":{"rendered":"<p style=\"text-align: justify;\">\u015awie\u017ce lub pasteryzowane sosy to g\u0119ste p\u0142yny, tworzone na bazie r\u00f3\u017cnych sk\u0142adnik\u00f3w, nadaj\u0105cych im odmienny smak (ostry, \u0142agodny, kwa\u015bny, s\u0142odki), kt\u00f3re w konsystencji s\u0105 lu\u017aniejsze od kremu. Stosuje si\u0119 je jako dodatek do mi\u0119s, ryb, makaron\u00f3w, w\u0119dlin, sa\u0142atek, czy deser\u00f3w.<\/p>\n<p style=\"text-align: justify;\">Dzi\u0119ki sosom potrawy zyskuj\u0105 smak, wygl\u0105d i soczysto\u015b\u0107. Bez sosu, potrawa\u00a0taka jak pieczone mi\u0119so mo\u017ce by\u0107\u00a0za sucha, a ry\u017c czy makaron bez smaku. Sosy mog\u0105 nie tylko \u00a0doda\u0107 smaku ca\u0142ym potrawom, ale potrafi\u0105 tak\u017ce uwydatni\u0107\u00a0smak ich poszczeg\u00f3lnych\u00a0sk\u0142adnik\u00f3w.<\/p>\n<p style=\"text-align: justify;\">W przeciwie\u0144stwie do zup, \u015bwie\u017ce lub pasteryzowane sosy powinny by\u0107 serwowane jako dodatek np. do mi\u0119s, ryb, czy warzyw, a nie jako samodzielne dania, poniewa\u017c ich smak mo\u017ce by\u0107 bardzo intensywny.<\/p>\n","protected":false},"excerpt":{"rendered":"<p>\u015awie\u017ce lub pasteryzowane sosy to g\u0119ste p\u0142yny, tworzone na bazie r\u00f3\u017cnych sk\u0142adnik\u00f3w, nadaj\u0105cych im odmienny smak (ostry, \u0142agodny, kwa\u015bny, s\u0142odki), kt\u00f3re w konsystencji s\u0105 lu\u017aniejsze od kremu. Stosuje si\u0119 je jako dodatek do mi\u0119s, ryb, makaron\u00f3w, w\u0119dlin, sa\u0142atek, czy deser\u00f3w. &hellip; <a class=\"continue-reading\" href=\"https:\/\/katech-solutions.com\/pl\/sosy-i-zupy\/sosy-swieze-pasteryzowane-lub-sterylizowane\/\">Czytaj dalej <span class=\"meta-nav\">&rarr;<\/span><\/a><\/p>\n","protected":false},"author":28,"featured_media":0,"parent":7277,"menu_order":0,"comment_status":"closed","ping_status":"open","template":"","meta":{"_acf_changed":false,"footnotes":""},"class_list":["post-7281","page","type-page","status-publish","hentry"],"acf":[],"yoast_head":"<!-- This site is optimized with the Yoast SEO plugin v27.2 - https:\/\/yoast.com\/product\/yoast-seo-wordpress\/ -->\n<title>Sosy \u015bwie\u017ce i pasteryzowane |<\/title>\n<meta name=\"robots\" content=\"index, follow, max-snippet:-1, max-image-preview:large, max-video-preview:-1\" \/>\n<link rel=\"canonical\" href=\"https:\/\/katech-solutions.com\/pl\/sosy-i-zupy\/sosy-swieze-pasteryzowane-lub-sterylizowane\/\" \/>\n<meta property=\"og:locale\" content=\"pl_PL\" \/>\n<meta property=\"og:type\" content=\"article\" \/>\n<meta property=\"og:title\" content=\"Sosy \u015bwie\u017ce i pasteryzowane |\" \/>\n<meta property=\"og:description\" content=\"\u015awie\u017ce lub pasteryzowane sosy to g\u0119ste p\u0142yny, tworzone na bazie r\u00f3\u017cnych sk\u0142adnik\u00f3w, nadaj\u0105cych im odmienny smak (ostry, \u0142agodny, kwa\u015bny, s\u0142odki), kt\u00f3re w konsystencji s\u0105 lu\u017aniejsze od kremu. Stosuje si\u0119 je jako dodatek do mi\u0119s, ryb, makaron\u00f3w, w\u0119dlin, sa\u0142atek, czy deser\u00f3w. &hellip; Czytaj dalej &rarr;\" \/>\n<meta property=\"og:url\" content=\"https:\/\/katech-solutions.com\/pl\/sosy-i-zupy\/sosy-swieze-pasteryzowane-lub-sterylizowane\/\" \/>\n<meta property=\"og:site_name\" content=\"KaTech\" \/>\n<meta property=\"article:modified_time\" content=\"2017-06-20T12:42:51+00:00\" \/>\n<meta name=\"twitter:label1\" content=\"Szacowany czas czytania\" \/>\n\t<meta name=\"twitter:data1\" content=\"1 minuta\" \/>\n<script type=\"application\/ld+json\" class=\"yoast-schema-graph\">{\"@context\":\"https:\/\/schema.org\",\"@graph\":[{\"@type\":\"WebPage\",\"@id\":\"https:\/\/katech-solutions.com\/pl\/sosy-i-zupy\/sosy-swieze-pasteryzowane-lub-sterylizowane\/\",\"url\":\"https:\/\/katech-solutions.com\/pl\/sosy-i-zupy\/sosy-swieze-pasteryzowane-lub-sterylizowane\/\",\"name\":\"Sosy \u015bwie\u017ce i pasteryzowane |\",\"isPartOf\":{\"@id\":\"https:\/\/katech-solutions.com\/#website\"},\"datePublished\":\"2016-08-04T15:16:05+00:00\",\"dateModified\":\"2017-06-20T12:42:51+00:00\",\"breadcrumb\":{\"@id\":\"https:\/\/katech-solutions.com\/pl\/sosy-i-zupy\/sosy-swieze-pasteryzowane-lub-sterylizowane\/#breadcrumb\"},\"inLanguage\":\"pl-PL\",\"potentialAction\":[{\"@type\":\"ReadAction\",\"target\":[\"https:\/\/katech-solutions.com\/pl\/sosy-i-zupy\/sosy-swieze-pasteryzowane-lub-sterylizowane\/\"]}]},{\"@type\":\"BreadcrumbList\",\"@id\":\"https:\/\/katech-solutions.com\/pl\/sosy-i-zupy\/sosy-swieze-pasteryzowane-lub-sterylizowane\/#breadcrumb\",\"itemListElement\":[{\"@type\":\"ListItem\",\"position\":1,\"name\":\"Sosy i zupy\",\"item\":\"https:\/\/katech-solutions.com\/pl\/sosy-i-zupy\/\"},{\"@type\":\"ListItem\",\"position\":2,\"name\":\"Sosy \u015bwie\u017ce i pasteryzowane\"}]},{\"@type\":\"WebSite\",\"@id\":\"https:\/\/katech-solutions.com\/#website\",\"url\":\"https:\/\/katech-solutions.com\/\",\"name\":\"KaTech\",\"description\":\"\",\"potentialAction\":[{\"@type\":\"SearchAction\",\"target\":{\"@type\":\"EntryPoint\",\"urlTemplate\":\"https:\/\/katech-solutions.com\/?s={search_term_string}\"},\"query-input\":{\"@type\":\"PropertyValueSpecification\",\"valueRequired\":true,\"valueName\":\"search_term_string\"}}],\"inLanguage\":\"pl-PL\"}]}<\/script>\n<!-- \/ Yoast SEO plugin. -->","yoast_head_json":{"title":"Sosy \u015bwie\u017ce i pasteryzowane |","robots":{"index":"index","follow":"follow","max-snippet":"max-snippet:-1","max-image-preview":"max-image-preview:large","max-video-preview":"max-video-preview:-1"},"canonical":"https:\/\/katech-solutions.com\/pl\/sosy-i-zupy\/sosy-swieze-pasteryzowane-lub-sterylizowane\/","og_locale":"pl_PL","og_type":"article","og_title":"Sosy \u015bwie\u017ce i pasteryzowane |","og_description":"\u015awie\u017ce lub pasteryzowane sosy to g\u0119ste p\u0142yny, tworzone na bazie r\u00f3\u017cnych sk\u0142adnik\u00f3w, nadaj\u0105cych im odmienny smak (ostry, \u0142agodny, kwa\u015bny, s\u0142odki), kt\u00f3re w konsystencji s\u0105 lu\u017aniejsze od kremu. Stosuje si\u0119 je jako dodatek do mi\u0119s, ryb, makaron\u00f3w, w\u0119dlin, sa\u0142atek, czy deser\u00f3w. &hellip; Czytaj dalej &rarr;","og_url":"https:\/\/katech-solutions.com\/pl\/sosy-i-zupy\/sosy-swieze-pasteryzowane-lub-sterylizowane\/","og_site_name":"KaTech","article_modified_time":"2017-06-20T12:42:51+00:00","twitter_misc":{"Szacowany czas czytania":"1 minuta"},"schema":{"@context":"https:\/\/schema.org","@graph":[{"@type":"WebPage","@id":"https:\/\/katech-solutions.com\/pl\/sosy-i-zupy\/sosy-swieze-pasteryzowane-lub-sterylizowane\/","url":"https:\/\/katech-solutions.com\/pl\/sosy-i-zupy\/sosy-swieze-pasteryzowane-lub-sterylizowane\/","name":"Sosy \u015bwie\u017ce i pasteryzowane |","isPartOf":{"@id":"https:\/\/katech-solutions.com\/#website"},"datePublished":"2016-08-04T15:16:05+00:00","dateModified":"2017-06-20T12:42:51+00:00","breadcrumb":{"@id":"https:\/\/katech-solutions.com\/pl\/sosy-i-zupy\/sosy-swieze-pasteryzowane-lub-sterylizowane\/#breadcrumb"},"inLanguage":"pl-PL","potentialAction":[{"@type":"ReadAction","target":["https:\/\/katech-solutions.com\/pl\/sosy-i-zupy\/sosy-swieze-pasteryzowane-lub-sterylizowane\/"]}]},{"@type":"BreadcrumbList","@id":"https:\/\/katech-solutions.com\/pl\/sosy-i-zupy\/sosy-swieze-pasteryzowane-lub-sterylizowane\/#breadcrumb","itemListElement":[{"@type":"ListItem","position":1,"name":"Sosy i zupy","item":"https:\/\/katech-solutions.com\/pl\/sosy-i-zupy\/"},{"@type":"ListItem","position":2,"name":"Sosy \u015bwie\u017ce i pasteryzowane"}]},{"@type":"WebSite","@id":"https:\/\/katech-solutions.com\/#website","url":"https:\/\/katech-solutions.com\/","name":"KaTech","description":"","potentialAction":[{"@type":"SearchAction","target":{"@type":"EntryPoint","urlTemplate":"https:\/\/katech-solutions.com\/?s={search_term_string}"},"query-input":{"@type":"PropertyValueSpecification","valueRequired":true,"valueName":"search_term_string"}}],"inLanguage":"pl-PL"}]}},"_links":{"self":[{"href":"https:\/\/katech-solutions.com\/pl\/wp-json\/wp\/v2\/pages\/7281","targetHints":{"allow":["GET"]}}],"collection":[{"href":"https:\/\/katech-solutions.com\/pl\/wp-json\/wp\/v2\/pages"}],"about":[{"href":"https:\/\/katech-solutions.com\/pl\/wp-json\/wp\/v2\/types\/page"}],"author":[{"embeddable":true,"href":"https:\/\/katech-solutions.com\/pl\/wp-json\/wp\/v2\/users\/28"}],"replies":[{"embeddable":true,"href":"https:\/\/katech-solutions.com\/pl\/wp-json\/wp\/v2\/comments?post=7281"}],"version-history":[{"count":7,"href":"https:\/\/katech-solutions.com\/pl\/wp-json\/wp\/v2\/pages\/7281\/revisions"}],"predecessor-version":[{"id":8110,"href":"https:\/\/katech-solutions.com\/pl\/wp-json\/wp\/v2\/pages\/7281\/revisions\/8110"}],"up":[{"embeddable":true,"href":"https:\/\/katech-solutions.com\/pl\/wp-json\/wp\/v2\/pages\/7277"}],"wp:attachment":[{"href":"https:\/\/katech-solutions.com\/pl\/wp-json\/wp\/v2\/media?parent=7281"}],"curies":[{"name":"wp","href":"https:\/\/api.w.org\/{rel}","templated":true}]}}