{"id":7279,"date":"2016-08-04T15:15:03","date_gmt":"2016-08-04T15:15:03","guid":{"rendered":"https:\/\/www.khpartner.com\/pl\/?page_id=7279"},"modified":"2017-11-30T07:38:10","modified_gmt":"2017-11-30T07:38:10","slug":"systemy-stabilizujace-wspomagajace-napelnianie","status":"publish","type":"page","link":"https:\/\/katech-solutions.com\/pl\/sosy-i-zupy\/systemy-stabilizujace-wspomagajace-napelnianie\/","title":{"rendered":"Systemy stabilizuj\u0105ce wspomagaj\u0105ce nape\u0142nianie"},"content":{"rendered":"<p style=\"text-align: justify;\">Systemy stabilizuj\u0105ce wspomagaj\u0105ce nape\u0142nianie udowodni\u0142y swoj\u0105 ogromn\u0105 przydatno\u015b\u0107 w przetw\u00f3rstwie spo\u017cywczym. Ich u\u017cycie umo\u017cliwia r\u00f3wnomierne nape\u0142nienie produktami z du\u017cymi cz\u0105stkami wszystkich opakowa\u0144 jednostkowych w danej partii produkcyjnej.<\/p>\n<p style=\"text-align: justify;\">Stabilizatory tego typu s\u0105 u\u017cywane przede wszystkim dla da\u0144 gotowych poddawanych procesowi sterylizacji lub pasteryzacji.<\/p>\n<p style=\"text-align: justify;\">Zasada ich dzia\u0142ania jest stosunkowo prosta. Du\u017ce cz\u0105stki zawarte w\u00a0produktach s\u0105 utrzymywane \u201ew zawieszeniu\u201d za pomoc\u0105 p\u0142ynu o\u00a0du\u017cej lepko\u015bci. To u\u0142atwia przepompowywanie produkt\u00f3w oraz r\u00f3wnomierne nape\u0142nienie nimi opakowa\u0144 jednostkowych. Systemy stabilizuj\u0105ce wspomagaj\u0105ce nape\u0142nianie daj\u0105 produktowi odpowiedni po\u015blizg, chroni\u0105 du\u017ce cz\u0105stki przed rozbiciem podczas pompowania i\u00a0zapewniaj\u0105 r\u00f3wnomierne rozprowadzenie wszystkich sk\u0142adnik\u00f3w podczas pakowania.<\/p>\n","protected":false},"excerpt":{"rendered":"<p>Systemy stabilizuj\u0105ce wspomagaj\u0105ce nape\u0142nianie udowodni\u0142y swoj\u0105 ogromn\u0105 przydatno\u015b\u0107 w przetw\u00f3rstwie spo\u017cywczym. Ich u\u017cycie umo\u017cliwia r\u00f3wnomierne nape\u0142nienie produktami z du\u017cymi cz\u0105stkami wszystkich opakowa\u0144 jednostkowych w danej partii produkcyjnej. Stabilizatory tego typu s\u0105 u\u017cywane przede wszystkim dla da\u0144 gotowych poddawanych procesowi sterylizacji &hellip; <a class=\"continue-reading\" href=\"https:\/\/katech-solutions.com\/pl\/sosy-i-zupy\/systemy-stabilizujace-wspomagajace-napelnianie\/\">Czytaj dalej <span class=\"meta-nav\">&rarr;<\/span><\/a><\/p>\n","protected":false},"author":28,"featured_media":0,"parent":7277,"menu_order":0,"comment_status":"closed","ping_status":"open","template":"","meta":{"_acf_changed":false,"footnotes":""},"class_list":["post-7279","page","type-page","status-publish","hentry"],"acf":[],"yoast_head":"<!-- This site is optimized with the Yoast SEO plugin v27.2 - https:\/\/yoast.com\/product\/yoast-seo-wordpress\/ -->\n<title>Systemy stabilizuj\u0105ce wspomagaj\u0105ce nape\u0142nianie |<\/title>\n<meta name=\"robots\" content=\"index, follow, max-snippet:-1, max-image-preview:large, max-video-preview:-1\" \/>\n<link rel=\"canonical\" href=\"https:\/\/katech-solutions.com\/pl\/sosy-i-zupy\/systemy-stabilizujace-wspomagajace-napelnianie\/\" \/>\n<meta property=\"og:locale\" content=\"pl_PL\" \/>\n<meta property=\"og:type\" content=\"article\" \/>\n<meta property=\"og:title\" content=\"Systemy stabilizuj\u0105ce wspomagaj\u0105ce nape\u0142nianie |\" \/>\n<meta property=\"og:description\" content=\"Systemy stabilizuj\u0105ce wspomagaj\u0105ce nape\u0142nianie udowodni\u0142y swoj\u0105 ogromn\u0105 przydatno\u015b\u0107 w przetw\u00f3rstwie spo\u017cywczym. Ich u\u017cycie umo\u017cliwia r\u00f3wnomierne nape\u0142nienie produktami z du\u017cymi cz\u0105stkami wszystkich opakowa\u0144 jednostkowych w danej partii produkcyjnej. Stabilizatory tego typu s\u0105 u\u017cywane przede wszystkim dla da\u0144 gotowych poddawanych procesowi sterylizacji &hellip; Czytaj dalej &rarr;\" \/>\n<meta property=\"og:url\" content=\"https:\/\/katech-solutions.com\/pl\/sosy-i-zupy\/systemy-stabilizujace-wspomagajace-napelnianie\/\" \/>\n<meta property=\"og:site_name\" content=\"KaTech\" \/>\n<meta property=\"article:modified_time\" content=\"2017-11-30T07:38:10+00:00\" \/>\n<meta name=\"twitter:label1\" content=\"Szacowany czas czytania\" \/>\n\t<meta name=\"twitter:data1\" content=\"1 minuta\" \/>\n<script type=\"application\/ld+json\" class=\"yoast-schema-graph\">{\"@context\":\"https:\/\/schema.org\",\"@graph\":[{\"@type\":\"WebPage\",\"@id\":\"https:\/\/katech-solutions.com\/pl\/sosy-i-zupy\/systemy-stabilizujace-wspomagajace-napelnianie\/\",\"url\":\"https:\/\/katech-solutions.com\/pl\/sosy-i-zupy\/systemy-stabilizujace-wspomagajace-napelnianie\/\",\"name\":\"Systemy stabilizuj\u0105ce wspomagaj\u0105ce nape\u0142nianie |\",\"isPartOf\":{\"@id\":\"https:\/\/katech-solutions.com\/#website\"},\"datePublished\":\"2016-08-04T15:15:03+00:00\",\"dateModified\":\"2017-11-30T07:38:10+00:00\",\"breadcrumb\":{\"@id\":\"https:\/\/katech-solutions.com\/pl\/sosy-i-zupy\/systemy-stabilizujace-wspomagajace-napelnianie\/#breadcrumb\"},\"inLanguage\":\"pl-PL\",\"potentialAction\":[{\"@type\":\"ReadAction\",\"target\":[\"https:\/\/katech-solutions.com\/pl\/sosy-i-zupy\/systemy-stabilizujace-wspomagajace-napelnianie\/\"]}]},{\"@type\":\"BreadcrumbList\",\"@id\":\"https:\/\/katech-solutions.com\/pl\/sosy-i-zupy\/systemy-stabilizujace-wspomagajace-napelnianie\/#breadcrumb\",\"itemListElement\":[{\"@type\":\"ListItem\",\"position\":1,\"name\":\"Sosy i zupy\",\"item\":\"https:\/\/katech-solutions.com\/pl\/sosy-i-zupy\/\"},{\"@type\":\"ListItem\",\"position\":2,\"name\":\"Systemy stabilizuj\u0105ce wspomagaj\u0105ce nape\u0142nianie\"}]},{\"@type\":\"WebSite\",\"@id\":\"https:\/\/katech-solutions.com\/#website\",\"url\":\"https:\/\/katech-solutions.com\/\",\"name\":\"KaTech\",\"description\":\"\",\"potentialAction\":[{\"@type\":\"SearchAction\",\"target\":{\"@type\":\"EntryPoint\",\"urlTemplate\":\"https:\/\/katech-solutions.com\/?s={search_term_string}\"},\"query-input\":{\"@type\":\"PropertyValueSpecification\",\"valueRequired\":true,\"valueName\":\"search_term_string\"}}],\"inLanguage\":\"pl-PL\"}]}<\/script>\n<!-- \/ Yoast SEO plugin. -->","yoast_head_json":{"title":"Systemy stabilizuj\u0105ce wspomagaj\u0105ce nape\u0142nianie |","robots":{"index":"index","follow":"follow","max-snippet":"max-snippet:-1","max-image-preview":"max-image-preview:large","max-video-preview":"max-video-preview:-1"},"canonical":"https:\/\/katech-solutions.com\/pl\/sosy-i-zupy\/systemy-stabilizujace-wspomagajace-napelnianie\/","og_locale":"pl_PL","og_type":"article","og_title":"Systemy stabilizuj\u0105ce wspomagaj\u0105ce nape\u0142nianie |","og_description":"Systemy stabilizuj\u0105ce wspomagaj\u0105ce nape\u0142nianie udowodni\u0142y swoj\u0105 ogromn\u0105 przydatno\u015b\u0107 w przetw\u00f3rstwie spo\u017cywczym. Ich u\u017cycie umo\u017cliwia r\u00f3wnomierne nape\u0142nienie produktami z du\u017cymi cz\u0105stkami wszystkich opakowa\u0144 jednostkowych w danej partii produkcyjnej. Stabilizatory tego typu s\u0105 u\u017cywane przede wszystkim dla da\u0144 gotowych poddawanych procesowi sterylizacji &hellip; Czytaj dalej &rarr;","og_url":"https:\/\/katech-solutions.com\/pl\/sosy-i-zupy\/systemy-stabilizujace-wspomagajace-napelnianie\/","og_site_name":"KaTech","article_modified_time":"2017-11-30T07:38:10+00:00","twitter_misc":{"Szacowany czas czytania":"1 minuta"},"schema":{"@context":"https:\/\/schema.org","@graph":[{"@type":"WebPage","@id":"https:\/\/katech-solutions.com\/pl\/sosy-i-zupy\/systemy-stabilizujace-wspomagajace-napelnianie\/","url":"https:\/\/katech-solutions.com\/pl\/sosy-i-zupy\/systemy-stabilizujace-wspomagajace-napelnianie\/","name":"Systemy stabilizuj\u0105ce wspomagaj\u0105ce nape\u0142nianie |","isPartOf":{"@id":"https:\/\/katech-solutions.com\/#website"},"datePublished":"2016-08-04T15:15:03+00:00","dateModified":"2017-11-30T07:38:10+00:00","breadcrumb":{"@id":"https:\/\/katech-solutions.com\/pl\/sosy-i-zupy\/systemy-stabilizujace-wspomagajace-napelnianie\/#breadcrumb"},"inLanguage":"pl-PL","potentialAction":[{"@type":"ReadAction","target":["https:\/\/katech-solutions.com\/pl\/sosy-i-zupy\/systemy-stabilizujace-wspomagajace-napelnianie\/"]}]},{"@type":"BreadcrumbList","@id":"https:\/\/katech-solutions.com\/pl\/sosy-i-zupy\/systemy-stabilizujace-wspomagajace-napelnianie\/#breadcrumb","itemListElement":[{"@type":"ListItem","position":1,"name":"Sosy i zupy","item":"https:\/\/katech-solutions.com\/pl\/sosy-i-zupy\/"},{"@type":"ListItem","position":2,"name":"Systemy stabilizuj\u0105ce wspomagaj\u0105ce nape\u0142nianie"}]},{"@type":"WebSite","@id":"https:\/\/katech-solutions.com\/#website","url":"https:\/\/katech-solutions.com\/","name":"KaTech","description":"","potentialAction":[{"@type":"SearchAction","target":{"@type":"EntryPoint","urlTemplate":"https:\/\/katech-solutions.com\/?s={search_term_string}"},"query-input":{"@type":"PropertyValueSpecification","valueRequired":true,"valueName":"search_term_string"}}],"inLanguage":"pl-PL"}]}},"_links":{"self":[{"href":"https:\/\/katech-solutions.com\/pl\/wp-json\/wp\/v2\/pages\/7279","targetHints":{"allow":["GET"]}}],"collection":[{"href":"https:\/\/katech-solutions.com\/pl\/wp-json\/wp\/v2\/pages"}],"about":[{"href":"https:\/\/katech-solutions.com\/pl\/wp-json\/wp\/v2\/types\/page"}],"author":[{"embeddable":true,"href":"https:\/\/katech-solutions.com\/pl\/wp-json\/wp\/v2\/users\/28"}],"replies":[{"embeddable":true,"href":"https:\/\/katech-solutions.com\/pl\/wp-json\/wp\/v2\/comments?post=7279"}],"version-history":[{"count":4,"href":"https:\/\/katech-solutions.com\/pl\/wp-json\/wp\/v2\/pages\/7279\/revisions"}],"predecessor-version":[{"id":8817,"href":"https:\/\/katech-solutions.com\/pl\/wp-json\/wp\/v2\/pages\/7279\/revisions\/8817"}],"up":[{"embeddable":true,"href":"https:\/\/katech-solutions.com\/pl\/wp-json\/wp\/v2\/pages\/7277"}],"wp:attachment":[{"href":"https:\/\/katech-solutions.com\/pl\/wp-json\/wp\/v2\/media?parent=7279"}],"curies":[{"name":"wp","href":"https:\/\/api.w.org\/{rel}","templated":true}]}}