{"id":7277,"date":"2016-08-04T15:13:27","date_gmt":"2016-08-04T15:13:27","guid":{"rendered":"https:\/\/www.khpartner.com\/pl\/?page_id=7277"},"modified":"2017-11-03T11:35:01","modified_gmt":"2017-11-03T11:35:01","slug":"sosy-i-zupy","status":"publish","type":"page","link":"https:\/\/katech-solutions.com\/pl\/sosy-i-zupy\/","title":{"rendered":"Sosy i zupy"},"content":{"rendered":"<h2>Sosy i zupy<\/h2>\n<p style=\"text-align: justify;\">Rynek gotowych sos\u00f3w i zup zmieni\u0142 si\u0119 znacz\u0105co w ostatnich latach. Sosy i zupy dost\u0119pne s\u0105 obecnie w bardzo bogatym i\u00a0r\u00f3\u017cnorodnym asortymencie. Kreatywno\u015b\u0107 producent\u00f3w w\u00a0zakresie oferowanych produkt\u00f3w nie zna granic. Stan\u0119li jednak oni przed ca\u0142ym szeregiem nowych wyzwa\u0144. Najwi\u0119kszym z nich jest dostosowanie najbardziej oryginalnych i\u00a0nowatorskich produkt\u00f3w w spos\u00f3b, kt\u00f3ry umo\u017cliwi spe\u0142nienie wymaga\u0144 nowoczesnej produkcji przemys\u0142owej. Niejednokrotnie wi\u0105\u017ce si\u0119 to z potrzeb\u0105 wprowadzenia istotnych zmian w\u00a0dotychczasowych procesach produkcyjnych.<\/p>\n<p style=\"text-align: justify;\">R\u00f3\u017cnorodno\u015b\u0107 sos\u00f3w i zup okre\u015bla nie tylko szerok\u0105 gam\u0119 oferowanych smak\u00f3w. Jest to r\u00f3wnie\u017c kilka r\u00f3\u017cnych wariant\u00f3w technologii produkcji. Na rynku dost\u0119pne s\u0105 produkty \u015bwie\u017ce, pasteryzowane lub sterylizowane (w tym tak\u017ce poddawane obr\u00f3bce UHT). Ka\u017cda z tych technologii wymaga innego sposobu dystrybucji i przechowywania, a tak\u017ce innych dodatk\u00f3w stabilizuj\u0105cych.<\/p>\n<p style=\"text-align: justify;\">Ju\u017c dzisiaj zach\u0119camy Pa\u0144stwa do kontaktu z nami. Posiadamy niezb\u0119dna fachow\u0105 wiedz\u0119 niezb\u0119dn\u0105 do realizacji wszystkich Pa\u0144stwa pomys\u0142\u00f3w, nawet tych, kt\u00f3re mog\u0105 wydawa\u0107 si\u0119 trudne w realizacji.<\/p>\n","protected":false},"excerpt":{"rendered":"<p>Sosy i zupy Rynek gotowych sos\u00f3w i zup zmieni\u0142 si\u0119 znacz\u0105co w ostatnich latach. Sosy i zupy dost\u0119pne s\u0105 obecnie w bardzo bogatym i\u00a0r\u00f3\u017cnorodnym asortymencie. Kreatywno\u015b\u0107 producent\u00f3w w\u00a0zakresie oferowanych produkt\u00f3w nie zna granic. Stan\u0119li jednak oni przed ca\u0142ym szeregiem nowych &hellip; <a class=\"continue-reading\" href=\"https:\/\/katech-solutions.com\/pl\/sosy-i-zupy\/\">Czytaj dalej <span class=\"meta-nav\">&rarr;<\/span><\/a><\/p>\n","protected":false},"author":28,"featured_media":0,"parent":0,"menu_order":0,"comment_status":"closed","ping_status":"open","template":"layout-content-3.php","meta":{"_acf_changed":false,"footnotes":""},"class_list":["post-7277","page","type-page","status-publish","hentry"],"acf":[],"yoast_head":"<!-- This site is optimized with the Yoast SEO plugin v27.2 - https:\/\/yoast.com\/product\/yoast-seo-wordpress\/ -->\n<title>Sosy i zupy |<\/title>\n<meta name=\"robots\" content=\"index, follow, max-snippet:-1, max-image-preview:large, max-video-preview:-1\" \/>\n<link rel=\"canonical\" href=\"https:\/\/katech-solutions.com\/pl\/sosy-i-zupy\/\" \/>\n<meta property=\"og:locale\" content=\"pl_PL\" \/>\n<meta property=\"og:type\" content=\"article\" \/>\n<meta property=\"og:title\" content=\"Sosy i zupy |\" \/>\n<meta property=\"og:description\" content=\"Sosy i zupy Rynek gotowych sos\u00f3w i zup zmieni\u0142 si\u0119 znacz\u0105co w ostatnich latach. Sosy i zupy dost\u0119pne s\u0105 obecnie w bardzo bogatym i\u00a0r\u00f3\u017cnorodnym asortymencie. Kreatywno\u015b\u0107 producent\u00f3w w\u00a0zakresie oferowanych produkt\u00f3w nie zna granic. Stan\u0119li jednak oni przed ca\u0142ym szeregiem nowych &hellip; Czytaj dalej &rarr;\" \/>\n<meta property=\"og:url\" content=\"https:\/\/katech-solutions.com\/pl\/sosy-i-zupy\/\" \/>\n<meta property=\"og:site_name\" content=\"KaTech\" \/>\n<meta property=\"article:modified_time\" content=\"2017-11-03T11:35:01+00:00\" \/>\n<meta name=\"twitter:label1\" content=\"Szacowany czas czytania\" \/>\n\t<meta name=\"twitter:data1\" content=\"1 minuta\" \/>\n<script type=\"application\/ld+json\" class=\"yoast-schema-graph\">{\"@context\":\"https:\/\/schema.org\",\"@graph\":[{\"@type\":\"WebPage\",\"@id\":\"https:\/\/katech-solutions.com\/pl\/sosy-i-zupy\/\",\"url\":\"https:\/\/katech-solutions.com\/pl\/sosy-i-zupy\/\",\"name\":\"Sosy i zupy |\",\"isPartOf\":{\"@id\":\"https:\/\/katech-solutions.com\/#website\"},\"datePublished\":\"2016-08-04T15:13:27+00:00\",\"dateModified\":\"2017-11-03T11:35:01+00:00\",\"inLanguage\":\"pl-PL\",\"potentialAction\":[{\"@type\":\"ReadAction\",\"target\":[\"https:\/\/katech-solutions.com\/pl\/sosy-i-zupy\/\"]}]},{\"@type\":\"WebSite\",\"@id\":\"https:\/\/katech-solutions.com\/#website\",\"url\":\"https:\/\/katech-solutions.com\/\",\"name\":\"KaTech\",\"description\":\"\",\"potentialAction\":[{\"@type\":\"SearchAction\",\"target\":{\"@type\":\"EntryPoint\",\"urlTemplate\":\"https:\/\/katech-solutions.com\/?s={search_term_string}\"},\"query-input\":{\"@type\":\"PropertyValueSpecification\",\"valueRequired\":true,\"valueName\":\"search_term_string\"}}],\"inLanguage\":\"pl-PL\"}]}<\/script>\n<!-- \/ Yoast SEO plugin. -->","yoast_head_json":{"title":"Sosy i zupy |","robots":{"index":"index","follow":"follow","max-snippet":"max-snippet:-1","max-image-preview":"max-image-preview:large","max-video-preview":"max-video-preview:-1"},"canonical":"https:\/\/katech-solutions.com\/pl\/sosy-i-zupy\/","og_locale":"pl_PL","og_type":"article","og_title":"Sosy i zupy |","og_description":"Sosy i zupy Rynek gotowych sos\u00f3w i zup zmieni\u0142 si\u0119 znacz\u0105co w ostatnich latach. Sosy i zupy dost\u0119pne s\u0105 obecnie w bardzo bogatym i\u00a0r\u00f3\u017cnorodnym asortymencie. Kreatywno\u015b\u0107 producent\u00f3w w\u00a0zakresie oferowanych produkt\u00f3w nie zna granic. Stan\u0119li jednak oni przed ca\u0142ym szeregiem nowych &hellip; Czytaj dalej &rarr;","og_url":"https:\/\/katech-solutions.com\/pl\/sosy-i-zupy\/","og_site_name":"KaTech","article_modified_time":"2017-11-03T11:35:01+00:00","twitter_misc":{"Szacowany czas czytania":"1 minuta"},"schema":{"@context":"https:\/\/schema.org","@graph":[{"@type":"WebPage","@id":"https:\/\/katech-solutions.com\/pl\/sosy-i-zupy\/","url":"https:\/\/katech-solutions.com\/pl\/sosy-i-zupy\/","name":"Sosy i zupy |","isPartOf":{"@id":"https:\/\/katech-solutions.com\/#website"},"datePublished":"2016-08-04T15:13:27+00:00","dateModified":"2017-11-03T11:35:01+00:00","inLanguage":"pl-PL","potentialAction":[{"@type":"ReadAction","target":["https:\/\/katech-solutions.com\/pl\/sosy-i-zupy\/"]}]},{"@type":"WebSite","@id":"https:\/\/katech-solutions.com\/#website","url":"https:\/\/katech-solutions.com\/","name":"KaTech","description":"","potentialAction":[{"@type":"SearchAction","target":{"@type":"EntryPoint","urlTemplate":"https:\/\/katech-solutions.com\/?s={search_term_string}"},"query-input":{"@type":"PropertyValueSpecification","valueRequired":true,"valueName":"search_term_string"}}],"inLanguage":"pl-PL"}]}},"_links":{"self":[{"href":"https:\/\/katech-solutions.com\/pl\/wp-json\/wp\/v2\/pages\/7277","targetHints":{"allow":["GET"]}}],"collection":[{"href":"https:\/\/katech-solutions.com\/pl\/wp-json\/wp\/v2\/pages"}],"about":[{"href":"https:\/\/katech-solutions.com\/pl\/wp-json\/wp\/v2\/types\/page"}],"author":[{"embeddable":true,"href":"https:\/\/katech-solutions.com\/pl\/wp-json\/wp\/v2\/users\/28"}],"replies":[{"embeddable":true,"href":"https:\/\/katech-solutions.com\/pl\/wp-json\/wp\/v2\/comments?post=7277"}],"version-history":[{"count":5,"href":"https:\/\/katech-solutions.com\/pl\/wp-json\/wp\/v2\/pages\/7277\/revisions"}],"predecessor-version":[{"id":8558,"href":"https:\/\/katech-solutions.com\/pl\/wp-json\/wp\/v2\/pages\/7277\/revisions\/8558"}],"wp:attachment":[{"href":"https:\/\/katech-solutions.com\/pl\/wp-json\/wp\/v2\/media?parent=7277"}],"curies":[{"name":"wp","href":"https:\/\/api.w.org\/{rel}","templated":true}]}}