{"id":7275,"date":"2016-08-04T15:12:13","date_gmt":"2016-08-04T15:12:13","guid":{"rendered":"https:\/\/www.khpartner.com\/pl\/?page_id=7275"},"modified":"2017-11-08T09:49:38","modified_gmt":"2017-11-08T09:49:38","slug":"zaklad-produkcyjny-niemcy","status":"publish","type":"page","link":"https:\/\/katech-solutions.com\/pl\/zaklad-produkcyjny-niemcy\/","title":{"rendered":"Zak\u0142ad produkcyjny, Niemcy"},"content":{"rendered":"<h2 style=\"text-align: justify;\">Zak\u0142ad produkcyjny,\u00a0Niemcy<\/h2>\n<p style=\"text-align: justify;\">Specjalnie zaprojektowany zak\u0142ad produkcyjny w Reinfeld w\u00a0Niemczech posiada najnowocze\u015bniejsze rozwi\u0105zania technologiczne dost\u0119pne obecnie na rynku. Kompleksowe i\u00a0ci\u0105gle trwaj\u0105ce inwestycje gwarantuj\u0105, i\u017c jeste\u015bmy i b\u0119dziemy w stanie wyj\u015b\u0107 naprzeciw wielu potrzebom i oczekiwaniom naszych klient\u00f3w.<\/p>\n<p style=\"text-align: justify;\">Trzy linie produkcyjne mieszcz\u0105ce si\u0119 w zak\u0142adzie zosta\u0142y zbudowane z u\u017cyciem najnowocze\u015bniejszych urz\u0105dze\u0144 i s\u0105 sterowane przez scentralizowany system. Umo\u017cliwiaj\u0105 one produkcj\u0119 szerokiej gamy system\u00f3w stabilizuj\u0105cych z u\u017cyciem r\u00f3\u017cnych surowc\u00f3w, przy jednoczesnym ograniczeniu ryzyka zanieczyszczenia krzy\u017cowego do minimum.<\/p>\n<p style=\"text-align: justify;\">Zak\u0142ad zosta\u0142 tak\u017ce zaprojektowany z my\u015bl\u0105 o maksymalnej elastyczno\u015bci czasu produkcji i wielko\u015bci partii produkcyjnych. Dzi\u0119ki temu, w wi\u0119kszo\u015bci przypadk\u00f3w, jeste\u015bmy w stanie sprosta\u0107 na Pa\u0144stwa specjalnym wymaganiom i podej\u015b\u0107 do produkcji w spos\u00f3b indywidualny.<\/p>\n<p style=\"text-align: justify;\">Pojemny magazyn wysokiego sk\u0142adu umo\u017cliwia nam zrealizowanie nawet bardzo du\u017cych zam\u00f3wie\u0144. W razie potrzeby jednak, mo\u017cemy tak\u017ce zleci\u0107 produkcj\u0119 jednemu z\u00a0certyfikowanych podwykonawc\u00f3w, z kt\u00f3rymi wsp\u00f3\u0142pracujemy. Ka\u017cdy z nich przeszed\u0142 rygorystyczny audyt i spe\u0142nia nasze wymagania dotycz\u0105ce jako\u015bci.<\/p>\n<p style=\"text-align: justify;\">Je\u015bli chcieliby Pa\u0144stwo zwiedzi\u0107 nasz zak\u0142ad, prosimy o\u00a0kontakt.<\/p>\n","protected":false},"excerpt":{"rendered":"<p>Zak\u0142ad produkcyjny,\u00a0Niemcy Specjalnie zaprojektowany zak\u0142ad produkcyjny w Reinfeld w\u00a0Niemczech posiada najnowocze\u015bniejsze rozwi\u0105zania technologiczne dost\u0119pne obecnie na rynku. Kompleksowe i\u00a0ci\u0105gle trwaj\u0105ce inwestycje gwarantuj\u0105, i\u017c jeste\u015bmy i b\u0119dziemy w stanie wyj\u015b\u0107 naprzeciw wielu potrzebom i oczekiwaniom naszych klient\u00f3w. Trzy linie produkcyjne mieszcz\u0105ce &hellip; <a class=\"continue-reading\" href=\"https:\/\/katech-solutions.com\/pl\/zaklad-produkcyjny-niemcy\/\">Czytaj dalej <span class=\"meta-nav\">&rarr;<\/span><\/a><\/p>\n","protected":false},"author":28,"featured_media":0,"parent":0,"menu_order":0,"comment_status":"closed","ping_status":"closed","template":"layout-content-3.php","meta":{"_acf_changed":false,"footnotes":""},"class_list":["post-7275","page","type-page","status-publish","hentry"],"acf":[],"yoast_head":"<!-- This site is optimized with the Yoast SEO plugin v27.2 - https:\/\/yoast.com\/product\/yoast-seo-wordpress\/ -->\n<title>Zak\u0142ad produkcyjny, Niemcy |<\/title>\n<meta name=\"robots\" content=\"index, follow, max-snippet:-1, max-image-preview:large, max-video-preview:-1\" \/>\n<link rel=\"canonical\" href=\"https:\/\/katech-solutions.com\/pl\/zaklad-produkcyjny-niemcy\/\" \/>\n<meta property=\"og:locale\" content=\"pl_PL\" \/>\n<meta property=\"og:type\" content=\"article\" \/>\n<meta property=\"og:title\" content=\"Zak\u0142ad produkcyjny, Niemcy |\" \/>\n<meta property=\"og:description\" content=\"Zak\u0142ad produkcyjny,\u00a0Niemcy Specjalnie zaprojektowany zak\u0142ad produkcyjny w Reinfeld w\u00a0Niemczech posiada najnowocze\u015bniejsze rozwi\u0105zania technologiczne dost\u0119pne obecnie na rynku. Kompleksowe i\u00a0ci\u0105gle trwaj\u0105ce inwestycje gwarantuj\u0105, i\u017c jeste\u015bmy i b\u0119dziemy w stanie wyj\u015b\u0107 naprzeciw wielu potrzebom i oczekiwaniom naszych klient\u00f3w. Trzy linie produkcyjne mieszcz\u0105ce &hellip; Czytaj dalej &rarr;\" \/>\n<meta property=\"og:url\" content=\"https:\/\/katech-solutions.com\/pl\/zaklad-produkcyjny-niemcy\/\" \/>\n<meta property=\"og:site_name\" content=\"KaTech\" \/>\n<meta property=\"article:modified_time\" content=\"2017-11-08T09:49:38+00:00\" \/>\n<meta name=\"twitter:label1\" content=\"Szacowany czas czytania\" \/>\n\t<meta name=\"twitter:data1\" content=\"1 minuta\" \/>\n<script type=\"application\/ld+json\" class=\"yoast-schema-graph\">{\"@context\":\"https:\/\/schema.org\",\"@graph\":[{\"@type\":\"WebPage\",\"@id\":\"https:\/\/katech-solutions.com\/pl\/zaklad-produkcyjny-niemcy\/\",\"url\":\"https:\/\/katech-solutions.com\/pl\/zaklad-produkcyjny-niemcy\/\",\"name\":\"Zak\u0142ad produkcyjny, Niemcy |\",\"isPartOf\":{\"@id\":\"https:\/\/katech-solutions.com\/#website\"},\"datePublished\":\"2016-08-04T15:12:13+00:00\",\"dateModified\":\"2017-11-08T09:49:38+00:00\",\"inLanguage\":\"pl-PL\",\"potentialAction\":[{\"@type\":\"ReadAction\",\"target\":[\"https:\/\/katech-solutions.com\/pl\/zaklad-produkcyjny-niemcy\/\"]}]},{\"@type\":\"WebSite\",\"@id\":\"https:\/\/katech-solutions.com\/#website\",\"url\":\"https:\/\/katech-solutions.com\/\",\"name\":\"KaTech\",\"description\":\"\",\"potentialAction\":[{\"@type\":\"SearchAction\",\"target\":{\"@type\":\"EntryPoint\",\"urlTemplate\":\"https:\/\/katech-solutions.com\/?s={search_term_string}\"},\"query-input\":{\"@type\":\"PropertyValueSpecification\",\"valueRequired\":true,\"valueName\":\"search_term_string\"}}],\"inLanguage\":\"pl-PL\"}]}<\/script>\n<!-- \/ Yoast SEO plugin. -->","yoast_head_json":{"title":"Zak\u0142ad produkcyjny, Niemcy |","robots":{"index":"index","follow":"follow","max-snippet":"max-snippet:-1","max-image-preview":"max-image-preview:large","max-video-preview":"max-video-preview:-1"},"canonical":"https:\/\/katech-solutions.com\/pl\/zaklad-produkcyjny-niemcy\/","og_locale":"pl_PL","og_type":"article","og_title":"Zak\u0142ad produkcyjny, Niemcy |","og_description":"Zak\u0142ad produkcyjny,\u00a0Niemcy Specjalnie zaprojektowany zak\u0142ad produkcyjny w Reinfeld w\u00a0Niemczech posiada najnowocze\u015bniejsze rozwi\u0105zania technologiczne dost\u0119pne obecnie na rynku. Kompleksowe i\u00a0ci\u0105gle trwaj\u0105ce inwestycje gwarantuj\u0105, i\u017c jeste\u015bmy i b\u0119dziemy w stanie wyj\u015b\u0107 naprzeciw wielu potrzebom i oczekiwaniom naszych klient\u00f3w. Trzy linie produkcyjne mieszcz\u0105ce &hellip; Czytaj dalej &rarr;","og_url":"https:\/\/katech-solutions.com\/pl\/zaklad-produkcyjny-niemcy\/","og_site_name":"KaTech","article_modified_time":"2017-11-08T09:49:38+00:00","twitter_misc":{"Szacowany czas czytania":"1 minuta"},"schema":{"@context":"https:\/\/schema.org","@graph":[{"@type":"WebPage","@id":"https:\/\/katech-solutions.com\/pl\/zaklad-produkcyjny-niemcy\/","url":"https:\/\/katech-solutions.com\/pl\/zaklad-produkcyjny-niemcy\/","name":"Zak\u0142ad produkcyjny, Niemcy |","isPartOf":{"@id":"https:\/\/katech-solutions.com\/#website"},"datePublished":"2016-08-04T15:12:13+00:00","dateModified":"2017-11-08T09:49:38+00:00","inLanguage":"pl-PL","potentialAction":[{"@type":"ReadAction","target":["https:\/\/katech-solutions.com\/pl\/zaklad-produkcyjny-niemcy\/"]}]},{"@type":"WebSite","@id":"https:\/\/katech-solutions.com\/#website","url":"https:\/\/katech-solutions.com\/","name":"KaTech","description":"","potentialAction":[{"@type":"SearchAction","target":{"@type":"EntryPoint","urlTemplate":"https:\/\/katech-solutions.com\/?s={search_term_string}"},"query-input":{"@type":"PropertyValueSpecification","valueRequired":true,"valueName":"search_term_string"}}],"inLanguage":"pl-PL"}]}},"_links":{"self":[{"href":"https:\/\/katech-solutions.com\/pl\/wp-json\/wp\/v2\/pages\/7275","targetHints":{"allow":["GET"]}}],"collection":[{"href":"https:\/\/katech-solutions.com\/pl\/wp-json\/wp\/v2\/pages"}],"about":[{"href":"https:\/\/katech-solutions.com\/pl\/wp-json\/wp\/v2\/types\/page"}],"author":[{"embeddable":true,"href":"https:\/\/katech-solutions.com\/pl\/wp-json\/wp\/v2\/users\/28"}],"replies":[{"embeddable":true,"href":"https:\/\/katech-solutions.com\/pl\/wp-json\/wp\/v2\/comments?post=7275"}],"version-history":[{"count":3,"href":"https:\/\/katech-solutions.com\/pl\/wp-json\/wp\/v2\/pages\/7275\/revisions"}],"predecessor-version":[{"id":8615,"href":"https:\/\/katech-solutions.com\/pl\/wp-json\/wp\/v2\/pages\/7275\/revisions\/8615"}],"wp:attachment":[{"href":"https:\/\/katech-solutions.com\/pl\/wp-json\/wp\/v2\/media?parent=7275"}],"curies":[{"name":"wp","href":"https:\/\/api.w.org\/{rel}","templated":true}]}}