{"id":7267,"date":"2016-08-04T15:08:25","date_gmt":"2016-08-04T15:08:25","guid":{"rendered":"https:\/\/www.khpartner.com\/pl\/?page_id=7267"},"modified":"2021-02-09T14:11:57","modified_gmt":"2021-02-09T14:11:57","slug":"nasz-zespol","status":"publish","type":"page","link":"https:\/\/katech-solutions.com\/pl\/nasz-zespol\/","title":{"rendered":"Nasz zesp\u00f3\u0142"},"content":{"rendered":"<p style=\"text-align: justify;\">Zesp\u00f3\u0142 firmy KaTech posiada wszechstronne do\u015bwiadczenie oraz obszern\u0105 wiedz\u0119 na temat r\u00f3\u017cnorodnych aspekt\u00f3w produkcji \u017cywno\u015bci. To dzi\u0119ki nim jeste\u015bmy w stanie pomaga\u0107 Pa\u0144stwu w\u00a0osi\u0105gni\u0119ciu sukcesu zar\u00f3wno na polu technologicznym, jak i\u00a0handlowym. Zawsze poszukujemy rozwi\u0105za\u0144, kt\u00f3re s\u0105 najlepiej dostosowane do specyficznych wymaga\u0144 oraz indywidualnych potrzeb klient\u00f3w.<\/p>\n<p style=\"text-align: justify;\">Nasz zesp\u00f3\u0142 sk\u0142ada si\u0119 z jednych z najlepszych specjalist\u00f3w\u00a0w\u00a0bran\u017cy technologii \u017cywno\u015bci. Posiadaj\u0105 oni\u00a0wieloletnie do\u015bwiadczenie w nast\u0119puj\u0105cych obszarach:<\/p>\n<ul style=\"text-align: justify;\">\n<li>rozw\u00f3j nowych produkt\u00f3w<\/li>\n<li>fachowy serwis technologiczny<\/li>\n<li>\u201eknow-how\u201d dotycz\u0105cy\u00a0produkcji<\/li>\n<li>zakupy surowc\u00f3w<\/li>\n<li>zarz\u0105dzanie jako\u015bci\u0105<\/li>\n<\/ul>\n<p style=\"text-align: justify;\">\n<p>&nbsp;<\/p>\n","protected":false},"excerpt":{"rendered":"<p>Zesp\u00f3\u0142 firmy KaTech posiada wszechstronne do\u015bwiadczenie oraz obszern\u0105 wiedz\u0119 na temat r\u00f3\u017cnorodnych aspekt\u00f3w produkcji \u017cywno\u015bci. To dzi\u0119ki nim jeste\u015bmy w stanie pomaga\u0107 Pa\u0144stwu w\u00a0osi\u0105gni\u0119ciu sukcesu zar\u00f3wno na polu technologicznym, jak i\u00a0handlowym. Zawsze poszukujemy rozwi\u0105za\u0144, kt\u00f3re s\u0105 najlepiej dostosowane do specyficznych &hellip; <a class=\"continue-reading\" href=\"https:\/\/katech-solutions.com\/pl\/nasz-zespol\/\">Czytaj dalej <span class=\"meta-nav\">&rarr;<\/span><\/a><\/p>\n","protected":false},"author":28,"featured_media":0,"parent":0,"menu_order":0,"comment_status":"closed","ping_status":"open","template":"team.php","meta":{"_acf_changed":false,"footnotes":""},"class_list":["post-7267","page","type-page","status-publish","hentry"],"acf":[],"yoast_head":"<!-- This site is optimized with the Yoast SEO plugin v27.2 - https:\/\/yoast.com\/product\/yoast-seo-wordpress\/ -->\n<title>Nasz zesp\u00f3\u0142 |<\/title>\n<meta name=\"robots\" content=\"index, follow, max-snippet:-1, max-image-preview:large, max-video-preview:-1\" \/>\n<link rel=\"canonical\" href=\"https:\/\/katech-solutions.com\/pl\/nasz-zespol\/\" \/>\n<meta property=\"og:locale\" content=\"pl_PL\" \/>\n<meta property=\"og:type\" content=\"article\" \/>\n<meta property=\"og:title\" content=\"Nasz zesp\u00f3\u0142 |\" \/>\n<meta property=\"og:description\" content=\"Zesp\u00f3\u0142 firmy KaTech posiada wszechstronne do\u015bwiadczenie oraz obszern\u0105 wiedz\u0119 na temat r\u00f3\u017cnorodnych aspekt\u00f3w produkcji \u017cywno\u015bci. To dzi\u0119ki nim jeste\u015bmy w stanie pomaga\u0107 Pa\u0144stwu w\u00a0osi\u0105gni\u0119ciu sukcesu zar\u00f3wno na polu technologicznym, jak i\u00a0handlowym. Zawsze poszukujemy rozwi\u0105za\u0144, kt\u00f3re s\u0105 najlepiej dostosowane do specyficznych &hellip; Czytaj dalej &rarr;\" \/>\n<meta property=\"og:url\" content=\"https:\/\/katech-solutions.com\/pl\/nasz-zespol\/\" \/>\n<meta property=\"og:site_name\" content=\"KaTech\" \/>\n<meta property=\"article:modified_time\" content=\"2021-02-09T14:11:57+00:00\" \/>\n<meta name=\"twitter:label1\" content=\"Szacowany czas czytania\" \/>\n\t<meta name=\"twitter:data1\" content=\"1 minuta\" \/>\n<script type=\"application\/ld+json\" class=\"yoast-schema-graph\">{\"@context\":\"https:\/\/schema.org\",\"@graph\":[{\"@type\":\"WebPage\",\"@id\":\"https:\/\/katech-solutions.com\/pl\/nasz-zespol\/\",\"url\":\"https:\/\/katech-solutions.com\/pl\/nasz-zespol\/\",\"name\":\"Nasz zesp\u00f3\u0142 |\",\"isPartOf\":{\"@id\":\"https:\/\/katech-solutions.com\/#website\"},\"datePublished\":\"2016-08-04T15:08:25+00:00\",\"dateModified\":\"2021-02-09T14:11:57+00:00\",\"inLanguage\":\"pl-PL\",\"potentialAction\":[{\"@type\":\"ReadAction\",\"target\":[\"https:\/\/katech-solutions.com\/pl\/nasz-zespol\/\"]}]},{\"@type\":\"WebSite\",\"@id\":\"https:\/\/katech-solutions.com\/#website\",\"url\":\"https:\/\/katech-solutions.com\/\",\"name\":\"KaTech\",\"description\":\"\",\"potentialAction\":[{\"@type\":\"SearchAction\",\"target\":{\"@type\":\"EntryPoint\",\"urlTemplate\":\"https:\/\/katech-solutions.com\/?s={search_term_string}\"},\"query-input\":{\"@type\":\"PropertyValueSpecification\",\"valueRequired\":true,\"valueName\":\"search_term_string\"}}],\"inLanguage\":\"pl-PL\"}]}<\/script>\n<!-- \/ Yoast SEO plugin. -->","yoast_head_json":{"title":"Nasz zesp\u00f3\u0142 |","robots":{"index":"index","follow":"follow","max-snippet":"max-snippet:-1","max-image-preview":"max-image-preview:large","max-video-preview":"max-video-preview:-1"},"canonical":"https:\/\/katech-solutions.com\/pl\/nasz-zespol\/","og_locale":"pl_PL","og_type":"article","og_title":"Nasz zesp\u00f3\u0142 |","og_description":"Zesp\u00f3\u0142 firmy KaTech posiada wszechstronne do\u015bwiadczenie oraz obszern\u0105 wiedz\u0119 na temat r\u00f3\u017cnorodnych aspekt\u00f3w produkcji \u017cywno\u015bci. To dzi\u0119ki nim jeste\u015bmy w stanie pomaga\u0107 Pa\u0144stwu w\u00a0osi\u0105gni\u0119ciu sukcesu zar\u00f3wno na polu technologicznym, jak i\u00a0handlowym. Zawsze poszukujemy rozwi\u0105za\u0144, kt\u00f3re s\u0105 najlepiej dostosowane do specyficznych &hellip; Czytaj dalej &rarr;","og_url":"https:\/\/katech-solutions.com\/pl\/nasz-zespol\/","og_site_name":"KaTech","article_modified_time":"2021-02-09T14:11:57+00:00","twitter_misc":{"Szacowany czas czytania":"1 minuta"},"schema":{"@context":"https:\/\/schema.org","@graph":[{"@type":"WebPage","@id":"https:\/\/katech-solutions.com\/pl\/nasz-zespol\/","url":"https:\/\/katech-solutions.com\/pl\/nasz-zespol\/","name":"Nasz zesp\u00f3\u0142 |","isPartOf":{"@id":"https:\/\/katech-solutions.com\/#website"},"datePublished":"2016-08-04T15:08:25+00:00","dateModified":"2021-02-09T14:11:57+00:00","inLanguage":"pl-PL","potentialAction":[{"@type":"ReadAction","target":["https:\/\/katech-solutions.com\/pl\/nasz-zespol\/"]}]},{"@type":"WebSite","@id":"https:\/\/katech-solutions.com\/#website","url":"https:\/\/katech-solutions.com\/","name":"KaTech","description":"","potentialAction":[{"@type":"SearchAction","target":{"@type":"EntryPoint","urlTemplate":"https:\/\/katech-solutions.com\/?s={search_term_string}"},"query-input":{"@type":"PropertyValueSpecification","valueRequired":true,"valueName":"search_term_string"}}],"inLanguage":"pl-PL"}]}},"_links":{"self":[{"href":"https:\/\/katech-solutions.com\/pl\/wp-json\/wp\/v2\/pages\/7267","targetHints":{"allow":["GET"]}}],"collection":[{"href":"https:\/\/katech-solutions.com\/pl\/wp-json\/wp\/v2\/pages"}],"about":[{"href":"https:\/\/katech-solutions.com\/pl\/wp-json\/wp\/v2\/types\/page"}],"author":[{"embeddable":true,"href":"https:\/\/katech-solutions.com\/pl\/wp-json\/wp\/v2\/users\/28"}],"replies":[{"embeddable":true,"href":"https:\/\/katech-solutions.com\/pl\/wp-json\/wp\/v2\/comments?post=7267"}],"version-history":[{"count":7,"href":"https:\/\/katech-solutions.com\/pl\/wp-json\/wp\/v2\/pages\/7267\/revisions"}],"predecessor-version":[{"id":10957,"href":"https:\/\/katech-solutions.com\/pl\/wp-json\/wp\/v2\/pages\/7267\/revisions\/10957"}],"wp:attachment":[{"href":"https:\/\/katech-solutions.com\/pl\/wp-json\/wp\/v2\/media?parent=7267"}],"curies":[{"name":"wp","href":"https:\/\/api.w.org\/{rel}","templated":true}]}}