{"id":7262,"date":"2016-08-04T15:05:00","date_gmt":"2016-08-04T15:05:00","guid":{"rendered":"https:\/\/www.khpartner.com\/pl\/?page_id=7262"},"modified":"2020-02-25T15:26:30","modified_gmt":"2020-02-25T15:26:30","slug":"nowe-produkty","status":"publish","type":"page","link":"https:\/\/katech-solutions.com\/pl\/nowe-produkty\/","title":{"rendered":"Nowe produkty"},"content":{"rendered":"<h2>Nowe produkty<\/h2>\n<p style=\"text-align: justify;\">W obecnych czasach dobre produkty s\u0105 si\u0142\u0105 nap\u0119dow\u0105 firm\u00a0produkuj\u0105cych \u017cywno\u015b\u0107. Jednak\u017ce, tylko niekt\u00f3re produkty s\u0105 bezkonkurencyjne i niewra\u017cliwe na ataki konkurencji. Wi\u0119kszo\u015b\u0107 firm musi ci\u0105gle\u00a0rozwija\u0107 swoj\u0105 ofert\u0119, by zachowa\u0107 konkurencyjno\u015b\u0107, czy te\u017c wej\u015b\u0107 na nowe rynki. Dla naszej firmy \u201enowe produkty\u201d oznaczaj\u0105 zar\u00f3wno \u201enowe produkty w\u00a0Pa\u0144stwa asortymencie\u201d lub\u00a0\u201enowatorskie rozwi\u0105zania dla konkretnego\u00a0produktu lub wybranej marki\u201d.<\/p>\n<p style=\"text-align: justify;\">Umiej\u0119tno\u015b\u0107 szybkiego i skutecznego wprowadzenia na rynek nowego produktu mo\u017ce mie\u0107 kluczowe znaczenie dla zachowania wysokiego udzia\u0142u w rynku przez d\u0142u\u017cszy okres czasu. Doskonale rozumiemy ka\u017cdy etap i element rozwoju nowych produkt\u00f3w i mo\u017cemy pom\u00f3c wprowadzi\u0107 je na rynek z\u00a0powodzeniem.<\/p>\n<p style=\"text-align: justify;\">Je\u015bli pragn\u0105 Pa\u0144stwo stworzy\u0107 i wprowadzi\u0107 na rynek nowy produkt, prosimy o kontakt, a my z przyjemno\u015bci\u0105 pomo\u017cemy w\u00a0tym przedsi\u0119wzi\u0119ciu.<\/p>\n","protected":false},"excerpt":{"rendered":"<p>Nowe produkty W obecnych czasach dobre produkty s\u0105 si\u0142\u0105 nap\u0119dow\u0105 firm\u00a0produkuj\u0105cych \u017cywno\u015b\u0107. Jednak\u017ce, tylko niekt\u00f3re produkty s\u0105 bezkonkurencyjne i niewra\u017cliwe na ataki konkurencji. Wi\u0119kszo\u015b\u0107 firm musi ci\u0105gle\u00a0rozwija\u0107 swoj\u0105 ofert\u0119, by zachowa\u0107 konkurencyjno\u015b\u0107, czy te\u017c wej\u015b\u0107 na nowe rynki. Dla naszej &hellip; <a class=\"continue-reading\" href=\"https:\/\/katech-solutions.com\/pl\/nowe-produkty\/\">Czytaj dalej <span class=\"meta-nav\">&rarr;<\/span><\/a><\/p>\n","protected":false},"author":28,"featured_media":0,"parent":0,"menu_order":0,"comment_status":"closed","ping_status":"closed","template":"layout-content-3.php","meta":{"_acf_changed":false,"footnotes":""},"class_list":["post-7262","page","type-page","status-publish","hentry"],"acf":[],"yoast_head":"<!-- This site is optimized with the Yoast SEO plugin v27.2 - https:\/\/yoast.com\/product\/yoast-seo-wordpress\/ -->\n<title>Nowe produkty |<\/title>\n<meta name=\"robots\" content=\"index, follow, max-snippet:-1, max-image-preview:large, max-video-preview:-1\" \/>\n<link rel=\"canonical\" href=\"https:\/\/katech-solutions.com\/pl\/nowe-produkty\/\" \/>\n<meta property=\"og:locale\" content=\"pl_PL\" \/>\n<meta property=\"og:type\" content=\"article\" \/>\n<meta property=\"og:title\" content=\"Nowe produkty |\" \/>\n<meta property=\"og:description\" content=\"Nowe produkty W obecnych czasach dobre produkty s\u0105 si\u0142\u0105 nap\u0119dow\u0105 firm\u00a0produkuj\u0105cych \u017cywno\u015b\u0107. Jednak\u017ce, tylko niekt\u00f3re produkty s\u0105 bezkonkurencyjne i niewra\u017cliwe na ataki konkurencji. Wi\u0119kszo\u015b\u0107 firm musi ci\u0105gle\u00a0rozwija\u0107 swoj\u0105 ofert\u0119, by zachowa\u0107 konkurencyjno\u015b\u0107, czy te\u017c wej\u015b\u0107 na nowe rynki. Dla naszej &hellip; Czytaj dalej &rarr;\" \/>\n<meta property=\"og:url\" content=\"https:\/\/katech-solutions.com\/pl\/nowe-produkty\/\" \/>\n<meta property=\"og:site_name\" content=\"KaTech\" \/>\n<meta property=\"article:modified_time\" content=\"2020-02-25T15:26:30+00:00\" \/>\n<meta name=\"twitter:label1\" content=\"Szacowany czas czytania\" \/>\n\t<meta name=\"twitter:data1\" content=\"1 minuta\" \/>\n<script type=\"application\/ld+json\" class=\"yoast-schema-graph\">{\"@context\":\"https:\/\/schema.org\",\"@graph\":[{\"@type\":\"WebPage\",\"@id\":\"https:\/\/katech-solutions.com\/pl\/nowe-produkty\/\",\"url\":\"https:\/\/katech-solutions.com\/pl\/nowe-produkty\/\",\"name\":\"Nowe produkty |\",\"isPartOf\":{\"@id\":\"https:\/\/katech-solutions.com\/#website\"},\"datePublished\":\"2016-08-04T15:05:00+00:00\",\"dateModified\":\"2020-02-25T15:26:30+00:00\",\"inLanguage\":\"pl-PL\",\"potentialAction\":[{\"@type\":\"ReadAction\",\"target\":[\"https:\/\/katech-solutions.com\/pl\/nowe-produkty\/\"]}]},{\"@type\":\"WebSite\",\"@id\":\"https:\/\/katech-solutions.com\/#website\",\"url\":\"https:\/\/katech-solutions.com\/\",\"name\":\"KaTech\",\"description\":\"\",\"potentialAction\":[{\"@type\":\"SearchAction\",\"target\":{\"@type\":\"EntryPoint\",\"urlTemplate\":\"https:\/\/katech-solutions.com\/?s={search_term_string}\"},\"query-input\":{\"@type\":\"PropertyValueSpecification\",\"valueRequired\":true,\"valueName\":\"search_term_string\"}}],\"inLanguage\":\"pl-PL\"}]}<\/script>\n<!-- \/ Yoast SEO plugin. -->","yoast_head_json":{"title":"Nowe produkty |","robots":{"index":"index","follow":"follow","max-snippet":"max-snippet:-1","max-image-preview":"max-image-preview:large","max-video-preview":"max-video-preview:-1"},"canonical":"https:\/\/katech-solutions.com\/pl\/nowe-produkty\/","og_locale":"pl_PL","og_type":"article","og_title":"Nowe produkty |","og_description":"Nowe produkty W obecnych czasach dobre produkty s\u0105 si\u0142\u0105 nap\u0119dow\u0105 firm\u00a0produkuj\u0105cych \u017cywno\u015b\u0107. Jednak\u017ce, tylko niekt\u00f3re produkty s\u0105 bezkonkurencyjne i niewra\u017cliwe na ataki konkurencji. Wi\u0119kszo\u015b\u0107 firm musi ci\u0105gle\u00a0rozwija\u0107 swoj\u0105 ofert\u0119, by zachowa\u0107 konkurencyjno\u015b\u0107, czy te\u017c wej\u015b\u0107 na nowe rynki. Dla naszej &hellip; Czytaj dalej &rarr;","og_url":"https:\/\/katech-solutions.com\/pl\/nowe-produkty\/","og_site_name":"KaTech","article_modified_time":"2020-02-25T15:26:30+00:00","twitter_misc":{"Szacowany czas czytania":"1 minuta"},"schema":{"@context":"https:\/\/schema.org","@graph":[{"@type":"WebPage","@id":"https:\/\/katech-solutions.com\/pl\/nowe-produkty\/","url":"https:\/\/katech-solutions.com\/pl\/nowe-produkty\/","name":"Nowe produkty |","isPartOf":{"@id":"https:\/\/katech-solutions.com\/#website"},"datePublished":"2016-08-04T15:05:00+00:00","dateModified":"2020-02-25T15:26:30+00:00","inLanguage":"pl-PL","potentialAction":[{"@type":"ReadAction","target":["https:\/\/katech-solutions.com\/pl\/nowe-produkty\/"]}]},{"@type":"WebSite","@id":"https:\/\/katech-solutions.com\/#website","url":"https:\/\/katech-solutions.com\/","name":"KaTech","description":"","potentialAction":[{"@type":"SearchAction","target":{"@type":"EntryPoint","urlTemplate":"https:\/\/katech-solutions.com\/?s={search_term_string}"},"query-input":{"@type":"PropertyValueSpecification","valueRequired":true,"valueName":"search_term_string"}}],"inLanguage":"pl-PL"}]}},"_links":{"self":[{"href":"https:\/\/katech-solutions.com\/pl\/wp-json\/wp\/v2\/pages\/7262","targetHints":{"allow":["GET"]}}],"collection":[{"href":"https:\/\/katech-solutions.com\/pl\/wp-json\/wp\/v2\/pages"}],"about":[{"href":"https:\/\/katech-solutions.com\/pl\/wp-json\/wp\/v2\/types\/page"}],"author":[{"embeddable":true,"href":"https:\/\/katech-solutions.com\/pl\/wp-json\/wp\/v2\/users\/28"}],"replies":[{"embeddable":true,"href":"https:\/\/katech-solutions.com\/pl\/wp-json\/wp\/v2\/comments?post=7262"}],"version-history":[{"count":4,"href":"https:\/\/katech-solutions.com\/pl\/wp-json\/wp\/v2\/pages\/7262\/revisions"}],"predecessor-version":[{"id":10609,"href":"https:\/\/katech-solutions.com\/pl\/wp-json\/wp\/v2\/pages\/7262\/revisions\/10609"}],"wp:attachment":[{"href":"https:\/\/katech-solutions.com\/pl\/wp-json\/wp\/v2\/media?parent=7262"}],"curies":[{"name":"wp","href":"https:\/\/api.w.org\/{rel}","templated":true}]}}