{"id":7259,"date":"2016-08-04T15:03:16","date_gmt":"2016-08-04T15:03:16","guid":{"rendered":"https:\/\/www.khpartner.com\/pl\/?page_id=7259"},"modified":"2016-10-24T13:29:24","modified_gmt":"2016-10-24T13:29:24","slug":"napoje-aromatyzowane","status":"publish","type":"page","link":"https:\/\/katech-solutions.com\/pl\/napoje-mleczne\/napoje-aromatyzowane\/","title":{"rendered":"Napoje aromatyzowane"},"content":{"rendered":"<p style=\"text-align: justify;\">Mleczne napoje aromatyzowane (w tym mleko czekoladowe) to produkty sk\u0142adaj\u0105ce si\u0119 za z mleka, cukru, dodatk\u00f3w stabilizuj\u0105cych, barwnik\u00f3w, aromat\u00f3w i \/ lub kakao w proszku.<\/p>\n<p style=\"text-align: justify;\">Poddaje si\u0119 je obr\u00f3bce ESL, by zapewni\u0107 d\u0142u\u017cszy termin przydatno\u015bci do spo\u017cycia w \u0142a\u0144cuchu ch\u0142odniczym, lub te\u017c procesowi UHT, co z kolei wyd\u0142u\u017ca przydatno\u015b\u0107 w przypadku przechowywania w temperaturze pokojowej.<\/p>\n<p style=\"text-align: justify;\">Konsumenci w obecnych czasach poszukuj\u0105 zdrowych i po\u017cywnych produkt\u00f3w, kt\u00f3re s\u0105 por\u0119czne, \u0142atwe do spo\u017cycia i zawieraj\u0105 stosunkowo ma\u0142o kalorii. Napoje mleczne w r\u00f3\u017cnych smakach s\u0105 produktem, kt\u00f3ry doskonale pasuje do wymaga\u0144 wsp\u00f3\u0142czesnych konsument\u00f3w i w zwi\u0105zku z tym ich spo\u017cycie ci\u0105gle wzrasta.<\/p>\n","protected":false},"excerpt":{"rendered":"<p>Mleczne napoje aromatyzowane (w tym mleko czekoladowe) to produkty sk\u0142adaj\u0105ce si\u0119 za z mleka, cukru, dodatk\u00f3w stabilizuj\u0105cych, barwnik\u00f3w, aromat\u00f3w i \/ lub kakao w proszku. Poddaje si\u0119 je obr\u00f3bce ESL, by zapewni\u0107 d\u0142u\u017cszy termin przydatno\u015bci do spo\u017cycia w \u0142a\u0144cuchu ch\u0142odniczym, &hellip; <a class=\"continue-reading\" href=\"https:\/\/katech-solutions.com\/pl\/napoje-mleczne\/napoje-aromatyzowane\/\">Czytaj dalej <span class=\"meta-nav\">&rarr;<\/span><\/a><\/p>\n","protected":false},"author":28,"featured_media":0,"parent":7253,"menu_order":0,"comment_status":"closed","ping_status":"open","template":"","meta":{"_acf_changed":false,"footnotes":""},"class_list":["post-7259","page","type-page","status-publish","hentry"],"acf":[],"yoast_head":"<!-- This site is optimized with the Yoast SEO plugin v27.2 - https:\/\/yoast.com\/product\/yoast-seo-wordpress\/ -->\n<title>Napoje aromatyzowane |<\/title>\n<meta name=\"robots\" content=\"index, follow, max-snippet:-1, max-image-preview:large, max-video-preview:-1\" \/>\n<link rel=\"canonical\" href=\"https:\/\/katech-solutions.com\/pl\/napoje-mleczne\/napoje-aromatyzowane\/\" \/>\n<meta property=\"og:locale\" content=\"pl_PL\" \/>\n<meta property=\"og:type\" content=\"article\" \/>\n<meta property=\"og:title\" content=\"Napoje aromatyzowane |\" \/>\n<meta property=\"og:description\" content=\"Mleczne napoje aromatyzowane (w tym mleko czekoladowe) to produkty sk\u0142adaj\u0105ce si\u0119 za z mleka, cukru, dodatk\u00f3w stabilizuj\u0105cych, barwnik\u00f3w, aromat\u00f3w i \/ lub kakao w proszku. Poddaje si\u0119 je obr\u00f3bce ESL, by zapewni\u0107 d\u0142u\u017cszy termin przydatno\u015bci do spo\u017cycia w \u0142a\u0144cuchu ch\u0142odniczym, &hellip; Czytaj dalej &rarr;\" \/>\n<meta property=\"og:url\" content=\"https:\/\/katech-solutions.com\/pl\/napoje-mleczne\/napoje-aromatyzowane\/\" \/>\n<meta property=\"og:site_name\" content=\"KaTech\" \/>\n<meta property=\"article:modified_time\" content=\"2016-10-24T13:29:24+00:00\" \/>\n<meta name=\"twitter:label1\" content=\"Szacowany czas czytania\" \/>\n\t<meta name=\"twitter:data1\" content=\"1 minuta\" \/>\n<script type=\"application\/ld+json\" class=\"yoast-schema-graph\">{\"@context\":\"https:\/\/schema.org\",\"@graph\":[{\"@type\":\"WebPage\",\"@id\":\"https:\/\/katech-solutions.com\/pl\/napoje-mleczne\/napoje-aromatyzowane\/\",\"url\":\"https:\/\/katech-solutions.com\/pl\/napoje-mleczne\/napoje-aromatyzowane\/\",\"name\":\"Napoje aromatyzowane |\",\"isPartOf\":{\"@id\":\"https:\/\/katech-solutions.com\/#website\"},\"datePublished\":\"2016-08-04T15:03:16+00:00\",\"dateModified\":\"2016-10-24T13:29:24+00:00\",\"breadcrumb\":{\"@id\":\"https:\/\/katech-solutions.com\/pl\/napoje-mleczne\/napoje-aromatyzowane\/#breadcrumb\"},\"inLanguage\":\"pl-PL\",\"potentialAction\":[{\"@type\":\"ReadAction\",\"target\":[\"https:\/\/katech-solutions.com\/pl\/napoje-mleczne\/napoje-aromatyzowane\/\"]}]},{\"@type\":\"BreadcrumbList\",\"@id\":\"https:\/\/katech-solutions.com\/pl\/napoje-mleczne\/napoje-aromatyzowane\/#breadcrumb\",\"itemListElement\":[{\"@type\":\"ListItem\",\"position\":1,\"name\":\"Napoje mleczne\",\"item\":\"https:\/\/katech-solutions.com\/pl\/napoje-mleczne\/\"},{\"@type\":\"ListItem\",\"position\":2,\"name\":\"Napoje aromatyzowane\"}]},{\"@type\":\"WebSite\",\"@id\":\"https:\/\/katech-solutions.com\/#website\",\"url\":\"https:\/\/katech-solutions.com\/\",\"name\":\"KaTech\",\"description\":\"\",\"potentialAction\":[{\"@type\":\"SearchAction\",\"target\":{\"@type\":\"EntryPoint\",\"urlTemplate\":\"https:\/\/katech-solutions.com\/?s={search_term_string}\"},\"query-input\":{\"@type\":\"PropertyValueSpecification\",\"valueRequired\":true,\"valueName\":\"search_term_string\"}}],\"inLanguage\":\"pl-PL\"}]}<\/script>\n<!-- \/ Yoast SEO plugin. -->","yoast_head_json":{"title":"Napoje aromatyzowane |","robots":{"index":"index","follow":"follow","max-snippet":"max-snippet:-1","max-image-preview":"max-image-preview:large","max-video-preview":"max-video-preview:-1"},"canonical":"https:\/\/katech-solutions.com\/pl\/napoje-mleczne\/napoje-aromatyzowane\/","og_locale":"pl_PL","og_type":"article","og_title":"Napoje aromatyzowane |","og_description":"Mleczne napoje aromatyzowane (w tym mleko czekoladowe) to produkty sk\u0142adaj\u0105ce si\u0119 za z mleka, cukru, dodatk\u00f3w stabilizuj\u0105cych, barwnik\u00f3w, aromat\u00f3w i \/ lub kakao w proszku. Poddaje si\u0119 je obr\u00f3bce ESL, by zapewni\u0107 d\u0142u\u017cszy termin przydatno\u015bci do spo\u017cycia w \u0142a\u0144cuchu ch\u0142odniczym, &hellip; Czytaj dalej &rarr;","og_url":"https:\/\/katech-solutions.com\/pl\/napoje-mleczne\/napoje-aromatyzowane\/","og_site_name":"KaTech","article_modified_time":"2016-10-24T13:29:24+00:00","twitter_misc":{"Szacowany czas czytania":"1 minuta"},"schema":{"@context":"https:\/\/schema.org","@graph":[{"@type":"WebPage","@id":"https:\/\/katech-solutions.com\/pl\/napoje-mleczne\/napoje-aromatyzowane\/","url":"https:\/\/katech-solutions.com\/pl\/napoje-mleczne\/napoje-aromatyzowane\/","name":"Napoje aromatyzowane |","isPartOf":{"@id":"https:\/\/katech-solutions.com\/#website"},"datePublished":"2016-08-04T15:03:16+00:00","dateModified":"2016-10-24T13:29:24+00:00","breadcrumb":{"@id":"https:\/\/katech-solutions.com\/pl\/napoje-mleczne\/napoje-aromatyzowane\/#breadcrumb"},"inLanguage":"pl-PL","potentialAction":[{"@type":"ReadAction","target":["https:\/\/katech-solutions.com\/pl\/napoje-mleczne\/napoje-aromatyzowane\/"]}]},{"@type":"BreadcrumbList","@id":"https:\/\/katech-solutions.com\/pl\/napoje-mleczne\/napoje-aromatyzowane\/#breadcrumb","itemListElement":[{"@type":"ListItem","position":1,"name":"Napoje mleczne","item":"https:\/\/katech-solutions.com\/pl\/napoje-mleczne\/"},{"@type":"ListItem","position":2,"name":"Napoje aromatyzowane"}]},{"@type":"WebSite","@id":"https:\/\/katech-solutions.com\/#website","url":"https:\/\/katech-solutions.com\/","name":"KaTech","description":"","potentialAction":[{"@type":"SearchAction","target":{"@type":"EntryPoint","urlTemplate":"https:\/\/katech-solutions.com\/?s={search_term_string}"},"query-input":{"@type":"PropertyValueSpecification","valueRequired":true,"valueName":"search_term_string"}}],"inLanguage":"pl-PL"}]}},"_links":{"self":[{"href":"https:\/\/katech-solutions.com\/pl\/wp-json\/wp\/v2\/pages\/7259","targetHints":{"allow":["GET"]}}],"collection":[{"href":"https:\/\/katech-solutions.com\/pl\/wp-json\/wp\/v2\/pages"}],"about":[{"href":"https:\/\/katech-solutions.com\/pl\/wp-json\/wp\/v2\/types\/page"}],"author":[{"embeddable":true,"href":"https:\/\/katech-solutions.com\/pl\/wp-json\/wp\/v2\/users\/28"}],"replies":[{"embeddable":true,"href":"https:\/\/katech-solutions.com\/pl\/wp-json\/wp\/v2\/comments?post=7259"}],"version-history":[{"count":2,"href":"https:\/\/katech-solutions.com\/pl\/wp-json\/wp\/v2\/pages\/7259\/revisions"}],"predecessor-version":[{"id":7583,"href":"https:\/\/katech-solutions.com\/pl\/wp-json\/wp\/v2\/pages\/7259\/revisions\/7583"}],"up":[{"embeddable":true,"href":"https:\/\/katech-solutions.com\/pl\/wp-json\/wp\/v2\/pages\/7253"}],"wp:attachment":[{"href":"https:\/\/katech-solutions.com\/pl\/wp-json\/wp\/v2\/media?parent=7259"}],"curies":[{"name":"wp","href":"https:\/\/api.w.org\/{rel}","templated":true}]}}