{"id":7257,"date":"2016-08-04T15:02:17","date_gmt":"2016-08-04T15:02:17","guid":{"rendered":"https:\/\/www.khpartner.com\/pl\/?page_id=7257"},"modified":"2017-11-03T10:21:40","modified_gmt":"2017-11-03T10:21:40","slug":"napoje-bezmleczne","status":"publish","type":"page","link":"https:\/\/katech-solutions.com\/pl\/napoje-mleczne\/napoje-bezmleczne\/","title":{"rendered":"Napoje bezmleczne"},"content":{"rendered":"<p style=\"text-align: justify;\">Napoje bezmleczne (lub produkty mleczne bez laktozy) zosta\u0142y opracowane w celu zaspokojenia wymaga\u0144 os\u00f3b z nietolerancj\u0105 laktozy oraz dla wegan. Szacuje si\u0119, \u017ce w Europie obecnie 5-10% doros\u0142ych ma nietolerancj\u0119 laktozy.<\/p>\n<p style=\"text-align: justify;\">W zwi\u0105zku z powy\u017cszym na rynku pojawia si\u0119 coraz wi\u0119cej alternatywnych produkt\u00f3w opartych na soi, ry\u017cu, owsie, czy migda\u0142ach. Dzi\u0119ki temu konsumenci b\u0119d\u0105cy na diecie wega\u0144skiej lub maj\u0105cy nietolerancj\u0119 laktozy mog\u0105 cieszy\u0107 si\u0119 z produkt\u00f3w spe\u0142niaj\u0105cych ich potrzeby.<\/p>\n","protected":false},"excerpt":{"rendered":"<p>Napoje bezmleczne (lub produkty mleczne bez laktozy) zosta\u0142y opracowane w celu zaspokojenia wymaga\u0144 os\u00f3b z nietolerancj\u0105 laktozy oraz dla wegan. Szacuje si\u0119, \u017ce w Europie obecnie 5-10% doros\u0142ych ma nietolerancj\u0119 laktozy. W zwi\u0105zku z powy\u017cszym na rynku pojawia si\u0119 coraz &hellip; <a class=\"continue-reading\" href=\"https:\/\/katech-solutions.com\/pl\/napoje-mleczne\/napoje-bezmleczne\/\">Czytaj dalej <span class=\"meta-nav\">&rarr;<\/span><\/a><\/p>\n","protected":false},"author":28,"featured_media":0,"parent":7253,"menu_order":0,"comment_status":"closed","ping_status":"open","template":"","meta":{"_acf_changed":false,"footnotes":""},"class_list":["post-7257","page","type-page","status-publish","hentry"],"acf":[],"yoast_head":"<!-- This site is optimized with the Yoast SEO plugin v27.2 - https:\/\/yoast.com\/product\/yoast-seo-wordpress\/ -->\n<title>Napoje bezmleczne |<\/title>\n<meta name=\"robots\" content=\"index, follow, max-snippet:-1, max-image-preview:large, max-video-preview:-1\" \/>\n<link rel=\"canonical\" href=\"https:\/\/katech-solutions.com\/pl\/napoje-mleczne\/napoje-bezmleczne\/\" \/>\n<meta property=\"og:locale\" content=\"pl_PL\" \/>\n<meta property=\"og:type\" content=\"article\" \/>\n<meta property=\"og:title\" content=\"Napoje bezmleczne |\" \/>\n<meta property=\"og:description\" content=\"Napoje bezmleczne (lub produkty mleczne bez laktozy) zosta\u0142y opracowane w celu zaspokojenia wymaga\u0144 os\u00f3b z nietolerancj\u0105 laktozy oraz dla wegan. Szacuje si\u0119, \u017ce w Europie obecnie 5-10% doros\u0142ych ma nietolerancj\u0119 laktozy. W zwi\u0105zku z powy\u017cszym na rynku pojawia si\u0119 coraz &hellip; Czytaj dalej &rarr;\" \/>\n<meta property=\"og:url\" content=\"https:\/\/katech-solutions.com\/pl\/napoje-mleczne\/napoje-bezmleczne\/\" \/>\n<meta property=\"og:site_name\" content=\"KaTech\" \/>\n<meta property=\"article:modified_time\" content=\"2017-11-03T10:21:40+00:00\" \/>\n<script type=\"application\/ld+json\" class=\"yoast-schema-graph\">{\"@context\":\"https:\/\/schema.org\",\"@graph\":[{\"@type\":\"WebPage\",\"@id\":\"https:\/\/katech-solutions.com\/pl\/napoje-mleczne\/napoje-bezmleczne\/\",\"url\":\"https:\/\/katech-solutions.com\/pl\/napoje-mleczne\/napoje-bezmleczne\/\",\"name\":\"Napoje bezmleczne |\",\"isPartOf\":{\"@id\":\"https:\/\/katech-solutions.com\/#website\"},\"datePublished\":\"2016-08-04T15:02:17+00:00\",\"dateModified\":\"2017-11-03T10:21:40+00:00\",\"breadcrumb\":{\"@id\":\"https:\/\/katech-solutions.com\/pl\/napoje-mleczne\/napoje-bezmleczne\/#breadcrumb\"},\"inLanguage\":\"pl-PL\",\"potentialAction\":[{\"@type\":\"ReadAction\",\"target\":[\"https:\/\/katech-solutions.com\/pl\/napoje-mleczne\/napoje-bezmleczne\/\"]}]},{\"@type\":\"BreadcrumbList\",\"@id\":\"https:\/\/katech-solutions.com\/pl\/napoje-mleczne\/napoje-bezmleczne\/#breadcrumb\",\"itemListElement\":[{\"@type\":\"ListItem\",\"position\":1,\"name\":\"Napoje mleczne\",\"item\":\"https:\/\/katech-solutions.com\/pl\/napoje-mleczne\/\"},{\"@type\":\"ListItem\",\"position\":2,\"name\":\"Napoje bezmleczne\"}]},{\"@type\":\"WebSite\",\"@id\":\"https:\/\/katech-solutions.com\/#website\",\"url\":\"https:\/\/katech-solutions.com\/\",\"name\":\"KaTech\",\"description\":\"\",\"potentialAction\":[{\"@type\":\"SearchAction\",\"target\":{\"@type\":\"EntryPoint\",\"urlTemplate\":\"https:\/\/katech-solutions.com\/?s={search_term_string}\"},\"query-input\":{\"@type\":\"PropertyValueSpecification\",\"valueRequired\":true,\"valueName\":\"search_term_string\"}}],\"inLanguage\":\"pl-PL\"}]}<\/script>\n<!-- \/ Yoast SEO plugin. -->","yoast_head_json":{"title":"Napoje bezmleczne |","robots":{"index":"index","follow":"follow","max-snippet":"max-snippet:-1","max-image-preview":"max-image-preview:large","max-video-preview":"max-video-preview:-1"},"canonical":"https:\/\/katech-solutions.com\/pl\/napoje-mleczne\/napoje-bezmleczne\/","og_locale":"pl_PL","og_type":"article","og_title":"Napoje bezmleczne |","og_description":"Napoje bezmleczne (lub produkty mleczne bez laktozy) zosta\u0142y opracowane w celu zaspokojenia wymaga\u0144 os\u00f3b z nietolerancj\u0105 laktozy oraz dla wegan. Szacuje si\u0119, \u017ce w Europie obecnie 5-10% doros\u0142ych ma nietolerancj\u0119 laktozy. W zwi\u0105zku z powy\u017cszym na rynku pojawia si\u0119 coraz &hellip; Czytaj dalej &rarr;","og_url":"https:\/\/katech-solutions.com\/pl\/napoje-mleczne\/napoje-bezmleczne\/","og_site_name":"KaTech","article_modified_time":"2017-11-03T10:21:40+00:00","schema":{"@context":"https:\/\/schema.org","@graph":[{"@type":"WebPage","@id":"https:\/\/katech-solutions.com\/pl\/napoje-mleczne\/napoje-bezmleczne\/","url":"https:\/\/katech-solutions.com\/pl\/napoje-mleczne\/napoje-bezmleczne\/","name":"Napoje bezmleczne |","isPartOf":{"@id":"https:\/\/katech-solutions.com\/#website"},"datePublished":"2016-08-04T15:02:17+00:00","dateModified":"2017-11-03T10:21:40+00:00","breadcrumb":{"@id":"https:\/\/katech-solutions.com\/pl\/napoje-mleczne\/napoje-bezmleczne\/#breadcrumb"},"inLanguage":"pl-PL","potentialAction":[{"@type":"ReadAction","target":["https:\/\/katech-solutions.com\/pl\/napoje-mleczne\/napoje-bezmleczne\/"]}]},{"@type":"BreadcrumbList","@id":"https:\/\/katech-solutions.com\/pl\/napoje-mleczne\/napoje-bezmleczne\/#breadcrumb","itemListElement":[{"@type":"ListItem","position":1,"name":"Napoje mleczne","item":"https:\/\/katech-solutions.com\/pl\/napoje-mleczne\/"},{"@type":"ListItem","position":2,"name":"Napoje bezmleczne"}]},{"@type":"WebSite","@id":"https:\/\/katech-solutions.com\/#website","url":"https:\/\/katech-solutions.com\/","name":"KaTech","description":"","potentialAction":[{"@type":"SearchAction","target":{"@type":"EntryPoint","urlTemplate":"https:\/\/katech-solutions.com\/?s={search_term_string}"},"query-input":{"@type":"PropertyValueSpecification","valueRequired":true,"valueName":"search_term_string"}}],"inLanguage":"pl-PL"}]}},"_links":{"self":[{"href":"https:\/\/katech-solutions.com\/pl\/wp-json\/wp\/v2\/pages\/7257","targetHints":{"allow":["GET"]}}],"collection":[{"href":"https:\/\/katech-solutions.com\/pl\/wp-json\/wp\/v2\/pages"}],"about":[{"href":"https:\/\/katech-solutions.com\/pl\/wp-json\/wp\/v2\/types\/page"}],"author":[{"embeddable":true,"href":"https:\/\/katech-solutions.com\/pl\/wp-json\/wp\/v2\/users\/28"}],"replies":[{"embeddable":true,"href":"https:\/\/katech-solutions.com\/pl\/wp-json\/wp\/v2\/comments?post=7257"}],"version-history":[{"count":3,"href":"https:\/\/katech-solutions.com\/pl\/wp-json\/wp\/v2\/pages\/7257\/revisions"}],"predecessor-version":[{"id":8541,"href":"https:\/\/katech-solutions.com\/pl\/wp-json\/wp\/v2\/pages\/7257\/revisions\/8541"}],"up":[{"embeddable":true,"href":"https:\/\/katech-solutions.com\/pl\/wp-json\/wp\/v2\/pages\/7253"}],"wp:attachment":[{"href":"https:\/\/katech-solutions.com\/pl\/wp-json\/wp\/v2\/media?parent=7257"}],"curies":[{"name":"wp","href":"https:\/\/api.w.org\/{rel}","templated":true}]}}