{"id":7255,"date":"2016-08-04T15:00:41","date_gmt":"2016-08-04T15:00:41","guid":{"rendered":"https:\/\/www.khpartner.com\/pl\/?page_id=7255"},"modified":"2016-10-24T13:49:42","modified_gmt":"2016-10-24T13:49:42","slug":"napoje-ukwaszone","status":"publish","type":"page","link":"https:\/\/katech-solutions.com\/pl\/napoje-mleczne\/napoje-ukwaszone\/","title":{"rendered":"Napoje ukwaszone"},"content":{"rendered":"<p style=\"text-align: justify;\">Mleczne napoje ukwaszone to orze\u017awiaj\u0105ce produkty na bazie jogurtu, mleka, serwatki lub ma\u015blanki. Charakteryzuje je niska lepko\u015b\u0107, niewielka ilo\u015b\u0107 t\u0142uszczu oraz niska warto\u015b\u0107 pH zwi\u0105zana z\u00a0zawarto\u015bci\u0105 owoc\u00f3w w r\u00f3\u017cnej postaci\u00a0(lub kwasku cytrynowego). W ostatnich latach produkty te bardzo zyska\u0142y na popularno\u015bci, a ich wizerunek w\u015br\u00f3d konsument\u00f3w jest bardzo pozytywny. Na taki wizerunek wp\u0142yw ma fakt, i\u017c \u0142\u0105cz\u0105 w sobie najwi\u0119ksze zalety produkt\u00f3w mleczarskich i owoc\u00f3w.<\/p>\n<p style=\"text-align: justify;\">Co najbardziej istotne, napoje mleczne o kwa\u015bnym pH doskonale pasuj\u0105 do stylu \u017cycia konsument\u00f3w w obecnych czasach: s\u0105 por\u0119czne, bardzo po\u017cywne, \u0142atwe do spo\u017cycia i zawieraj\u0105 stosunkowo ma\u0142o kalorii. Opr\u00f3cz tego s\u0105 zdrowe i lekkostrawne.<\/p>\n","protected":false},"excerpt":{"rendered":"<p>Mleczne napoje ukwaszone to orze\u017awiaj\u0105ce produkty na bazie jogurtu, mleka, serwatki lub ma\u015blanki. Charakteryzuje je niska lepko\u015b\u0107, niewielka ilo\u015b\u0107 t\u0142uszczu oraz niska warto\u015b\u0107 pH zwi\u0105zana z\u00a0zawarto\u015bci\u0105 owoc\u00f3w w r\u00f3\u017cnej postaci\u00a0(lub kwasku cytrynowego). W ostatnich latach produkty te bardzo zyska\u0142y na &hellip; <a class=\"continue-reading\" href=\"https:\/\/katech-solutions.com\/pl\/napoje-mleczne\/napoje-ukwaszone\/\">Czytaj dalej <span class=\"meta-nav\">&rarr;<\/span><\/a><\/p>\n","protected":false},"author":28,"featured_media":0,"parent":7253,"menu_order":0,"comment_status":"closed","ping_status":"open","template":"","meta":{"_acf_changed":false,"footnotes":""},"class_list":["post-7255","page","type-page","status-publish","hentry"],"acf":[],"yoast_head":"<!-- This site is optimized with the Yoast SEO plugin v27.2 - https:\/\/yoast.com\/product\/yoast-seo-wordpress\/ -->\n<title>Napoje ukwaszone |<\/title>\n<meta name=\"robots\" content=\"index, follow, max-snippet:-1, max-image-preview:large, max-video-preview:-1\" \/>\n<link rel=\"canonical\" href=\"https:\/\/katech-solutions.com\/pl\/napoje-mleczne\/napoje-ukwaszone\/\" \/>\n<meta property=\"og:locale\" content=\"pl_PL\" \/>\n<meta property=\"og:type\" content=\"article\" \/>\n<meta property=\"og:title\" content=\"Napoje ukwaszone |\" \/>\n<meta property=\"og:description\" content=\"Mleczne napoje ukwaszone to orze\u017awiaj\u0105ce produkty na bazie jogurtu, mleka, serwatki lub ma\u015blanki. Charakteryzuje je niska lepko\u015b\u0107, niewielka ilo\u015b\u0107 t\u0142uszczu oraz niska warto\u015b\u0107 pH zwi\u0105zana z\u00a0zawarto\u015bci\u0105 owoc\u00f3w w r\u00f3\u017cnej postaci\u00a0(lub kwasku cytrynowego). W ostatnich latach produkty te bardzo zyska\u0142y na &hellip; Czytaj dalej &rarr;\" \/>\n<meta property=\"og:url\" content=\"https:\/\/katech-solutions.com\/pl\/napoje-mleczne\/napoje-ukwaszone\/\" \/>\n<meta property=\"og:site_name\" content=\"KaTech\" \/>\n<meta property=\"article:modified_time\" content=\"2016-10-24T13:49:42+00:00\" \/>\n<meta name=\"twitter:label1\" content=\"Szacowany czas czytania\" \/>\n\t<meta name=\"twitter:data1\" content=\"1 minuta\" \/>\n<script type=\"application\/ld+json\" class=\"yoast-schema-graph\">{\"@context\":\"https:\/\/schema.org\",\"@graph\":[{\"@type\":\"WebPage\",\"@id\":\"https:\/\/katech-solutions.com\/pl\/napoje-mleczne\/napoje-ukwaszone\/\",\"url\":\"https:\/\/katech-solutions.com\/pl\/napoje-mleczne\/napoje-ukwaszone\/\",\"name\":\"Napoje ukwaszone |\",\"isPartOf\":{\"@id\":\"https:\/\/katech-solutions.com\/#website\"},\"datePublished\":\"2016-08-04T15:00:41+00:00\",\"dateModified\":\"2016-10-24T13:49:42+00:00\",\"breadcrumb\":{\"@id\":\"https:\/\/katech-solutions.com\/pl\/napoje-mleczne\/napoje-ukwaszone\/#breadcrumb\"},\"inLanguage\":\"pl-PL\",\"potentialAction\":[{\"@type\":\"ReadAction\",\"target\":[\"https:\/\/katech-solutions.com\/pl\/napoje-mleczne\/napoje-ukwaszone\/\"]}]},{\"@type\":\"BreadcrumbList\",\"@id\":\"https:\/\/katech-solutions.com\/pl\/napoje-mleczne\/napoje-ukwaszone\/#breadcrumb\",\"itemListElement\":[{\"@type\":\"ListItem\",\"position\":1,\"name\":\"Napoje mleczne\",\"item\":\"https:\/\/katech-solutions.com\/pl\/napoje-mleczne\/\"},{\"@type\":\"ListItem\",\"position\":2,\"name\":\"Napoje ukwaszone\"}]},{\"@type\":\"WebSite\",\"@id\":\"https:\/\/katech-solutions.com\/#website\",\"url\":\"https:\/\/katech-solutions.com\/\",\"name\":\"KaTech\",\"description\":\"\",\"potentialAction\":[{\"@type\":\"SearchAction\",\"target\":{\"@type\":\"EntryPoint\",\"urlTemplate\":\"https:\/\/katech-solutions.com\/?s={search_term_string}\"},\"query-input\":{\"@type\":\"PropertyValueSpecification\",\"valueRequired\":true,\"valueName\":\"search_term_string\"}}],\"inLanguage\":\"pl-PL\"}]}<\/script>\n<!-- \/ Yoast SEO plugin. -->","yoast_head_json":{"title":"Napoje ukwaszone |","robots":{"index":"index","follow":"follow","max-snippet":"max-snippet:-1","max-image-preview":"max-image-preview:large","max-video-preview":"max-video-preview:-1"},"canonical":"https:\/\/katech-solutions.com\/pl\/napoje-mleczne\/napoje-ukwaszone\/","og_locale":"pl_PL","og_type":"article","og_title":"Napoje ukwaszone |","og_description":"Mleczne napoje ukwaszone to orze\u017awiaj\u0105ce produkty na bazie jogurtu, mleka, serwatki lub ma\u015blanki. Charakteryzuje je niska lepko\u015b\u0107, niewielka ilo\u015b\u0107 t\u0142uszczu oraz niska warto\u015b\u0107 pH zwi\u0105zana z\u00a0zawarto\u015bci\u0105 owoc\u00f3w w r\u00f3\u017cnej postaci\u00a0(lub kwasku cytrynowego). W ostatnich latach produkty te bardzo zyska\u0142y na &hellip; Czytaj dalej &rarr;","og_url":"https:\/\/katech-solutions.com\/pl\/napoje-mleczne\/napoje-ukwaszone\/","og_site_name":"KaTech","article_modified_time":"2016-10-24T13:49:42+00:00","twitter_misc":{"Szacowany czas czytania":"1 minuta"},"schema":{"@context":"https:\/\/schema.org","@graph":[{"@type":"WebPage","@id":"https:\/\/katech-solutions.com\/pl\/napoje-mleczne\/napoje-ukwaszone\/","url":"https:\/\/katech-solutions.com\/pl\/napoje-mleczne\/napoje-ukwaszone\/","name":"Napoje ukwaszone |","isPartOf":{"@id":"https:\/\/katech-solutions.com\/#website"},"datePublished":"2016-08-04T15:00:41+00:00","dateModified":"2016-10-24T13:49:42+00:00","breadcrumb":{"@id":"https:\/\/katech-solutions.com\/pl\/napoje-mleczne\/napoje-ukwaszone\/#breadcrumb"},"inLanguage":"pl-PL","potentialAction":[{"@type":"ReadAction","target":["https:\/\/katech-solutions.com\/pl\/napoje-mleczne\/napoje-ukwaszone\/"]}]},{"@type":"BreadcrumbList","@id":"https:\/\/katech-solutions.com\/pl\/napoje-mleczne\/napoje-ukwaszone\/#breadcrumb","itemListElement":[{"@type":"ListItem","position":1,"name":"Napoje mleczne","item":"https:\/\/katech-solutions.com\/pl\/napoje-mleczne\/"},{"@type":"ListItem","position":2,"name":"Napoje ukwaszone"}]},{"@type":"WebSite","@id":"https:\/\/katech-solutions.com\/#website","url":"https:\/\/katech-solutions.com\/","name":"KaTech","description":"","potentialAction":[{"@type":"SearchAction","target":{"@type":"EntryPoint","urlTemplate":"https:\/\/katech-solutions.com\/?s={search_term_string}"},"query-input":{"@type":"PropertyValueSpecification","valueRequired":true,"valueName":"search_term_string"}}],"inLanguage":"pl-PL"}]}},"_links":{"self":[{"href":"https:\/\/katech-solutions.com\/pl\/wp-json\/wp\/v2\/pages\/7255","targetHints":{"allow":["GET"]}}],"collection":[{"href":"https:\/\/katech-solutions.com\/pl\/wp-json\/wp\/v2\/pages"}],"about":[{"href":"https:\/\/katech-solutions.com\/pl\/wp-json\/wp\/v2\/types\/page"}],"author":[{"embeddable":true,"href":"https:\/\/katech-solutions.com\/pl\/wp-json\/wp\/v2\/users\/28"}],"replies":[{"embeddable":true,"href":"https:\/\/katech-solutions.com\/pl\/wp-json\/wp\/v2\/comments?post=7255"}],"version-history":[{"count":2,"href":"https:\/\/katech-solutions.com\/pl\/wp-json\/wp\/v2\/pages\/7255\/revisions"}],"predecessor-version":[{"id":7591,"href":"https:\/\/katech-solutions.com\/pl\/wp-json\/wp\/v2\/pages\/7255\/revisions\/7591"}],"up":[{"embeddable":true,"href":"https:\/\/katech-solutions.com\/pl\/wp-json\/wp\/v2\/pages\/7253"}],"wp:attachment":[{"href":"https:\/\/katech-solutions.com\/pl\/wp-json\/wp\/v2\/media?parent=7255"}],"curies":[{"name":"wp","href":"https:\/\/api.w.org\/{rel}","templated":true}]}}