{"id":7253,"date":"2016-08-04T14:59:05","date_gmt":"2016-08-04T14:59:05","guid":{"rendered":"https:\/\/www.khpartner.com\/pl\/?page_id=7253"},"modified":"2017-08-24T16:22:27","modified_gmt":"2017-08-24T16:22:27","slug":"napoje-mleczne","status":"publish","type":"page","link":"https:\/\/katech-solutions.com\/pl\/napoje-mleczne\/","title":{"rendered":"Napoje mleczne"},"content":{"rendered":"<h2 style=\"text-align: justify;\">Napoje mleczne<\/h2>\n<p style=\"text-align: justify;\">Napoje mleczne staj\u0105 si\u0119 coraz bardziej popularnym produktem w\u015br\u00f3d dzieci i doros\u0142ych. Na rynku dost\u0119pna jest szeroka gama smak\u00f3w (jak np. czekoladowy, kakaowy, owocowy), a nawet wyroby sezonowe. Poza tym, producenci czekolady cz\u0119sto poszerzaj\u0105 sw\u00f3j asortyment o napoje mleczne. Produkty tego typu s\u0105 ch\u0119tnie wybierane przez rodzic\u00f3w, poniewa\u017c stanowi\u0105 zdrowsz\u0105 alternatyw\u0119 dla napoj\u00f3w musuj\u0105cych i dostarczaj\u0105 dzieciom wielu sk\u0142adnik\u00f3w od\u017cywczych (takich jak wap\u0144, czy witaminy), kt\u00f3re s\u0105 niezb\u0119dne do prawid\u0142owego rozwoju.<\/p>\n<p style=\"text-align: justify;\">Z my\u015bl\u0105 o dzieciach, przygotowuje si\u0119 napoje o s\u0142odszym smaku i kolorowym opakowaniu. Orze\u017awiaj\u0105ce napoje dodatkowo wzbogacone w witaminy lub sk\u0142adniki mineralne przeznaczone s\u0105 natomiast dla doros\u0142ych i stanowi\u0105 one zdrow\u0105 alternatyw\u0119 dla innych napoj\u00f3w bezalkoholowych.<\/p>\n<p style=\"text-align: justify;\">Poza szerok\u0105 gam\u0105 dost\u0119pnych smak\u00f3w, napoje mleczne to tak\u017ce kilka wariant\u00f3w produkt\u00f3w, takich jak napoje aromatyzowane, shake\u2019i, napoje ukwaszone, napoje bezlaktozowe. Dost\u0119pne s\u0105 tak\u017ce napoje bezmleczne na bazie mleczka ro\u015blinnego.<\/p>\n<p>Klikaj\u0105c na produkty w naszej ch\u0142odni, poznaj\u0105 Pa\u0144stwo bli\u017cej systemy stabilizuj\u0105ce do produkt\u00f3w r\u00f3\u017cnych typ\u00f3w.<\/p>\n","protected":false},"excerpt":{"rendered":"<p>Napoje mleczne Napoje mleczne staj\u0105 si\u0119 coraz bardziej popularnym produktem w\u015br\u00f3d dzieci i doros\u0142ych. Na rynku dost\u0119pna jest szeroka gama smak\u00f3w (jak np. czekoladowy, kakaowy, owocowy), a nawet wyroby sezonowe. Poza tym, producenci czekolady cz\u0119sto poszerzaj\u0105 sw\u00f3j asortyment o napoje &hellip; <a class=\"continue-reading\" href=\"https:\/\/katech-solutions.com\/pl\/napoje-mleczne\/\">Czytaj dalej <span class=\"meta-nav\">&rarr;<\/span><\/a><\/p>\n","protected":false},"author":28,"featured_media":0,"parent":0,"menu_order":0,"comment_status":"closed","ping_status":"open","template":"layout-content-3.php","meta":{"_acf_changed":false,"footnotes":""},"class_list":["post-7253","page","type-page","status-publish","hentry"],"acf":[],"yoast_head":"<!-- This site is optimized with the Yoast SEO plugin v27.2 - https:\/\/yoast.com\/product\/yoast-seo-wordpress\/ -->\n<title>Napoje mleczne |<\/title>\n<meta name=\"robots\" content=\"index, follow, max-snippet:-1, max-image-preview:large, max-video-preview:-1\" \/>\n<link rel=\"canonical\" href=\"https:\/\/katech-solutions.com\/pl\/napoje-mleczne\/\" \/>\n<meta property=\"og:locale\" content=\"pl_PL\" \/>\n<meta property=\"og:type\" content=\"article\" \/>\n<meta property=\"og:title\" content=\"Napoje mleczne |\" \/>\n<meta property=\"og:description\" content=\"Napoje mleczne Napoje mleczne staj\u0105 si\u0119 coraz bardziej popularnym produktem w\u015br\u00f3d dzieci i doros\u0142ych. Na rynku dost\u0119pna jest szeroka gama smak\u00f3w (jak np. czekoladowy, kakaowy, owocowy), a nawet wyroby sezonowe. Poza tym, producenci czekolady cz\u0119sto poszerzaj\u0105 sw\u00f3j asortyment o napoje &hellip; Czytaj dalej &rarr;\" \/>\n<meta property=\"og:url\" content=\"https:\/\/katech-solutions.com\/pl\/napoje-mleczne\/\" \/>\n<meta property=\"og:site_name\" content=\"KaTech\" \/>\n<meta property=\"article:modified_time\" content=\"2017-08-24T16:22:27+00:00\" \/>\n<meta name=\"twitter:label1\" content=\"Szacowany czas czytania\" \/>\n\t<meta name=\"twitter:data1\" content=\"1 minuta\" \/>\n<script type=\"application\/ld+json\" class=\"yoast-schema-graph\">{\"@context\":\"https:\/\/schema.org\",\"@graph\":[{\"@type\":\"WebPage\",\"@id\":\"https:\/\/katech-solutions.com\/pl\/napoje-mleczne\/\",\"url\":\"https:\/\/katech-solutions.com\/pl\/napoje-mleczne\/\",\"name\":\"Napoje mleczne |\",\"isPartOf\":{\"@id\":\"https:\/\/katech-solutions.com\/#website\"},\"datePublished\":\"2016-08-04T14:59:05+00:00\",\"dateModified\":\"2017-08-24T16:22:27+00:00\",\"inLanguage\":\"pl-PL\",\"potentialAction\":[{\"@type\":\"ReadAction\",\"target\":[\"https:\/\/katech-solutions.com\/pl\/napoje-mleczne\/\"]}]},{\"@type\":\"WebSite\",\"@id\":\"https:\/\/katech-solutions.com\/#website\",\"url\":\"https:\/\/katech-solutions.com\/\",\"name\":\"KaTech\",\"description\":\"\",\"potentialAction\":[{\"@type\":\"SearchAction\",\"target\":{\"@type\":\"EntryPoint\",\"urlTemplate\":\"https:\/\/katech-solutions.com\/?s={search_term_string}\"},\"query-input\":{\"@type\":\"PropertyValueSpecification\",\"valueRequired\":true,\"valueName\":\"search_term_string\"}}],\"inLanguage\":\"pl-PL\"}]}<\/script>\n<!-- \/ Yoast SEO plugin. -->","yoast_head_json":{"title":"Napoje mleczne |","robots":{"index":"index","follow":"follow","max-snippet":"max-snippet:-1","max-image-preview":"max-image-preview:large","max-video-preview":"max-video-preview:-1"},"canonical":"https:\/\/katech-solutions.com\/pl\/napoje-mleczne\/","og_locale":"pl_PL","og_type":"article","og_title":"Napoje mleczne |","og_description":"Napoje mleczne Napoje mleczne staj\u0105 si\u0119 coraz bardziej popularnym produktem w\u015br\u00f3d dzieci i doros\u0142ych. Na rynku dost\u0119pna jest szeroka gama smak\u00f3w (jak np. czekoladowy, kakaowy, owocowy), a nawet wyroby sezonowe. Poza tym, producenci czekolady cz\u0119sto poszerzaj\u0105 sw\u00f3j asortyment o napoje &hellip; Czytaj dalej &rarr;","og_url":"https:\/\/katech-solutions.com\/pl\/napoje-mleczne\/","og_site_name":"KaTech","article_modified_time":"2017-08-24T16:22:27+00:00","twitter_misc":{"Szacowany czas czytania":"1 minuta"},"schema":{"@context":"https:\/\/schema.org","@graph":[{"@type":"WebPage","@id":"https:\/\/katech-solutions.com\/pl\/napoje-mleczne\/","url":"https:\/\/katech-solutions.com\/pl\/napoje-mleczne\/","name":"Napoje mleczne |","isPartOf":{"@id":"https:\/\/katech-solutions.com\/#website"},"datePublished":"2016-08-04T14:59:05+00:00","dateModified":"2017-08-24T16:22:27+00:00","inLanguage":"pl-PL","potentialAction":[{"@type":"ReadAction","target":["https:\/\/katech-solutions.com\/pl\/napoje-mleczne\/"]}]},{"@type":"WebSite","@id":"https:\/\/katech-solutions.com\/#website","url":"https:\/\/katech-solutions.com\/","name":"KaTech","description":"","potentialAction":[{"@type":"SearchAction","target":{"@type":"EntryPoint","urlTemplate":"https:\/\/katech-solutions.com\/?s={search_term_string}"},"query-input":{"@type":"PropertyValueSpecification","valueRequired":true,"valueName":"search_term_string"}}],"inLanguage":"pl-PL"}]}},"_links":{"self":[{"href":"https:\/\/katech-solutions.com\/pl\/wp-json\/wp\/v2\/pages\/7253","targetHints":{"allow":["GET"]}}],"collection":[{"href":"https:\/\/katech-solutions.com\/pl\/wp-json\/wp\/v2\/pages"}],"about":[{"href":"https:\/\/katech-solutions.com\/pl\/wp-json\/wp\/v2\/types\/page"}],"author":[{"embeddable":true,"href":"https:\/\/katech-solutions.com\/pl\/wp-json\/wp\/v2\/users\/28"}],"replies":[{"embeddable":true,"href":"https:\/\/katech-solutions.com\/pl\/wp-json\/wp\/v2\/comments?post=7253"}],"version-history":[{"count":4,"href":"https:\/\/katech-solutions.com\/pl\/wp-json\/wp\/v2\/pages\/7253\/revisions"}],"predecessor-version":[{"id":8395,"href":"https:\/\/katech-solutions.com\/pl\/wp-json\/wp\/v2\/pages\/7253\/revisions\/8395"}],"wp:attachment":[{"href":"https:\/\/katech-solutions.com\/pl\/wp-json\/wp\/v2\/media?parent=7253"}],"curies":[{"name":"wp","href":"https:\/\/api.w.org\/{rel}","templated":true}]}}