{"id":7250,"date":"2016-08-04T14:56:25","date_gmt":"2016-08-04T14:56:25","guid":{"rendered":"https:\/\/www.khpartner.com\/pl\/?page_id=7250"},"modified":"2017-11-03T10:31:18","modified_gmt":"2017-11-03T10:31:18","slug":"majonez-kanapkowy","status":"publish","type":"page","link":"https:\/\/katech-solutions.com\/pl\/majonez\/majonez-kanapkowy\/","title":{"rendered":"Majonez kanapkowy"},"content":{"rendered":"<p style=\"text-align: justify;\">Majonez kanapkowy to wymagaj\u0105cy produkt, kt\u00f3ry winien charakteryzowa\u0107 si\u0119 mo\u017cliwie d\u0142ugim terminem przydatno\u015bci do\u00a0spo\u017cycia w opakowaniu zbiorczym, a po dodaniu do kanapek zachowa\u0107 swoje w\u0142a\u015bciwo\u015bci przez kilka dni. Kluczowym aspektem rozwoju tego typu produkt\u00f3w nie jest jednak zapewnienie stabilno\u015bci na dzia\u0142anie enzym\u00f3w, ale uzyskanie majonezu o kremowej teksturze, doskonale nadaj\u0105cego si\u0119 do smarowania, kt\u00f3ry dodatkowo nie b\u0119dzie kapa\u0142 podczas aplikacji i nada wykwintnego smaku sk\u0142adnikom kanapki.<\/p>\n<p style=\"text-align: justify;\">Do kanapek zwyk\u0142o u\u017cywa\u0107 si\u0119 tradycyjnego majonezu o zawarto\u015bci oleju 80%, co rzecz jasna wi\u0105\u017ce si\u0119 z wysok\u0105 zawarto\u015bci\u0105 t\u0142uszczu w\u00a0produkcie ko\u0144cowym. W obecnych czasach, wraz z rosn\u0105c\u0105 \u015bwiadomo\u015bci\u0105 zdrowotn\u0105 producenci kanapek pragn\u0105 tworzy\u0107 wizerunek firm dbaj\u0105cych o zdrowie konsument\u00f3w. Poszukuj\u0105 zatem produktu o teksturze tradycyjnego majonezu, doskonale nadaj\u0105cego si\u0119 do smarowania, ale o jak najni\u017cszej zawarto\u015bci t\u0142uszczu.<\/p>\n","protected":false},"excerpt":{"rendered":"<p>Majonez kanapkowy to wymagaj\u0105cy produkt, kt\u00f3ry winien charakteryzowa\u0107 si\u0119 mo\u017cliwie d\u0142ugim terminem przydatno\u015bci do\u00a0spo\u017cycia w opakowaniu zbiorczym, a po dodaniu do kanapek zachowa\u0107 swoje w\u0142a\u015bciwo\u015bci przez kilka dni. Kluczowym aspektem rozwoju tego typu produkt\u00f3w nie jest jednak zapewnienie stabilno\u015bci na &hellip; <a class=\"continue-reading\" href=\"https:\/\/katech-solutions.com\/pl\/majonez\/majonez-kanapkowy\/\">Czytaj dalej <span class=\"meta-nav\">&rarr;<\/span><\/a><\/p>\n","protected":false},"author":28,"featured_media":0,"parent":7230,"menu_order":0,"comment_status":"closed","ping_status":"open","template":"","meta":{"_acf_changed":false,"footnotes":""},"class_list":["post-7250","page","type-page","status-publish","hentry"],"acf":[],"yoast_head":"<!-- This site is optimized with the Yoast SEO plugin v27.2 - https:\/\/yoast.com\/product\/yoast-seo-wordpress\/ -->\n<title>Majonez kanapkowy |<\/title>\n<meta name=\"robots\" content=\"index, follow, max-snippet:-1, max-image-preview:large, max-video-preview:-1\" \/>\n<link rel=\"canonical\" href=\"https:\/\/katech-solutions.com\/pl\/majonez\/majonez-kanapkowy\/\" \/>\n<meta property=\"og:locale\" content=\"pl_PL\" \/>\n<meta property=\"og:type\" content=\"article\" \/>\n<meta property=\"og:title\" content=\"Majonez kanapkowy |\" \/>\n<meta property=\"og:description\" content=\"Majonez kanapkowy to wymagaj\u0105cy produkt, kt\u00f3ry winien charakteryzowa\u0107 si\u0119 mo\u017cliwie d\u0142ugim terminem przydatno\u015bci do\u00a0spo\u017cycia w opakowaniu zbiorczym, a po dodaniu do kanapek zachowa\u0107 swoje w\u0142a\u015bciwo\u015bci przez kilka dni. Kluczowym aspektem rozwoju tego typu produkt\u00f3w nie jest jednak zapewnienie stabilno\u015bci na &hellip; Czytaj dalej &rarr;\" \/>\n<meta property=\"og:url\" content=\"https:\/\/katech-solutions.com\/pl\/majonez\/majonez-kanapkowy\/\" \/>\n<meta property=\"og:site_name\" content=\"KaTech\" \/>\n<meta property=\"article:modified_time\" content=\"2017-11-03T10:31:18+00:00\" \/>\n<meta name=\"twitter:label1\" content=\"Szacowany czas czytania\" \/>\n\t<meta name=\"twitter:data1\" content=\"1 minuta\" \/>\n<script type=\"application\/ld+json\" class=\"yoast-schema-graph\">{\"@context\":\"https:\/\/schema.org\",\"@graph\":[{\"@type\":\"WebPage\",\"@id\":\"https:\/\/katech-solutions.com\/pl\/majonez\/majonez-kanapkowy\/\",\"url\":\"https:\/\/katech-solutions.com\/pl\/majonez\/majonez-kanapkowy\/\",\"name\":\"Majonez kanapkowy |\",\"isPartOf\":{\"@id\":\"https:\/\/katech-solutions.com\/#website\"},\"datePublished\":\"2016-08-04T14:56:25+00:00\",\"dateModified\":\"2017-11-03T10:31:18+00:00\",\"breadcrumb\":{\"@id\":\"https:\/\/katech-solutions.com\/pl\/majonez\/majonez-kanapkowy\/#breadcrumb\"},\"inLanguage\":\"pl-PL\",\"potentialAction\":[{\"@type\":\"ReadAction\",\"target\":[\"https:\/\/katech-solutions.com\/pl\/majonez\/majonez-kanapkowy\/\"]}]},{\"@type\":\"BreadcrumbList\",\"@id\":\"https:\/\/katech-solutions.com\/pl\/majonez\/majonez-kanapkowy\/#breadcrumb\",\"itemListElement\":[{\"@type\":\"ListItem\",\"position\":1,\"name\":\"Majonez\",\"item\":\"https:\/\/katech-solutions.com\/pl\/majonez\/\"},{\"@type\":\"ListItem\",\"position\":2,\"name\":\"Majonez kanapkowy\"}]},{\"@type\":\"WebSite\",\"@id\":\"https:\/\/katech-solutions.com\/#website\",\"url\":\"https:\/\/katech-solutions.com\/\",\"name\":\"KaTech\",\"description\":\"\",\"potentialAction\":[{\"@type\":\"SearchAction\",\"target\":{\"@type\":\"EntryPoint\",\"urlTemplate\":\"https:\/\/katech-solutions.com\/?s={search_term_string}\"},\"query-input\":{\"@type\":\"PropertyValueSpecification\",\"valueRequired\":true,\"valueName\":\"search_term_string\"}}],\"inLanguage\":\"pl-PL\"}]}<\/script>\n<!-- \/ Yoast SEO plugin. -->","yoast_head_json":{"title":"Majonez kanapkowy |","robots":{"index":"index","follow":"follow","max-snippet":"max-snippet:-1","max-image-preview":"max-image-preview:large","max-video-preview":"max-video-preview:-1"},"canonical":"https:\/\/katech-solutions.com\/pl\/majonez\/majonez-kanapkowy\/","og_locale":"pl_PL","og_type":"article","og_title":"Majonez kanapkowy |","og_description":"Majonez kanapkowy to wymagaj\u0105cy produkt, kt\u00f3ry winien charakteryzowa\u0107 si\u0119 mo\u017cliwie d\u0142ugim terminem przydatno\u015bci do\u00a0spo\u017cycia w opakowaniu zbiorczym, a po dodaniu do kanapek zachowa\u0107 swoje w\u0142a\u015bciwo\u015bci przez kilka dni. Kluczowym aspektem rozwoju tego typu produkt\u00f3w nie jest jednak zapewnienie stabilno\u015bci na &hellip; Czytaj dalej &rarr;","og_url":"https:\/\/katech-solutions.com\/pl\/majonez\/majonez-kanapkowy\/","og_site_name":"KaTech","article_modified_time":"2017-11-03T10:31:18+00:00","twitter_misc":{"Szacowany czas czytania":"1 minuta"},"schema":{"@context":"https:\/\/schema.org","@graph":[{"@type":"WebPage","@id":"https:\/\/katech-solutions.com\/pl\/majonez\/majonez-kanapkowy\/","url":"https:\/\/katech-solutions.com\/pl\/majonez\/majonez-kanapkowy\/","name":"Majonez kanapkowy |","isPartOf":{"@id":"https:\/\/katech-solutions.com\/#website"},"datePublished":"2016-08-04T14:56:25+00:00","dateModified":"2017-11-03T10:31:18+00:00","breadcrumb":{"@id":"https:\/\/katech-solutions.com\/pl\/majonez\/majonez-kanapkowy\/#breadcrumb"},"inLanguage":"pl-PL","potentialAction":[{"@type":"ReadAction","target":["https:\/\/katech-solutions.com\/pl\/majonez\/majonez-kanapkowy\/"]}]},{"@type":"BreadcrumbList","@id":"https:\/\/katech-solutions.com\/pl\/majonez\/majonez-kanapkowy\/#breadcrumb","itemListElement":[{"@type":"ListItem","position":1,"name":"Majonez","item":"https:\/\/katech-solutions.com\/pl\/majonez\/"},{"@type":"ListItem","position":2,"name":"Majonez kanapkowy"}]},{"@type":"WebSite","@id":"https:\/\/katech-solutions.com\/#website","url":"https:\/\/katech-solutions.com\/","name":"KaTech","description":"","potentialAction":[{"@type":"SearchAction","target":{"@type":"EntryPoint","urlTemplate":"https:\/\/katech-solutions.com\/?s={search_term_string}"},"query-input":{"@type":"PropertyValueSpecification","valueRequired":true,"valueName":"search_term_string"}}],"inLanguage":"pl-PL"}]}},"_links":{"self":[{"href":"https:\/\/katech-solutions.com\/pl\/wp-json\/wp\/v2\/pages\/7250","targetHints":{"allow":["GET"]}}],"collection":[{"href":"https:\/\/katech-solutions.com\/pl\/wp-json\/wp\/v2\/pages"}],"about":[{"href":"https:\/\/katech-solutions.com\/pl\/wp-json\/wp\/v2\/types\/page"}],"author":[{"embeddable":true,"href":"https:\/\/katech-solutions.com\/pl\/wp-json\/wp\/v2\/users\/28"}],"replies":[{"embeddable":true,"href":"https:\/\/katech-solutions.com\/pl\/wp-json\/wp\/v2\/comments?post=7250"}],"version-history":[{"count":4,"href":"https:\/\/katech-solutions.com\/pl\/wp-json\/wp\/v2\/pages\/7250\/revisions"}],"predecessor-version":[{"id":8544,"href":"https:\/\/katech-solutions.com\/pl\/wp-json\/wp\/v2\/pages\/7250\/revisions\/8544"}],"up":[{"embeddable":true,"href":"https:\/\/katech-solutions.com\/pl\/wp-json\/wp\/v2\/pages\/7230"}],"wp:attachment":[{"href":"https:\/\/katech-solutions.com\/pl\/wp-json\/wp\/v2\/media?parent=7250"}],"curies":[{"name":"wp","href":"https:\/\/api.w.org\/{rel}","templated":true}]}}