{"id":7248,"date":"2016-08-04T14:55:04","date_gmt":"2016-08-04T14:55:04","guid":{"rendered":"https:\/\/www.khpartner.com\/pl\/?page_id=7248"},"modified":"2017-11-08T09:53:08","modified_gmt":"2017-11-08T09:53:08","slug":"centrum-technologiczne-niemcy","status":"publish","type":"page","link":"https:\/\/katech-solutions.com\/pl\/centrum-technologiczne-niemcy\/","title":{"rendered":"Centrum technologiczne, Niemcy"},"content":{"rendered":"<h2 style=\"text-align: justify;\">Centrum technologiczne w Lubece<\/h2>\n<p style=\"text-align: justify;\">Historyczny dom rodziny Hahn w Lubece w Niemczech jest sercem i zarazem centrum technologicznym firmy KaTech. Na zapleczu zabytkowego budynku kryje si\u0119 ultranowoczesny zak\u0142ad pilota\u017cowy. To tutaj, nasi klienci maj\u0105 mo\u017cliwo\u015b\u0107 przeprowadzenia pr\u00f3b technologicznych i\u00a0wzi\u0119cia\u00a0udzia\u0142u w\u00a0degustacji produkt\u00f3w lub konferencjach.<\/p>\n<p style=\"text-align: justify;\">Centrum wyposa\u017cono w najnowsze zdobycze techniki, zachowuj\u0105c przy tym najwy\u017csze standardy jako\u015bci.<\/p>\n<p style=\"text-align: justify;\">G\u0142\u00f3wn\u0105 cz\u0119\u015b\u0107 centrum stanowi\u0105: linia UHT, po\u0142\u0105czony p\u0142ytowy i\u00a0rurowy wymiennik ciep\u0142a, wysokoci\u015bnieniowy (zar\u00f3wno septyczny, jak i aseptyczny) homogenizator oraz uk\u0142ad przetrzymywania. Sprz\u0119t ten umo\u017cliwia dok\u0142adne odwzorowanie Pa\u0144stwa proces\u00f3w produkcyjnych i pozwala nam sprawnie opracowywa\u0107 nowe produkty, rozwi\u0105zywa\u0107 problemy technologiczne, czy te\u017c optymalizowa\u0107 koszty receptur.<\/p>\n<p style=\"text-align: justify;\">Centra technologiczne w Lubece w Niemczech oraz w Chester w Wielkiej Brytanii pomagaj\u0105 nam w rozwoju produkt\u00f3w dostosowanych zar\u00f3wno do potrzeb naszych klient\u00f3w, jak i\u00a0lokalnych wymaga\u0144.<\/p>\n","protected":false},"excerpt":{"rendered":"<p>Centrum technologiczne w Lubece Historyczny dom rodziny Hahn w Lubece w Niemczech jest sercem i zarazem centrum technologicznym firmy KaTech. Na zapleczu zabytkowego budynku kryje si\u0119 ultranowoczesny zak\u0142ad pilota\u017cowy. To tutaj, nasi klienci maj\u0105 mo\u017cliwo\u015b\u0107 przeprowadzenia pr\u00f3b technologicznych i\u00a0wzi\u0119cia\u00a0udzia\u0142u w\u00a0degustacji &hellip; <a class=\"continue-reading\" href=\"https:\/\/katech-solutions.com\/pl\/centrum-technologiczne-niemcy\/\">Czytaj dalej <span class=\"meta-nav\">&rarr;<\/span><\/a><\/p>\n","protected":false},"author":3,"featured_media":0,"parent":0,"menu_order":2,"comment_status":"closed","ping_status":"closed","template":"layout-content-3.php","meta":{"_acf_changed":false,"footnotes":""},"class_list":["post-7248","page","type-page","status-publish","hentry"],"acf":[],"yoast_head":"<!-- This site is optimized with the Yoast SEO plugin v27.2 - https:\/\/yoast.com\/product\/yoast-seo-wordpress\/ -->\n<title>Centrum technologiczne, Niemcy |<\/title>\n<meta name=\"robots\" content=\"index, follow, max-snippet:-1, max-image-preview:large, max-video-preview:-1\" \/>\n<link rel=\"canonical\" href=\"https:\/\/katech-solutions.com\/pl\/centrum-technologiczne-niemcy\/\" \/>\n<meta property=\"og:locale\" content=\"pl_PL\" \/>\n<meta property=\"og:type\" content=\"article\" \/>\n<meta property=\"og:title\" content=\"Centrum technologiczne, Niemcy |\" \/>\n<meta property=\"og:description\" content=\"Centrum technologiczne w Lubece Historyczny dom rodziny Hahn w Lubece w Niemczech jest sercem i zarazem centrum technologicznym firmy KaTech. Na zapleczu zabytkowego budynku kryje si\u0119 ultranowoczesny zak\u0142ad pilota\u017cowy. To tutaj, nasi klienci maj\u0105 mo\u017cliwo\u015b\u0107 przeprowadzenia pr\u00f3b technologicznych i\u00a0wzi\u0119cia\u00a0udzia\u0142u w\u00a0degustacji &hellip; Czytaj dalej &rarr;\" \/>\n<meta property=\"og:url\" content=\"https:\/\/katech-solutions.com\/pl\/centrum-technologiczne-niemcy\/\" \/>\n<meta property=\"og:site_name\" content=\"KaTech\" \/>\n<meta property=\"article:modified_time\" content=\"2017-11-08T09:53:08+00:00\" \/>\n<meta name=\"twitter:label1\" content=\"Szacowany czas czytania\" \/>\n\t<meta name=\"twitter:data1\" content=\"1 minuta\" \/>\n<script type=\"application\/ld+json\" class=\"yoast-schema-graph\">{\"@context\":\"https:\/\/schema.org\",\"@graph\":[{\"@type\":\"WebPage\",\"@id\":\"https:\/\/katech-solutions.com\/pl\/centrum-technologiczne-niemcy\/\",\"url\":\"https:\/\/katech-solutions.com\/pl\/centrum-technologiczne-niemcy\/\",\"name\":\"Centrum technologiczne, Niemcy |\",\"isPartOf\":{\"@id\":\"https:\/\/katech-solutions.com\/#website\"},\"datePublished\":\"2016-08-04T14:55:04+00:00\",\"dateModified\":\"2017-11-08T09:53:08+00:00\",\"inLanguage\":\"pl-PL\",\"potentialAction\":[{\"@type\":\"ReadAction\",\"target\":[\"https:\/\/katech-solutions.com\/pl\/centrum-technologiczne-niemcy\/\"]}]},{\"@type\":\"WebSite\",\"@id\":\"https:\/\/katech-solutions.com\/#website\",\"url\":\"https:\/\/katech-solutions.com\/\",\"name\":\"KaTech\",\"description\":\"\",\"potentialAction\":[{\"@type\":\"SearchAction\",\"target\":{\"@type\":\"EntryPoint\",\"urlTemplate\":\"https:\/\/katech-solutions.com\/?s={search_term_string}\"},\"query-input\":{\"@type\":\"PropertyValueSpecification\",\"valueRequired\":true,\"valueName\":\"search_term_string\"}}],\"inLanguage\":\"pl-PL\"}]}<\/script>\n<!-- \/ Yoast SEO plugin. -->","yoast_head_json":{"title":"Centrum technologiczne, Niemcy |","robots":{"index":"index","follow":"follow","max-snippet":"max-snippet:-1","max-image-preview":"max-image-preview:large","max-video-preview":"max-video-preview:-1"},"canonical":"https:\/\/katech-solutions.com\/pl\/centrum-technologiczne-niemcy\/","og_locale":"pl_PL","og_type":"article","og_title":"Centrum technologiczne, Niemcy |","og_description":"Centrum technologiczne w Lubece Historyczny dom rodziny Hahn w Lubece w Niemczech jest sercem i zarazem centrum technologicznym firmy KaTech. Na zapleczu zabytkowego budynku kryje si\u0119 ultranowoczesny zak\u0142ad pilota\u017cowy. To tutaj, nasi klienci maj\u0105 mo\u017cliwo\u015b\u0107 przeprowadzenia pr\u00f3b technologicznych i\u00a0wzi\u0119cia\u00a0udzia\u0142u w\u00a0degustacji &hellip; Czytaj dalej &rarr;","og_url":"https:\/\/katech-solutions.com\/pl\/centrum-technologiczne-niemcy\/","og_site_name":"KaTech","article_modified_time":"2017-11-08T09:53:08+00:00","twitter_misc":{"Szacowany czas czytania":"1 minuta"},"schema":{"@context":"https:\/\/schema.org","@graph":[{"@type":"WebPage","@id":"https:\/\/katech-solutions.com\/pl\/centrum-technologiczne-niemcy\/","url":"https:\/\/katech-solutions.com\/pl\/centrum-technologiczne-niemcy\/","name":"Centrum technologiczne, Niemcy |","isPartOf":{"@id":"https:\/\/katech-solutions.com\/#website"},"datePublished":"2016-08-04T14:55:04+00:00","dateModified":"2017-11-08T09:53:08+00:00","inLanguage":"pl-PL","potentialAction":[{"@type":"ReadAction","target":["https:\/\/katech-solutions.com\/pl\/centrum-technologiczne-niemcy\/"]}]},{"@type":"WebSite","@id":"https:\/\/katech-solutions.com\/#website","url":"https:\/\/katech-solutions.com\/","name":"KaTech","description":"","potentialAction":[{"@type":"SearchAction","target":{"@type":"EntryPoint","urlTemplate":"https:\/\/katech-solutions.com\/?s={search_term_string}"},"query-input":{"@type":"PropertyValueSpecification","valueRequired":true,"valueName":"search_term_string"}}],"inLanguage":"pl-PL"}]}},"_links":{"self":[{"href":"https:\/\/katech-solutions.com\/pl\/wp-json\/wp\/v2\/pages\/7248","targetHints":{"allow":["GET"]}}],"collection":[{"href":"https:\/\/katech-solutions.com\/pl\/wp-json\/wp\/v2\/pages"}],"about":[{"href":"https:\/\/katech-solutions.com\/pl\/wp-json\/wp\/v2\/types\/page"}],"author":[{"embeddable":true,"href":"https:\/\/katech-solutions.com\/pl\/wp-json\/wp\/v2\/users\/3"}],"replies":[{"embeddable":true,"href":"https:\/\/katech-solutions.com\/pl\/wp-json\/wp\/v2\/comments?post=7248"}],"version-history":[{"count":5,"href":"https:\/\/katech-solutions.com\/pl\/wp-json\/wp\/v2\/pages\/7248\/revisions"}],"predecessor-version":[{"id":8617,"href":"https:\/\/katech-solutions.com\/pl\/wp-json\/wp\/v2\/pages\/7248\/revisions\/8617"}],"wp:attachment":[{"href":"https:\/\/katech-solutions.com\/pl\/wp-json\/wp\/v2\/media?parent=7248"}],"curies":[{"name":"wp","href":"https:\/\/api.w.org\/{rel}","templated":true}]}}