{"id":7245,"date":"2016-08-04T14:53:11","date_gmt":"2016-08-04T14:53:11","guid":{"rendered":"https:\/\/www.khpartner.com\/pl\/?page_id=7245"},"modified":"2017-11-30T07:09:32","modified_gmt":"2017-11-30T07:09:32","slug":"majonez-salatkowy","status":"publish","type":"page","link":"https:\/\/katech-solutions.com\/pl\/majonez\/majonez-salatkowy\/","title":{"rendered":"Majonez sa\u0142atkowy"},"content":{"rendered":"<p style=\"text-align: justify;\">Majonez sa\u0142atkowy r\u00f3\u017cni si\u0119 od tradycyjnego majonezu nie tylko przeznaczeniem, ale tak\u017ce ilo\u015bci\u0105 oleju oraz jajek w nim zawartych. W jego sk\u0142ad wchodzi z regu\u0142y oko\u0142o 50% oleju, podczas gdy tradycyjny majonez to nawet 80% oleju. To bardzo wszechstronny dodatek, kt\u00f3ry umieszczany jest pomi\u0119dzy warstwami sa\u0142atek lub pe\u0142ni\u0105cy rol\u0119 dekoracji. W wielu krajach jest tak\u017ce serwowany razem z frytkami.<\/p>\n<p style=\"text-align: justify;\">Poniewa\u017c produkt ten stosowany jest w sa\u0142atkach w po\u0142\u0105czeniu ze&nbsp;sk\u0142adnikami ro\u015blinnymi, dobrze gdy cechuje go stabilno\u015b\u0107 na\u00a0dzia\u0142anie enzym\u00f3w oraz zdolno\u015b\u0107 absorpcji wody. Po\u017c\u0105dane s\u0105\u00a0tak\u017ce w\u0142a\u015bciwe przyleganie do porcji warzyw w sa\u0142atce, kremowy smak oraz g\u0142adka konsystencja.<\/p>\n","protected":false},"excerpt":{"rendered":"<p>Majonez sa\u0142atkowy r\u00f3\u017cni si\u0119 od tradycyjnego majonezu nie tylko przeznaczeniem, ale tak\u017ce ilo\u015bci\u0105 oleju oraz jajek w nim zawartych. W jego sk\u0142ad wchodzi z regu\u0142y oko\u0142o 50% oleju, podczas gdy tradycyjny majonez to nawet 80% oleju. To bardzo wszechstronny dodatek, &hellip; <a class=\"continue-reading\" href=\"https:\/\/katech-solutions.com\/pl\/majonez\/majonez-salatkowy\/\">Czytaj dalej <span class=\"meta-nav\">&rarr;<\/span><\/a><\/p>\n","protected":false},"author":28,"featured_media":0,"parent":7230,"menu_order":0,"comment_status":"closed","ping_status":"open","template":"","meta":{"_acf_changed":false,"footnotes":""},"class_list":["post-7245","page","type-page","status-publish","hentry"],"acf":[],"yoast_head":"<!-- This site is optimized with the Yoast SEO plugin v27.2 - https:\/\/yoast.com\/product\/yoast-seo-wordpress\/ -->\n<title>Majonez sa\u0142atkowy |<\/title>\n<meta name=\"robots\" content=\"index, follow, max-snippet:-1, max-image-preview:large, max-video-preview:-1\" \/>\n<link rel=\"canonical\" href=\"https:\/\/katech-solutions.com\/pl\/majonez\/majonez-salatkowy\/\" \/>\n<meta property=\"og:locale\" content=\"pl_PL\" \/>\n<meta property=\"og:type\" content=\"article\" \/>\n<meta property=\"og:title\" content=\"Majonez sa\u0142atkowy |\" \/>\n<meta property=\"og:description\" content=\"Majonez sa\u0142atkowy r\u00f3\u017cni si\u0119 od tradycyjnego majonezu nie tylko przeznaczeniem, ale tak\u017ce ilo\u015bci\u0105 oleju oraz jajek w nim zawartych. W jego sk\u0142ad wchodzi z regu\u0142y oko\u0142o 50% oleju, podczas gdy tradycyjny majonez to nawet 80% oleju. To bardzo wszechstronny dodatek, &hellip; Czytaj dalej &rarr;\" \/>\n<meta property=\"og:url\" content=\"https:\/\/katech-solutions.com\/pl\/majonez\/majonez-salatkowy\/\" \/>\n<meta property=\"og:site_name\" content=\"KaTech\" \/>\n<meta property=\"article:modified_time\" content=\"2017-11-30T07:09:32+00:00\" \/>\n<meta name=\"twitter:label1\" content=\"Szacowany czas czytania\" \/>\n\t<meta name=\"twitter:data1\" content=\"1 minuta\" \/>\n<script type=\"application\/ld+json\" class=\"yoast-schema-graph\">{\"@context\":\"https:\/\/schema.org\",\"@graph\":[{\"@type\":\"WebPage\",\"@id\":\"https:\/\/katech-solutions.com\/pl\/majonez\/majonez-salatkowy\/\",\"url\":\"https:\/\/katech-solutions.com\/pl\/majonez\/majonez-salatkowy\/\",\"name\":\"Majonez sa\u0142atkowy |\",\"isPartOf\":{\"@id\":\"https:\/\/katech-solutions.com\/#website\"},\"datePublished\":\"2016-08-04T14:53:11+00:00\",\"dateModified\":\"2017-11-30T07:09:32+00:00\",\"breadcrumb\":{\"@id\":\"https:\/\/katech-solutions.com\/pl\/majonez\/majonez-salatkowy\/#breadcrumb\"},\"inLanguage\":\"pl-PL\",\"potentialAction\":[{\"@type\":\"ReadAction\",\"target\":[\"https:\/\/katech-solutions.com\/pl\/majonez\/majonez-salatkowy\/\"]}]},{\"@type\":\"BreadcrumbList\",\"@id\":\"https:\/\/katech-solutions.com\/pl\/majonez\/majonez-salatkowy\/#breadcrumb\",\"itemListElement\":[{\"@type\":\"ListItem\",\"position\":1,\"name\":\"Majonez\",\"item\":\"https:\/\/katech-solutions.com\/pl\/majonez\/\"},{\"@type\":\"ListItem\",\"position\":2,\"name\":\"Majonez sa\u0142atkowy\"}]},{\"@type\":\"WebSite\",\"@id\":\"https:\/\/katech-solutions.com\/#website\",\"url\":\"https:\/\/katech-solutions.com\/\",\"name\":\"KaTech\",\"description\":\"\",\"potentialAction\":[{\"@type\":\"SearchAction\",\"target\":{\"@type\":\"EntryPoint\",\"urlTemplate\":\"https:\/\/katech-solutions.com\/?s={search_term_string}\"},\"query-input\":{\"@type\":\"PropertyValueSpecification\",\"valueRequired\":true,\"valueName\":\"search_term_string\"}}],\"inLanguage\":\"pl-PL\"}]}<\/script>\n<!-- \/ Yoast SEO plugin. -->","yoast_head_json":{"title":"Majonez sa\u0142atkowy |","robots":{"index":"index","follow":"follow","max-snippet":"max-snippet:-1","max-image-preview":"max-image-preview:large","max-video-preview":"max-video-preview:-1"},"canonical":"https:\/\/katech-solutions.com\/pl\/majonez\/majonez-salatkowy\/","og_locale":"pl_PL","og_type":"article","og_title":"Majonez sa\u0142atkowy |","og_description":"Majonez sa\u0142atkowy r\u00f3\u017cni si\u0119 od tradycyjnego majonezu nie tylko przeznaczeniem, ale tak\u017ce ilo\u015bci\u0105 oleju oraz jajek w nim zawartych. W jego sk\u0142ad wchodzi z regu\u0142y oko\u0142o 50% oleju, podczas gdy tradycyjny majonez to nawet 80% oleju. To bardzo wszechstronny dodatek, &hellip; Czytaj dalej &rarr;","og_url":"https:\/\/katech-solutions.com\/pl\/majonez\/majonez-salatkowy\/","og_site_name":"KaTech","article_modified_time":"2017-11-30T07:09:32+00:00","twitter_misc":{"Szacowany czas czytania":"1 minuta"},"schema":{"@context":"https:\/\/schema.org","@graph":[{"@type":"WebPage","@id":"https:\/\/katech-solutions.com\/pl\/majonez\/majonez-salatkowy\/","url":"https:\/\/katech-solutions.com\/pl\/majonez\/majonez-salatkowy\/","name":"Majonez sa\u0142atkowy |","isPartOf":{"@id":"https:\/\/katech-solutions.com\/#website"},"datePublished":"2016-08-04T14:53:11+00:00","dateModified":"2017-11-30T07:09:32+00:00","breadcrumb":{"@id":"https:\/\/katech-solutions.com\/pl\/majonez\/majonez-salatkowy\/#breadcrumb"},"inLanguage":"pl-PL","potentialAction":[{"@type":"ReadAction","target":["https:\/\/katech-solutions.com\/pl\/majonez\/majonez-salatkowy\/"]}]},{"@type":"BreadcrumbList","@id":"https:\/\/katech-solutions.com\/pl\/majonez\/majonez-salatkowy\/#breadcrumb","itemListElement":[{"@type":"ListItem","position":1,"name":"Majonez","item":"https:\/\/katech-solutions.com\/pl\/majonez\/"},{"@type":"ListItem","position":2,"name":"Majonez sa\u0142atkowy"}]},{"@type":"WebSite","@id":"https:\/\/katech-solutions.com\/#website","url":"https:\/\/katech-solutions.com\/","name":"KaTech","description":"","potentialAction":[{"@type":"SearchAction","target":{"@type":"EntryPoint","urlTemplate":"https:\/\/katech-solutions.com\/?s={search_term_string}"},"query-input":{"@type":"PropertyValueSpecification","valueRequired":true,"valueName":"search_term_string"}}],"inLanguage":"pl-PL"}]}},"_links":{"self":[{"href":"https:\/\/katech-solutions.com\/pl\/wp-json\/wp\/v2\/pages\/7245","targetHints":{"allow":["GET"]}}],"collection":[{"href":"https:\/\/katech-solutions.com\/pl\/wp-json\/wp\/v2\/pages"}],"about":[{"href":"https:\/\/katech-solutions.com\/pl\/wp-json\/wp\/v2\/types\/page"}],"author":[{"embeddable":true,"href":"https:\/\/katech-solutions.com\/pl\/wp-json\/wp\/v2\/users\/28"}],"replies":[{"embeddable":true,"href":"https:\/\/katech-solutions.com\/pl\/wp-json\/wp\/v2\/comments?post=7245"}],"version-history":[{"count":7,"href":"https:\/\/katech-solutions.com\/pl\/wp-json\/wp\/v2\/pages\/7245\/revisions"}],"predecessor-version":[{"id":8812,"href":"https:\/\/katech-solutions.com\/pl\/wp-json\/wp\/v2\/pages\/7245\/revisions\/8812"}],"up":[{"embeddable":true,"href":"https:\/\/katech-solutions.com\/pl\/wp-json\/wp\/v2\/pages\/7230"}],"wp:attachment":[{"href":"https:\/\/katech-solutions.com\/pl\/wp-json\/wp\/v2\/media?parent=7245"}],"curies":[{"name":"wp","href":"https:\/\/api.w.org\/{rel}","templated":true}]}}