{"id":7243,"date":"2016-08-04T14:51:11","date_gmt":"2016-08-04T14:51:11","guid":{"rendered":"https:\/\/www.khpartner.com\/pl\/?page_id=7243"},"modified":"2017-11-30T07:10:55","modified_gmt":"2017-11-30T07:10:55","slug":"majonez-niskotluszczowy","status":"publish","type":"page","link":"https:\/\/katech-solutions.com\/pl\/majonez\/majonez-niskotluszczowy\/","title":{"rendered":"Majonez niskot\u0142uszczowy"},"content":{"rendered":"<p style=\"text-align: justify;\">Tradycyjny majonez o zawarto\u015bci t\u0142uszczu mi\u0119dzy 70% a 80% cechuje du\u017ca g\u0119sto\u015b\u0107 i\u00a0lepko\u015b\u0107. Produkt ten nie up\u0142ynnia si\u0119, z\u00a0\u0142atwo\u015bci\u0105 nabiera si\u0119 go \u0142y\u017ck\u0105 oraz rozsmarowuje. Cechy te wynikaj\u0105 z\u00a0fizycznych w\u0142a\u015bciwo\u015bci drobinek oleju, ze sposobu ich rozmieszczenia oraz z\u00a0wzajemnego oddzia\u0142ywania mi\u0119dzy sob\u0105. W\u00a0przypadku wysokiej zawarto\u015bci t\u0142uszczu drobinki oleju s\u0105 tak liczne i tak g\u0119sto rozmieszone, \u017ce ich przemieszczanie si\u0119 jest praktycznie niemo\u017cliwe. Dzi\u0119ki temu majonez zyskuje wymienione na wst\u0119pie cechy.<\/p>\n<p style=\"text-align: justify;\">Obni\u017cenie zawarto\u015bci t\u0142uszczu mo\u017ce wp\u0142ywa\u0107 na stopie\u0144 dyspersji oraz na zachowanie fazy olejowej i fazy wodnej w emulsji. Drobinki oleju nie s\u0105 ju\u017c tak g\u0119sto rozmieszczone, mog\u0105 si\u0119 przemieszcza\u0107, a\u00a0wraz ze spadkiem zawarto\u015bci t\u0142uszczu majonez mo\u017ce stawa\u0107 si\u0119 bardziej p\u0142ynny. By majonez niskot\u0142uszczowy odzyska\u0142 klasyczne cechy produktu wysokot\u0142uszczowego zapewni\u0107 nale\u017cy stabilno\u015b\u0107 fazy wodnej. Przyk\u0142adowym rozwi\u0105zaniem jest zastosowanie odpowiedniego hydrokoloidu o\u00a0d\u0142ugich \u0142a\u0144cuchach cz\u0105steczkowych. Spowoduje to zwi\u0119kszenie lepko\u015bci i doprowadzi do stabilizacji emulsji. D\u0142ugie \u0142a\u0144cuchy hydrokoloidu stworz\u0105 barier\u0119 przestrzenn\u0105 dla drobinek oleju, a tym samym uniemo\u017cliwi\u0105 ich koalescencj\u0119.<\/p>\n","protected":false},"excerpt":{"rendered":"<p>Tradycyjny majonez o zawarto\u015bci t\u0142uszczu mi\u0119dzy 70% a 80% cechuje du\u017ca g\u0119sto\u015b\u0107 i\u00a0lepko\u015b\u0107. Produkt ten nie up\u0142ynnia si\u0119, z\u00a0\u0142atwo\u015bci\u0105 nabiera si\u0119 go \u0142y\u017ck\u0105 oraz rozsmarowuje. Cechy te wynikaj\u0105 z\u00a0fizycznych w\u0142a\u015bciwo\u015bci drobinek oleju, ze sposobu ich rozmieszczenia oraz z\u00a0wzajemnego oddzia\u0142ywania mi\u0119dzy &hellip; <a class=\"continue-reading\" href=\"https:\/\/katech-solutions.com\/pl\/majonez\/majonez-niskotluszczowy\/\">Czytaj dalej <span class=\"meta-nav\">&rarr;<\/span><\/a><\/p>\n","protected":false},"author":28,"featured_media":0,"parent":7230,"menu_order":0,"comment_status":"closed","ping_status":"open","template":"","meta":{"_acf_changed":false,"footnotes":""},"class_list":["post-7243","page","type-page","status-publish","hentry"],"acf":[],"yoast_head":"<!-- This site is optimized with the Yoast SEO plugin v27.2 - https:\/\/yoast.com\/product\/yoast-seo-wordpress\/ -->\n<title>Majonez niskot\u0142uszczowy |<\/title>\n<meta name=\"robots\" content=\"index, follow, max-snippet:-1, max-image-preview:large, max-video-preview:-1\" \/>\n<link rel=\"canonical\" href=\"https:\/\/katech-solutions.com\/pl\/majonez\/majonez-niskotluszczowy\/\" \/>\n<meta property=\"og:locale\" content=\"pl_PL\" \/>\n<meta property=\"og:type\" content=\"article\" \/>\n<meta property=\"og:title\" content=\"Majonez niskot\u0142uszczowy |\" \/>\n<meta property=\"og:description\" content=\"Tradycyjny majonez o zawarto\u015bci t\u0142uszczu mi\u0119dzy 70% a 80% cechuje du\u017ca g\u0119sto\u015b\u0107 i\u00a0lepko\u015b\u0107. Produkt ten nie up\u0142ynnia si\u0119, z\u00a0\u0142atwo\u015bci\u0105 nabiera si\u0119 go \u0142y\u017ck\u0105 oraz rozsmarowuje. Cechy te wynikaj\u0105 z\u00a0fizycznych w\u0142a\u015bciwo\u015bci drobinek oleju, ze sposobu ich rozmieszczenia oraz z\u00a0wzajemnego oddzia\u0142ywania mi\u0119dzy &hellip; Czytaj dalej &rarr;\" \/>\n<meta property=\"og:url\" content=\"https:\/\/katech-solutions.com\/pl\/majonez\/majonez-niskotluszczowy\/\" \/>\n<meta property=\"og:site_name\" content=\"KaTech\" \/>\n<meta property=\"article:modified_time\" content=\"2017-11-30T07:10:55+00:00\" \/>\n<meta name=\"twitter:label1\" content=\"Szacowany czas czytania\" \/>\n\t<meta name=\"twitter:data1\" content=\"1 minuta\" \/>\n<script type=\"application\/ld+json\" class=\"yoast-schema-graph\">{\"@context\":\"https:\/\/schema.org\",\"@graph\":[{\"@type\":\"WebPage\",\"@id\":\"https:\/\/katech-solutions.com\/pl\/majonez\/majonez-niskotluszczowy\/\",\"url\":\"https:\/\/katech-solutions.com\/pl\/majonez\/majonez-niskotluszczowy\/\",\"name\":\"Majonez niskot\u0142uszczowy |\",\"isPartOf\":{\"@id\":\"https:\/\/katech-solutions.com\/#website\"},\"datePublished\":\"2016-08-04T14:51:11+00:00\",\"dateModified\":\"2017-11-30T07:10:55+00:00\",\"breadcrumb\":{\"@id\":\"https:\/\/katech-solutions.com\/pl\/majonez\/majonez-niskotluszczowy\/#breadcrumb\"},\"inLanguage\":\"pl-PL\",\"potentialAction\":[{\"@type\":\"ReadAction\",\"target\":[\"https:\/\/katech-solutions.com\/pl\/majonez\/majonez-niskotluszczowy\/\"]}]},{\"@type\":\"BreadcrumbList\",\"@id\":\"https:\/\/katech-solutions.com\/pl\/majonez\/majonez-niskotluszczowy\/#breadcrumb\",\"itemListElement\":[{\"@type\":\"ListItem\",\"position\":1,\"name\":\"Majonez\",\"item\":\"https:\/\/katech-solutions.com\/pl\/majonez\/\"},{\"@type\":\"ListItem\",\"position\":2,\"name\":\"Majonez niskot\u0142uszczowy\"}]},{\"@type\":\"WebSite\",\"@id\":\"https:\/\/katech-solutions.com\/#website\",\"url\":\"https:\/\/katech-solutions.com\/\",\"name\":\"KaTech\",\"description\":\"\",\"potentialAction\":[{\"@type\":\"SearchAction\",\"target\":{\"@type\":\"EntryPoint\",\"urlTemplate\":\"https:\/\/katech-solutions.com\/?s={search_term_string}\"},\"query-input\":{\"@type\":\"PropertyValueSpecification\",\"valueRequired\":true,\"valueName\":\"search_term_string\"}}],\"inLanguage\":\"pl-PL\"}]}<\/script>\n<!-- \/ Yoast SEO plugin. -->","yoast_head_json":{"title":"Majonez niskot\u0142uszczowy |","robots":{"index":"index","follow":"follow","max-snippet":"max-snippet:-1","max-image-preview":"max-image-preview:large","max-video-preview":"max-video-preview:-1"},"canonical":"https:\/\/katech-solutions.com\/pl\/majonez\/majonez-niskotluszczowy\/","og_locale":"pl_PL","og_type":"article","og_title":"Majonez niskot\u0142uszczowy |","og_description":"Tradycyjny majonez o zawarto\u015bci t\u0142uszczu mi\u0119dzy 70% a 80% cechuje du\u017ca g\u0119sto\u015b\u0107 i\u00a0lepko\u015b\u0107. Produkt ten nie up\u0142ynnia si\u0119, z\u00a0\u0142atwo\u015bci\u0105 nabiera si\u0119 go \u0142y\u017ck\u0105 oraz rozsmarowuje. Cechy te wynikaj\u0105 z\u00a0fizycznych w\u0142a\u015bciwo\u015bci drobinek oleju, ze sposobu ich rozmieszczenia oraz z\u00a0wzajemnego oddzia\u0142ywania mi\u0119dzy &hellip; Czytaj dalej &rarr;","og_url":"https:\/\/katech-solutions.com\/pl\/majonez\/majonez-niskotluszczowy\/","og_site_name":"KaTech","article_modified_time":"2017-11-30T07:10:55+00:00","twitter_misc":{"Szacowany czas czytania":"1 minuta"},"schema":{"@context":"https:\/\/schema.org","@graph":[{"@type":"WebPage","@id":"https:\/\/katech-solutions.com\/pl\/majonez\/majonez-niskotluszczowy\/","url":"https:\/\/katech-solutions.com\/pl\/majonez\/majonez-niskotluszczowy\/","name":"Majonez niskot\u0142uszczowy |","isPartOf":{"@id":"https:\/\/katech-solutions.com\/#website"},"datePublished":"2016-08-04T14:51:11+00:00","dateModified":"2017-11-30T07:10:55+00:00","breadcrumb":{"@id":"https:\/\/katech-solutions.com\/pl\/majonez\/majonez-niskotluszczowy\/#breadcrumb"},"inLanguage":"pl-PL","potentialAction":[{"@type":"ReadAction","target":["https:\/\/katech-solutions.com\/pl\/majonez\/majonez-niskotluszczowy\/"]}]},{"@type":"BreadcrumbList","@id":"https:\/\/katech-solutions.com\/pl\/majonez\/majonez-niskotluszczowy\/#breadcrumb","itemListElement":[{"@type":"ListItem","position":1,"name":"Majonez","item":"https:\/\/katech-solutions.com\/pl\/majonez\/"},{"@type":"ListItem","position":2,"name":"Majonez niskot\u0142uszczowy"}]},{"@type":"WebSite","@id":"https:\/\/katech-solutions.com\/#website","url":"https:\/\/katech-solutions.com\/","name":"KaTech","description":"","potentialAction":[{"@type":"SearchAction","target":{"@type":"EntryPoint","urlTemplate":"https:\/\/katech-solutions.com\/?s={search_term_string}"},"query-input":{"@type":"PropertyValueSpecification","valueRequired":true,"valueName":"search_term_string"}}],"inLanguage":"pl-PL"}]}},"_links":{"self":[{"href":"https:\/\/katech-solutions.com\/pl\/wp-json\/wp\/v2\/pages\/7243","targetHints":{"allow":["GET"]}}],"collection":[{"href":"https:\/\/katech-solutions.com\/pl\/wp-json\/wp\/v2\/pages"}],"about":[{"href":"https:\/\/katech-solutions.com\/pl\/wp-json\/wp\/v2\/types\/page"}],"author":[{"embeddable":true,"href":"https:\/\/katech-solutions.com\/pl\/wp-json\/wp\/v2\/users\/28"}],"replies":[{"embeddable":true,"href":"https:\/\/katech-solutions.com\/pl\/wp-json\/wp\/v2\/comments?post=7243"}],"version-history":[{"count":6,"href":"https:\/\/katech-solutions.com\/pl\/wp-json\/wp\/v2\/pages\/7243\/revisions"}],"predecessor-version":[{"id":8813,"href":"https:\/\/katech-solutions.com\/pl\/wp-json\/wp\/v2\/pages\/7243\/revisions\/8813"}],"up":[{"embeddable":true,"href":"https:\/\/katech-solutions.com\/pl\/wp-json\/wp\/v2\/pages\/7230"}],"wp:attachment":[{"href":"https:\/\/katech-solutions.com\/pl\/wp-json\/wp\/v2\/media?parent=7243"}],"curies":[{"name":"wp","href":"https:\/\/api.w.org\/{rel}","templated":true}]}}