{"id":7241,"date":"2016-08-04T14:49:56","date_gmt":"2016-08-04T14:49:56","guid":{"rendered":"https:\/\/www.khpartner.com\/pl\/?page_id=7241"},"modified":"2017-11-30T07:09:03","modified_gmt":"2017-11-30T07:09:03","slug":"majonez-stolowy","status":"publish","type":"page","link":"https:\/\/katech-solutions.com\/pl\/majonez\/majonez-stolowy\/","title":{"rendered":"Majonez sto\u0142owy"},"content":{"rendered":"<p style=\"text-align: justify;\">\u201eTradycyjny\u201d majonez sto\u0142owy wytwarza si\u0119 na bazie du\u017cej ilo\u015bci oleju ubijanego z wod\u0105, \u017c\u00f3\u0142tkami i octem, by otrzyma\u0107 g\u0119sty i\u00a0kremowy produkt. Jajka pe\u0142ni\u0105 funkcj\u0119 emulgatora \u0142\u0105cz\u0105cego faz\u0119 wodn\u0105 z faz\u0105 olejow\u0105, a ocet to naturalny konserwant. Cz\u0119stym dodatkiem s\u0105 przyprawy, takie jak na przyk\u0142ad ziarna gorczycy, czy czosnek. Wysoka zawarto\u015b\u0107 t\u0142uszczu sprawia, i\u017c jest to produkt o\u00a0wysokiej warto\u015bci kalorycznej.<\/p>\n<p style=\"text-align: justify;\">Popularno\u015b\u0107 tradycyjnego majonezu wynika w\u0142a\u015bnie z faktu, i\u017c umo\u017cliwia on spo\u017cycie du\u017cej ilo\u015bci kalorycznego oleju w bardzo apetycznej formie, tak\u017ce jako smarowid\u0142o.<\/p>\n<p style=\"text-align: justify;\">Tego rodzaju majonez charakteryzuje si\u0119 d\u0142ug\u0105 trwa\u0142o\u015bci\u0105 ze wzgl\u0119du na bardzo nisk\u0105 aktywno\u015b\u0107 wody i warto\u015b\u0107 pH i mo\u017ce by\u0107 przechowywany w s\u0142oikach przez d\u0142ugi czas.<\/p>\n<p style=\"text-align: justify;\">Tradycyjn\u0105 metod\u0119 ubijania oleju w jajku i wodzie zast\u0105piono nowoczesnymi metodami pr\u00f3\u017cniowymi, kt\u00f3re usuwaj\u0105 powietrze z\u00a0produktu i zapobiegaj\u0105 jego je\u0142czeniu.<\/p>\n","protected":false},"excerpt":{"rendered":"<p>\u201eTradycyjny\u201d majonez sto\u0142owy wytwarza si\u0119 na bazie du\u017cej ilo\u015bci oleju ubijanego z wod\u0105, \u017c\u00f3\u0142tkami i octem, by otrzyma\u0107 g\u0119sty i\u00a0kremowy produkt. Jajka pe\u0142ni\u0105 funkcj\u0119 emulgatora \u0142\u0105cz\u0105cego faz\u0119 wodn\u0105 z faz\u0105 olejow\u0105, a ocet to naturalny konserwant. Cz\u0119stym dodatkiem s\u0105 przyprawy, &hellip; <a class=\"continue-reading\" href=\"https:\/\/katech-solutions.com\/pl\/majonez\/majonez-stolowy\/\">Czytaj dalej <span class=\"meta-nav\">&rarr;<\/span><\/a><\/p>\n","protected":false},"author":28,"featured_media":0,"parent":7230,"menu_order":0,"comment_status":"closed","ping_status":"open","template":"","meta":{"_acf_changed":false,"footnotes":""},"class_list":["post-7241","page","type-page","status-publish","hentry"],"acf":[],"yoast_head":"<!-- This site is optimized with the Yoast SEO plugin v27.2 - https:\/\/yoast.com\/product\/yoast-seo-wordpress\/ -->\n<title>Majonez sto\u0142owy |<\/title>\n<meta name=\"robots\" content=\"index, follow, max-snippet:-1, max-image-preview:large, max-video-preview:-1\" \/>\n<link rel=\"canonical\" href=\"https:\/\/katech-solutions.com\/pl\/majonez\/majonez-stolowy\/\" \/>\n<meta property=\"og:locale\" content=\"pl_PL\" \/>\n<meta property=\"og:type\" content=\"article\" \/>\n<meta property=\"og:title\" content=\"Majonez sto\u0142owy |\" \/>\n<meta property=\"og:description\" content=\"\u201eTradycyjny\u201d majonez sto\u0142owy wytwarza si\u0119 na bazie du\u017cej ilo\u015bci oleju ubijanego z wod\u0105, \u017c\u00f3\u0142tkami i octem, by otrzyma\u0107 g\u0119sty i\u00a0kremowy produkt. Jajka pe\u0142ni\u0105 funkcj\u0119 emulgatora \u0142\u0105cz\u0105cego faz\u0119 wodn\u0105 z faz\u0105 olejow\u0105, a ocet to naturalny konserwant. Cz\u0119stym dodatkiem s\u0105 przyprawy, &hellip; Czytaj dalej &rarr;\" \/>\n<meta property=\"og:url\" content=\"https:\/\/katech-solutions.com\/pl\/majonez\/majonez-stolowy\/\" \/>\n<meta property=\"og:site_name\" content=\"KaTech\" \/>\n<meta property=\"article:modified_time\" content=\"2017-11-30T07:09:03+00:00\" \/>\n<meta name=\"twitter:label1\" content=\"Szacowany czas czytania\" \/>\n\t<meta name=\"twitter:data1\" content=\"1 minuta\" \/>\n<script type=\"application\/ld+json\" class=\"yoast-schema-graph\">{\"@context\":\"https:\/\/schema.org\",\"@graph\":[{\"@type\":\"WebPage\",\"@id\":\"https:\/\/katech-solutions.com\/pl\/majonez\/majonez-stolowy\/\",\"url\":\"https:\/\/katech-solutions.com\/pl\/majonez\/majonez-stolowy\/\",\"name\":\"Majonez sto\u0142owy |\",\"isPartOf\":{\"@id\":\"https:\/\/katech-solutions.com\/#website\"},\"datePublished\":\"2016-08-04T14:49:56+00:00\",\"dateModified\":\"2017-11-30T07:09:03+00:00\",\"breadcrumb\":{\"@id\":\"https:\/\/katech-solutions.com\/pl\/majonez\/majonez-stolowy\/#breadcrumb\"},\"inLanguage\":\"pl-PL\",\"potentialAction\":[{\"@type\":\"ReadAction\",\"target\":[\"https:\/\/katech-solutions.com\/pl\/majonez\/majonez-stolowy\/\"]}]},{\"@type\":\"BreadcrumbList\",\"@id\":\"https:\/\/katech-solutions.com\/pl\/majonez\/majonez-stolowy\/#breadcrumb\",\"itemListElement\":[{\"@type\":\"ListItem\",\"position\":1,\"name\":\"Majonez\",\"item\":\"https:\/\/katech-solutions.com\/pl\/majonez\/\"},{\"@type\":\"ListItem\",\"position\":2,\"name\":\"Majonez sto\u0142owy\"}]},{\"@type\":\"WebSite\",\"@id\":\"https:\/\/katech-solutions.com\/#website\",\"url\":\"https:\/\/katech-solutions.com\/\",\"name\":\"KaTech\",\"description\":\"\",\"potentialAction\":[{\"@type\":\"SearchAction\",\"target\":{\"@type\":\"EntryPoint\",\"urlTemplate\":\"https:\/\/katech-solutions.com\/?s={search_term_string}\"},\"query-input\":{\"@type\":\"PropertyValueSpecification\",\"valueRequired\":true,\"valueName\":\"search_term_string\"}}],\"inLanguage\":\"pl-PL\"}]}<\/script>\n<!-- \/ Yoast SEO plugin. -->","yoast_head_json":{"title":"Majonez sto\u0142owy |","robots":{"index":"index","follow":"follow","max-snippet":"max-snippet:-1","max-image-preview":"max-image-preview:large","max-video-preview":"max-video-preview:-1"},"canonical":"https:\/\/katech-solutions.com\/pl\/majonez\/majonez-stolowy\/","og_locale":"pl_PL","og_type":"article","og_title":"Majonez sto\u0142owy |","og_description":"\u201eTradycyjny\u201d majonez sto\u0142owy wytwarza si\u0119 na bazie du\u017cej ilo\u015bci oleju ubijanego z wod\u0105, \u017c\u00f3\u0142tkami i octem, by otrzyma\u0107 g\u0119sty i\u00a0kremowy produkt. Jajka pe\u0142ni\u0105 funkcj\u0119 emulgatora \u0142\u0105cz\u0105cego faz\u0119 wodn\u0105 z faz\u0105 olejow\u0105, a ocet to naturalny konserwant. Cz\u0119stym dodatkiem s\u0105 przyprawy, &hellip; Czytaj dalej &rarr;","og_url":"https:\/\/katech-solutions.com\/pl\/majonez\/majonez-stolowy\/","og_site_name":"KaTech","article_modified_time":"2017-11-30T07:09:03+00:00","twitter_misc":{"Szacowany czas czytania":"1 minuta"},"schema":{"@context":"https:\/\/schema.org","@graph":[{"@type":"WebPage","@id":"https:\/\/katech-solutions.com\/pl\/majonez\/majonez-stolowy\/","url":"https:\/\/katech-solutions.com\/pl\/majonez\/majonez-stolowy\/","name":"Majonez sto\u0142owy |","isPartOf":{"@id":"https:\/\/katech-solutions.com\/#website"},"datePublished":"2016-08-04T14:49:56+00:00","dateModified":"2017-11-30T07:09:03+00:00","breadcrumb":{"@id":"https:\/\/katech-solutions.com\/pl\/majonez\/majonez-stolowy\/#breadcrumb"},"inLanguage":"pl-PL","potentialAction":[{"@type":"ReadAction","target":["https:\/\/katech-solutions.com\/pl\/majonez\/majonez-stolowy\/"]}]},{"@type":"BreadcrumbList","@id":"https:\/\/katech-solutions.com\/pl\/majonez\/majonez-stolowy\/#breadcrumb","itemListElement":[{"@type":"ListItem","position":1,"name":"Majonez","item":"https:\/\/katech-solutions.com\/pl\/majonez\/"},{"@type":"ListItem","position":2,"name":"Majonez sto\u0142owy"}]},{"@type":"WebSite","@id":"https:\/\/katech-solutions.com\/#website","url":"https:\/\/katech-solutions.com\/","name":"KaTech","description":"","potentialAction":[{"@type":"SearchAction","target":{"@type":"EntryPoint","urlTemplate":"https:\/\/katech-solutions.com\/?s={search_term_string}"},"query-input":{"@type":"PropertyValueSpecification","valueRequired":true,"valueName":"search_term_string"}}],"inLanguage":"pl-PL"}]}},"_links":{"self":[{"href":"https:\/\/katech-solutions.com\/pl\/wp-json\/wp\/v2\/pages\/7241","targetHints":{"allow":["GET"]}}],"collection":[{"href":"https:\/\/katech-solutions.com\/pl\/wp-json\/wp\/v2\/pages"}],"about":[{"href":"https:\/\/katech-solutions.com\/pl\/wp-json\/wp\/v2\/types\/page"}],"author":[{"embeddable":true,"href":"https:\/\/katech-solutions.com\/pl\/wp-json\/wp\/v2\/users\/28"}],"replies":[{"embeddable":true,"href":"https:\/\/katech-solutions.com\/pl\/wp-json\/wp\/v2\/comments?post=7241"}],"version-history":[{"count":3,"href":"https:\/\/katech-solutions.com\/pl\/wp-json\/wp\/v2\/pages\/7241\/revisions"}],"predecessor-version":[{"id":8811,"href":"https:\/\/katech-solutions.com\/pl\/wp-json\/wp\/v2\/pages\/7241\/revisions\/8811"}],"up":[{"embeddable":true,"href":"https:\/\/katech-solutions.com\/pl\/wp-json\/wp\/v2\/pages\/7230"}],"wp:attachment":[{"href":"https:\/\/katech-solutions.com\/pl\/wp-json\/wp\/v2\/media?parent=7241"}],"curies":[{"name":"wp","href":"https:\/\/api.w.org\/{rel}","templated":true}]}}