{"id":7239,"date":"2016-08-04T14:47:18","date_gmt":"2016-08-04T14:47:18","guid":{"rendered":"https:\/\/www.khpartner.com\/pl\/?page_id=7239"},"modified":"2017-11-03T10:54:35","modified_gmt":"2017-11-03T10:54:35","slug":"majonez-bezjajeczny","status":"publish","type":"page","link":"https:\/\/katech-solutions.com\/pl\/majonez\/majonez-bezjajeczny\/","title":{"rendered":"Majonez bezjajeczny"},"content":{"rendered":"<p style=\"text-align: justify;\">Majonez bezjajeczny pojawi\u0142 si\u0119 na rynku w ostatnich latach w odpowiedzi na ca\u0142y szereg czynnik\u00f3w, takich jak:<\/p>\n<ul>\n<li style=\"text-align: justify;\">wymagania sprzedawc\u00f3w i konsument\u00f3w dotycz\u0105ce niestosowania jaj z chowu klatkowego \u2013 te mog\u0105 prowadzi\u0107 do problem\u00f3w producent\u00f3w \u017cywno\u015bci z zapewnieniem ci\u0105g\u0142o\u015bci dostaw i do wzrostu cen<\/li>\n<li style=\"text-align: justify;\">nowe nawyki \u017cywieniowe konsument\u00f3w \u2013 wi\u0119kszy odsetek ludno\u015bci decyduje si\u0119 na diet\u0119 wega\u0144sk\u0105, niezawieraj\u0105c\u0105 nabia\u0142u lub jajek<\/li>\n<li style=\"text-align: justify;\">obawy konsument\u00f3w dotycz\u0105ce zdrowia \u2013 powtarzaj\u0105ce si\u0119 przypadki zatru\u0107 Salmonell\u0105, czy epidemie ptasiej grypy<\/li>\n<li style=\"text-align: justify;\">przepisy w niekt\u00f3rych krajach zabraniaj\u0105ce wykorzystywania jaj w produkcji \u017cywno\u015bci<\/li>\n<li style=\"text-align: justify;\">brak infrastruktury do transportu produkt\u00f3w \u0142atwo psuj\u0105cych si\u0119, takich jak jajka<\/li>\n<\/ul>\n","protected":false},"excerpt":{"rendered":"<p>Majonez bezjajeczny pojawi\u0142 si\u0119 na rynku w ostatnich latach w odpowiedzi na ca\u0142y szereg czynnik\u00f3w, takich jak: wymagania sprzedawc\u00f3w i konsument\u00f3w dotycz\u0105ce niestosowania jaj z chowu klatkowego \u2013 te mog\u0105 prowadzi\u0107 do problem\u00f3w producent\u00f3w \u017cywno\u015bci z zapewnieniem ci\u0105g\u0142o\u015bci dostaw i &hellip; <a class=\"continue-reading\" href=\"https:\/\/katech-solutions.com\/pl\/majonez\/majonez-bezjajeczny\/\">Czytaj dalej <span class=\"meta-nav\">&rarr;<\/span><\/a><\/p>\n","protected":false},"author":28,"featured_media":0,"parent":7230,"menu_order":0,"comment_status":"closed","ping_status":"open","template":"","meta":{"_acf_changed":false,"footnotes":""},"class_list":["post-7239","page","type-page","status-publish","hentry"],"acf":[],"yoast_head":"<!-- This site is optimized with the Yoast SEO plugin v27.2 - https:\/\/yoast.com\/product\/yoast-seo-wordpress\/ -->\n<title>Majonez bezjajeczny |<\/title>\n<meta name=\"robots\" content=\"index, follow, max-snippet:-1, max-image-preview:large, max-video-preview:-1\" \/>\n<link rel=\"canonical\" href=\"https:\/\/katech-solutions.com\/pl\/majonez\/majonez-bezjajeczny\/\" \/>\n<meta property=\"og:locale\" content=\"pl_PL\" \/>\n<meta property=\"og:type\" content=\"article\" \/>\n<meta property=\"og:title\" content=\"Majonez bezjajeczny |\" \/>\n<meta property=\"og:description\" content=\"Majonez bezjajeczny pojawi\u0142 si\u0119 na rynku w ostatnich latach w odpowiedzi na ca\u0142y szereg czynnik\u00f3w, takich jak: wymagania sprzedawc\u00f3w i konsument\u00f3w dotycz\u0105ce niestosowania jaj z chowu klatkowego \u2013 te mog\u0105 prowadzi\u0107 do problem\u00f3w producent\u00f3w \u017cywno\u015bci z zapewnieniem ci\u0105g\u0142o\u015bci dostaw i &hellip; Czytaj dalej &rarr;\" \/>\n<meta property=\"og:url\" content=\"https:\/\/katech-solutions.com\/pl\/majonez\/majonez-bezjajeczny\/\" \/>\n<meta property=\"og:site_name\" content=\"KaTech\" \/>\n<meta property=\"article:modified_time\" content=\"2017-11-03T10:54:35+00:00\" \/>\n<meta name=\"twitter:label1\" content=\"Szacowany czas czytania\" \/>\n\t<meta name=\"twitter:data1\" content=\"1 minuta\" \/>\n<script type=\"application\/ld+json\" class=\"yoast-schema-graph\">{\"@context\":\"https:\/\/schema.org\",\"@graph\":[{\"@type\":\"WebPage\",\"@id\":\"https:\/\/katech-solutions.com\/pl\/majonez\/majonez-bezjajeczny\/\",\"url\":\"https:\/\/katech-solutions.com\/pl\/majonez\/majonez-bezjajeczny\/\",\"name\":\"Majonez bezjajeczny |\",\"isPartOf\":{\"@id\":\"https:\/\/katech-solutions.com\/#website\"},\"datePublished\":\"2016-08-04T14:47:18+00:00\",\"dateModified\":\"2017-11-03T10:54:35+00:00\",\"breadcrumb\":{\"@id\":\"https:\/\/katech-solutions.com\/pl\/majonez\/majonez-bezjajeczny\/#breadcrumb\"},\"inLanguage\":\"pl-PL\",\"potentialAction\":[{\"@type\":\"ReadAction\",\"target\":[\"https:\/\/katech-solutions.com\/pl\/majonez\/majonez-bezjajeczny\/\"]}]},{\"@type\":\"BreadcrumbList\",\"@id\":\"https:\/\/katech-solutions.com\/pl\/majonez\/majonez-bezjajeczny\/#breadcrumb\",\"itemListElement\":[{\"@type\":\"ListItem\",\"position\":1,\"name\":\"Majonez\",\"item\":\"https:\/\/katech-solutions.com\/pl\/majonez\/\"},{\"@type\":\"ListItem\",\"position\":2,\"name\":\"Majonez bezjajeczny\"}]},{\"@type\":\"WebSite\",\"@id\":\"https:\/\/katech-solutions.com\/#website\",\"url\":\"https:\/\/katech-solutions.com\/\",\"name\":\"KaTech\",\"description\":\"\",\"potentialAction\":[{\"@type\":\"SearchAction\",\"target\":{\"@type\":\"EntryPoint\",\"urlTemplate\":\"https:\/\/katech-solutions.com\/?s={search_term_string}\"},\"query-input\":{\"@type\":\"PropertyValueSpecification\",\"valueRequired\":true,\"valueName\":\"search_term_string\"}}],\"inLanguage\":\"pl-PL\"}]}<\/script>\n<!-- \/ Yoast SEO plugin. -->","yoast_head_json":{"title":"Majonez bezjajeczny |","robots":{"index":"index","follow":"follow","max-snippet":"max-snippet:-1","max-image-preview":"max-image-preview:large","max-video-preview":"max-video-preview:-1"},"canonical":"https:\/\/katech-solutions.com\/pl\/majonez\/majonez-bezjajeczny\/","og_locale":"pl_PL","og_type":"article","og_title":"Majonez bezjajeczny |","og_description":"Majonez bezjajeczny pojawi\u0142 si\u0119 na rynku w ostatnich latach w odpowiedzi na ca\u0142y szereg czynnik\u00f3w, takich jak: wymagania sprzedawc\u00f3w i konsument\u00f3w dotycz\u0105ce niestosowania jaj z chowu klatkowego \u2013 te mog\u0105 prowadzi\u0107 do problem\u00f3w producent\u00f3w \u017cywno\u015bci z zapewnieniem ci\u0105g\u0142o\u015bci dostaw i &hellip; Czytaj dalej &rarr;","og_url":"https:\/\/katech-solutions.com\/pl\/majonez\/majonez-bezjajeczny\/","og_site_name":"KaTech","article_modified_time":"2017-11-03T10:54:35+00:00","twitter_misc":{"Szacowany czas czytania":"1 minuta"},"schema":{"@context":"https:\/\/schema.org","@graph":[{"@type":"WebPage","@id":"https:\/\/katech-solutions.com\/pl\/majonez\/majonez-bezjajeczny\/","url":"https:\/\/katech-solutions.com\/pl\/majonez\/majonez-bezjajeczny\/","name":"Majonez bezjajeczny |","isPartOf":{"@id":"https:\/\/katech-solutions.com\/#website"},"datePublished":"2016-08-04T14:47:18+00:00","dateModified":"2017-11-03T10:54:35+00:00","breadcrumb":{"@id":"https:\/\/katech-solutions.com\/pl\/majonez\/majonez-bezjajeczny\/#breadcrumb"},"inLanguage":"pl-PL","potentialAction":[{"@type":"ReadAction","target":["https:\/\/katech-solutions.com\/pl\/majonez\/majonez-bezjajeczny\/"]}]},{"@type":"BreadcrumbList","@id":"https:\/\/katech-solutions.com\/pl\/majonez\/majonez-bezjajeczny\/#breadcrumb","itemListElement":[{"@type":"ListItem","position":1,"name":"Majonez","item":"https:\/\/katech-solutions.com\/pl\/majonez\/"},{"@type":"ListItem","position":2,"name":"Majonez bezjajeczny"}]},{"@type":"WebSite","@id":"https:\/\/katech-solutions.com\/#website","url":"https:\/\/katech-solutions.com\/","name":"KaTech","description":"","potentialAction":[{"@type":"SearchAction","target":{"@type":"EntryPoint","urlTemplate":"https:\/\/katech-solutions.com\/?s={search_term_string}"},"query-input":{"@type":"PropertyValueSpecification","valueRequired":true,"valueName":"search_term_string"}}],"inLanguage":"pl-PL"}]}},"_links":{"self":[{"href":"https:\/\/katech-solutions.com\/pl\/wp-json\/wp\/v2\/pages\/7239","targetHints":{"allow":["GET"]}}],"collection":[{"href":"https:\/\/katech-solutions.com\/pl\/wp-json\/wp\/v2\/pages"}],"about":[{"href":"https:\/\/katech-solutions.com\/pl\/wp-json\/wp\/v2\/types\/page"}],"author":[{"embeddable":true,"href":"https:\/\/katech-solutions.com\/pl\/wp-json\/wp\/v2\/users\/28"}],"replies":[{"embeddable":true,"href":"https:\/\/katech-solutions.com\/pl\/wp-json\/wp\/v2\/comments?post=7239"}],"version-history":[{"count":10,"href":"https:\/\/katech-solutions.com\/pl\/wp-json\/wp\/v2\/pages\/7239\/revisions"}],"predecessor-version":[{"id":8552,"href":"https:\/\/katech-solutions.com\/pl\/wp-json\/wp\/v2\/pages\/7239\/revisions\/8552"}],"up":[{"embeddable":true,"href":"https:\/\/katech-solutions.com\/pl\/wp-json\/wp\/v2\/pages\/7230"}],"wp:attachment":[{"href":"https:\/\/katech-solutions.com\/pl\/wp-json\/wp\/v2\/media?parent=7239"}],"curies":[{"name":"wp","href":"https:\/\/api.w.org\/{rel}","templated":true}]}}