{"id":7235,"date":"2016-08-04T14:46:00","date_gmt":"2016-08-04T14:46:00","guid":{"rendered":"https:\/\/www.khpartner.com\/pl\/?page_id=7235"},"modified":"2016-10-24T13:37:16","modified_gmt":"2016-10-24T13:37:16","slug":"majonez-salatki-coleslaw","status":"publish","type":"page","link":"https:\/\/katech-solutions.com\/pl\/majonez\/majonez-salatki-coleslaw\/","title":{"rendered":"Majonez do sa\u0142atki Coleslaw"},"content":{"rendered":"<p style=\"text-align: justify;\">Jak po\u0142\u0105czy\u0107 tanie i powszechnie dost\u0119pne warzywa takie, jak kapusta, marchew i cebula w co\u015b pysznego? Wystarczy wymiesza\u0107 je z g\u0142adkim i kremowym majonezem, a uzyskamy przek\u0105sk\u0119, kt\u00f3ra jest doskona\u0142a w smaku, ma wysok\u0105 warto\u015b\u0107 energetyczn\u0105 i jest bogata w sk\u0142adniki od\u017cywcze z warzyw. Dodanie majonezu do warzyw wyd\u0142u\u017cy tak\u017ce termin przydatno\u015bci gotowego produktu.<\/p>\n<p style=\"text-align: justify;\">Do zrobienia tego typu sa\u0142atki w domu mo\u017cna u\u017cy\u0107 tradycyjnego majonezu zawieraj\u0105cego 80% oleju. W produkcji na wi\u0119ksz\u0105 skal\u0119 takie rozwi\u0105zanie by\u0142oby bardzo kosztowne. Zmniejszenie zawarto\u015bci oleju mo\u017ce spowodowa\u0107 jednak utrat\u0119 lepko\u015bci i\u00a0kremowo\u015bci majonezu. Jednym z rozwi\u0105za\u0144 mo\u017ce by\u0107 dodanie skrobi. Nale\u017cy jednak pami\u0119ta\u0107 o tym, \u017ce po zmieszaniu z\u00a0pokrojonymi warzywami, z kt\u00f3rych uwalniaj\u0105 si\u0119 enzymy, majonez do sa\u0142atki Coleslaw mo\u017ce sta\u0107 si\u0119 o wiele rzadszy.<\/p>\n","protected":false},"excerpt":{"rendered":"<p>Jak po\u0142\u0105czy\u0107 tanie i powszechnie dost\u0119pne warzywa takie, jak kapusta, marchew i cebula w co\u015b pysznego? Wystarczy wymiesza\u0107 je z g\u0142adkim i kremowym majonezem, a uzyskamy przek\u0105sk\u0119, kt\u00f3ra jest doskona\u0142a w smaku, ma wysok\u0105 warto\u015b\u0107 energetyczn\u0105 i jest bogata w &hellip; <a class=\"continue-reading\" href=\"https:\/\/katech-solutions.com\/pl\/majonez\/majonez-salatki-coleslaw\/\">Czytaj dalej <span class=\"meta-nav\">&rarr;<\/span><\/a><\/p>\n","protected":false},"author":28,"featured_media":0,"parent":7230,"menu_order":0,"comment_status":"closed","ping_status":"open","template":"","meta":{"_acf_changed":false,"footnotes":""},"class_list":["post-7235","page","type-page","status-publish","hentry"],"acf":[],"yoast_head":"<!-- This site is optimized with the Yoast SEO plugin v27.2 - https:\/\/yoast.com\/product\/yoast-seo-wordpress\/ -->\n<title>Majonez do sa\u0142atki Coleslaw |<\/title>\n<meta name=\"robots\" content=\"index, follow, max-snippet:-1, max-image-preview:large, max-video-preview:-1\" \/>\n<link rel=\"canonical\" href=\"https:\/\/katech-solutions.com\/pl\/majonez\/majonez-salatki-coleslaw\/\" \/>\n<meta property=\"og:locale\" content=\"pl_PL\" \/>\n<meta property=\"og:type\" content=\"article\" \/>\n<meta property=\"og:title\" content=\"Majonez do sa\u0142atki Coleslaw |\" \/>\n<meta property=\"og:description\" content=\"Jak po\u0142\u0105czy\u0107 tanie i powszechnie dost\u0119pne warzywa takie, jak kapusta, marchew i cebula w co\u015b pysznego? Wystarczy wymiesza\u0107 je z g\u0142adkim i kremowym majonezem, a uzyskamy przek\u0105sk\u0119, kt\u00f3ra jest doskona\u0142a w smaku, ma wysok\u0105 warto\u015b\u0107 energetyczn\u0105 i jest bogata w &hellip; Czytaj dalej &rarr;\" \/>\n<meta property=\"og:url\" content=\"https:\/\/katech-solutions.com\/pl\/majonez\/majonez-salatki-coleslaw\/\" \/>\n<meta property=\"og:site_name\" content=\"KaTech\" \/>\n<meta property=\"article:modified_time\" content=\"2016-10-24T13:37:16+00:00\" \/>\n<meta name=\"twitter:label1\" content=\"Szacowany czas czytania\" \/>\n\t<meta name=\"twitter:data1\" content=\"1 minuta\" \/>\n<script type=\"application\/ld+json\" class=\"yoast-schema-graph\">{\"@context\":\"https:\/\/schema.org\",\"@graph\":[{\"@type\":\"WebPage\",\"@id\":\"https:\/\/katech-solutions.com\/pl\/majonez\/majonez-salatki-coleslaw\/\",\"url\":\"https:\/\/katech-solutions.com\/pl\/majonez\/majonez-salatki-coleslaw\/\",\"name\":\"Majonez do sa\u0142atki Coleslaw |\",\"isPartOf\":{\"@id\":\"https:\/\/katech-solutions.com\/#website\"},\"datePublished\":\"2016-08-04T14:46:00+00:00\",\"dateModified\":\"2016-10-24T13:37:16+00:00\",\"breadcrumb\":{\"@id\":\"https:\/\/katech-solutions.com\/pl\/majonez\/majonez-salatki-coleslaw\/#breadcrumb\"},\"inLanguage\":\"pl-PL\",\"potentialAction\":[{\"@type\":\"ReadAction\",\"target\":[\"https:\/\/katech-solutions.com\/pl\/majonez\/majonez-salatki-coleslaw\/\"]}]},{\"@type\":\"BreadcrumbList\",\"@id\":\"https:\/\/katech-solutions.com\/pl\/majonez\/majonez-salatki-coleslaw\/#breadcrumb\",\"itemListElement\":[{\"@type\":\"ListItem\",\"position\":1,\"name\":\"Majonez\",\"item\":\"https:\/\/katech-solutions.com\/pl\/majonez\/\"},{\"@type\":\"ListItem\",\"position\":2,\"name\":\"Majonez do sa\u0142atki Coleslaw\"}]},{\"@type\":\"WebSite\",\"@id\":\"https:\/\/katech-solutions.com\/#website\",\"url\":\"https:\/\/katech-solutions.com\/\",\"name\":\"KaTech\",\"description\":\"\",\"potentialAction\":[{\"@type\":\"SearchAction\",\"target\":{\"@type\":\"EntryPoint\",\"urlTemplate\":\"https:\/\/katech-solutions.com\/?s={search_term_string}\"},\"query-input\":{\"@type\":\"PropertyValueSpecification\",\"valueRequired\":true,\"valueName\":\"search_term_string\"}}],\"inLanguage\":\"pl-PL\"}]}<\/script>\n<!-- \/ Yoast SEO plugin. -->","yoast_head_json":{"title":"Majonez do sa\u0142atki Coleslaw |","robots":{"index":"index","follow":"follow","max-snippet":"max-snippet:-1","max-image-preview":"max-image-preview:large","max-video-preview":"max-video-preview:-1"},"canonical":"https:\/\/katech-solutions.com\/pl\/majonez\/majonez-salatki-coleslaw\/","og_locale":"pl_PL","og_type":"article","og_title":"Majonez do sa\u0142atki Coleslaw |","og_description":"Jak po\u0142\u0105czy\u0107 tanie i powszechnie dost\u0119pne warzywa takie, jak kapusta, marchew i cebula w co\u015b pysznego? Wystarczy wymiesza\u0107 je z g\u0142adkim i kremowym majonezem, a uzyskamy przek\u0105sk\u0119, kt\u00f3ra jest doskona\u0142a w smaku, ma wysok\u0105 warto\u015b\u0107 energetyczn\u0105 i jest bogata w &hellip; Czytaj dalej &rarr;","og_url":"https:\/\/katech-solutions.com\/pl\/majonez\/majonez-salatki-coleslaw\/","og_site_name":"KaTech","article_modified_time":"2016-10-24T13:37:16+00:00","twitter_misc":{"Szacowany czas czytania":"1 minuta"},"schema":{"@context":"https:\/\/schema.org","@graph":[{"@type":"WebPage","@id":"https:\/\/katech-solutions.com\/pl\/majonez\/majonez-salatki-coleslaw\/","url":"https:\/\/katech-solutions.com\/pl\/majonez\/majonez-salatki-coleslaw\/","name":"Majonez do sa\u0142atki Coleslaw |","isPartOf":{"@id":"https:\/\/katech-solutions.com\/#website"},"datePublished":"2016-08-04T14:46:00+00:00","dateModified":"2016-10-24T13:37:16+00:00","breadcrumb":{"@id":"https:\/\/katech-solutions.com\/pl\/majonez\/majonez-salatki-coleslaw\/#breadcrumb"},"inLanguage":"pl-PL","potentialAction":[{"@type":"ReadAction","target":["https:\/\/katech-solutions.com\/pl\/majonez\/majonez-salatki-coleslaw\/"]}]},{"@type":"BreadcrumbList","@id":"https:\/\/katech-solutions.com\/pl\/majonez\/majonez-salatki-coleslaw\/#breadcrumb","itemListElement":[{"@type":"ListItem","position":1,"name":"Majonez","item":"https:\/\/katech-solutions.com\/pl\/majonez\/"},{"@type":"ListItem","position":2,"name":"Majonez do sa\u0142atki Coleslaw"}]},{"@type":"WebSite","@id":"https:\/\/katech-solutions.com\/#website","url":"https:\/\/katech-solutions.com\/","name":"KaTech","description":"","potentialAction":[{"@type":"SearchAction","target":{"@type":"EntryPoint","urlTemplate":"https:\/\/katech-solutions.com\/?s={search_term_string}"},"query-input":{"@type":"PropertyValueSpecification","valueRequired":true,"valueName":"search_term_string"}}],"inLanguage":"pl-PL"}]}},"_links":{"self":[{"href":"https:\/\/katech-solutions.com\/pl\/wp-json\/wp\/v2\/pages\/7235","targetHints":{"allow":["GET"]}}],"collection":[{"href":"https:\/\/katech-solutions.com\/pl\/wp-json\/wp\/v2\/pages"}],"about":[{"href":"https:\/\/katech-solutions.com\/pl\/wp-json\/wp\/v2\/types\/page"}],"author":[{"embeddable":true,"href":"https:\/\/katech-solutions.com\/pl\/wp-json\/wp\/v2\/users\/28"}],"replies":[{"embeddable":true,"href":"https:\/\/katech-solutions.com\/pl\/wp-json\/wp\/v2\/comments?post=7235"}],"version-history":[{"count":2,"href":"https:\/\/katech-solutions.com\/pl\/wp-json\/wp\/v2\/pages\/7235\/revisions"}],"predecessor-version":[{"id":7585,"href":"https:\/\/katech-solutions.com\/pl\/wp-json\/wp\/v2\/pages\/7235\/revisions\/7585"}],"up":[{"embeddable":true,"href":"https:\/\/katech-solutions.com\/pl\/wp-json\/wp\/v2\/pages\/7230"}],"wp:attachment":[{"href":"https:\/\/katech-solutions.com\/pl\/wp-json\/wp\/v2\/media?parent=7235"}],"curies":[{"name":"wp","href":"https:\/\/api.w.org\/{rel}","templated":true}]}}