{"id":7234,"date":"2016-08-04T14:46:00","date_gmt":"2016-08-04T14:46:00","guid":{"rendered":"https:\/\/www.khpartner.com\/pl\/?page_id=7234"},"modified":"2018-12-06T11:36:00","modified_gmt":"2018-12-06T11:36:00","slug":"biura-sprzedazy-polska","status":"publish","type":"page","link":"https:\/\/katech-solutions.com\/pl\/biura-sprzedazy-polska\/","title":{"rendered":"Biura sprzeda\u017cy, Polska"},"content":{"rendered":"<h2>Biura sprzeda\u017cy, Polska<\/h2>\n<p style=\"text-align: justify;\">Biura sprzeda\u017cy naszej filii w St\u0119szewie ko\u0142o Poznania obs\u0142uguj\u0105 rynek polski oraz\u00a0inne rynki\u00a0wschodnioeuropejskie. Nasi wykwalifikowani pracownicy doskonale znaj\u0105\u00a0specyficzne wymagania odnosz\u0105ce si\u0119 do rynku produkt\u00f3w spo\u017cywczych i \u017cywno\u015bci w Polsce i innych krajach Europy wschodniej i oferuj\u0105 fachowe wsparcie technologiczne oraz doradztwo na miejscu.\u00a0Gotowe produkty wysy\u0142ane s\u0105 do naszych klient\u00f3w z obszernego magazynu z kontrolowan\u0105 temperatur\u0105 i wilgotno\u015bci\u0105.<\/p>\n<p>&nbsp;<\/p>\n","protected":false},"excerpt":{"rendered":"<p>Biura sprzeda\u017cy, Polska Biura sprzeda\u017cy naszej filii w St\u0119szewie ko\u0142o Poznania obs\u0142uguj\u0105 rynek polski oraz\u00a0inne rynki\u00a0wschodnioeuropejskie. Nasi wykwalifikowani pracownicy doskonale znaj\u0105\u00a0specyficzne wymagania odnosz\u0105ce si\u0119 do rynku produkt\u00f3w spo\u017cywczych i \u017cywno\u015bci w Polsce i innych krajach Europy wschodniej i oferuj\u0105 fachowe &hellip; <a class=\"continue-reading\" href=\"https:\/\/katech-solutions.com\/pl\/biura-sprzedazy-polska\/\">Czytaj dalej <span class=\"meta-nav\">&rarr;<\/span><\/a><\/p>\n","protected":false},"author":3,"featured_media":0,"parent":0,"menu_order":4,"comment_status":"closed","ping_status":"closed","template":"layout-content-3.php","meta":{"_acf_changed":false,"footnotes":""},"class_list":["post-7234","page","type-page","status-publish","hentry"],"acf":[],"yoast_head":"<!-- This site is optimized with the Yoast SEO plugin v27.2 - https:\/\/yoast.com\/product\/yoast-seo-wordpress\/ -->\n<title>Biura sprzeda\u017cy, Polska |<\/title>\n<meta name=\"robots\" content=\"index, follow, max-snippet:-1, max-image-preview:large, max-video-preview:-1\" \/>\n<link rel=\"canonical\" href=\"https:\/\/katech-solutions.com\/pl\/biura-sprzedazy-polska\/\" \/>\n<meta property=\"og:locale\" content=\"pl_PL\" \/>\n<meta property=\"og:type\" content=\"article\" \/>\n<meta property=\"og:title\" content=\"Biura sprzeda\u017cy, Polska |\" \/>\n<meta property=\"og:description\" content=\"Biura sprzeda\u017cy, Polska Biura sprzeda\u017cy naszej filii w St\u0119szewie ko\u0142o Poznania obs\u0142uguj\u0105 rynek polski oraz\u00a0inne rynki\u00a0wschodnioeuropejskie. Nasi wykwalifikowani pracownicy doskonale znaj\u0105\u00a0specyficzne wymagania odnosz\u0105ce si\u0119 do rynku produkt\u00f3w spo\u017cywczych i \u017cywno\u015bci w Polsce i innych krajach Europy wschodniej i oferuj\u0105 fachowe &hellip; Czytaj dalej &rarr;\" \/>\n<meta property=\"og:url\" content=\"https:\/\/katech-solutions.com\/pl\/biura-sprzedazy-polska\/\" \/>\n<meta property=\"og:site_name\" content=\"KaTech\" \/>\n<meta property=\"article:modified_time\" content=\"2018-12-06T11:36:00+00:00\" \/>\n<script type=\"application\/ld+json\" class=\"yoast-schema-graph\">{\"@context\":\"https:\/\/schema.org\",\"@graph\":[{\"@type\":\"WebPage\",\"@id\":\"https:\/\/katech-solutions.com\/pl\/biura-sprzedazy-polska\/\",\"url\":\"https:\/\/katech-solutions.com\/pl\/biura-sprzedazy-polska\/\",\"name\":\"Biura sprzeda\u017cy, Polska |\",\"isPartOf\":{\"@id\":\"https:\/\/katech-solutions.com\/#website\"},\"datePublished\":\"2016-08-04T14:46:00+00:00\",\"dateModified\":\"2018-12-06T11:36:00+00:00\",\"inLanguage\":\"pl-PL\",\"potentialAction\":[{\"@type\":\"ReadAction\",\"target\":[\"https:\/\/katech-solutions.com\/pl\/biura-sprzedazy-polska\/\"]}]},{\"@type\":\"WebSite\",\"@id\":\"https:\/\/katech-solutions.com\/#website\",\"url\":\"https:\/\/katech-solutions.com\/\",\"name\":\"KaTech\",\"description\":\"\",\"potentialAction\":[{\"@type\":\"SearchAction\",\"target\":{\"@type\":\"EntryPoint\",\"urlTemplate\":\"https:\/\/katech-solutions.com\/?s={search_term_string}\"},\"query-input\":{\"@type\":\"PropertyValueSpecification\",\"valueRequired\":true,\"valueName\":\"search_term_string\"}}],\"inLanguage\":\"pl-PL\"}]}<\/script>\n<!-- \/ Yoast SEO plugin. -->","yoast_head_json":{"title":"Biura sprzeda\u017cy, Polska |","robots":{"index":"index","follow":"follow","max-snippet":"max-snippet:-1","max-image-preview":"max-image-preview:large","max-video-preview":"max-video-preview:-1"},"canonical":"https:\/\/katech-solutions.com\/pl\/biura-sprzedazy-polska\/","og_locale":"pl_PL","og_type":"article","og_title":"Biura sprzeda\u017cy, Polska |","og_description":"Biura sprzeda\u017cy, Polska Biura sprzeda\u017cy naszej filii w St\u0119szewie ko\u0142o Poznania obs\u0142uguj\u0105 rynek polski oraz\u00a0inne rynki\u00a0wschodnioeuropejskie. Nasi wykwalifikowani pracownicy doskonale znaj\u0105\u00a0specyficzne wymagania odnosz\u0105ce si\u0119 do rynku produkt\u00f3w spo\u017cywczych i \u017cywno\u015bci w Polsce i innych krajach Europy wschodniej i oferuj\u0105 fachowe &hellip; Czytaj dalej &rarr;","og_url":"https:\/\/katech-solutions.com\/pl\/biura-sprzedazy-polska\/","og_site_name":"KaTech","article_modified_time":"2018-12-06T11:36:00+00:00","schema":{"@context":"https:\/\/schema.org","@graph":[{"@type":"WebPage","@id":"https:\/\/katech-solutions.com\/pl\/biura-sprzedazy-polska\/","url":"https:\/\/katech-solutions.com\/pl\/biura-sprzedazy-polska\/","name":"Biura sprzeda\u017cy, Polska |","isPartOf":{"@id":"https:\/\/katech-solutions.com\/#website"},"datePublished":"2016-08-04T14:46:00+00:00","dateModified":"2018-12-06T11:36:00+00:00","inLanguage":"pl-PL","potentialAction":[{"@type":"ReadAction","target":["https:\/\/katech-solutions.com\/pl\/biura-sprzedazy-polska\/"]}]},{"@type":"WebSite","@id":"https:\/\/katech-solutions.com\/#website","url":"https:\/\/katech-solutions.com\/","name":"KaTech","description":"","potentialAction":[{"@type":"SearchAction","target":{"@type":"EntryPoint","urlTemplate":"https:\/\/katech-solutions.com\/?s={search_term_string}"},"query-input":{"@type":"PropertyValueSpecification","valueRequired":true,"valueName":"search_term_string"}}],"inLanguage":"pl-PL"}]}},"_links":{"self":[{"href":"https:\/\/katech-solutions.com\/pl\/wp-json\/wp\/v2\/pages\/7234","targetHints":{"allow":["GET"]}}],"collection":[{"href":"https:\/\/katech-solutions.com\/pl\/wp-json\/wp\/v2\/pages"}],"about":[{"href":"https:\/\/katech-solutions.com\/pl\/wp-json\/wp\/v2\/types\/page"}],"author":[{"embeddable":true,"href":"https:\/\/katech-solutions.com\/pl\/wp-json\/wp\/v2\/users\/3"}],"replies":[{"embeddable":true,"href":"https:\/\/katech-solutions.com\/pl\/wp-json\/wp\/v2\/comments?post=7234"}],"version-history":[{"count":8,"href":"https:\/\/katech-solutions.com\/pl\/wp-json\/wp\/v2\/pages\/7234\/revisions"}],"predecessor-version":[{"id":9150,"href":"https:\/\/katech-solutions.com\/pl\/wp-json\/wp\/v2\/pages\/7234\/revisions\/9150"}],"wp:attachment":[{"href":"https:\/\/katech-solutions.com\/pl\/wp-json\/wp\/v2\/media?parent=7234"}],"curies":[{"name":"wp","href":"https:\/\/api.w.org\/{rel}","templated":true}]}}