{"id":7232,"date":"2016-08-04T14:44:43","date_gmt":"2016-08-04T14:44:43","guid":{"rendered":"https:\/\/www.khpartner.com\/pl\/?page_id=7232"},"modified":"2016-08-05T08:39:00","modified_gmt":"2016-08-05T08:39:00","slug":"majonez-z-czysta-etykieta","status":"publish","type":"page","link":"https:\/\/katech-solutions.com\/pl\/majonez\/majonez-z-czysta-etykieta\/","title":{"rendered":"Majonez z czyst\u0105 etykiet\u0105"},"content":{"rendered":"<p style=\"text-align: justify;\">Majonez z czyst\u0105 etykiet\u0105 pojawi\u0142 si\u0119 na rynku\u00a0w ostatnich latach w\u00a0odpowiedzi na wymagania sieci handlowych oraz klient\u00f3w detalicznych dotycz\u0105cych pozbycia si\u0119 numer\u00f3w E ze sk\u0142adu produkt\u00f3w. Trend ten jest szczeg\u00f3lnie widoczny w Wielkiej Brytanii, gdzie producenci \u017cywno\u015bci\u00a0korzystaj\u0105 z \u201eczystych\u201d sk\u0142adnik\u00f3w z\u00a0\u201ekuchennej p\u00f3\u0142ki\u201d,\u00a0gdy tylko jest to mo\u017cliwe. Mo\u017cna tak\u017ce zaobserwowa\u0107 go w\u00a0Europie\u00a0\u015arodkowej, ale tutaj nie jest tak powszechny, jak na Wyspach Brytyjskich, a rynki \u00a0w\u00a0poszczeg\u00f3lnych krajach r\u00f3\u017cni\u0105 si\u0119 w\u00a0podej\u015bciu do wykorzystania stabilizator\u00f3w i\u00a0substancji zag\u0119szczaj\u0105cych z numerami E.<\/p>\n<p style=\"text-align: justify;\">W rozwoju produkt\u00f3w z \u201eczyst\u0105 etykiet\u0105\u201d, wa\u017cne jest, by znale\u017a\u0107 najlepszy kompromis mi\u0119dzy wymaganiami rynku i konsument\u00f3w a\u00a0wymaganiami technologicznymi (warunki procesowe i si\u0142y \u015bcinaj\u0105ce oraz stabilno\u015b\u0107 ko\u0144cowego produktu). Skrobie natywne staj\u0105 si\u0119 coraz bardziej powszechnym dodatkiem w produkcji majonezu. Jednak, w\u00a0odr\u00f3\u017cnieniu od skrobi typu instant, w procesie produkcyjnym mog\u0105 wymaga\u0107\u00a0podgrzania. Po sp\u0119cznieniu ich ziarna\u00a0poddane dzia\u0142aniu du\u017cych si\u0142 \u015bcinaj\u0105cych\u00a0przy emulgacji s\u0105 bardziej podatne na\u00a0zniszczenie. Dlatego te\u017c wykorzystanie\u00a0\u201eczystych\u201d sk\u0142adnik\u00f3w mo\u017ce wi\u0105za\u0107\u00a0si\u0119 z\u00a0optymalizacj\u0105 proces\u00f3w produkcyjnych lub u\u017cyciem innych surowc\u00f3w (np. bia\u0142ek mleka).<\/p>\n","protected":false},"excerpt":{"rendered":"<p>Majonez z czyst\u0105 etykiet\u0105 pojawi\u0142 si\u0119 na rynku\u00a0w ostatnich latach w\u00a0odpowiedzi na wymagania sieci handlowych oraz klient\u00f3w detalicznych dotycz\u0105cych pozbycia si\u0119 numer\u00f3w E ze sk\u0142adu produkt\u00f3w. Trend ten jest szczeg\u00f3lnie widoczny w Wielkiej Brytanii, gdzie producenci \u017cywno\u015bci\u00a0korzystaj\u0105 z \u201eczystych\u201d sk\u0142adnik\u00f3w &hellip; <a class=\"continue-reading\" href=\"https:\/\/katech-solutions.com\/pl\/majonez\/majonez-z-czysta-etykieta\/\">Czytaj dalej <span class=\"meta-nav\">&rarr;<\/span><\/a><\/p>\n","protected":false},"author":28,"featured_media":0,"parent":7230,"menu_order":0,"comment_status":"closed","ping_status":"open","template":"","meta":{"_acf_changed":false,"footnotes":""},"class_list":["post-7232","page","type-page","status-publish","hentry"],"acf":[],"yoast_head":"<!-- This site is optimized with the Yoast SEO plugin v27.2 - https:\/\/yoast.com\/product\/yoast-seo-wordpress\/ -->\n<title>Majonez z czyst\u0105 etykiet\u0105 |<\/title>\n<meta name=\"robots\" content=\"index, follow, max-snippet:-1, max-image-preview:large, max-video-preview:-1\" \/>\n<link rel=\"canonical\" href=\"https:\/\/katech-solutions.com\/pl\/majonez\/majonez-z-czysta-etykieta\/\" \/>\n<meta property=\"og:locale\" content=\"pl_PL\" \/>\n<meta property=\"og:type\" content=\"article\" \/>\n<meta property=\"og:title\" content=\"Majonez z czyst\u0105 etykiet\u0105 |\" \/>\n<meta property=\"og:description\" content=\"Majonez z czyst\u0105 etykiet\u0105 pojawi\u0142 si\u0119 na rynku\u00a0w ostatnich latach w\u00a0odpowiedzi na wymagania sieci handlowych oraz klient\u00f3w detalicznych dotycz\u0105cych pozbycia si\u0119 numer\u00f3w E ze sk\u0142adu produkt\u00f3w. Trend ten jest szczeg\u00f3lnie widoczny w Wielkiej Brytanii, gdzie producenci \u017cywno\u015bci\u00a0korzystaj\u0105 z \u201eczystych\u201d sk\u0142adnik\u00f3w &hellip; Czytaj dalej &rarr;\" \/>\n<meta property=\"og:url\" content=\"https:\/\/katech-solutions.com\/pl\/majonez\/majonez-z-czysta-etykieta\/\" \/>\n<meta property=\"og:site_name\" content=\"KaTech\" \/>\n<meta property=\"article:modified_time\" content=\"2016-08-05T08:39:00+00:00\" \/>\n<meta name=\"twitter:label1\" content=\"Szacowany czas czytania\" \/>\n\t<meta name=\"twitter:data1\" content=\"1 minuta\" \/>\n<script type=\"application\/ld+json\" class=\"yoast-schema-graph\">{\"@context\":\"https:\/\/schema.org\",\"@graph\":[{\"@type\":\"WebPage\",\"@id\":\"https:\/\/katech-solutions.com\/pl\/majonez\/majonez-z-czysta-etykieta\/\",\"url\":\"https:\/\/katech-solutions.com\/pl\/majonez\/majonez-z-czysta-etykieta\/\",\"name\":\"Majonez z czyst\u0105 etykiet\u0105 |\",\"isPartOf\":{\"@id\":\"https:\/\/katech-solutions.com\/#website\"},\"datePublished\":\"2016-08-04T14:44:43+00:00\",\"dateModified\":\"2016-08-05T08:39:00+00:00\",\"breadcrumb\":{\"@id\":\"https:\/\/katech-solutions.com\/pl\/majonez\/majonez-z-czysta-etykieta\/#breadcrumb\"},\"inLanguage\":\"pl-PL\",\"potentialAction\":[{\"@type\":\"ReadAction\",\"target\":[\"https:\/\/katech-solutions.com\/pl\/majonez\/majonez-z-czysta-etykieta\/\"]}]},{\"@type\":\"BreadcrumbList\",\"@id\":\"https:\/\/katech-solutions.com\/pl\/majonez\/majonez-z-czysta-etykieta\/#breadcrumb\",\"itemListElement\":[{\"@type\":\"ListItem\",\"position\":1,\"name\":\"Majonez\",\"item\":\"https:\/\/katech-solutions.com\/pl\/majonez\/\"},{\"@type\":\"ListItem\",\"position\":2,\"name\":\"Majonez z czyst\u0105 etykiet\u0105\"}]},{\"@type\":\"WebSite\",\"@id\":\"https:\/\/katech-solutions.com\/#website\",\"url\":\"https:\/\/katech-solutions.com\/\",\"name\":\"KaTech\",\"description\":\"\",\"potentialAction\":[{\"@type\":\"SearchAction\",\"target\":{\"@type\":\"EntryPoint\",\"urlTemplate\":\"https:\/\/katech-solutions.com\/?s={search_term_string}\"},\"query-input\":{\"@type\":\"PropertyValueSpecification\",\"valueRequired\":true,\"valueName\":\"search_term_string\"}}],\"inLanguage\":\"pl-PL\"}]}<\/script>\n<!-- \/ Yoast SEO plugin. -->","yoast_head_json":{"title":"Majonez z czyst\u0105 etykiet\u0105 |","robots":{"index":"index","follow":"follow","max-snippet":"max-snippet:-1","max-image-preview":"max-image-preview:large","max-video-preview":"max-video-preview:-1"},"canonical":"https:\/\/katech-solutions.com\/pl\/majonez\/majonez-z-czysta-etykieta\/","og_locale":"pl_PL","og_type":"article","og_title":"Majonez z czyst\u0105 etykiet\u0105 |","og_description":"Majonez z czyst\u0105 etykiet\u0105 pojawi\u0142 si\u0119 na rynku\u00a0w ostatnich latach w\u00a0odpowiedzi na wymagania sieci handlowych oraz klient\u00f3w detalicznych dotycz\u0105cych pozbycia si\u0119 numer\u00f3w E ze sk\u0142adu produkt\u00f3w. Trend ten jest szczeg\u00f3lnie widoczny w Wielkiej Brytanii, gdzie producenci \u017cywno\u015bci\u00a0korzystaj\u0105 z \u201eczystych\u201d sk\u0142adnik\u00f3w &hellip; Czytaj dalej &rarr;","og_url":"https:\/\/katech-solutions.com\/pl\/majonez\/majonez-z-czysta-etykieta\/","og_site_name":"KaTech","article_modified_time":"2016-08-05T08:39:00+00:00","twitter_misc":{"Szacowany czas czytania":"1 minuta"},"schema":{"@context":"https:\/\/schema.org","@graph":[{"@type":"WebPage","@id":"https:\/\/katech-solutions.com\/pl\/majonez\/majonez-z-czysta-etykieta\/","url":"https:\/\/katech-solutions.com\/pl\/majonez\/majonez-z-czysta-etykieta\/","name":"Majonez z czyst\u0105 etykiet\u0105 |","isPartOf":{"@id":"https:\/\/katech-solutions.com\/#website"},"datePublished":"2016-08-04T14:44:43+00:00","dateModified":"2016-08-05T08:39:00+00:00","breadcrumb":{"@id":"https:\/\/katech-solutions.com\/pl\/majonez\/majonez-z-czysta-etykieta\/#breadcrumb"},"inLanguage":"pl-PL","potentialAction":[{"@type":"ReadAction","target":["https:\/\/katech-solutions.com\/pl\/majonez\/majonez-z-czysta-etykieta\/"]}]},{"@type":"BreadcrumbList","@id":"https:\/\/katech-solutions.com\/pl\/majonez\/majonez-z-czysta-etykieta\/#breadcrumb","itemListElement":[{"@type":"ListItem","position":1,"name":"Majonez","item":"https:\/\/katech-solutions.com\/pl\/majonez\/"},{"@type":"ListItem","position":2,"name":"Majonez z czyst\u0105 etykiet\u0105"}]},{"@type":"WebSite","@id":"https:\/\/katech-solutions.com\/#website","url":"https:\/\/katech-solutions.com\/","name":"KaTech","description":"","potentialAction":[{"@type":"SearchAction","target":{"@type":"EntryPoint","urlTemplate":"https:\/\/katech-solutions.com\/?s={search_term_string}"},"query-input":{"@type":"PropertyValueSpecification","valueRequired":true,"valueName":"search_term_string"}}],"inLanguage":"pl-PL"}]}},"_links":{"self":[{"href":"https:\/\/katech-solutions.com\/pl\/wp-json\/wp\/v2\/pages\/7232","targetHints":{"allow":["GET"]}}],"collection":[{"href":"https:\/\/katech-solutions.com\/pl\/wp-json\/wp\/v2\/pages"}],"about":[{"href":"https:\/\/katech-solutions.com\/pl\/wp-json\/wp\/v2\/types\/page"}],"author":[{"embeddable":true,"href":"https:\/\/katech-solutions.com\/pl\/wp-json\/wp\/v2\/users\/28"}],"replies":[{"embeddable":true,"href":"https:\/\/katech-solutions.com\/pl\/wp-json\/wp\/v2\/comments?post=7232"}],"version-history":[{"count":2,"href":"https:\/\/katech-solutions.com\/pl\/wp-json\/wp\/v2\/pages\/7232\/revisions"}],"predecessor-version":[{"id":7546,"href":"https:\/\/katech-solutions.com\/pl\/wp-json\/wp\/v2\/pages\/7232\/revisions\/7546"}],"up":[{"embeddable":true,"href":"https:\/\/katech-solutions.com\/pl\/wp-json\/wp\/v2\/pages\/7230"}],"wp:attachment":[{"href":"https:\/\/katech-solutions.com\/pl\/wp-json\/wp\/v2\/media?parent=7232"}],"curies":[{"name":"wp","href":"https:\/\/api.w.org\/{rel}","templated":true}]}}