{"id":7230,"date":"2012-05-03T09:58:20","date_gmt":"2012-05-03T09:58:20","guid":{"rendered":"https:\/\/www.khpartner.com\/pl\/?page_id=7230"},"modified":"2017-11-03T10:24:55","modified_gmt":"2017-11-03T10:24:55","slug":"majonez","status":"publish","type":"page","link":"https:\/\/katech-solutions.com\/pl\/majonez\/","title":{"rendered":"Majonez"},"content":{"rendered":"<h2>Majonez<\/h2>\n<p>Etymologia s\u0142owa \u201emajonez\u201c nie jest do ko\u0144ca znana i istnieje wiele teorii z ni\u0105 zwi\u0105zanych. Jedna z nich, autorstwa znanego francuskiego kucharza Prospera Montagn\u00e9, wskazuje na starofrancuskie s\u0142owo <em>moyeu<\/em>\u00a0\u2013 &#8222;\u017c\u00f3\u0142tko&#8221;. Wydaje si\u0119 ona prawdopodobna, poniewa\u017c g\u0142\u00f3wnym sk\u0142adnikiem tradycyjnego majonezu jest oliwa z\u00a0dodatkiem surowego \u017c\u00f3\u0142tka jako sk\u0142adnika emulguj\u0105cego, przyprawiona octem\u00a0winnym lub cytryn\u0105, sol\u0105 i\u00a0bia\u0142ym pieprzem.<\/p>\n<p>Ten kremowy produkt o \u017c\u00f3\u0142tawym zabarwieniu jest bardzo wszechstronny. Majonez cechuje r\u00f3\u017cnoraka konsystencja, od\u00a0rzadkiej, po bardzo g\u0119st\u0105, oraz ca\u0142e bogactwo\u00a0wariant\u00f3w smakowych, kt\u00f3re uzyskuje si\u0119 dzi\u0119ki r\u00f3\u017cnym przyprawom (jak np. musztarda, czosnek, pieprzu). Jest popularnym dodatkiem do wielu potraw. Dla Belg\u00f3w nie ma frytek bez majonezu, a nam Polakom trudno wyobrazi\u0107 sobie bez niego \u015bwi\u0105teczn\u0105 sa\u0142atk\u0119 warzywn\u0105.<\/p>\n<p>Tradycyjny majonez zawiera 80% t\u0142uszczu pochodz\u0105cego z\u00a0oliwy lub oleju. Wsp\u00f3\u0142czesna\u00a0technologia umo\u017cliwia jednak wytworzenie nie tylko majonezu o bardzo niskiej zawarto\u015bci t\u0142uszczu, ale r\u00f3wnie\u017c bez u\u017cycia jajek. Je\u015bli poszukuj\u0105 Pa\u0144stwo majonezu dok\u0142adnie pokrywaj\u0105cego warzywa w sa\u0142atce, bazy dla innych produkt\u00f3w, czy te\u017c majonezu do kanapek \u2013 zesp\u00f3\u0142 firmy KaTech posiada odpowiednie do\u015bwiadczenie, by sprosta\u0107 Pa\u0144stwa wymaganiom.<\/p>\n","protected":false},"excerpt":{"rendered":"<p>Majonez Etymologia s\u0142owa \u201emajonez\u201c nie jest do ko\u0144ca znana i istnieje wiele teorii z ni\u0105 zwi\u0105zanych. Jedna z nich, autorstwa znanego francuskiego kucharza Prospera Montagn\u00e9, wskazuje na starofrancuskie s\u0142owo moyeu\u00a0\u2013 &#8222;\u017c\u00f3\u0142tko&#8221;. Wydaje si\u0119 ona prawdopodobna, poniewa\u017c g\u0142\u00f3wnym sk\u0142adnikiem tradycyjnego majonezu &hellip; <a class=\"continue-reading\" href=\"https:\/\/katech-solutions.com\/pl\/majonez\/\">Czytaj dalej <span class=\"meta-nav\">&rarr;<\/span><\/a><\/p>\n","protected":false},"author":3,"featured_media":0,"parent":0,"menu_order":0,"comment_status":"closed","ping_status":"closed","template":"layout-content-3.php","meta":{"_acf_changed":false,"footnotes":""},"class_list":["post-7230","page","type-page","status-publish","hentry"],"acf":[],"yoast_head":"<!-- This site is optimized with the Yoast SEO plugin v27.2 - https:\/\/yoast.com\/product\/yoast-seo-wordpress\/ -->\n<title>KaTech - Majonez - Systemy stabilizuj\u0105ce i emulguj\u0105ce<\/title>\n<meta name=\"description\" content=\"KaTech to firma z bran\u017cy technologii \u017cywno\u015bci specjalizuj\u0105ca si\u0119 w tworzeniu system\u00f3w stabilizuj\u0105cych i emulguj\u0105cych dla produkt\u00f3w takich jak majonez.\" \/>\n<meta name=\"robots\" content=\"index, follow, max-snippet:-1, max-image-preview:large, max-video-preview:-1\" \/>\n<link rel=\"canonical\" href=\"https:\/\/katech-solutions.com\/pl\/majonez\/\" \/>\n<meta property=\"og:locale\" content=\"pl_PL\" \/>\n<meta property=\"og:type\" content=\"article\" \/>\n<meta property=\"og:title\" content=\"KaTech - Majonez - Systemy stabilizuj\u0105ce i emulguj\u0105ce\" \/>\n<meta property=\"og:description\" content=\"KaTech to firma z bran\u017cy technologii \u017cywno\u015bci specjalizuj\u0105ca si\u0119 w tworzeniu system\u00f3w stabilizuj\u0105cych i emulguj\u0105cych dla produkt\u00f3w takich jak majonez.\" \/>\n<meta property=\"og:url\" content=\"https:\/\/katech-solutions.com\/pl\/majonez\/\" \/>\n<meta property=\"og:site_name\" content=\"KaTech\" \/>\n<meta property=\"article:modified_time\" content=\"2017-11-03T10:24:55+00:00\" \/>\n<meta name=\"twitter:label1\" content=\"Szacowany czas czytania\" \/>\n\t<meta name=\"twitter:data1\" content=\"1 minuta\" \/>\n<script type=\"application\/ld+json\" class=\"yoast-schema-graph\">{\"@context\":\"https:\/\/schema.org\",\"@graph\":[{\"@type\":\"WebPage\",\"@id\":\"https:\/\/katech-solutions.com\/pl\/majonez\/\",\"url\":\"https:\/\/katech-solutions.com\/pl\/majonez\/\",\"name\":\"KaTech - Majonez - Systemy stabilizuj\u0105ce i emulguj\u0105ce\",\"isPartOf\":{\"@id\":\"https:\/\/katech-solutions.com\/#website\"},\"datePublished\":\"2012-05-03T09:58:20+00:00\",\"dateModified\":\"2017-11-03T10:24:55+00:00\",\"description\":\"KaTech to firma z bran\u017cy technologii \u017cywno\u015bci specjalizuj\u0105ca si\u0119 w tworzeniu system\u00f3w stabilizuj\u0105cych i emulguj\u0105cych dla produkt\u00f3w takich jak majonez.\",\"inLanguage\":\"pl-PL\",\"potentialAction\":[{\"@type\":\"ReadAction\",\"target\":[\"https:\/\/katech-solutions.com\/pl\/majonez\/\"]}]},{\"@type\":\"WebSite\",\"@id\":\"https:\/\/katech-solutions.com\/#website\",\"url\":\"https:\/\/katech-solutions.com\/\",\"name\":\"KaTech\",\"description\":\"\",\"potentialAction\":[{\"@type\":\"SearchAction\",\"target\":{\"@type\":\"EntryPoint\",\"urlTemplate\":\"https:\/\/katech-solutions.com\/?s={search_term_string}\"},\"query-input\":{\"@type\":\"PropertyValueSpecification\",\"valueRequired\":true,\"valueName\":\"search_term_string\"}}],\"inLanguage\":\"pl-PL\"}]}<\/script>\n<!-- \/ Yoast SEO plugin. -->","yoast_head_json":{"title":"KaTech - Majonez - Systemy stabilizuj\u0105ce i emulguj\u0105ce","description":"KaTech to firma z bran\u017cy technologii \u017cywno\u015bci specjalizuj\u0105ca si\u0119 w tworzeniu system\u00f3w stabilizuj\u0105cych i emulguj\u0105cych dla produkt\u00f3w takich jak majonez.","robots":{"index":"index","follow":"follow","max-snippet":"max-snippet:-1","max-image-preview":"max-image-preview:large","max-video-preview":"max-video-preview:-1"},"canonical":"https:\/\/katech-solutions.com\/pl\/majonez\/","og_locale":"pl_PL","og_type":"article","og_title":"KaTech - Majonez - Systemy stabilizuj\u0105ce i emulguj\u0105ce","og_description":"KaTech to firma z bran\u017cy technologii \u017cywno\u015bci specjalizuj\u0105ca si\u0119 w tworzeniu system\u00f3w stabilizuj\u0105cych i emulguj\u0105cych dla produkt\u00f3w takich jak majonez.","og_url":"https:\/\/katech-solutions.com\/pl\/majonez\/","og_site_name":"KaTech","article_modified_time":"2017-11-03T10:24:55+00:00","twitter_misc":{"Szacowany czas czytania":"1 minuta"},"schema":{"@context":"https:\/\/schema.org","@graph":[{"@type":"WebPage","@id":"https:\/\/katech-solutions.com\/pl\/majonez\/","url":"https:\/\/katech-solutions.com\/pl\/majonez\/","name":"KaTech - Majonez - Systemy stabilizuj\u0105ce i emulguj\u0105ce","isPartOf":{"@id":"https:\/\/katech-solutions.com\/#website"},"datePublished":"2012-05-03T09:58:20+00:00","dateModified":"2017-11-03T10:24:55+00:00","description":"KaTech to firma z bran\u017cy technologii \u017cywno\u015bci specjalizuj\u0105ca si\u0119 w tworzeniu system\u00f3w stabilizuj\u0105cych i emulguj\u0105cych dla produkt\u00f3w takich jak majonez.","inLanguage":"pl-PL","potentialAction":[{"@type":"ReadAction","target":["https:\/\/katech-solutions.com\/pl\/majonez\/"]}]},{"@type":"WebSite","@id":"https:\/\/katech-solutions.com\/#website","url":"https:\/\/katech-solutions.com\/","name":"KaTech","description":"","potentialAction":[{"@type":"SearchAction","target":{"@type":"EntryPoint","urlTemplate":"https:\/\/katech-solutions.com\/?s={search_term_string}"},"query-input":{"@type":"PropertyValueSpecification","valueRequired":true,"valueName":"search_term_string"}}],"inLanguage":"pl-PL"}]}},"_links":{"self":[{"href":"https:\/\/katech-solutions.com\/pl\/wp-json\/wp\/v2\/pages\/7230","targetHints":{"allow":["GET"]}}],"collection":[{"href":"https:\/\/katech-solutions.com\/pl\/wp-json\/wp\/v2\/pages"}],"about":[{"href":"https:\/\/katech-solutions.com\/pl\/wp-json\/wp\/v2\/types\/page"}],"author":[{"embeddable":true,"href":"https:\/\/katech-solutions.com\/pl\/wp-json\/wp\/v2\/users\/3"}],"replies":[{"embeddable":true,"href":"https:\/\/katech-solutions.com\/pl\/wp-json\/wp\/v2\/comments?post=7230"}],"version-history":[{"count":27,"href":"https:\/\/katech-solutions.com\/pl\/wp-json\/wp\/v2\/pages\/7230\/revisions"}],"predecessor-version":[{"id":8542,"href":"https:\/\/katech-solutions.com\/pl\/wp-json\/wp\/v2\/pages\/7230\/revisions\/8542"}],"wp:attachment":[{"href":"https:\/\/katech-solutions.com\/pl\/wp-json\/wp\/v2\/media?parent=7230"}],"curies":[{"name":"wp","href":"https:\/\/api.w.org\/{rel}","templated":true}]}}