{"id":7225,"date":"2016-08-04T14:40:42","date_gmt":"2016-08-04T14:40:42","guid":{"rendered":"https:\/\/www.khpartner.com\/pl\/?page_id=7225"},"modified":"2026-01-22T15:46:39","modified_gmt":"2026-01-22T15:46:39","slug":"gotowe-rozwiazania","status":"publish","type":"page","link":"https:\/\/katech-solutions.com\/pl\/gotowe-rozwiazania\/","title":{"rendered":"Gotowe rozwi\u0105zania"},"content":{"rendered":"<h2>Gotowe rozwi\u0105zania<\/h2>\n<p><strong>Nie dostarczamy wy\u0142\u0105cznie surowc\u00f3w. Oferujemy gotowe rozwi\u0105zania.<\/strong><\/p>\n<p style=\"text-align: justify;\">Firma KaTech opracowuje rozwi\u0105zania technologiczne przeznaczone dla konkretnych produkt\u00f3w i\u00a0proces\u00f3w produkcyjnych. Dzi\u0119ki takiemu podej\u015bciu potrafimy doskonale\u00a0zoptymalizowa\u0107 receptury produkt\u00f3w oraz pom\u00f3c naszym klientom w osi\u0105gni\u0119ciu dodatkowych korzy\u015bci.<\/p>\n<p style=\"text-align: justify;\">Obszerna wiedza na temat\u00a0surowc\u00f3w i ich rynk\u00f3w pozwala nam spojrze\u0107 na potrzeby klient\u00f3w w niezale\u017cny spos\u00f3b. Potrafimy sprawnie wprowadzi\u0107 na rynek surowce o\u00a0innowacyjnych w\u0142a\u015bciwo\u015bciach funkcjonalnych, dbaj\u0105c o\u00a0bezpiecze\u0144stwo dostaw i przyst\u0119pn\u0105 cen\u0119.<\/p>\n<p style=\"text-align: justify;\">Nasza dzia\u0142alno\u015b\u0107 nie ogranicza si\u0119 do odnalezienia surowc\u00f3w o\u00a0najwy\u017cszej jako\u015bci i\u00a0wykorzystania ich w produkcji. Gdy jest to mo\u017cliwe staramy si\u0119 aby sk\u0142adniki naszych system\u00f3w stabilizuj\u0105cych pochodzi\u0142y ze \u017ar\u00f3de\u0142 odnawialnych pozyskiwanych w etyczny spos\u00f3b.<\/p>\n<p style=\"text-align: justify;\">Zak\u0142ad produkcyjny w\u00a0Reinfeld w Niemczech posiada certyfikaty nast\u0119puj\u0105cych standard\u00f3w:<\/p>\n<p style=\"text-align: justify;\"><a href=\"https:\/\/www.khpartner.com\/pl\/certyfikaty-polityka-jakosci\/\">BRC, Foodchain ID, IFS, RSPO, Halal, Kosher oraz Sedex<\/a><\/p>\n<p style=\"text-align: justify;\">Zatem, je\u015bli pragn\u0105 Pa\u0144stwo wprowadzi\u0107 na rynek nowe produkty, ograniczy\u0107 koszty dzia\u0142alno\u015bci lub gdy zmagaj\u0105 si\u0119 Pa\u0144stwo z\u00a0problemami technologicznymi, firma KaTech jest najlepszym wyborem.<\/p>\n<p style=\"text-align: justify;\">Nasze rozwi\u0105zania\u00a0gwarantuj\u0105:<\/p>\n<div id=\"wrapperv2\">\n<div class=\"accordionButton\" style=\"text-align: justify;\">W\u0142a\u015bciw\u0105 \u017celifikacj\u0119<\/div>\n<div class=\"accordionContent\" style=\"text-align: justify;\"><span style=\"color: #000000;\"><b>Przyk\u0142adowe surowce<\/b><\/span>: alginiany, karagen, \u017celatyna lub pektyny.<br \/>\n<span style=\"color: #000000;\"><b>Zastosowanie<\/b><\/span>: produkty mleczne, wype\u0142nienia, dressingi, produkty napowietrzane (np. mus, topping), produkty z owoc\u00f3w, napoje.<\/div>\n<div class=\"accordionButton\" style=\"text-align: left;\">Ochron\u0119 bia\u0142ka<\/div>\n<div class=\"accordionContent\" style=\"text-align: justify;\"><span style=\"color: #000000;\"><b>Przyk\u0142adowe surowce<\/b><\/span>: pektyny, karboksymetyloceluloza, metyloceluloza, celuloza mikrokrystaliczna.<br \/>\n<span style=\"color: #000000;\"><b>Zastosowanie<\/b><\/span>: produkty mleczne, takie jak ukwaszone napoje (jogurtowe, serwatkowe, ma\u015blankowe) lub ukwaszone desery i jogurty.<\/div>\n<div class=\"accordionButton\" style=\"text-align: left;\">Odpowiednie odczucie w ustach oraz w\u0142a\u015bciw\u0105 lepko\u015b\u0107<\/div>\n<div class=\"accordionContent\" style=\"text-align: justify;\"><span style=\"color: #000000;\"><b>Przyk\u0142adowe surowce<\/b><\/span>: m\u0105czka chleba \u015bwi\u0119toja\u0144skiego, guma guar, guma ksantanowa, skrobie (natywne, modyfikowane fizycznie lub\u00a0chemicznie), karagen, bia\u0142ka\u00a0(ro\u015blinne, mleczne\u00a0lub zwierz\u0119ce).<br \/>\n<span style=\"color: #000000;\"><b>Zastosowanie<\/b><\/span>: wszystkie rodzaje produkt\u00f3w mlecznych i\u00a0delikatesowych.<\/div>\n<div class=\"accordionButton\" style=\"text-align: justify;\">W\u0142a\u015bciw\u0105 emulgacj\u0119<\/div>\n<div class=\"accordionContent\" style=\"text-align: justify;\"><span style=\"color: #000000;\"><b>Przyk\u0142adowe surowce<\/b><\/span>: syntetyczne emulgatory, takie jak mono- i\u00a0diglicerydy kwas\u00f3w t\u0142uszczowych, estryfikowane\u00a0mono- i diglicerydy kwas\u00f3w t\u0142uszczowych, polisorbaty, estry kwas\u00f3w t\u0142uszczowych i\u00a0poliglicerolu, tak\u017ce ze \u017ar\u00f3de\u0142 odnawialnych (bilans masy \u00a0lub segregacja);<br \/>\nnaturalne emulgatory, takie jak pochodz\u0105ce z jajek albuminy bia\u0142ka lub\u00a0\u017c\u00f3\u0142tko (z chowu \u015bci\u00f3\u0142kowego lub wolnego wybiegu), pochodz\u0105ce z\u00a0mleka kazeiniany, koncentraty bia\u0142ek serwatkowych, mleko i\u00a0serwatka w\u00a0proszku, ale r\u00f3wnie\u017c bia\u0142ka ro\u015blinne, czy te\u017c izolaty bia\u0142ka r\u00f3\u017cnego rodzaju.<br \/>\n<span style=\"color: #000000;\"><b>Zastosowanie<\/b><\/span>: ca\u0142y szereg produkt\u00f3w delikatesowych (zupy, sosy, dressingi, majonezy) oraz produkt\u00f3w mlecznych (np. produkty napowietrzane, do ubijania, czy te\u017c produkty \u015bmietanowe).<\/div>\n<div class=\"accordionButton\" style=\"text-align: justify;\">W\u0142a\u015bciwe ubijanie oraz stabilno\u015b\u0107 piany<\/div>\n<div class=\"accordionContent\" style=\"text-align: justify;\"><span style=\"color: #000000;\"><b>Przyk\u0142adowe surowce<\/b><\/span>: \u017celatyna, karagen, mono- i diglicerydy kwas\u00f3w t\u0142uszczowych estryfikowane kwasem mlekowym, skrobie, bia\u0142ka, emulsje suszone rozpryskowo.<br \/>\n<span style=\"color: #000000;\"><b>Zastosowanie<\/b><\/span>: Musy, wype\u0142nienia, toppingi, produkty napowietrzane r\u00f3\u017cnego typu.<\/div>\n<div class=\"accordionButton\" style=\"text-align: justify;\">Wi\u0105zanie wody<\/div>\n<div class=\"accordionContent\" style=\"text-align: justify;\"><span style=\"color: #000000;\"><b>Przyk\u0142adowe surowce<\/b><\/span>: galaktomannany (guma guar, guma tara, m\u0105czka chleba \u015bwi\u0119toja\u0144skiego), skrobie, karagen, b\u0142onnik.<br \/>\n<span style=\"color: #000000;\"><b>Zastosowanie<\/b><\/span>:\u00a0wszystkie produkty \u017cywno\u015bciowe.<\/div>\n<div class=\"accordionButton\" style=\"text-align: justify;\">Czyst\u0105 etykiet\u0119<\/div>\n<div class=\"accordionContent\" style=\"text-align: justify;\"><span style=\"color: #000000;\"><b>Przyk\u0142adowe surowce<\/b><\/span>: b\u0142onnik (n.p. pszenny, owsiany, grochowy, cytrusowy),\u00a0skrobie natywne oraz skrobie modyfikowane fizycznie, pektyny, bia\u0142ka.<br \/>\n<span style=\"color: #000000;\"><b>Zastosowanie<\/b><\/span>: desery oraz wszystkie rodzaje produkt\u00f3w mlecznych i\u00a0delikatesowych.<\/div>\n<div class=\"accordionButton\" style=\"text-align: justify;\">Regulacj\u0119 kwasowo\u015bci<\/div>\n<div class=\"accordionContent\" style=\"text-align: justify;\"><span style=\"color: #000000;\"><b>Przyk\u0142adowe surowce<\/b><\/span>: fosforany, azotany, w\u0119glany, octany, siarczany, chlorki i askorbiniany.<br \/>\n<span style=\"color: #000000;\"><b>Zastosowanie<\/b><\/span>: ca\u0142y szereg produkt\u00f3w mlecznych, w tym tak\u017ce produkty do buforowania; zmiana smaku lub wyd\u0142u\u017cenie terminu przydatno\u015bci do spo\u017cycia produkt\u00f3w delikatesowych.<\/div>\n<div class=\"accordionButton\" style=\"text-align: justify;\">Wzbogacenie zawarto\u015bci bia\u0142ka<\/div>\n<div class=\"accordionContent\" style=\"text-align: justify;\"><span style=\"color: #000000;\"><b>Przyk\u0142adowe surowce<\/b><\/span>: kazeiniany, koncentraty bia\u0142ek serwatkowych, koncentraty bia\u0142ek mleka, mleko w proszku, izolaty bia\u0142ek serwatkowych\/mleka, bia\u0142ka ro\u015blinne i ich izolaty.<br \/>\n<span style=\"color: #000000;\"><b>Zastosowanie<\/b><\/span>: w szczeg\u00f3lno\u015bci jogurty i desery.<\/div>\n<div class=\"accordionContent\" style=\"text-align: left;\"><\/div>\n<\/div>\n<p style=\"text-align: justify;\"><strong>Wszystkie wymienione surowce\u00a0oraz dodatki oferowane s\u0105 przez nasz\u0105 firm\u0119 w wielu odmianach o r\u00f3\u017cnorodnych wielko\u015bciach cz\u0105stek, lepko\u015bciach lub cechach funkcjonalnych. W naszej ofercie znajduj\u0105 si\u0119 tak\u017ce surowce ekologiczne zgodne z wymaganiami Dyrektywy (WE) 834\/2007.<br \/>\nPosiadamy wdro\u017cony system HACCP, rygorystyczne zarz\u0105dzanie alergenami, a wszystkie procesy s\u0105 zgodne z wymaganiami GMP oraz standardami IFS Food (8) i BRC Food (9). W naszym zak\u0142adzie produkcyjnym w Reinfeld wykorzystuje si\u0119 wy\u0142\u0105cznie surowce wolne od GMO.<\/strong><\/p>\n","protected":false},"excerpt":{"rendered":"<p>Gotowe rozwi\u0105zania Nie dostarczamy wy\u0142\u0105cznie surowc\u00f3w. Oferujemy gotowe rozwi\u0105zania. Firma KaTech opracowuje rozwi\u0105zania technologiczne przeznaczone dla konkretnych produkt\u00f3w i\u00a0proces\u00f3w produkcyjnych. Dzi\u0119ki takiemu podej\u015bciu potrafimy doskonale\u00a0zoptymalizowa\u0107 receptury produkt\u00f3w oraz pom\u00f3c naszym klientom w osi\u0105gni\u0119ciu dodatkowych korzy\u015bci. Obszerna wiedza na temat\u00a0surowc\u00f3w i &hellip; <a class=\"continue-reading\" href=\"https:\/\/katech-solutions.com\/pl\/gotowe-rozwiazania\/\">Czytaj dalej <span class=\"meta-nav\">&rarr;<\/span><\/a><\/p>\n","protected":false},"author":28,"featured_media":0,"parent":0,"menu_order":0,"comment_status":"closed","ping_status":"closed","template":"layout-content-4.php","meta":{"_acf_changed":false,"footnotes":""},"class_list":["post-7225","page","type-page","status-publish","hentry"],"acf":[],"yoast_head":"<!-- This site is optimized with the Yoast SEO plugin v27.2 - https:\/\/yoast.com\/product\/yoast-seo-wordpress\/ -->\n<title>KaTech - Gotowe rozwi\u0105zania<\/title>\n<meta name=\"robots\" content=\"index, follow, max-snippet:-1, max-image-preview:large, max-video-preview:-1\" \/>\n<link rel=\"canonical\" href=\"https:\/\/katech-solutions.com\/pl\/gotowe-rozwiazania\/\" \/>\n<meta property=\"og:locale\" content=\"pl_PL\" \/>\n<meta property=\"og:type\" content=\"article\" \/>\n<meta property=\"og:title\" content=\"KaTech - Gotowe rozwi\u0105zania\" \/>\n<meta property=\"og:description\" content=\"Gotowe rozwi\u0105zania Nie dostarczamy wy\u0142\u0105cznie surowc\u00f3w. Oferujemy gotowe rozwi\u0105zania. Firma KaTech opracowuje rozwi\u0105zania technologiczne przeznaczone dla konkretnych produkt\u00f3w i\u00a0proces\u00f3w produkcyjnych. Dzi\u0119ki takiemu podej\u015bciu potrafimy doskonale\u00a0zoptymalizowa\u0107 receptury produkt\u00f3w oraz pom\u00f3c naszym klientom w osi\u0105gni\u0119ciu dodatkowych korzy\u015bci. Obszerna wiedza na temat\u00a0surowc\u00f3w i &hellip; Czytaj dalej &rarr;\" \/>\n<meta property=\"og:url\" content=\"https:\/\/katech-solutions.com\/pl\/gotowe-rozwiazania\/\" \/>\n<meta property=\"og:site_name\" content=\"KaTech\" \/>\n<meta property=\"article:modified_time\" content=\"2026-01-22T15:46:39+00:00\" \/>\n<meta name=\"twitter:label1\" content=\"Szacowany czas czytania\" \/>\n\t<meta name=\"twitter:data1\" content=\"3 minuty\" \/>\n<script type=\"application\/ld+json\" class=\"yoast-schema-graph\">{\"@context\":\"https:\/\/schema.org\",\"@graph\":[{\"@type\":\"WebPage\",\"@id\":\"https:\/\/katech-solutions.com\/pl\/gotowe-rozwiazania\/\",\"url\":\"https:\/\/katech-solutions.com\/pl\/gotowe-rozwiazania\/\",\"name\":\"KaTech - Gotowe rozwi\u0105zania\",\"isPartOf\":{\"@id\":\"https:\/\/katech-solutions.com\/#website\"},\"datePublished\":\"2016-08-04T14:40:42+00:00\",\"dateModified\":\"2026-01-22T15:46:39+00:00\",\"inLanguage\":\"pl-PL\",\"potentialAction\":[{\"@type\":\"ReadAction\",\"target\":[\"https:\/\/katech-solutions.com\/pl\/gotowe-rozwiazania\/\"]}]},{\"@type\":\"WebSite\",\"@id\":\"https:\/\/katech-solutions.com\/#website\",\"url\":\"https:\/\/katech-solutions.com\/\",\"name\":\"KaTech\",\"description\":\"\",\"potentialAction\":[{\"@type\":\"SearchAction\",\"target\":{\"@type\":\"EntryPoint\",\"urlTemplate\":\"https:\/\/katech-solutions.com\/?s={search_term_string}\"},\"query-input\":{\"@type\":\"PropertyValueSpecification\",\"valueRequired\":true,\"valueName\":\"search_term_string\"}}],\"inLanguage\":\"pl-PL\"}]}<\/script>\n<!-- \/ Yoast SEO plugin. -->","yoast_head_json":{"title":"KaTech - Gotowe rozwi\u0105zania","robots":{"index":"index","follow":"follow","max-snippet":"max-snippet:-1","max-image-preview":"max-image-preview:large","max-video-preview":"max-video-preview:-1"},"canonical":"https:\/\/katech-solutions.com\/pl\/gotowe-rozwiazania\/","og_locale":"pl_PL","og_type":"article","og_title":"KaTech - Gotowe rozwi\u0105zania","og_description":"Gotowe rozwi\u0105zania Nie dostarczamy wy\u0142\u0105cznie surowc\u00f3w. Oferujemy gotowe rozwi\u0105zania. Firma KaTech opracowuje rozwi\u0105zania technologiczne przeznaczone dla konkretnych produkt\u00f3w i\u00a0proces\u00f3w produkcyjnych. Dzi\u0119ki takiemu podej\u015bciu potrafimy doskonale\u00a0zoptymalizowa\u0107 receptury produkt\u00f3w oraz pom\u00f3c naszym klientom w osi\u0105gni\u0119ciu dodatkowych korzy\u015bci. Obszerna wiedza na temat\u00a0surowc\u00f3w i &hellip; Czytaj dalej &rarr;","og_url":"https:\/\/katech-solutions.com\/pl\/gotowe-rozwiazania\/","og_site_name":"KaTech","article_modified_time":"2026-01-22T15:46:39+00:00","twitter_misc":{"Szacowany czas czytania":"3 minuty"},"schema":{"@context":"https:\/\/schema.org","@graph":[{"@type":"WebPage","@id":"https:\/\/katech-solutions.com\/pl\/gotowe-rozwiazania\/","url":"https:\/\/katech-solutions.com\/pl\/gotowe-rozwiazania\/","name":"KaTech - Gotowe rozwi\u0105zania","isPartOf":{"@id":"https:\/\/katech-solutions.com\/#website"},"datePublished":"2016-08-04T14:40:42+00:00","dateModified":"2026-01-22T15:46:39+00:00","inLanguage":"pl-PL","potentialAction":[{"@type":"ReadAction","target":["https:\/\/katech-solutions.com\/pl\/gotowe-rozwiazania\/"]}]},{"@type":"WebSite","@id":"https:\/\/katech-solutions.com\/#website","url":"https:\/\/katech-solutions.com\/","name":"KaTech","description":"","potentialAction":[{"@type":"SearchAction","target":{"@type":"EntryPoint","urlTemplate":"https:\/\/katech-solutions.com\/?s={search_term_string}"},"query-input":{"@type":"PropertyValueSpecification","valueRequired":true,"valueName":"search_term_string"}}],"inLanguage":"pl-PL"}]}},"_links":{"self":[{"href":"https:\/\/katech-solutions.com\/pl\/wp-json\/wp\/v2\/pages\/7225","targetHints":{"allow":["GET"]}}],"collection":[{"href":"https:\/\/katech-solutions.com\/pl\/wp-json\/wp\/v2\/pages"}],"about":[{"href":"https:\/\/katech-solutions.com\/pl\/wp-json\/wp\/v2\/types\/page"}],"author":[{"embeddable":true,"href":"https:\/\/katech-solutions.com\/pl\/wp-json\/wp\/v2\/users\/28"}],"replies":[{"embeddable":true,"href":"https:\/\/katech-solutions.com\/pl\/wp-json\/wp\/v2\/comments?post=7225"}],"version-history":[{"count":14,"href":"https:\/\/katech-solutions.com\/pl\/wp-json\/wp\/v2\/pages\/7225\/revisions"}],"predecessor-version":[{"id":13613,"href":"https:\/\/katech-solutions.com\/pl\/wp-json\/wp\/v2\/pages\/7225\/revisions\/13613"}],"wp:attachment":[{"href":"https:\/\/katech-solutions.com\/pl\/wp-json\/wp\/v2\/media?parent=7225"}],"curies":[{"name":"wp","href":"https:\/\/api.w.org\/{rel}","templated":true}]}}