{"id":7223,"date":"2016-08-04T14:37:37","date_gmt":"2016-08-04T14:37:37","guid":{"rendered":"https:\/\/www.khpartner.com\/pl\/?page_id=7223"},"modified":"2024-07-10T08:50:43","modified_gmt":"2024-07-10T08:50:43","slug":"informacje-prawne","status":"publish","type":"page","link":"https:\/\/katech-solutions.com\/pl\/informacje-prawne\/","title":{"rendered":"Informacje prawne"},"content":{"rendered":"<h1>Informacje prawne<\/h1>\n<p><strong>KaTech<\/strong>\u00a0Ingredient Solutions Sp. z o.o,<br \/>\nSady, ul. Rolna 7<br \/>\n62-080 Tarnowo Podg\u00f3rne<\/p>\n<p>sp\u00f3\u0142ka zarejestrowana w S\u0105dzie Rejonowym Pozna\u0144 &#8211; Nowe Miasto i Wilda w Poznaniu, VII Wydzia\u0142 Gospodarczy KRS pod numerem 0000454401, NIP 7811884019, Regon 302378093, kapita\u0142 zak\u0142adowy 250 000 PLN<\/p>\n<p>jest sp\u00f3\u0142k\u0105 zale\u017cn\u0105 niemieckiej sp\u00f3\u0142ki:<\/p>\n<p><strong>KaTech<\/strong>\u00a0Ingredient Solutions GmbH<br \/>\nAegidienstra\u00dfe 22,<br \/>\n23552 L\u00fcbeck<br \/>\nTel. 0451 40702-0<br \/>\nFax: 0451 4070 2-377<br \/>\ne-mail: <a href=\"mailto:hello@katech-solutions.com\">hello@katech-solutions.com<\/a><\/p>\n<p><strong>Dyrektor zarz\u0105dzaj\u0105cy z wy\u0142\u0105cznym prawem do reprezentowania sp\u00f3\u0142ki:<\/strong><br \/>\nCyril Carrat, Michael O\u2019Riordan, Marcel Hergett, Rudi\u00a0Yahya<\/p>\n<p><strong>Niemiecki rejest gospodarczy<\/strong>:<br \/>\nAmtsgericht L\u00fcbeck, HRB 12373 HL<\/p>\n<p><strong>Numer identyfikacyjny VAT:<\/strong><br \/>\nDE 274 985 947<\/p>\n<p>Tel. 0451 407020<br \/>\nFax: 0451 4070 2-377<br \/>\ne-mail: <a href=\"mailto:hello@khpartner.com\">hello@khpartner.com<\/a><\/p>\n<p><strong>Wy\u0142\u0105czenie odpowiedzialno\u015bci<\/strong><\/p>\n<p><u>Zawarto\u015b\u0107 strony<\/u><\/p>\n<p>Zawarto\u015b\u0107 tej strony stworzona zosta\u0142a z najwi\u0119ksz\u0105 staranno\u015bci\u0105. Niemniej jednak nie ponosimy odpowiedzialno\u015bci za prawid\u0142owo\u015b\u0107, kompletno\u015b\u0107 i aktualno\u015b\u0107 podanych informacji. Roszczenia z tytu\u0142u odpowiedzialno\u015bci zwi\u0105zanej z korzystaniem z tej strony internetowej s\u0105 z zasady wykluczone, chyba \u017ce by\u0142yby one nast\u0119pstwem celowego dzia\u0142ania lub ra\u017c\u0105cego niedbalstwa z naszej strony. Jakiekolwiek oferty przedstawione za po\u015brednictwem tej strony s\u0105 niewi\u0105\u017c\u0105ce i nie poci\u0105gaj\u0105 za sob\u0105 \u017cadnych zobowi\u0105za\u0144.<\/p>\n<p><u>Linki<\/u><\/p>\n<p>Zwracamy Pa\u0144stwa uwag\u0119, \u017ce nie mamy \u017cadnego wp\u0142ywu na zawarto\u015b\u0107 witryn internetowych stron trzecich, a zatem nie ponosimy \u017cadnej odpowiedzialno\u015bci za tre\u015bci w nich zawarte. Podczas tworzenia link\u00f3w do innych stron nie wykryli\u015bmy \u017cadnych nielegalnych tre\u015bci. Nie mo\u017cemy jednak w spos\u00f3b ci\u0105g\u0142y bada\u0107 zawarto\u015bci powi\u0105zanych stron, dlatego te\u017c nie ponosimy odpowiedzialno\u015bci za tre\u015bci, kt\u00f3re zosta\u0142y zmienione po utworzeniu link\u00f3w.<\/p>\n<p><u>Prawa autorskie<\/u><\/p>\n<p>Udost\u0119pnione tre\u015bci podlegaj\u0105 prawom autorskim. Kopiowanie, przetwarzanie i rozpowszechnianie tre\u015bci bez naszej wyra\u017anej zgody jest zabronione. Kopie lub pliki do pobrania z tej strony nie s\u0105 przeznaczone do u\u017cytku komercyjnego.<\/p>\n<p><u>G\u0142\u00f3wne za\u0142o\u017cenia polityki prywatno\u015bci<\/u><\/p>\n<p>Ochrona i bezpiecze\u0144stwo danych s\u0105 dla nas bardzo wa\u017cne i stanowi\u0105 cz\u0119\u015b\u0107 naszej polityki korporacyjnej. Ochrona danych osobowych, a tak\u017ce bezpiecze\u0144stwo wszystkich innych przetwarzanych danych zosta\u0142y uwzgl\u0119dnione w dzia\u0142alno\u015bci prowadzonej przez nasz\u0105 firm\u0119. Niniejszy dokument wyja\u015bnia, jakie dane s\u0105 gromadzone i w jaki spos\u00f3b s\u0105 one wykorzystywane przez firm\u0119 KaTech Katharina Hahn + Partner GmbH (w skr\u00f3cie KaTech).<\/p>\n<p><u>Gromadzenie i przetwarzanie danych nie-osobowych<\/u><\/p>\n<p>Podczas u\u017cytkowania strony internetowej www.khparter.com zbierane s\u0105 nast\u0119puj\u0105ce dane nie-osobowe udost\u0119pnianie przez przegl\u0105dark\u0119:<\/p>\n<ul>\n<li>nazwa i wersja przegl\u0105darki internetowej<\/li>\n<li>ustawienia j\u0119zyka<\/li>\n<li>strona odsy\u0142aj\u0105ca<\/li>\n<li>data i godzina wys\u0142ania \u017c\u0105dania do serwera<\/li>\n<li>adres IP z kt\u00f3rego zosta\u0142o wys\u0142ane \u017c\u0105danie<\/li>\n<\/ul>\n<p>Inne dane (w tym dane osobowe) b\u0119d\u0105 gromadzone tylko i wy\u0142\u0105cznie wtedy, gdy prze\u015bl\u0105 je Pa\u0144stwo do nas dobrowolnie.<\/p>\n<p><u>Wykorzystywanie i ujawnianie danych osobowych<\/u><\/p>\n<p>Zebrane dane (w tym dane osobowe) wykorzystywane s\u0105 wy\u0142\u0105cznie w celach zwi\u0105zanych z administracj\u0105 strony internetowej oraz zarz\u0105dzaniem baz\u0105 danych klient\u00f3w firmy KaTech. Dane nie b\u0119d\u0105 bez Pa\u0144stwa zgody przekazywane stronom trzecim, za wyj\u0105tkiem uprawnionych do tego organ\u00f3w, kt\u00f3re mog\u0105 za\u017c\u0105da\u0107 ich udost\u0119pnienia.<\/p>\n<p><span style=\"text-decoration: underline;\">Pliki Cookies<\/span><\/p>\n<p>Strona internetowa www.khpartner.com u\u017cywa plik\u00f3w cookies, tzw. ciasteczek \u2013 s\u0105 to\u00a0ma\u0142e pliki tekstowe u\u017cywane do\u00a0zapisywania pewnych informacji na\u00a0komputerze U\u017cytkownika. Nie s\u0105 one niebezpieczne dla U\u017cytkownika ani jego komputera, ani nie s\u0105 w\u00a0nich przechowywane \u017cadne dane osobowe. Ich g\u0142\u00f3wnym zadaniem jest przetrzymywanie informacji, do\u00a0kt\u00f3rych potem strona mo\u017ce si\u0119 odnie\u015b\u0107. Pliki cookies nie umo\u017cliwiaj\u0105 identyfikacji U\u017cytkownik\u00f3w odwiedzaj\u0105cej stron\u0119, i\u00a0nie s\u0105 w\u00a0nich zapisywane \u017cadne informacje, kt\u00f3re mog\u0142y by\u00a0tak\u0105 identyfikacj\u0119 umo\u017cliwi\u0107. Zgodnie z\u00a0art. 173 Ustawy z\u00a0dnia 16 lipca 2004 roku Prawo telekomunikacyjne (Dz.\u00a0U. Nr\u00a0171, poz. 1800) zapisywanie plik\u00f3w tekstowych na\u00a0dysku komputera U\u017cytkownika strony jest dozwolone o\u00a0ile U\u017cytkownik zostanie o\u00a0tym poinformowany. Warunkiem dzia\u0142ania plik\u00f3w cookies jest ich akceptacja przez przegl\u0105dark\u0119 oraz\u00a0nieusuwanie ich z\u00a0dysku komputera. Je\u017celi U\u017cytkownik nie chce udost\u0119pnia\u0107 plik\u00f3w cookies, powinien tak\u0105 opcj\u0119 wy\u0142\u0105czy\u0107 w\u00a0przegl\u0105darce nim odwiedzi stron\u0119 www.khpartner.com.. Nieudost\u0119pnienie plik\u00f3w cookies przez przegl\u0105dark\u0119, albo ich skasowanie, mo\u017cne powodowa\u0107 jednak znaczne utrudnienia lub mo\u017ce nawet ca\u0142kowicie uniemo\u017cliwia\u0107 korzystanie z\u00a0strony. W zwi\u0105zku z tym zalecamy mie\u0107 w\u0142\u0105czon\u0105 obs\u0142ug\u0119 plik\u00f3w cookies.<\/p>\n<p><u>Statystyki strony<\/u><\/p>\n<p>Nasza strona korzysta z us\u0142ug Google Analytics, internetowego narz\u0119dzia do analizy statystki serwer\u00f3w, nale\u017c\u0105cego do Google Inc. Google Analytics prowadzi w\u0142asn\u0105 polityk\u0119 cookies. Pliki cookies to dane informatyczne, w szczeg\u00f3lno\u015bci pliki tekstowe, kt\u00f3re przechowywane s\u0105\u00a0w urz\u0105dzeniu ko\u0144cowym u\u017cytkownika i kt\u00f3re umo\u017cliwiaj\u0105 analiz\u0119 korzystania ze strony internetowej. Dane zawarte w pliku cookies s\u0105 z regu\u0142y przekazywane do serwera Google w USA i tam zapisywane. Dzi\u0119ki aktywacji funkcji anonimizacji adresu IP na tej stronie, Pa\u0144stwa adres IP jest skr\u00f3cony w obr\u0119bie pa\u0144stw Unii Europejskiej, zrzeszonych\u00a0w Europejskim Obszarze Gospodarczym lub pa\u0144stw partnerskich. Pe\u0142ny adres IP jest przekazywany do serwera Google w USA w wyj\u0105tkowych przypadkach i tam skracany. Na zlecenie w\u0142a\u015bciciela tej strony Google korzysta z informacji w celu analizowania tre\u015bci, zestawienia raport\u00f3w, dotycz\u0105cych zawarto\u015bci strony, aktywno\u015bci u\u017cytkownik\u00f3w i \u015bwiadczenia innych us\u0142ug, zwi\u0105zanych z korzystaniem z tej strony, dla jej w\u0142a\u015bciciela. Adres IP, pochodz\u0105cy z u\u017cywanej przez Pa\u0144stwa wyszukiwarki\u00a0i przekazany w ramach dzia\u0142alno\u015bci Google Analytics, nie b\u0119dzie \u0142\u0105czony\u00a0z innymi danymi, u\u017cywanymi przez Google. Mog\u0105 Pa\u0144stwo zmieni\u0107 ustawienia zapisu pliku cookies w u\u017cywanej wyszukiwarce. W tym przypadku oznacza\u0107 to mo\u017ce niedost\u0119pno\u015b\u0107 niekt\u00f3rych funkcji podczas korzystania z naszej strony internetowej. Mog\u0105 Pa\u0144stwo zapobiec transferowi danych zebranych w tym celu przez cookies (\u0142\u0105cznie\u00a0z adresem IP) oraz zbieraniu danych przez Google Analytics, otwieraj\u0105c ten\u00a0<a href=\"http:\/\/tools.google.com\/dlpage\/gaoptout?hl=pl\">link<\/a>\u00a0i instaluj\u0105c odpowiedni\u0105 wtyczk\u0119 do u\u017cywanej wyszukiwarki. W ten spos\u00f3b w\u0142\u0105czony zostanie specjalny plik opt-out-Cookie, kt\u00f3ry uniemo\u017cliwi\u00a0w przysz\u0142o\u015bci zebranie danych w trakcie korzystania z naszej strony internetowej.<\/p>\n<p>Plik opt-out-cookies dzia\u0142a tylko w przypadku aktualnie u\u017cywanej wyszukiwarki i tylko dla tej domeny internetowej. Je\u015bli usun\u0105 Pa\u0144stwo cookies z wyszukiwarki, trzeba ponownie otworzy\u0107 podany link.<\/p>\n<p>Wi\u0119cej informacji:\u00a0<a href=\"http:\/\/tools.google.com\/dlpage\/gaoptout\">tools.google.com\/dlpage\/gaoptout<\/a>\u00a0lub\u00a0<a href=\"https:\/\/www.google.pl\/intl\/pl\/policies\/\">https:\/\/www.google.pl\/intl\/pl\/policies\/<\/a>\u00a0(og\u00f3lne informacje o Google Analytics i ochronie danych osobowych).<\/p>\n<p>Wi\u0119cej informacji tak\u017ce na stronie:\u00a0<a href=\"http:\/\/www.google.com\/privacy\/privacy-policy.html\">www.google.com\/privacy\/privacy-policy.html<\/a>.<\/p>\n<p><u>Informacje na temat przechowywanych danych<\/u><\/p>\n<p>Na pisemny wniosek w dowolnym momencie w\u0142a\u015bciciel strony internetowej bezp\u0142atne udost\u0119pni informacje na temat tego, czy i jakie dane osobowe s\u0105 przechowywane i w jakim celu s\u0142u\u017cy ich przechowywanie.<\/p>\n","protected":false},"excerpt":{"rendered":"<p>Informacje prawne KaTech\u00a0Ingredient Solutions Sp. z o.o, Sady, ul. Rolna 7 62-080 Tarnowo Podg\u00f3rne sp\u00f3\u0142ka zarejestrowana w S\u0105dzie Rejonowym Pozna\u0144 &#8211; Nowe Miasto i Wilda w Poznaniu, VII Wydzia\u0142 Gospodarczy KRS pod numerem 0000454401, NIP 7811884019, Regon 302378093, kapita\u0142 zak\u0142adowy &hellip; <a class=\"continue-reading\" href=\"https:\/\/katech-solutions.com\/pl\/informacje-prawne\/\">Czytaj dalej <span class=\"meta-nav\">&rarr;<\/span><\/a><\/p>\n","protected":false},"author":28,"featured_media":0,"parent":0,"menu_order":0,"comment_status":"closed","ping_status":"closed","template":"onecolumn-page.php","meta":{"_acf_changed":false,"footnotes":""},"class_list":["post-7223","page","type-page","status-publish","hentry"],"acf":[],"yoast_head":"<!-- This site is optimized with the Yoast SEO plugin v27.2 - https:\/\/yoast.com\/product\/yoast-seo-wordpress\/ -->\n<title>Informacje prawne |<\/title>\n<meta name=\"robots\" content=\"index, follow, max-snippet:-1, max-image-preview:large, max-video-preview:-1\" \/>\n<link rel=\"canonical\" href=\"https:\/\/katech-solutions.com\/pl\/informacje-prawne\/\" \/>\n<meta property=\"og:locale\" content=\"pl_PL\" \/>\n<meta property=\"og:type\" content=\"article\" \/>\n<meta property=\"og:title\" content=\"Informacje prawne |\" \/>\n<meta property=\"og:description\" content=\"Informacje prawne KaTech\u00a0Ingredient Solutions Sp. z o.o, Sady, ul. Rolna 7 62-080 Tarnowo Podg\u00f3rne sp\u00f3\u0142ka zarejestrowana w S\u0105dzie Rejonowym Pozna\u0144 &#8211; Nowe Miasto i Wilda w Poznaniu, VII Wydzia\u0142 Gospodarczy KRS pod numerem 0000454401, NIP 7811884019, Regon 302378093, kapita\u0142 zak\u0142adowy &hellip; Czytaj dalej &rarr;\" \/>\n<meta property=\"og:url\" content=\"https:\/\/katech-solutions.com\/pl\/informacje-prawne\/\" \/>\n<meta property=\"og:site_name\" content=\"KaTech\" \/>\n<meta property=\"article:modified_time\" content=\"2024-07-10T08:50:43+00:00\" \/>\n<meta name=\"twitter:label1\" content=\"Szacowany czas czytania\" \/>\n\t<meta name=\"twitter:data1\" content=\"5 minut\" \/>\n<script type=\"application\/ld+json\" class=\"yoast-schema-graph\">{\"@context\":\"https:\/\/schema.org\",\"@graph\":[{\"@type\":\"WebPage\",\"@id\":\"https:\/\/katech-solutions.com\/pl\/informacje-prawne\/\",\"url\":\"https:\/\/katech-solutions.com\/pl\/informacje-prawne\/\",\"name\":\"Informacje prawne |\",\"isPartOf\":{\"@id\":\"https:\/\/katech-solutions.com\/#website\"},\"datePublished\":\"2016-08-04T14:37:37+00:00\",\"dateModified\":\"2024-07-10T08:50:43+00:00\",\"inLanguage\":\"pl-PL\",\"potentialAction\":[{\"@type\":\"ReadAction\",\"target\":[\"https:\/\/katech-solutions.com\/pl\/informacje-prawne\/\"]}]},{\"@type\":\"WebSite\",\"@id\":\"https:\/\/katech-solutions.com\/#website\",\"url\":\"https:\/\/katech-solutions.com\/\",\"name\":\"KaTech\",\"description\":\"\",\"potentialAction\":[{\"@type\":\"SearchAction\",\"target\":{\"@type\":\"EntryPoint\",\"urlTemplate\":\"https:\/\/katech-solutions.com\/?s={search_term_string}\"},\"query-input\":{\"@type\":\"PropertyValueSpecification\",\"valueRequired\":true,\"valueName\":\"search_term_string\"}}],\"inLanguage\":\"pl-PL\"}]}<\/script>\n<!-- \/ Yoast SEO plugin. -->","yoast_head_json":{"title":"Informacje prawne |","robots":{"index":"index","follow":"follow","max-snippet":"max-snippet:-1","max-image-preview":"max-image-preview:large","max-video-preview":"max-video-preview:-1"},"canonical":"https:\/\/katech-solutions.com\/pl\/informacje-prawne\/","og_locale":"pl_PL","og_type":"article","og_title":"Informacje prawne |","og_description":"Informacje prawne KaTech\u00a0Ingredient Solutions Sp. z o.o, Sady, ul. Rolna 7 62-080 Tarnowo Podg\u00f3rne sp\u00f3\u0142ka zarejestrowana w S\u0105dzie Rejonowym Pozna\u0144 &#8211; Nowe Miasto i Wilda w Poznaniu, VII Wydzia\u0142 Gospodarczy KRS pod numerem 0000454401, NIP 7811884019, Regon 302378093, kapita\u0142 zak\u0142adowy &hellip; Czytaj dalej &rarr;","og_url":"https:\/\/katech-solutions.com\/pl\/informacje-prawne\/","og_site_name":"KaTech","article_modified_time":"2024-07-10T08:50:43+00:00","twitter_misc":{"Szacowany czas czytania":"5 minut"},"schema":{"@context":"https:\/\/schema.org","@graph":[{"@type":"WebPage","@id":"https:\/\/katech-solutions.com\/pl\/informacje-prawne\/","url":"https:\/\/katech-solutions.com\/pl\/informacje-prawne\/","name":"Informacje prawne |","isPartOf":{"@id":"https:\/\/katech-solutions.com\/#website"},"datePublished":"2016-08-04T14:37:37+00:00","dateModified":"2024-07-10T08:50:43+00:00","inLanguage":"pl-PL","potentialAction":[{"@type":"ReadAction","target":["https:\/\/katech-solutions.com\/pl\/informacje-prawne\/"]}]},{"@type":"WebSite","@id":"https:\/\/katech-solutions.com\/#website","url":"https:\/\/katech-solutions.com\/","name":"KaTech","description":"","potentialAction":[{"@type":"SearchAction","target":{"@type":"EntryPoint","urlTemplate":"https:\/\/katech-solutions.com\/?s={search_term_string}"},"query-input":{"@type":"PropertyValueSpecification","valueRequired":true,"valueName":"search_term_string"}}],"inLanguage":"pl-PL"}]}},"_links":{"self":[{"href":"https:\/\/katech-solutions.com\/pl\/wp-json\/wp\/v2\/pages\/7223","targetHints":{"allow":["GET"]}}],"collection":[{"href":"https:\/\/katech-solutions.com\/pl\/wp-json\/wp\/v2\/pages"}],"about":[{"href":"https:\/\/katech-solutions.com\/pl\/wp-json\/wp\/v2\/types\/page"}],"author":[{"embeddable":true,"href":"https:\/\/katech-solutions.com\/pl\/wp-json\/wp\/v2\/users\/28"}],"replies":[{"embeddable":true,"href":"https:\/\/katech-solutions.com\/pl\/wp-json\/wp\/v2\/comments?post=7223"}],"version-history":[{"count":22,"href":"https:\/\/katech-solutions.com\/pl\/wp-json\/wp\/v2\/pages\/7223\/revisions"}],"predecessor-version":[{"id":13419,"href":"https:\/\/katech-solutions.com\/pl\/wp-json\/wp\/v2\/pages\/7223\/revisions\/13419"}],"wp:attachment":[{"href":"https:\/\/katech-solutions.com\/pl\/wp-json\/wp\/v2\/media?parent=7223"}],"curies":[{"name":"wp","href":"https:\/\/api.w.org\/{rel}","templated":true}]}}