{"id":11283,"date":"2021-10-21T09:14:31","date_gmt":"2021-10-21T09:14:31","guid":{"rendered":"https:\/\/www.khpartner.com\/?page_id=11283"},"modified":"2026-01-06T11:48:26","modified_gmt":"2026-01-06T11:48:26","slug":"rspo","status":"publish","type":"page","link":"https:\/\/katech-solutions.com\/pl\/certyfikaty-polityka-jakosci\/rspo\/","title":{"rendered":"RSPO"},"content":{"rendered":"<h2>Certyfikat RSPO<\/h2>\n<p>Poni\u017cej znajduj\u0119 si\u0119 link do naszego certyfikatu RSPO:<\/p>\n<p>Sprawd\u017a nas na <a href=\"https:\/\/www.rspo.org\/members\/2370\" target=\"_blank\" rel=\"noopener\">www.rspo.org<\/a><\/p>\n<p><a href=\"\/wp-content\/uploads\/2026\/01\/1-katech-ingredient-solutions-gmbh-rspo-2025-02.pdf\" target=\"_blank\" rel=\"noopener\">KaTech Certyfikat RSPO<\/a><\/p>\n","protected":false},"excerpt":{"rendered":"<p>Certyfikat RSPO Poni\u017cej znajduj\u0119 si\u0119 link do naszego certyfikatu RSPO: Sprawd\u017a nas na www.rspo.org KaTech Certyfikat RSPO<\/p>\n","protected":false},"author":3,"featured_media":0,"parent":7324,"menu_order":0,"comment_status":"closed","ping_status":"closed","template":"onecolumn-page.php","meta":{"_acf_changed":false,"footnotes":""},"class_list":["post-11283","page","type-page","status-publish","hentry"],"acf":[],"yoast_head":"<!-- This site is optimized with the Yoast SEO plugin v27.2 - https:\/\/yoast.com\/product\/yoast-seo-wordpress\/ -->\n<title>RSPO |<\/title>\n<meta name=\"robots\" content=\"index, follow, max-snippet:-1, max-image-preview:large, max-video-preview:-1\" \/>\n<link rel=\"canonical\" href=\"https:\/\/katech-solutions.com\/pl\/certyfikaty-polityka-jakosci\/rspo\/\" \/>\n<meta property=\"og:locale\" content=\"pl_PL\" \/>\n<meta property=\"og:type\" content=\"article\" \/>\n<meta property=\"og:title\" content=\"RSPO |\" \/>\n<meta property=\"og:description\" content=\"Certyfikat RSPO Poni\u017cej znajduj\u0119 si\u0119 link do naszego certyfikatu RSPO: Sprawd\u017a nas na www.rspo.org KaTech Certyfikat RSPO\" \/>\n<meta property=\"og:url\" content=\"https:\/\/katech-solutions.com\/pl\/certyfikaty-polityka-jakosci\/rspo\/\" \/>\n<meta property=\"og:site_name\" content=\"KaTech\" \/>\n<meta property=\"article:modified_time\" content=\"2026-01-06T11:48:26+00:00\" \/>\n<meta name=\"twitter:label1\" content=\"Szacowany czas czytania\" \/>\n\t<meta name=\"twitter:data1\" content=\"1 minuta\" \/>\n<script type=\"application\/ld+json\" class=\"yoast-schema-graph\">{\"@context\":\"https:\/\/schema.org\",\"@graph\":[{\"@type\":\"WebPage\",\"@id\":\"https:\/\/katech-solutions.com\/pl\/certyfikaty-polityka-jakosci\/rspo\/\",\"url\":\"https:\/\/katech-solutions.com\/pl\/certyfikaty-polityka-jakosci\/rspo\/\",\"name\":\"RSPO |\",\"isPartOf\":{\"@id\":\"https:\/\/katech-solutions.com\/#website\"},\"datePublished\":\"2021-10-21T09:14:31+00:00\",\"dateModified\":\"2026-01-06T11:48:26+00:00\",\"breadcrumb\":{\"@id\":\"https:\/\/katech-solutions.com\/pl\/certyfikaty-polityka-jakosci\/rspo\/#breadcrumb\"},\"inLanguage\":\"pl-PL\",\"potentialAction\":[{\"@type\":\"ReadAction\",\"target\":[\"https:\/\/katech-solutions.com\/pl\/certyfikaty-polityka-jakosci\/rspo\/\"]}]},{\"@type\":\"BreadcrumbList\",\"@id\":\"https:\/\/katech-solutions.com\/pl\/certyfikaty-polityka-jakosci\/rspo\/#breadcrumb\",\"itemListElement\":[{\"@type\":\"ListItem\",\"position\":1,\"name\":\"Certyfikaty i polityka jako\u015bci\",\"item\":\"https:\/\/katech-solutions.com\/pl\/certyfikaty-polityka-jakosci\/\"},{\"@type\":\"ListItem\",\"position\":2,\"name\":\"RSPO\"}]},{\"@type\":\"WebSite\",\"@id\":\"https:\/\/katech-solutions.com\/#website\",\"url\":\"https:\/\/katech-solutions.com\/\",\"name\":\"KaTech\",\"description\":\"\",\"potentialAction\":[{\"@type\":\"SearchAction\",\"target\":{\"@type\":\"EntryPoint\",\"urlTemplate\":\"https:\/\/katech-solutions.com\/?s={search_term_string}\"},\"query-input\":{\"@type\":\"PropertyValueSpecification\",\"valueRequired\":true,\"valueName\":\"search_term_string\"}}],\"inLanguage\":\"pl-PL\"}]}<\/script>\n<!-- \/ Yoast SEO plugin. -->","yoast_head_json":{"title":"RSPO |","robots":{"index":"index","follow":"follow","max-snippet":"max-snippet:-1","max-image-preview":"max-image-preview:large","max-video-preview":"max-video-preview:-1"},"canonical":"https:\/\/katech-solutions.com\/pl\/certyfikaty-polityka-jakosci\/rspo\/","og_locale":"pl_PL","og_type":"article","og_title":"RSPO |","og_description":"Certyfikat RSPO Poni\u017cej znajduj\u0119 si\u0119 link do naszego certyfikatu RSPO: Sprawd\u017a nas na www.rspo.org KaTech Certyfikat RSPO","og_url":"https:\/\/katech-solutions.com\/pl\/certyfikaty-polityka-jakosci\/rspo\/","og_site_name":"KaTech","article_modified_time":"2026-01-06T11:48:26+00:00","twitter_misc":{"Szacowany czas czytania":"1 minuta"},"schema":{"@context":"https:\/\/schema.org","@graph":[{"@type":"WebPage","@id":"https:\/\/katech-solutions.com\/pl\/certyfikaty-polityka-jakosci\/rspo\/","url":"https:\/\/katech-solutions.com\/pl\/certyfikaty-polityka-jakosci\/rspo\/","name":"RSPO |","isPartOf":{"@id":"https:\/\/katech-solutions.com\/#website"},"datePublished":"2021-10-21T09:14:31+00:00","dateModified":"2026-01-06T11:48:26+00:00","breadcrumb":{"@id":"https:\/\/katech-solutions.com\/pl\/certyfikaty-polityka-jakosci\/rspo\/#breadcrumb"},"inLanguage":"pl-PL","potentialAction":[{"@type":"ReadAction","target":["https:\/\/katech-solutions.com\/pl\/certyfikaty-polityka-jakosci\/rspo\/"]}]},{"@type":"BreadcrumbList","@id":"https:\/\/katech-solutions.com\/pl\/certyfikaty-polityka-jakosci\/rspo\/#breadcrumb","itemListElement":[{"@type":"ListItem","position":1,"name":"Certyfikaty i polityka jako\u015bci","item":"https:\/\/katech-solutions.com\/pl\/certyfikaty-polityka-jakosci\/"},{"@type":"ListItem","position":2,"name":"RSPO"}]},{"@type":"WebSite","@id":"https:\/\/katech-solutions.com\/#website","url":"https:\/\/katech-solutions.com\/","name":"KaTech","description":"","potentialAction":[{"@type":"SearchAction","target":{"@type":"EntryPoint","urlTemplate":"https:\/\/katech-solutions.com\/?s={search_term_string}"},"query-input":{"@type":"PropertyValueSpecification","valueRequired":true,"valueName":"search_term_string"}}],"inLanguage":"pl-PL"}]}},"_links":{"self":[{"href":"https:\/\/katech-solutions.com\/pl\/wp-json\/wp\/v2\/pages\/11283","targetHints":{"allow":["GET"]}}],"collection":[{"href":"https:\/\/katech-solutions.com\/pl\/wp-json\/wp\/v2\/pages"}],"about":[{"href":"https:\/\/katech-solutions.com\/pl\/wp-json\/wp\/v2\/types\/page"}],"author":[{"embeddable":true,"href":"https:\/\/katech-solutions.com\/pl\/wp-json\/wp\/v2\/users\/3"}],"replies":[{"embeddable":true,"href":"https:\/\/katech-solutions.com\/pl\/wp-json\/wp\/v2\/comments?post=11283"}],"version-history":[{"count":11,"href":"https:\/\/katech-solutions.com\/pl\/wp-json\/wp\/v2\/pages\/11283\/revisions"}],"predecessor-version":[{"id":13580,"href":"https:\/\/katech-solutions.com\/pl\/wp-json\/wp\/v2\/pages\/11283\/revisions\/13580"}],"up":[{"embeddable":true,"href":"https:\/\/katech-solutions.com\/pl\/wp-json\/wp\/v2\/pages\/7324"}],"wp:attachment":[{"href":"https:\/\/katech-solutions.com\/pl\/wp-json\/wp\/v2\/media?parent=11283"}],"curies":[{"name":"wp","href":"https:\/\/api.w.org\/{rel}","templated":true}]}}