{"id":9431,"date":"2019-09-18T13:55:17","date_gmt":"2019-09-18T13:55:17","guid":{"rendered":"https:\/\/www.khpartner.com\/?page_id=9431"},"modified":"2019-09-19T13:31:42","modified_gmt":"2019-09-19T13:31:42","slug":"deine-falet-ausbildung-bei-katech","status":"publish","type":"page","link":"https:\/\/katech-solutions.com\/de\/deine-falet-ausbildung-bei-katech\/","title":{"rendered":"Deine FALET Ausbildung bei KaTech"},"content":{"rendered":"<h1>Deine FALET Ausbildung bei KaTech<\/h1>\n<p><strong class=\"falet-head\">Welche Voraussetzung m\u00fcssen die Jugendlichen erf\u00fcllen?<\/strong><\/p>\n<p>Grundvoraussetzung f\u00fcr die Ausbildung zum FALET ist der mittlere Schulabschluss.<\/p>\n<p>Um auch im weiteren Bewerbungsverfahren ber\u00fccksichtigt zu werden, werden potentielle Kandidaten nach einem erfolgreich verlaufenem Erstgespr\u00e4ch zum Probearbeiten eingeladen.<\/p>\n<p>Wir bieten immer Praktikumspl\u00e4tze an, auch f\u00fcr Sch\u00fcler, die noch in der Findungsphase sind und nicht direkt einen Ausbildungsplatz suchen.<\/p>\n<p>Wir suchen motivierte und zuverl\u00e4ssige junge Menschen, die ein unbedingtes Interesse an Lebensmitteln und deren Verarbeitung und Produktion zeigen und verstehen wollen, wie industrielle Lebensmittel in der Praxis hergestellt werden.<\/p>\n<p>&nbsp;<\/p>\n<p><strong class=\"falet-head\">Wie ist die Ausbildung aufgebaut?<\/strong><\/p>\n<p>Im ersten Ausbildungsjahr durchlaufen unsere Auszubildenden alle Abteilungen in unserem Haus, um einen \u00dcberblick unseres Unternehmens und Einblicke in die Arbeit der einzelnen Bereiche bekommen.<\/p>\n<p>Im zweiten Ausbildungsjahr erlernst Du die praktischen Grundlagen des Berufs und arbeitest zusammen mit uns an Kundenprojekten.<\/p>\n<p>Die fachliche Spezialisierung auf ein Fachgebiet (Feinkost und Fleischalternativen oder Milch bzw. Milchalternativen) in unserem Haus erfolgt dann im dritten Jahr.<\/p>\n<p>&nbsp;<\/p>\n<p><strong class=\"falet-head\">Welche Abschl\u00fcsse gibt es?<\/strong><\/p>\n<p>Mit der Ausbildung erlangst Du den IHK Abschluss FALET.<\/p>\n<p>Nach Deiner Ausbildung stehen Dir diverse Weiterbildungsm\u00f6glichkeiten zur Auswahl.<\/p>\n<p>&nbsp;<\/p>\n<p><strong class=\"falet-head\">Wie l\u00e4uft das Bewerbungsverfahren ab?<\/strong><\/p>\n<p>Bewerbungen werden direkt per E-Mail an <a href=\"mailto:jobs@khpartner.com\">jobs@khpartner.com<\/a> gesendet. Gemeinsam mit dem Fachbereich Entwicklung treffen wir eine Auswahl und laden zum Vorstellungsgespr\u00e4ch ein. Kommt der\/die Bewerber\/in f\u00fcr den weiteren Bewerbungsprozess in Frage, wird ein Termin zum Probearbeiten vereinbart. Nach M\u00f6glichkeit absolviert der Bewerber ein ein bis zwei w\u00f6chiges freiwilliges unbezahltes Praktikum. Danach f\u00e4llt eine endg\u00fcltige Entscheidung und es wird ein Ausbildungsvertrag geschlossen.<\/p>\n<p>&nbsp;<\/p>\n<p><strong class=\"falet-head\">Wie wichtig ist ein Praktikum? Gibt es Praktika?<\/strong><\/p>\n<p>F\u00fcr uns und f\u00fcr den Bewerber\/die Bewerberin ist ein Praktikum wichtig, um sich gegenseitig kennenzulernen und f\u00fcr den Bewerber zu erfahren, ob das Berufsbild FALET \u00fcberhaupt seinen\/ihren Vorstellungen entspricht. Die M\u00f6glichkeit f\u00fcr ein Praktikum besteht zwei Mal im Jahr.<\/p>\n<p>&nbsp;<\/p>\n<p><strong class=\"falet-head\">Gibt es eine Studium- oder Ausbildungsfinanzierung?<\/strong><\/p>\n<p>Die Ausbildung zum FALET wird wie folgt verg\u00fctet:<\/p>\n<p><strong>1. Ausbildungsjahr: 685\u20ac Brutto<\/strong><br \/>\n<strong>2. Ausbildungsjahr: 777\u20ac Brutto<\/strong><br \/>\n<strong>3. Ausbildungsjahr: 906\u20ac Brutto<\/strong><\/p>\n<p>und wir unterst\u00fctzen die Fahrtkosten und Unterbringungskosten w\u00e4hrend des Blockunterrichts in der Landesberufsschule f\u00fcr Fachkr\u00e4fte f\u00fcr Lebensmitteltechnik, Neum\u00fcnster. Daf\u00fcr sollte der Bewerber\/die Bewerberin bereit sein, w\u00e4hrend des Blockunterrichts auch in dem Internat der Landesberufsschulen Veranstaltungszentrum und Hotel Volkshochschule Jugendherberge in Neum\u00fcnster (<a href=\"https:\/\/www.kiek-in-nms.de\/angebote\/internat\/\">https:\/\/www.kiek-in-nms.de\/angebote\/internat\/<\/a>) w\u00e4hrend der Woche\u00a0zu bleiben, um den Lernstoff evtl. in Lerngruppen zu erarbeiten und soziale Kontakte zu kn\u00fcpfen.<\/p>\n<p>&nbsp;<\/p>\n<p><strong class=\"falet-head\">Wie stehen die Zukunftsaussichten in dem Beruf? \u00dcbernahmeaussichten im Unternehmen? Karrierem\u00f6glichkeiten?<\/strong><\/p>\n<p>Wir sind \u00fcberzeugt das Berufsbild FALET hat Zukunf! Lebensmittel werden immer ben\u00f6tigt und neue Produkte ebenfalls.<\/p>\n<p>Eine Ausbildung bei KaTech bietet den Vorteil, das gesamte Spektrum und Potential in der \u00a0Lebensmittelstabiliserung kennenzulernen.<\/p>\n<p>Je nach Bedarf im Unternehmen und Entwicklung des Azubis gibt es die M\u00f6glichkeit nach Ende der Ausbildung \u00fcbernommen zu werden.<\/p>\n<p>Nach abgeschlossener Ausbildung besteht die M\u00f6glichkeit, sich als Lebensmitteltechniker am KIN in Neum\u00fcnster weiterzubilden oder die Ausbildung als Vorbereitung zum Studium der Lebensmitteltechnologie oder Lebensmittelchemie zu nutzen.<\/p>\n<p>Bei besonderer Leistung und \u00fcberdurchschnittlicher Motivation kann eine Weiterbildungsunterst\u00fctzung gew\u00e4hrleitet werden.<\/p>\n","protected":false},"excerpt":{"rendered":"<p>Deine FALET Ausbildung bei KaTech Welche Voraussetzung m\u00fcssen die Jugendlichen erf\u00fcllen? Grundvoraussetzung f\u00fcr die Ausbildung zum FALET ist der mittlere Schulabschluss. Um auch im weiteren Bewerbungsverfahren ber\u00fccksichtigt zu werden, werden potentielle Kandidaten nach einem erfolgreich verlaufenem Erstgespr\u00e4ch zum Probearbeiten eingeladen. &hellip; <a class=\"continue-reading\" href=\"https:\/\/katech-solutions.com\/de\/deine-falet-ausbildung-bei-katech\/\">Weiterlesen <span class=\"meta-nav\">&rarr;<\/span><\/a><\/p>\n","protected":false},"author":3,"featured_media":0,"parent":0,"menu_order":0,"comment_status":"closed","ping_status":"closed","template":"content.php","meta":{"_acf_changed":false,"footnotes":""},"class_list":["post-9431","page","type-page","status-publish","hentry"],"acf":[],"yoast_head":"<!-- This site is optimized with the Yoast SEO plugin v27.2 - https:\/\/yoast.com\/product\/yoast-seo-wordpress\/ -->\n<title>Deine FALET Ausbildung bei KaTech |<\/title>\n<meta name=\"robots\" content=\"index, follow, max-snippet:-1, max-image-preview:large, max-video-preview:-1\" \/>\n<link rel=\"canonical\" href=\"https:\/\/katech-solutions.com\/de\/deine-falet-ausbildung-bei-katech\/\" \/>\n<meta property=\"og:locale\" content=\"de_DE\" \/>\n<meta property=\"og:type\" content=\"article\" \/>\n<meta property=\"og:title\" content=\"Deine FALET Ausbildung bei KaTech |\" \/>\n<meta property=\"og:description\" content=\"Deine FALET Ausbildung bei KaTech Welche Voraussetzung m\u00fcssen die Jugendlichen erf\u00fcllen? Grundvoraussetzung f\u00fcr die Ausbildung zum FALET ist der mittlere Schulabschluss. Um auch im weiteren Bewerbungsverfahren ber\u00fccksichtigt zu werden, werden potentielle Kandidaten nach einem erfolgreich verlaufenem Erstgespr\u00e4ch zum Probearbeiten eingeladen. &hellip; Weiterlesen &rarr;\" \/>\n<meta property=\"og:url\" content=\"https:\/\/katech-solutions.com\/de\/deine-falet-ausbildung-bei-katech\/\" \/>\n<meta property=\"og:site_name\" content=\"KaTech\" \/>\n<meta property=\"article:modified_time\" content=\"2019-09-19T13:31:42+00:00\" \/>\n<meta name=\"twitter:label1\" content=\"Gesch\u00e4tzte Lesezeit\" \/>\n\t<meta name=\"twitter:data1\" content=\"3\u00a0Minuten\" \/>\n<script type=\"application\/ld+json\" class=\"yoast-schema-graph\">{\"@context\":\"https:\/\/schema.org\",\"@graph\":[{\"@type\":\"WebPage\",\"@id\":\"https:\/\/katech-solutions.com\/de\/deine-falet-ausbildung-bei-katech\/\",\"url\":\"https:\/\/katech-solutions.com\/de\/deine-falet-ausbildung-bei-katech\/\",\"name\":\"Deine FALET Ausbildung bei KaTech |\",\"isPartOf\":{\"@id\":\"https:\/\/katech-solutions.com\/#website\"},\"datePublished\":\"2019-09-18T13:55:17+00:00\",\"dateModified\":\"2019-09-19T13:31:42+00:00\",\"inLanguage\":\"de\",\"potentialAction\":[{\"@type\":\"ReadAction\",\"target\":[\"https:\/\/katech-solutions.com\/de\/deine-falet-ausbildung-bei-katech\/\"]}]},{\"@type\":\"WebSite\",\"@id\":\"https:\/\/katech-solutions.com\/#website\",\"url\":\"https:\/\/katech-solutions.com\/\",\"name\":\"KaTech\",\"description\":\"\",\"potentialAction\":[{\"@type\":\"SearchAction\",\"target\":{\"@type\":\"EntryPoint\",\"urlTemplate\":\"https:\/\/katech-solutions.com\/?s={search_term_string}\"},\"query-input\":{\"@type\":\"PropertyValueSpecification\",\"valueRequired\":true,\"valueName\":\"search_term_string\"}}],\"inLanguage\":\"de\"}]}<\/script>\n<!-- \/ Yoast SEO plugin. -->","yoast_head_json":{"title":"Deine FALET Ausbildung bei KaTech |","robots":{"index":"index","follow":"follow","max-snippet":"max-snippet:-1","max-image-preview":"max-image-preview:large","max-video-preview":"max-video-preview:-1"},"canonical":"https:\/\/katech-solutions.com\/de\/deine-falet-ausbildung-bei-katech\/","og_locale":"de_DE","og_type":"article","og_title":"Deine FALET Ausbildung bei KaTech |","og_description":"Deine FALET Ausbildung bei KaTech Welche Voraussetzung m\u00fcssen die Jugendlichen erf\u00fcllen? Grundvoraussetzung f\u00fcr die Ausbildung zum FALET ist der mittlere Schulabschluss. Um auch im weiteren Bewerbungsverfahren ber\u00fccksichtigt zu werden, werden potentielle Kandidaten nach einem erfolgreich verlaufenem Erstgespr\u00e4ch zum Probearbeiten eingeladen. &hellip; Weiterlesen &rarr;","og_url":"https:\/\/katech-solutions.com\/de\/deine-falet-ausbildung-bei-katech\/","og_site_name":"KaTech","article_modified_time":"2019-09-19T13:31:42+00:00","twitter_misc":{"Gesch\u00e4tzte Lesezeit":"3\u00a0Minuten"},"schema":{"@context":"https:\/\/schema.org","@graph":[{"@type":"WebPage","@id":"https:\/\/katech-solutions.com\/de\/deine-falet-ausbildung-bei-katech\/","url":"https:\/\/katech-solutions.com\/de\/deine-falet-ausbildung-bei-katech\/","name":"Deine FALET Ausbildung bei KaTech |","isPartOf":{"@id":"https:\/\/katech-solutions.com\/#website"},"datePublished":"2019-09-18T13:55:17+00:00","dateModified":"2019-09-19T13:31:42+00:00","inLanguage":"de","potentialAction":[{"@type":"ReadAction","target":["https:\/\/katech-solutions.com\/de\/deine-falet-ausbildung-bei-katech\/"]}]},{"@type":"WebSite","@id":"https:\/\/katech-solutions.com\/#website","url":"https:\/\/katech-solutions.com\/","name":"KaTech","description":"","potentialAction":[{"@type":"SearchAction","target":{"@type":"EntryPoint","urlTemplate":"https:\/\/katech-solutions.com\/?s={search_term_string}"},"query-input":{"@type":"PropertyValueSpecification","valueRequired":true,"valueName":"search_term_string"}}],"inLanguage":"de"}]}},"_links":{"self":[{"href":"https:\/\/katech-solutions.com\/de\/wp-json\/wp\/v2\/pages\/9431","targetHints":{"allow":["GET"]}}],"collection":[{"href":"https:\/\/katech-solutions.com\/de\/wp-json\/wp\/v2\/pages"}],"about":[{"href":"https:\/\/katech-solutions.com\/de\/wp-json\/wp\/v2\/types\/page"}],"author":[{"embeddable":true,"href":"https:\/\/katech-solutions.com\/de\/wp-json\/wp\/v2\/users\/3"}],"replies":[{"embeddable":true,"href":"https:\/\/katech-solutions.com\/de\/wp-json\/wp\/v2\/comments?post=9431"}],"version-history":[{"count":16,"href":"https:\/\/katech-solutions.com\/de\/wp-json\/wp\/v2\/pages\/9431\/revisions"}],"predecessor-version":[{"id":9453,"href":"https:\/\/katech-solutions.com\/de\/wp-json\/wp\/v2\/pages\/9431\/revisions\/9453"}],"wp:attachment":[{"href":"https:\/\/katech-solutions.com\/de\/wp-json\/wp\/v2\/media?parent=9431"}],"curies":[{"name":"wp","href":"https:\/\/api.w.org\/{rel}","templated":true}]}}