{"id":8095,"date":"2017-07-31T12:33:11","date_gmt":"2017-07-31T12:33:11","guid":{"rendered":"https:\/\/www.khpartner.com\/?page_id=8095\/"},"modified":"2017-08-31T11:06:12","modified_gmt":"2017-08-31T11:06:12","slug":"vegane-getraenke","status":"publish","type":"page","link":"https:\/\/katech-solutions.com\/de\/vegan\/vegane-getraenke\/","title":{"rendered":"Vegane Getr\u00e4nke"},"content":{"rendered":"<p>Milchmixgetr\u00e4nke werden h\u00e4ufig zum Fr\u00fchst\u00fcck oder als Snack zwischen den Mahlzeiten getrunken.&nbsp;<\/p>\n<p>Mit dem wachsenden veganen Trend im europ\u00e4ischen Markt steigt auch die Nachfrage nach veganen Alternativen zu Milchmixgetr\u00e4nken. Milchmixgetr\u00e4nke enthalten \u00fcblicherweise Carrageenan als Stabilisierung, das zusammen mit dem Milchprotein Partikel in Schwebe h\u00e4lt. Da bei veganen Mischgetr\u00e4nken kein Milchprotein vorhanden ist und die Trockenmasse signifikant geringer ist, muss die Stabilisierung an die neue Herausforderung angepasst werden. Zudem muss auch das Mundgef\u00fchl verbessert werden, um das vegane Produkt an das Original anzun\u00e4hern.&nbsp;<\/p>\n<p>KaTech hat L\u00f6sungen gefunden, die das Mundgef\u00fchl und die Stabilit\u00e4t von veganen Getr\u00e4nken verbessern und so m\u00f6glichst nah an das nicht-vegane Produkt herankommen.&nbsp;<\/p>\n<p>Wir haben vegane Getr\u00e4nke entwickelt, die auf verschiedenen Milchalternativen basieren, wie beispielsweise Sojamilch, Nussmilch oder Getreidemilch (z.B. Hafermilch).&nbsp;<\/p>\n<p>Wenn sie mehr herausfinden m\u00f6chten, wenden Sie sich bitte an uns.<\/p>\n","protected":false},"excerpt":{"rendered":"<p>Milchmixgetr\u00e4nke werden h\u00e4ufig zum Fr\u00fchst\u00fcck oder als Snack zwischen den Mahlzeiten getrunken.&nbsp; Mit dem wachsenden veganen Trend im europ\u00e4ischen Markt steigt auch die Nachfrage nach veganen Alternativen zu Milchmixgetr\u00e4nken. Milchmixgetr\u00e4nke enthalten \u00fcblicherweise Carrageenan als Stabilisierung, das zusammen mit dem Milchprotein &hellip; <a class=\"continue-reading\" href=\"https:\/\/katech-solutions.com\/de\/vegan\/vegane-getraenke\/\">Weiterlesen <span class=\"meta-nav\">&rarr;<\/span><\/a><\/p>\n","protected":false},"author":3,"featured_media":0,"parent":8069,"menu_order":0,"comment_status":"closed","ping_status":"closed","template":"","meta":{"_acf_changed":false,"footnotes":""},"class_list":["post-8095","page","type-page","status-publish","hentry"],"acf":[],"yoast_head":"<!-- This site is optimized with the Yoast SEO plugin v27.2 - https:\/\/yoast.com\/product\/yoast-seo-wordpress\/ -->\n<title>Vegane Getr\u00e4nke |<\/title>\n<meta name=\"robots\" content=\"index, follow, max-snippet:-1, max-image-preview:large, max-video-preview:-1\" \/>\n<link rel=\"canonical\" href=\"https:\/\/katech-solutions.com\/de\/vegan\/vegane-getraenke\/\" \/>\n<meta property=\"og:locale\" content=\"de_DE\" \/>\n<meta property=\"og:type\" content=\"article\" \/>\n<meta property=\"og:title\" content=\"Vegane Getr\u00e4nke |\" \/>\n<meta property=\"og:description\" content=\"Milchmixgetr\u00e4nke werden h\u00e4ufig zum Fr\u00fchst\u00fcck oder als Snack zwischen den Mahlzeiten getrunken.&nbsp; Mit dem wachsenden veganen Trend im europ\u00e4ischen Markt steigt auch die Nachfrage nach veganen Alternativen zu Milchmixgetr\u00e4nken. Milchmixgetr\u00e4nke enthalten \u00fcblicherweise Carrageenan als Stabilisierung, das zusammen mit dem Milchprotein &hellip; Weiterlesen &rarr;\" \/>\n<meta property=\"og:url\" content=\"https:\/\/katech-solutions.com\/de\/vegan\/vegane-getraenke\/\" \/>\n<meta property=\"og:site_name\" content=\"KaTech\" \/>\n<meta property=\"article:modified_time\" content=\"2017-08-31T11:06:12+00:00\" \/>\n<meta name=\"twitter:label1\" content=\"Gesch\u00e4tzte Lesezeit\" \/>\n\t<meta name=\"twitter:data1\" content=\"1\u00a0Minute\" \/>\n<script type=\"application\/ld+json\" class=\"yoast-schema-graph\">{\"@context\":\"https:\/\/schema.org\",\"@graph\":[{\"@type\":\"WebPage\",\"@id\":\"https:\/\/katech-solutions.com\/de\/vegan\/vegane-getraenke\/\",\"url\":\"https:\/\/katech-solutions.com\/de\/vegan\/vegane-getraenke\/\",\"name\":\"Vegane Getr\u00e4nke |\",\"isPartOf\":{\"@id\":\"https:\/\/katech-solutions.com\/#website\"},\"datePublished\":\"2017-07-31T12:33:11+00:00\",\"dateModified\":\"2017-08-31T11:06:12+00:00\",\"breadcrumb\":{\"@id\":\"https:\/\/katech-solutions.com\/de\/vegan\/vegane-getraenke\/#breadcrumb\"},\"inLanguage\":\"de\",\"potentialAction\":[{\"@type\":\"ReadAction\",\"target\":[\"https:\/\/katech-solutions.com\/de\/vegan\/vegane-getraenke\/\"]}]},{\"@type\":\"BreadcrumbList\",\"@id\":\"https:\/\/katech-solutions.com\/de\/vegan\/vegane-getraenke\/#breadcrumb\",\"itemListElement\":[{\"@type\":\"ListItem\",\"position\":1,\"name\":\"Fleisch-Alternativen\",\"item\":\"https:\/\/katech-solutions.com\/de\/vegan\/\"},{\"@type\":\"ListItem\",\"position\":2,\"name\":\"Fleisch-Alternativen\",\"item\":\"https:\/\/katech-solutions.com\/de\/vegan\/\"},{\"@type\":\"ListItem\",\"position\":3,\"name\":\"Vegane Getr\u00e4nke\"}]},{\"@type\":\"WebSite\",\"@id\":\"https:\/\/katech-solutions.com\/#website\",\"url\":\"https:\/\/katech-solutions.com\/\",\"name\":\"KaTech\",\"description\":\"\",\"potentialAction\":[{\"@type\":\"SearchAction\",\"target\":{\"@type\":\"EntryPoint\",\"urlTemplate\":\"https:\/\/katech-solutions.com\/?s={search_term_string}\"},\"query-input\":{\"@type\":\"PropertyValueSpecification\",\"valueRequired\":true,\"valueName\":\"search_term_string\"}}],\"inLanguage\":\"de\"}]}<\/script>\n<!-- \/ Yoast SEO plugin. -->","yoast_head_json":{"title":"Vegane Getr\u00e4nke |","robots":{"index":"index","follow":"follow","max-snippet":"max-snippet:-1","max-image-preview":"max-image-preview:large","max-video-preview":"max-video-preview:-1"},"canonical":"https:\/\/katech-solutions.com\/de\/vegan\/vegane-getraenke\/","og_locale":"de_DE","og_type":"article","og_title":"Vegane Getr\u00e4nke |","og_description":"Milchmixgetr\u00e4nke werden h\u00e4ufig zum Fr\u00fchst\u00fcck oder als Snack zwischen den Mahlzeiten getrunken.&nbsp; Mit dem wachsenden veganen Trend im europ\u00e4ischen Markt steigt auch die Nachfrage nach veganen Alternativen zu Milchmixgetr\u00e4nken. Milchmixgetr\u00e4nke enthalten \u00fcblicherweise Carrageenan als Stabilisierung, das zusammen mit dem Milchprotein &hellip; Weiterlesen &rarr;","og_url":"https:\/\/katech-solutions.com\/de\/vegan\/vegane-getraenke\/","og_site_name":"KaTech","article_modified_time":"2017-08-31T11:06:12+00:00","twitter_misc":{"Gesch\u00e4tzte Lesezeit":"1\u00a0Minute"},"schema":{"@context":"https:\/\/schema.org","@graph":[{"@type":"WebPage","@id":"https:\/\/katech-solutions.com\/de\/vegan\/vegane-getraenke\/","url":"https:\/\/katech-solutions.com\/de\/vegan\/vegane-getraenke\/","name":"Vegane Getr\u00e4nke |","isPartOf":{"@id":"https:\/\/katech-solutions.com\/#website"},"datePublished":"2017-07-31T12:33:11+00:00","dateModified":"2017-08-31T11:06:12+00:00","breadcrumb":{"@id":"https:\/\/katech-solutions.com\/de\/vegan\/vegane-getraenke\/#breadcrumb"},"inLanguage":"de","potentialAction":[{"@type":"ReadAction","target":["https:\/\/katech-solutions.com\/de\/vegan\/vegane-getraenke\/"]}]},{"@type":"BreadcrumbList","@id":"https:\/\/katech-solutions.com\/de\/vegan\/vegane-getraenke\/#breadcrumb","itemListElement":[{"@type":"ListItem","position":1,"name":"Fleisch-Alternativen","item":"https:\/\/katech-solutions.com\/de\/vegan\/"},{"@type":"ListItem","position":2,"name":"Fleisch-Alternativen","item":"https:\/\/katech-solutions.com\/de\/vegan\/"},{"@type":"ListItem","position":3,"name":"Vegane Getr\u00e4nke"}]},{"@type":"WebSite","@id":"https:\/\/katech-solutions.com\/#website","url":"https:\/\/katech-solutions.com\/","name":"KaTech","description":"","potentialAction":[{"@type":"SearchAction","target":{"@type":"EntryPoint","urlTemplate":"https:\/\/katech-solutions.com\/?s={search_term_string}"},"query-input":{"@type":"PropertyValueSpecification","valueRequired":true,"valueName":"search_term_string"}}],"inLanguage":"de"}]}},"_links":{"self":[{"href":"https:\/\/katech-solutions.com\/de\/wp-json\/wp\/v2\/pages\/8095","targetHints":{"allow":["GET"]}}],"collection":[{"href":"https:\/\/katech-solutions.com\/de\/wp-json\/wp\/v2\/pages"}],"about":[{"href":"https:\/\/katech-solutions.com\/de\/wp-json\/wp\/v2\/types\/page"}],"author":[{"embeddable":true,"href":"https:\/\/katech-solutions.com\/de\/wp-json\/wp\/v2\/users\/3"}],"replies":[{"embeddable":true,"href":"https:\/\/katech-solutions.com\/de\/wp-json\/wp\/v2\/comments?post=8095"}],"version-history":[{"count":4,"href":"https:\/\/katech-solutions.com\/de\/wp-json\/wp\/v2\/pages\/8095\/revisions"}],"predecessor-version":[{"id":8457,"href":"https:\/\/katech-solutions.com\/de\/wp-json\/wp\/v2\/pages\/8095\/revisions\/8457"}],"up":[{"embeddable":true,"href":"https:\/\/katech-solutions.com\/de\/wp-json\/wp\/v2\/pages\/8069"}],"wp:attachment":[{"href":"https:\/\/katech-solutions.com\/de\/wp-json\/wp\/v2\/media?parent=8095"}],"curies":[{"name":"wp","href":"https:\/\/api.w.org\/{rel}","templated":true}]}}