{"id":8091,"date":"2017-07-31T12:33:11","date_gmt":"2017-07-31T12:33:11","guid":{"rendered":"https:\/\/www.khpartner.com\/?page_id=8091\/"},"modified":"2021-11-02T13:53:51","modified_gmt":"2021-11-02T13:53:51","slug":"vegane-fleischalternativen","status":"publish","type":"page","link":"https:\/\/katech-solutions.com\/de\/vegan\/vegane-fleischalternativen\/","title":{"rendered":"Vegane Fleischalternativen"},"content":{"rendered":"<p>Auf dem veganen und vegetarischen Markt sind eine Vielzahl an Ersatzprodukten f\u00fcr Fleischwaren zu finden. Die Verbraucher wollen einfache Produkte, die Ihnen helfen, sich auf pflanzlicher Basis zu ern\u00e4hren ohne dabei auf beliebte Produkte verzichten zu m\u00fcssen.<\/p>\n<p>Der Verbraucher von heute ist viel kritischer als fr\u00fcher. Ein Produkt, das den Erwartungen nicht entspricht, wird schnell abgelehnt. Die Lebensmittelhersteller m\u00fcssen deshalb das Genusserlebnis und die Konsistenz ber\u00fccksichtigen, damit das vegane Produkt so nah wie m\u00f6glich an das urspr\u00fcngliche Produkt herankommt.<\/p>\n<p>KaTechs breitgef\u00e4cherte Erfahrungen in unterschiedlichen Bereichen der Lebensmittelherstellung, haben wir genutzt vegane Ersatzprodukte zu entwickeln, die den gleichen Genuss hervorrufen wie ein herk\u00f6mmliches Produkt. Unsere Rezepturen reichen von veganen Burger Bratlingen, \u00fcber Aufschnitt, Leberwurst oder Aspik, einem Produkt, das traditionell mit Gelatine hergestellt wird und das in mehreren europ\u00e4ischen L\u00e4ndern beliebt ist.<\/p>\n","protected":false},"excerpt":{"rendered":"<p>Auf dem veganen und vegetarischen Markt sind eine Vielzahl an Ersatzprodukten f\u00fcr Fleischwaren zu finden. Die Verbraucher wollen einfache Produkte, die Ihnen helfen, sich auf pflanzlicher Basis zu ern\u00e4hren ohne dabei auf beliebte Produkte verzichten zu m\u00fcssen. Der Verbraucher von &hellip; <a class=\"continue-reading\" href=\"https:\/\/katech-solutions.com\/de\/vegan\/vegane-fleischalternativen\/\">Weiterlesen <span class=\"meta-nav\">&rarr;<\/span><\/a><\/p>\n","protected":false},"author":3,"featured_media":0,"parent":8069,"menu_order":0,"comment_status":"closed","ping_status":"closed","template":"","meta":{"_acf_changed":false,"footnotes":""},"class_list":["post-8091","page","type-page","status-publish","hentry"],"acf":[],"yoast_head":"<!-- This site is optimized with the Yoast SEO plugin v27.2 - https:\/\/yoast.com\/product\/yoast-seo-wordpress\/ -->\n<title>Vegane Fleischalternativen |<\/title>\n<meta name=\"robots\" content=\"index, follow, max-snippet:-1, max-image-preview:large, max-video-preview:-1\" \/>\n<link rel=\"canonical\" href=\"https:\/\/katech-solutions.com\/de\/vegan\/vegane-fleischalternativen\/\" \/>\n<meta property=\"og:locale\" content=\"de_DE\" \/>\n<meta property=\"og:type\" content=\"article\" \/>\n<meta property=\"og:title\" content=\"Vegane Fleischalternativen |\" \/>\n<meta property=\"og:description\" content=\"Auf dem veganen und vegetarischen Markt sind eine Vielzahl an Ersatzprodukten f\u00fcr Fleischwaren zu finden. Die Verbraucher wollen einfache Produkte, die Ihnen helfen, sich auf pflanzlicher Basis zu ern\u00e4hren ohne dabei auf beliebte Produkte verzichten zu m\u00fcssen. Der Verbraucher von &hellip; Weiterlesen &rarr;\" \/>\n<meta property=\"og:url\" content=\"https:\/\/katech-solutions.com\/de\/vegan\/vegane-fleischalternativen\/\" \/>\n<meta property=\"og:site_name\" content=\"KaTech\" \/>\n<meta property=\"article:modified_time\" content=\"2021-11-02T13:53:51+00:00\" \/>\n<meta name=\"twitter:label1\" content=\"Gesch\u00e4tzte Lesezeit\" \/>\n\t<meta name=\"twitter:data1\" content=\"1\u00a0Minute\" \/>\n<script type=\"application\/ld+json\" class=\"yoast-schema-graph\">{\"@context\":\"https:\/\/schema.org\",\"@graph\":[{\"@type\":\"WebPage\",\"@id\":\"https:\/\/katech-solutions.com\/de\/vegan\/vegane-fleischalternativen\/\",\"url\":\"https:\/\/katech-solutions.com\/de\/vegan\/vegane-fleischalternativen\/\",\"name\":\"Vegane Fleischalternativen |\",\"isPartOf\":{\"@id\":\"https:\/\/katech-solutions.com\/#website\"},\"datePublished\":\"2017-07-31T12:33:11+00:00\",\"dateModified\":\"2021-11-02T13:53:51+00:00\",\"breadcrumb\":{\"@id\":\"https:\/\/katech-solutions.com\/de\/vegan\/vegane-fleischalternativen\/#breadcrumb\"},\"inLanguage\":\"de\",\"potentialAction\":[{\"@type\":\"ReadAction\",\"target\":[\"https:\/\/katech-solutions.com\/de\/vegan\/vegane-fleischalternativen\/\"]}]},{\"@type\":\"BreadcrumbList\",\"@id\":\"https:\/\/katech-solutions.com\/de\/vegan\/vegane-fleischalternativen\/#breadcrumb\",\"itemListElement\":[{\"@type\":\"ListItem\",\"position\":1,\"name\":\"Fleisch-Alternativen\",\"item\":\"https:\/\/katech-solutions.com\/de\/vegan\/\"},{\"@type\":\"ListItem\",\"position\":2,\"name\":\"Fleisch-Alternativen\",\"item\":\"https:\/\/katech-solutions.com\/de\/vegan\/\"},{\"@type\":\"ListItem\",\"position\":3,\"name\":\"Vegane Fleischalternativen\"}]},{\"@type\":\"WebSite\",\"@id\":\"https:\/\/katech-solutions.com\/#website\",\"url\":\"https:\/\/katech-solutions.com\/\",\"name\":\"KaTech\",\"description\":\"\",\"potentialAction\":[{\"@type\":\"SearchAction\",\"target\":{\"@type\":\"EntryPoint\",\"urlTemplate\":\"https:\/\/katech-solutions.com\/?s={search_term_string}\"},\"query-input\":{\"@type\":\"PropertyValueSpecification\",\"valueRequired\":true,\"valueName\":\"search_term_string\"}}],\"inLanguage\":\"de\"}]}<\/script>\n<!-- \/ Yoast SEO plugin. -->","yoast_head_json":{"title":"Vegane Fleischalternativen |","robots":{"index":"index","follow":"follow","max-snippet":"max-snippet:-1","max-image-preview":"max-image-preview:large","max-video-preview":"max-video-preview:-1"},"canonical":"https:\/\/katech-solutions.com\/de\/vegan\/vegane-fleischalternativen\/","og_locale":"de_DE","og_type":"article","og_title":"Vegane Fleischalternativen |","og_description":"Auf dem veganen und vegetarischen Markt sind eine Vielzahl an Ersatzprodukten f\u00fcr Fleischwaren zu finden. Die Verbraucher wollen einfache Produkte, die Ihnen helfen, sich auf pflanzlicher Basis zu ern\u00e4hren ohne dabei auf beliebte Produkte verzichten zu m\u00fcssen. Der Verbraucher von &hellip; Weiterlesen &rarr;","og_url":"https:\/\/katech-solutions.com\/de\/vegan\/vegane-fleischalternativen\/","og_site_name":"KaTech","article_modified_time":"2021-11-02T13:53:51+00:00","twitter_misc":{"Gesch\u00e4tzte Lesezeit":"1\u00a0Minute"},"schema":{"@context":"https:\/\/schema.org","@graph":[{"@type":"WebPage","@id":"https:\/\/katech-solutions.com\/de\/vegan\/vegane-fleischalternativen\/","url":"https:\/\/katech-solutions.com\/de\/vegan\/vegane-fleischalternativen\/","name":"Vegane Fleischalternativen |","isPartOf":{"@id":"https:\/\/katech-solutions.com\/#website"},"datePublished":"2017-07-31T12:33:11+00:00","dateModified":"2021-11-02T13:53:51+00:00","breadcrumb":{"@id":"https:\/\/katech-solutions.com\/de\/vegan\/vegane-fleischalternativen\/#breadcrumb"},"inLanguage":"de","potentialAction":[{"@type":"ReadAction","target":["https:\/\/katech-solutions.com\/de\/vegan\/vegane-fleischalternativen\/"]}]},{"@type":"BreadcrumbList","@id":"https:\/\/katech-solutions.com\/de\/vegan\/vegane-fleischalternativen\/#breadcrumb","itemListElement":[{"@type":"ListItem","position":1,"name":"Fleisch-Alternativen","item":"https:\/\/katech-solutions.com\/de\/vegan\/"},{"@type":"ListItem","position":2,"name":"Fleisch-Alternativen","item":"https:\/\/katech-solutions.com\/de\/vegan\/"},{"@type":"ListItem","position":3,"name":"Vegane Fleischalternativen"}]},{"@type":"WebSite","@id":"https:\/\/katech-solutions.com\/#website","url":"https:\/\/katech-solutions.com\/","name":"KaTech","description":"","potentialAction":[{"@type":"SearchAction","target":{"@type":"EntryPoint","urlTemplate":"https:\/\/katech-solutions.com\/?s={search_term_string}"},"query-input":{"@type":"PropertyValueSpecification","valueRequired":true,"valueName":"search_term_string"}}],"inLanguage":"de"}]}},"_links":{"self":[{"href":"https:\/\/katech-solutions.com\/de\/wp-json\/wp\/v2\/pages\/8091","targetHints":{"allow":["GET"]}}],"collection":[{"href":"https:\/\/katech-solutions.com\/de\/wp-json\/wp\/v2\/pages"}],"about":[{"href":"https:\/\/katech-solutions.com\/de\/wp-json\/wp\/v2\/types\/page"}],"author":[{"embeddable":true,"href":"https:\/\/katech-solutions.com\/de\/wp-json\/wp\/v2\/users\/3"}],"replies":[{"embeddable":true,"href":"https:\/\/katech-solutions.com\/de\/wp-json\/wp\/v2\/comments?post=8091"}],"version-history":[{"count":5,"href":"https:\/\/katech-solutions.com\/de\/wp-json\/wp\/v2\/pages\/8091\/revisions"}],"predecessor-version":[{"id":11329,"href":"https:\/\/katech-solutions.com\/de\/wp-json\/wp\/v2\/pages\/8091\/revisions\/11329"}],"up":[{"embeddable":true,"href":"https:\/\/katech-solutions.com\/de\/wp-json\/wp\/v2\/pages\/8069"}],"wp:attachment":[{"href":"https:\/\/katech-solutions.com\/de\/wp-json\/wp\/v2\/media?parent=8091"}],"curies":[{"name":"wp","href":"https:\/\/api.w.org\/{rel}","templated":true}]}}