{"id":8087,"date":"2017-07-31T12:33:10","date_gmt":"2017-07-31T12:33:10","guid":{"rendered":"https:\/\/www.khpartner.com\/?page_id=8087\/"},"modified":"2017-07-31T16:37:44","modified_gmt":"2017-07-31T16:37:44","slug":"vegane-aufstriche","status":"publish","type":"page","link":"https:\/\/katech-solutions.com\/de\/vegan\/vegane-aufstriche\/","title":{"rendered":"Vegane Aufstriche"},"content":{"rendered":"<p>In vielen L\u00e4ndern isst man zum Fr\u00fchst\u00fcck, zum Mittagessen oder unterwegs ein Sandwich.&nbsp;<\/p>\n<p>In der hektischen Welt von heute ist ein Sandwich eine praktische und schnelle Mahlzeit. Auf dem veganen Markt sind die Hauptprodukte f\u00fcr Sandwiches Fleisch- oder K\u00e4sealternativen.&nbsp; Vegane Brotaufstriche sind eine willkommene Abwechslung zu den auf dem Markt erh\u00e4ltlichen Produkten. &nbsp;<\/p>\n<p>Unsere Entwicklungen f\u00fcr Aufstriche variieren von gem\u00fcsebasierten Aufstrichen bis veganen Alternativen zu nicht-veganen Aufstrichen wie Frischk\u00e4se, Leberwurst oder Schmalz. Das Ziel ist ein Produkt auf pflanzlicher Basis zu entwickeln, das sich gut streichen l\u00e4sst und die richtige Konsistenz aufweist.<\/p>\n","protected":false},"excerpt":{"rendered":"<p>In vielen L\u00e4ndern isst man zum Fr\u00fchst\u00fcck, zum Mittagessen oder unterwegs ein Sandwich.&nbsp; In der hektischen Welt von heute ist ein Sandwich eine praktische und schnelle Mahlzeit. Auf dem veganen Markt sind die Hauptprodukte f\u00fcr Sandwiches Fleisch- oder K\u00e4sealternativen.&nbsp; Vegane &hellip; <a class=\"continue-reading\" href=\"https:\/\/katech-solutions.com\/de\/vegan\/vegane-aufstriche\/\">Weiterlesen <span class=\"meta-nav\">&rarr;<\/span><\/a><\/p>\n","protected":false},"author":3,"featured_media":0,"parent":8069,"menu_order":0,"comment_status":"closed","ping_status":"closed","template":"","meta":{"_acf_changed":false,"footnotes":""},"class_list":["post-8087","page","type-page","status-publish","hentry"],"acf":[],"yoast_head":"<!-- This site is optimized with the Yoast SEO plugin v27.2 - https:\/\/yoast.com\/product\/yoast-seo-wordpress\/ -->\n<title>Vegane Aufstriche |<\/title>\n<meta name=\"robots\" content=\"index, follow, max-snippet:-1, max-image-preview:large, max-video-preview:-1\" \/>\n<link rel=\"canonical\" href=\"https:\/\/katech-solutions.com\/de\/vegan\/vegane-aufstriche\/\" \/>\n<meta property=\"og:locale\" content=\"de_DE\" \/>\n<meta property=\"og:type\" content=\"article\" \/>\n<meta property=\"og:title\" content=\"Vegane Aufstriche |\" \/>\n<meta property=\"og:description\" content=\"In vielen L\u00e4ndern isst man zum Fr\u00fchst\u00fcck, zum Mittagessen oder unterwegs ein Sandwich.&nbsp; In der hektischen Welt von heute ist ein Sandwich eine praktische und schnelle Mahlzeit. Auf dem veganen Markt sind die Hauptprodukte f\u00fcr Sandwiches Fleisch- oder K\u00e4sealternativen.&nbsp; Vegane &hellip; Weiterlesen &rarr;\" \/>\n<meta property=\"og:url\" content=\"https:\/\/katech-solutions.com\/de\/vegan\/vegane-aufstriche\/\" \/>\n<meta property=\"og:site_name\" content=\"KaTech\" \/>\n<meta property=\"article:modified_time\" content=\"2017-07-31T16:37:44+00:00\" \/>\n<meta name=\"twitter:label1\" content=\"Gesch\u00e4tzte Lesezeit\" \/>\n\t<meta name=\"twitter:data1\" content=\"1\u00a0Minute\" \/>\n<script type=\"application\/ld+json\" class=\"yoast-schema-graph\">{\"@context\":\"https:\/\/schema.org\",\"@graph\":[{\"@type\":\"WebPage\",\"@id\":\"https:\/\/katech-solutions.com\/de\/vegan\/vegane-aufstriche\/\",\"url\":\"https:\/\/katech-solutions.com\/de\/vegan\/vegane-aufstriche\/\",\"name\":\"Vegane Aufstriche |\",\"isPartOf\":{\"@id\":\"https:\/\/katech-solutions.com\/#website\"},\"datePublished\":\"2017-07-31T12:33:10+00:00\",\"dateModified\":\"2017-07-31T16:37:44+00:00\",\"breadcrumb\":{\"@id\":\"https:\/\/katech-solutions.com\/de\/vegan\/vegane-aufstriche\/#breadcrumb\"},\"inLanguage\":\"de\",\"potentialAction\":[{\"@type\":\"ReadAction\",\"target\":[\"https:\/\/katech-solutions.com\/de\/vegan\/vegane-aufstriche\/\"]}]},{\"@type\":\"BreadcrumbList\",\"@id\":\"https:\/\/katech-solutions.com\/de\/vegan\/vegane-aufstriche\/#breadcrumb\",\"itemListElement\":[{\"@type\":\"ListItem\",\"position\":1,\"name\":\"Fleisch-Alternativen\",\"item\":\"https:\/\/katech-solutions.com\/de\/vegan\/\"},{\"@type\":\"ListItem\",\"position\":2,\"name\":\"Vegane Aufstriche\"}]},{\"@type\":\"WebSite\",\"@id\":\"https:\/\/katech-solutions.com\/#website\",\"url\":\"https:\/\/katech-solutions.com\/\",\"name\":\"KaTech\",\"description\":\"\",\"potentialAction\":[{\"@type\":\"SearchAction\",\"target\":{\"@type\":\"EntryPoint\",\"urlTemplate\":\"https:\/\/katech-solutions.com\/?s={search_term_string}\"},\"query-input\":{\"@type\":\"PropertyValueSpecification\",\"valueRequired\":true,\"valueName\":\"search_term_string\"}}],\"inLanguage\":\"de\"}]}<\/script>\n<!-- \/ Yoast SEO plugin. -->","yoast_head_json":{"title":"Vegane Aufstriche |","robots":{"index":"index","follow":"follow","max-snippet":"max-snippet:-1","max-image-preview":"max-image-preview:large","max-video-preview":"max-video-preview:-1"},"canonical":"https:\/\/katech-solutions.com\/de\/vegan\/vegane-aufstriche\/","og_locale":"de_DE","og_type":"article","og_title":"Vegane Aufstriche |","og_description":"In vielen L\u00e4ndern isst man zum Fr\u00fchst\u00fcck, zum Mittagessen oder unterwegs ein Sandwich.&nbsp; In der hektischen Welt von heute ist ein Sandwich eine praktische und schnelle Mahlzeit. Auf dem veganen Markt sind die Hauptprodukte f\u00fcr Sandwiches Fleisch- oder K\u00e4sealternativen.&nbsp; Vegane &hellip; Weiterlesen &rarr;","og_url":"https:\/\/katech-solutions.com\/de\/vegan\/vegane-aufstriche\/","og_site_name":"KaTech","article_modified_time":"2017-07-31T16:37:44+00:00","twitter_misc":{"Gesch\u00e4tzte Lesezeit":"1\u00a0Minute"},"schema":{"@context":"https:\/\/schema.org","@graph":[{"@type":"WebPage","@id":"https:\/\/katech-solutions.com\/de\/vegan\/vegane-aufstriche\/","url":"https:\/\/katech-solutions.com\/de\/vegan\/vegane-aufstriche\/","name":"Vegane Aufstriche |","isPartOf":{"@id":"https:\/\/katech-solutions.com\/#website"},"datePublished":"2017-07-31T12:33:10+00:00","dateModified":"2017-07-31T16:37:44+00:00","breadcrumb":{"@id":"https:\/\/katech-solutions.com\/de\/vegan\/vegane-aufstriche\/#breadcrumb"},"inLanguage":"de","potentialAction":[{"@type":"ReadAction","target":["https:\/\/katech-solutions.com\/de\/vegan\/vegane-aufstriche\/"]}]},{"@type":"BreadcrumbList","@id":"https:\/\/katech-solutions.com\/de\/vegan\/vegane-aufstriche\/#breadcrumb","itemListElement":[{"@type":"ListItem","position":1,"name":"Fleisch-Alternativen","item":"https:\/\/katech-solutions.com\/de\/vegan\/"},{"@type":"ListItem","position":2,"name":"Vegane Aufstriche"}]},{"@type":"WebSite","@id":"https:\/\/katech-solutions.com\/#website","url":"https:\/\/katech-solutions.com\/","name":"KaTech","description":"","potentialAction":[{"@type":"SearchAction","target":{"@type":"EntryPoint","urlTemplate":"https:\/\/katech-solutions.com\/?s={search_term_string}"},"query-input":{"@type":"PropertyValueSpecification","valueRequired":true,"valueName":"search_term_string"}}],"inLanguage":"de"}]}},"_links":{"self":[{"href":"https:\/\/katech-solutions.com\/de\/wp-json\/wp\/v2\/pages\/8087","targetHints":{"allow":["GET"]}}],"collection":[{"href":"https:\/\/katech-solutions.com\/de\/wp-json\/wp\/v2\/pages"}],"about":[{"href":"https:\/\/katech-solutions.com\/de\/wp-json\/wp\/v2\/types\/page"}],"author":[{"embeddable":true,"href":"https:\/\/katech-solutions.com\/de\/wp-json\/wp\/v2\/users\/3"}],"replies":[{"embeddable":true,"href":"https:\/\/katech-solutions.com\/de\/wp-json\/wp\/v2\/comments?post=8087"}],"version-history":[{"count":3,"href":"https:\/\/katech-solutions.com\/de\/wp-json\/wp\/v2\/pages\/8087\/revisions"}],"predecessor-version":[{"id":8255,"href":"https:\/\/katech-solutions.com\/de\/wp-json\/wp\/v2\/pages\/8087\/revisions\/8255"}],"up":[{"embeddable":true,"href":"https:\/\/katech-solutions.com\/de\/wp-json\/wp\/v2\/pages\/8069"}],"wp:attachment":[{"href":"https:\/\/katech-solutions.com\/de\/wp-json\/wp\/v2\/media?parent=8087"}],"curies":[{"name":"wp","href":"https:\/\/api.w.org\/{rel}","templated":true}]}}