{"id":8085,"date":"2017-07-31T12:33:11","date_gmt":"2017-07-31T12:33:11","guid":{"rendered":"https:\/\/www.khpartner.com\/?page_id=8085\/"},"modified":"2017-08-31T11:10:55","modified_gmt":"2017-08-31T11:10:55","slug":"vegane-saucen","status":"publish","type":"page","link":"https:\/\/katech-solutions.com\/de\/vegan\/vegane-saucen\/","title":{"rendered":"Vegane Saucen"},"content":{"rendered":"<p>Das Geheimnis eines guten Gerichtes liegt in der Sauce.&nbsp;<\/p>\n<p>Die Basis vieler Saucen enth\u00e4lt Milchprodukte wie Butter oder Milch und manchmal Ei. Besonders Sauce Hollandaise enth\u00e4lt sowohl Butter als auch Ei und kann so in der veganen Ern\u00e4hrung nicht verwendet werden.&nbsp;<\/p>\n<p>Die Zubereitung dieser Saucen ist bereits auf herk\u00f6mmliche Art nicht ganz einfach. Daher m\u00f6chte der Verbraucher f\u00fcr zuhause bequeme vegane Alternativen. Das er\u00f6ffnet den Lebensmittelproduzenten gro\u00dfe M\u00f6glichkeiten.&nbsp;<\/p>\n<p>Bei KaTech haben wir verschiedene Saucen entwickelt, die entweder UHT erhitzt, pasteurisiert oder sterilisiert werden k\u00f6nnen, damit sie lange genug haltbar sind. Wir haben L\u00f6sungen f\u00fcr vegane Sauce Hollandaise, vegane Sauce B\u00e9rnaise, vegane Pfeffersauce oder vegane B\u00e9chamelsauce und viele mehr.&nbsp;<\/p>\n<p>Sind Sie an unseren Entwicklungen interessiert oder haben Sie andere Produktanforderungen? Bitte sprechen Sie uns an und greifen Sie auf unsere Expertise in Sachen vegane Stabilisierungen und Emulgatoren zur\u00fcck.<\/p>\n","protected":false},"excerpt":{"rendered":"<p>Das Geheimnis eines guten Gerichtes liegt in der Sauce.&nbsp; Die Basis vieler Saucen enth\u00e4lt Milchprodukte wie Butter oder Milch und manchmal Ei. Besonders Sauce Hollandaise enth\u00e4lt sowohl Butter als auch Ei und kann so in der veganen Ern\u00e4hrung nicht verwendet &hellip; <a class=\"continue-reading\" href=\"https:\/\/katech-solutions.com\/de\/vegan\/vegane-saucen\/\">Weiterlesen <span class=\"meta-nav\">&rarr;<\/span><\/a><\/p>\n","protected":false},"author":3,"featured_media":0,"parent":8069,"menu_order":0,"comment_status":"closed","ping_status":"closed","template":"","meta":{"_acf_changed":false,"footnotes":""},"class_list":["post-8085","page","type-page","status-publish","hentry"],"acf":[],"yoast_head":"<!-- This site is optimized with the Yoast SEO plugin v27.2 - https:\/\/yoast.com\/product\/yoast-seo-wordpress\/ -->\n<title>Vegane Saucen |<\/title>\n<meta name=\"robots\" content=\"index, follow, max-snippet:-1, max-image-preview:large, max-video-preview:-1\" \/>\n<link rel=\"canonical\" href=\"https:\/\/katech-solutions.com\/de\/vegan\/vegane-saucen\/\" \/>\n<meta property=\"og:locale\" content=\"de_DE\" \/>\n<meta property=\"og:type\" content=\"article\" \/>\n<meta property=\"og:title\" content=\"Vegane Saucen |\" \/>\n<meta property=\"og:description\" content=\"Das Geheimnis eines guten Gerichtes liegt in der Sauce.&nbsp; Die Basis vieler Saucen enth\u00e4lt Milchprodukte wie Butter oder Milch und manchmal Ei. Besonders Sauce Hollandaise enth\u00e4lt sowohl Butter als auch Ei und kann so in der veganen Ern\u00e4hrung nicht verwendet &hellip; Weiterlesen &rarr;\" \/>\n<meta property=\"og:url\" content=\"https:\/\/katech-solutions.com\/de\/vegan\/vegane-saucen\/\" \/>\n<meta property=\"og:site_name\" content=\"KaTech\" \/>\n<meta property=\"article:modified_time\" content=\"2017-08-31T11:10:55+00:00\" \/>\n<meta name=\"twitter:label1\" content=\"Gesch\u00e4tzte Lesezeit\" \/>\n\t<meta name=\"twitter:data1\" content=\"1\u00a0Minute\" \/>\n<script type=\"application\/ld+json\" class=\"yoast-schema-graph\">{\"@context\":\"https:\/\/schema.org\",\"@graph\":[{\"@type\":\"WebPage\",\"@id\":\"https:\/\/katech-solutions.com\/de\/vegan\/vegane-saucen\/\",\"url\":\"https:\/\/katech-solutions.com\/de\/vegan\/vegane-saucen\/\",\"name\":\"Vegane Saucen |\",\"isPartOf\":{\"@id\":\"https:\/\/katech-solutions.com\/#website\"},\"datePublished\":\"2017-07-31T12:33:11+00:00\",\"dateModified\":\"2017-08-31T11:10:55+00:00\",\"breadcrumb\":{\"@id\":\"https:\/\/katech-solutions.com\/de\/vegan\/vegane-saucen\/#breadcrumb\"},\"inLanguage\":\"de\",\"potentialAction\":[{\"@type\":\"ReadAction\",\"target\":[\"https:\/\/katech-solutions.com\/de\/vegan\/vegane-saucen\/\"]}]},{\"@type\":\"BreadcrumbList\",\"@id\":\"https:\/\/katech-solutions.com\/de\/vegan\/vegane-saucen\/#breadcrumb\",\"itemListElement\":[{\"@type\":\"ListItem\",\"position\":1,\"name\":\"Fleisch-Alternativen\",\"item\":\"https:\/\/katech-solutions.com\/de\/vegan\/\"},{\"@type\":\"ListItem\",\"position\":2,\"name\":\"Fleisch-Alternativen\",\"item\":\"https:\/\/katech-solutions.com\/de\/vegan\/\"},{\"@type\":\"ListItem\",\"position\":3,\"name\":\"Vegane Saucen\"}]},{\"@type\":\"WebSite\",\"@id\":\"https:\/\/katech-solutions.com\/#website\",\"url\":\"https:\/\/katech-solutions.com\/\",\"name\":\"KaTech\",\"description\":\"\",\"potentialAction\":[{\"@type\":\"SearchAction\",\"target\":{\"@type\":\"EntryPoint\",\"urlTemplate\":\"https:\/\/katech-solutions.com\/?s={search_term_string}\"},\"query-input\":{\"@type\":\"PropertyValueSpecification\",\"valueRequired\":true,\"valueName\":\"search_term_string\"}}],\"inLanguage\":\"de\"}]}<\/script>\n<!-- \/ Yoast SEO plugin. -->","yoast_head_json":{"title":"Vegane Saucen |","robots":{"index":"index","follow":"follow","max-snippet":"max-snippet:-1","max-image-preview":"max-image-preview:large","max-video-preview":"max-video-preview:-1"},"canonical":"https:\/\/katech-solutions.com\/de\/vegan\/vegane-saucen\/","og_locale":"de_DE","og_type":"article","og_title":"Vegane Saucen |","og_description":"Das Geheimnis eines guten Gerichtes liegt in der Sauce.&nbsp; Die Basis vieler Saucen enth\u00e4lt Milchprodukte wie Butter oder Milch und manchmal Ei. Besonders Sauce Hollandaise enth\u00e4lt sowohl Butter als auch Ei und kann so in der veganen Ern\u00e4hrung nicht verwendet &hellip; Weiterlesen &rarr;","og_url":"https:\/\/katech-solutions.com\/de\/vegan\/vegane-saucen\/","og_site_name":"KaTech","article_modified_time":"2017-08-31T11:10:55+00:00","twitter_misc":{"Gesch\u00e4tzte Lesezeit":"1\u00a0Minute"},"schema":{"@context":"https:\/\/schema.org","@graph":[{"@type":"WebPage","@id":"https:\/\/katech-solutions.com\/de\/vegan\/vegane-saucen\/","url":"https:\/\/katech-solutions.com\/de\/vegan\/vegane-saucen\/","name":"Vegane Saucen |","isPartOf":{"@id":"https:\/\/katech-solutions.com\/#website"},"datePublished":"2017-07-31T12:33:11+00:00","dateModified":"2017-08-31T11:10:55+00:00","breadcrumb":{"@id":"https:\/\/katech-solutions.com\/de\/vegan\/vegane-saucen\/#breadcrumb"},"inLanguage":"de","potentialAction":[{"@type":"ReadAction","target":["https:\/\/katech-solutions.com\/de\/vegan\/vegane-saucen\/"]}]},{"@type":"BreadcrumbList","@id":"https:\/\/katech-solutions.com\/de\/vegan\/vegane-saucen\/#breadcrumb","itemListElement":[{"@type":"ListItem","position":1,"name":"Fleisch-Alternativen","item":"https:\/\/katech-solutions.com\/de\/vegan\/"},{"@type":"ListItem","position":2,"name":"Fleisch-Alternativen","item":"https:\/\/katech-solutions.com\/de\/vegan\/"},{"@type":"ListItem","position":3,"name":"Vegane Saucen"}]},{"@type":"WebSite","@id":"https:\/\/katech-solutions.com\/#website","url":"https:\/\/katech-solutions.com\/","name":"KaTech","description":"","potentialAction":[{"@type":"SearchAction","target":{"@type":"EntryPoint","urlTemplate":"https:\/\/katech-solutions.com\/?s={search_term_string}"},"query-input":{"@type":"PropertyValueSpecification","valueRequired":true,"valueName":"search_term_string"}}],"inLanguage":"de"}]}},"_links":{"self":[{"href":"https:\/\/katech-solutions.com\/de\/wp-json\/wp\/v2\/pages\/8085","targetHints":{"allow":["GET"]}}],"collection":[{"href":"https:\/\/katech-solutions.com\/de\/wp-json\/wp\/v2\/pages"}],"about":[{"href":"https:\/\/katech-solutions.com\/de\/wp-json\/wp\/v2\/types\/page"}],"author":[{"embeddable":true,"href":"https:\/\/katech-solutions.com\/de\/wp-json\/wp\/v2\/users\/3"}],"replies":[{"embeddable":true,"href":"https:\/\/katech-solutions.com\/de\/wp-json\/wp\/v2\/comments?post=8085"}],"version-history":[{"count":4,"href":"https:\/\/katech-solutions.com\/de\/wp-json\/wp\/v2\/pages\/8085\/revisions"}],"predecessor-version":[{"id":8461,"href":"https:\/\/katech-solutions.com\/de\/wp-json\/wp\/v2\/pages\/8085\/revisions\/8461"}],"up":[{"embeddable":true,"href":"https:\/\/katech-solutions.com\/de\/wp-json\/wp\/v2\/pages\/8069"}],"wp:attachment":[{"href":"https:\/\/katech-solutions.com\/de\/wp-json\/wp\/v2\/media?parent=8085"}],"curies":[{"name":"wp","href":"https:\/\/api.w.org\/{rel}","templated":true}]}}