{"id":8083,"date":"2017-07-31T12:33:11","date_gmt":"2017-07-31T12:33:11","guid":{"rendered":"https:\/\/www.khpartner.com\/?page_id=8083\/"},"modified":"2017-08-31T11:08:29","modified_gmt":"2017-08-31T11:08:29","slug":"vegane-mayonnaise-und-dressings","status":"publish","type":"page","link":"https:\/\/katech-solutions.com\/de\/vegan\/vegane-mayonnaise-und-dressings\/","title":{"rendered":"Vegane Mayonnaise und Dressings"},"content":{"rendered":"<p>Mayonnaisen und Salatsaucen werden traditionell mit Ei als Emulgator hergestellt. Deshalb ist in diesem Bereich die gr\u00f6\u00dfte Herausforderung, den richtigen Ersatz f\u00fcr den Ei-Emulgator zu finden und gleichzeitig dieselbe cremige Konsistenz zu erhalten wie bei einer traditionellen Mayonnaise oder einem Dressing. KaTech hat mit vielen unterschiedlichen Emulgatoren auf pflanzlicher Basis gearbeitet und kennt die Vor- und Nachteile eines jeden. Ob unterschiedlicher Fettgehalt, &#8218;Clean Label&#8216;, \u201aOrganic\u2019 &#8211; KaTech&nbsp; bietet hier vielf\u00e4ltige L\u00f6sungen.&nbsp;<\/p>\n<p>Wir, bei KaTech, experimentieren gerne mit unterschiedlichen Geschmacksrichtungen. Unsere Lieblingsrezepte f\u00fcr vegane Salatsaucen sind eine fruchtige Mangosauce oder Hummus, die besonders gut zu gr\u00fcnem Salat passen.<\/p>\n","protected":false},"excerpt":{"rendered":"<p>Mayonnaisen und Salatsaucen werden traditionell mit Ei als Emulgator hergestellt. Deshalb ist in diesem Bereich die gr\u00f6\u00dfte Herausforderung, den richtigen Ersatz f\u00fcr den Ei-Emulgator zu finden und gleichzeitig dieselbe cremige Konsistenz zu erhalten wie bei einer traditionellen Mayonnaise oder einem &hellip; <a class=\"continue-reading\" href=\"https:\/\/katech-solutions.com\/de\/vegan\/vegane-mayonnaise-und-dressings\/\">Weiterlesen <span class=\"meta-nav\">&rarr;<\/span><\/a><\/p>\n","protected":false},"author":3,"featured_media":0,"parent":8069,"menu_order":0,"comment_status":"closed","ping_status":"closed","template":"","meta":{"_acf_changed":false,"footnotes":""},"class_list":["post-8083","page","type-page","status-publish","hentry"],"acf":[],"yoast_head":"<!-- This site is optimized with the Yoast SEO plugin v27.2 - https:\/\/yoast.com\/product\/yoast-seo-wordpress\/ -->\n<title>Vegane Mayonnaise und Dressings |<\/title>\n<meta name=\"robots\" content=\"index, follow, max-snippet:-1, max-image-preview:large, max-video-preview:-1\" \/>\n<link rel=\"canonical\" href=\"https:\/\/katech-solutions.com\/de\/vegan\/vegane-mayonnaise-und-dressings\/\" \/>\n<meta property=\"og:locale\" content=\"de_DE\" \/>\n<meta property=\"og:type\" content=\"article\" \/>\n<meta property=\"og:title\" content=\"Vegane Mayonnaise und Dressings |\" \/>\n<meta property=\"og:description\" content=\"Mayonnaisen und Salatsaucen werden traditionell mit Ei als Emulgator hergestellt. Deshalb ist in diesem Bereich die gr\u00f6\u00dfte Herausforderung, den richtigen Ersatz f\u00fcr den Ei-Emulgator zu finden und gleichzeitig dieselbe cremige Konsistenz zu erhalten wie bei einer traditionellen Mayonnaise oder einem &hellip; Weiterlesen &rarr;\" \/>\n<meta property=\"og:url\" content=\"https:\/\/katech-solutions.com\/de\/vegan\/vegane-mayonnaise-und-dressings\/\" \/>\n<meta property=\"og:site_name\" content=\"KaTech\" \/>\n<meta property=\"article:modified_time\" content=\"2017-08-31T11:08:29+00:00\" \/>\n<meta name=\"twitter:label1\" content=\"Gesch\u00e4tzte Lesezeit\" \/>\n\t<meta name=\"twitter:data1\" content=\"1\u00a0Minute\" \/>\n<script type=\"application\/ld+json\" class=\"yoast-schema-graph\">{\"@context\":\"https:\/\/schema.org\",\"@graph\":[{\"@type\":\"WebPage\",\"@id\":\"https:\/\/katech-solutions.com\/de\/vegan\/vegane-mayonnaise-und-dressings\/\",\"url\":\"https:\/\/katech-solutions.com\/de\/vegan\/vegane-mayonnaise-und-dressings\/\",\"name\":\"Vegane Mayonnaise und Dressings |\",\"isPartOf\":{\"@id\":\"https:\/\/katech-solutions.com\/#website\"},\"datePublished\":\"2017-07-31T12:33:11+00:00\",\"dateModified\":\"2017-08-31T11:08:29+00:00\",\"breadcrumb\":{\"@id\":\"https:\/\/katech-solutions.com\/de\/vegan\/vegane-mayonnaise-und-dressings\/#breadcrumb\"},\"inLanguage\":\"de\",\"potentialAction\":[{\"@type\":\"ReadAction\",\"target\":[\"https:\/\/katech-solutions.com\/de\/vegan\/vegane-mayonnaise-und-dressings\/\"]}]},{\"@type\":\"BreadcrumbList\",\"@id\":\"https:\/\/katech-solutions.com\/de\/vegan\/vegane-mayonnaise-und-dressings\/#breadcrumb\",\"itemListElement\":[{\"@type\":\"ListItem\",\"position\":1,\"name\":\"Fleisch-Alternativen\",\"item\":\"https:\/\/katech-solutions.com\/de\/vegan\/\"},{\"@type\":\"ListItem\",\"position\":2,\"name\":\"Vegane Mayonnaise und Dressings\"}]},{\"@type\":\"WebSite\",\"@id\":\"https:\/\/katech-solutions.com\/#website\",\"url\":\"https:\/\/katech-solutions.com\/\",\"name\":\"KaTech\",\"description\":\"\",\"potentialAction\":[{\"@type\":\"SearchAction\",\"target\":{\"@type\":\"EntryPoint\",\"urlTemplate\":\"https:\/\/katech-solutions.com\/?s={search_term_string}\"},\"query-input\":{\"@type\":\"PropertyValueSpecification\",\"valueRequired\":true,\"valueName\":\"search_term_string\"}}],\"inLanguage\":\"de\"}]}<\/script>\n<!-- \/ Yoast SEO plugin. -->","yoast_head_json":{"title":"Vegane Mayonnaise und Dressings |","robots":{"index":"index","follow":"follow","max-snippet":"max-snippet:-1","max-image-preview":"max-image-preview:large","max-video-preview":"max-video-preview:-1"},"canonical":"https:\/\/katech-solutions.com\/de\/vegan\/vegane-mayonnaise-und-dressings\/","og_locale":"de_DE","og_type":"article","og_title":"Vegane Mayonnaise und Dressings |","og_description":"Mayonnaisen und Salatsaucen werden traditionell mit Ei als Emulgator hergestellt. Deshalb ist in diesem Bereich die gr\u00f6\u00dfte Herausforderung, den richtigen Ersatz f\u00fcr den Ei-Emulgator zu finden und gleichzeitig dieselbe cremige Konsistenz zu erhalten wie bei einer traditionellen Mayonnaise oder einem &hellip; Weiterlesen &rarr;","og_url":"https:\/\/katech-solutions.com\/de\/vegan\/vegane-mayonnaise-und-dressings\/","og_site_name":"KaTech","article_modified_time":"2017-08-31T11:08:29+00:00","twitter_misc":{"Gesch\u00e4tzte Lesezeit":"1\u00a0Minute"},"schema":{"@context":"https:\/\/schema.org","@graph":[{"@type":"WebPage","@id":"https:\/\/katech-solutions.com\/de\/vegan\/vegane-mayonnaise-und-dressings\/","url":"https:\/\/katech-solutions.com\/de\/vegan\/vegane-mayonnaise-und-dressings\/","name":"Vegane Mayonnaise und Dressings |","isPartOf":{"@id":"https:\/\/katech-solutions.com\/#website"},"datePublished":"2017-07-31T12:33:11+00:00","dateModified":"2017-08-31T11:08:29+00:00","breadcrumb":{"@id":"https:\/\/katech-solutions.com\/de\/vegan\/vegane-mayonnaise-und-dressings\/#breadcrumb"},"inLanguage":"de","potentialAction":[{"@type":"ReadAction","target":["https:\/\/katech-solutions.com\/de\/vegan\/vegane-mayonnaise-und-dressings\/"]}]},{"@type":"BreadcrumbList","@id":"https:\/\/katech-solutions.com\/de\/vegan\/vegane-mayonnaise-und-dressings\/#breadcrumb","itemListElement":[{"@type":"ListItem","position":1,"name":"Fleisch-Alternativen","item":"https:\/\/katech-solutions.com\/de\/vegan\/"},{"@type":"ListItem","position":2,"name":"Vegane Mayonnaise und Dressings"}]},{"@type":"WebSite","@id":"https:\/\/katech-solutions.com\/#website","url":"https:\/\/katech-solutions.com\/","name":"KaTech","description":"","potentialAction":[{"@type":"SearchAction","target":{"@type":"EntryPoint","urlTemplate":"https:\/\/katech-solutions.com\/?s={search_term_string}"},"query-input":{"@type":"PropertyValueSpecification","valueRequired":true,"valueName":"search_term_string"}}],"inLanguage":"de"}]}},"_links":{"self":[{"href":"https:\/\/katech-solutions.com\/de\/wp-json\/wp\/v2\/pages\/8083","targetHints":{"allow":["GET"]}}],"collection":[{"href":"https:\/\/katech-solutions.com\/de\/wp-json\/wp\/v2\/pages"}],"about":[{"href":"https:\/\/katech-solutions.com\/de\/wp-json\/wp\/v2\/types\/page"}],"author":[{"embeddable":true,"href":"https:\/\/katech-solutions.com\/de\/wp-json\/wp\/v2\/users\/3"}],"replies":[{"embeddable":true,"href":"https:\/\/katech-solutions.com\/de\/wp-json\/wp\/v2\/comments?post=8083"}],"version-history":[{"count":4,"href":"https:\/\/katech-solutions.com\/de\/wp-json\/wp\/v2\/pages\/8083\/revisions"}],"predecessor-version":[{"id":8459,"href":"https:\/\/katech-solutions.com\/de\/wp-json\/wp\/v2\/pages\/8083\/revisions\/8459"}],"up":[{"embeddable":true,"href":"https:\/\/katech-solutions.com\/de\/wp-json\/wp\/v2\/pages\/8069"}],"wp:attachment":[{"href":"https:\/\/katech-solutions.com\/de\/wp-json\/wp\/v2\/media?parent=8083"}],"curies":[{"name":"wp","href":"https:\/\/api.w.org\/{rel}","templated":true}]}}