{"id":8081,"date":"2017-07-31T12:33:11","date_gmt":"2017-07-31T12:33:11","guid":{"rendered":"https:\/\/www.khpartner.com\/?page_id=8081\/"},"modified":"2017-08-31T11:05:31","modified_gmt":"2017-08-31T11:05:31","slug":"vegane-desserts","status":"publish","type":"page","link":"https:\/\/katech-solutions.com\/de\/vegan\/vegane-desserts\/","title":{"rendered":"Vegane Desserts"},"content":{"rendered":"<p>Desserts sind ein besonderer Genuss am Ende einer Mahlzeit, als Zwischenmahlzeit oder f\u00fcr unterwegs. Die Verbraucher wollen eine cremige Konsistenz mit angenehmem Mundgef\u00fchl.&nbsp; Die vegane Alternative muss den gleichen Genuss bieten ohne dabei Milchprodukte, Ei oder Gelatine zu verwenden, welche oft in herk\u00f6mmlichen Desserts zu finden sind.&nbsp;<\/p>\n<p>Wir, bei KaTech, haben eine Menge Rezepte f\u00fcr qualitativ hochwertige vegane Produkte entwickelt, die pasteurisiert oder ultrahocherhitzt werden k\u00f6nnen, damit sie l\u00e4nger haltbar sind. Die Basis ist immer eine Kombination von verschiedenen Milchalternativen, damit der gew\u00fcnschte Fettgehalt erreicht wird. Da wir ein breites Spektrum qualitativ hochwertiger veganer Desserts entwickelt haben, k\u00f6nnen die Parameter leicht an den Produktionsanforderungen des Herstellers angepasst werden.&nbsp;<\/p>\n<p>Unsere neuesten Entwicklungen sind veganer Haselnusspudding, veganer Milchreis, veganer K\u00e4sekuchen und vegane Panna Cotta.<\/p>\n<p>Bitte setzen Sie sich gern mit uns in Verbindung, um mehr dar\u00fcber zu erfahren. (E-Mail)<\/p>\n","protected":false},"excerpt":{"rendered":"<p>Desserts sind ein besonderer Genuss am Ende einer Mahlzeit, als Zwischenmahlzeit oder f\u00fcr unterwegs. Die Verbraucher wollen eine cremige Konsistenz mit angenehmem Mundgef\u00fchl.&nbsp; Die vegane Alternative muss den gleichen Genuss bieten ohne dabei Milchprodukte, Ei oder Gelatine zu verwenden, welche &hellip; <a class=\"continue-reading\" href=\"https:\/\/katech-solutions.com\/de\/vegan\/vegane-desserts\/\">Weiterlesen <span class=\"meta-nav\">&rarr;<\/span><\/a><\/p>\n","protected":false},"author":3,"featured_media":0,"parent":8069,"menu_order":0,"comment_status":"closed","ping_status":"closed","template":"","meta":{"_acf_changed":false,"footnotes":""},"class_list":["post-8081","page","type-page","status-publish","hentry"],"acf":[],"yoast_head":"<!-- This site is optimized with the Yoast SEO plugin v27.2 - https:\/\/yoast.com\/product\/yoast-seo-wordpress\/ -->\n<title>Vegane Desserts |<\/title>\n<meta name=\"robots\" content=\"index, follow, max-snippet:-1, max-image-preview:large, max-video-preview:-1\" \/>\n<link rel=\"canonical\" href=\"https:\/\/katech-solutions.com\/de\/vegan\/vegane-desserts\/\" \/>\n<meta property=\"og:locale\" content=\"de_DE\" \/>\n<meta property=\"og:type\" content=\"article\" \/>\n<meta property=\"og:title\" content=\"Vegane Desserts |\" \/>\n<meta property=\"og:description\" content=\"Desserts sind ein besonderer Genuss am Ende einer Mahlzeit, als Zwischenmahlzeit oder f\u00fcr unterwegs. Die Verbraucher wollen eine cremige Konsistenz mit angenehmem Mundgef\u00fchl.&nbsp; Die vegane Alternative muss den gleichen Genuss bieten ohne dabei Milchprodukte, Ei oder Gelatine zu verwenden, welche &hellip; Weiterlesen &rarr;\" \/>\n<meta property=\"og:url\" content=\"https:\/\/katech-solutions.com\/de\/vegan\/vegane-desserts\/\" \/>\n<meta property=\"og:site_name\" content=\"KaTech\" \/>\n<meta property=\"article:modified_time\" content=\"2017-08-31T11:05:31+00:00\" \/>\n<meta name=\"twitter:label1\" content=\"Gesch\u00e4tzte Lesezeit\" \/>\n\t<meta name=\"twitter:data1\" content=\"1\u00a0Minute\" \/>\n<script type=\"application\/ld+json\" class=\"yoast-schema-graph\">{\"@context\":\"https:\/\/schema.org\",\"@graph\":[{\"@type\":\"WebPage\",\"@id\":\"https:\/\/katech-solutions.com\/de\/vegan\/vegane-desserts\/\",\"url\":\"https:\/\/katech-solutions.com\/de\/vegan\/vegane-desserts\/\",\"name\":\"Vegane Desserts |\",\"isPartOf\":{\"@id\":\"https:\/\/katech-solutions.com\/#website\"},\"datePublished\":\"2017-07-31T12:33:11+00:00\",\"dateModified\":\"2017-08-31T11:05:31+00:00\",\"breadcrumb\":{\"@id\":\"https:\/\/katech-solutions.com\/de\/vegan\/vegane-desserts\/#breadcrumb\"},\"inLanguage\":\"de\",\"potentialAction\":[{\"@type\":\"ReadAction\",\"target\":[\"https:\/\/katech-solutions.com\/de\/vegan\/vegane-desserts\/\"]}]},{\"@type\":\"BreadcrumbList\",\"@id\":\"https:\/\/katech-solutions.com\/de\/vegan\/vegane-desserts\/#breadcrumb\",\"itemListElement\":[{\"@type\":\"ListItem\",\"position\":1,\"name\":\"Fleisch-Alternativen\",\"item\":\"https:\/\/katech-solutions.com\/de\/vegan\/\"},{\"@type\":\"ListItem\",\"position\":2,\"name\":\"Fleisch-Alternativen\",\"item\":\"https:\/\/katech-solutions.com\/de\/vegan\/\"},{\"@type\":\"ListItem\",\"position\":3,\"name\":\"Vegane Desserts\"}]},{\"@type\":\"WebSite\",\"@id\":\"https:\/\/katech-solutions.com\/#website\",\"url\":\"https:\/\/katech-solutions.com\/\",\"name\":\"KaTech\",\"description\":\"\",\"potentialAction\":[{\"@type\":\"SearchAction\",\"target\":{\"@type\":\"EntryPoint\",\"urlTemplate\":\"https:\/\/katech-solutions.com\/?s={search_term_string}\"},\"query-input\":{\"@type\":\"PropertyValueSpecification\",\"valueRequired\":true,\"valueName\":\"search_term_string\"}}],\"inLanguage\":\"de\"}]}<\/script>\n<!-- \/ Yoast SEO plugin. -->","yoast_head_json":{"title":"Vegane Desserts |","robots":{"index":"index","follow":"follow","max-snippet":"max-snippet:-1","max-image-preview":"max-image-preview:large","max-video-preview":"max-video-preview:-1"},"canonical":"https:\/\/katech-solutions.com\/de\/vegan\/vegane-desserts\/","og_locale":"de_DE","og_type":"article","og_title":"Vegane Desserts |","og_description":"Desserts sind ein besonderer Genuss am Ende einer Mahlzeit, als Zwischenmahlzeit oder f\u00fcr unterwegs. Die Verbraucher wollen eine cremige Konsistenz mit angenehmem Mundgef\u00fchl.&nbsp; Die vegane Alternative muss den gleichen Genuss bieten ohne dabei Milchprodukte, Ei oder Gelatine zu verwenden, welche &hellip; Weiterlesen &rarr;","og_url":"https:\/\/katech-solutions.com\/de\/vegan\/vegane-desserts\/","og_site_name":"KaTech","article_modified_time":"2017-08-31T11:05:31+00:00","twitter_misc":{"Gesch\u00e4tzte Lesezeit":"1\u00a0Minute"},"schema":{"@context":"https:\/\/schema.org","@graph":[{"@type":"WebPage","@id":"https:\/\/katech-solutions.com\/de\/vegan\/vegane-desserts\/","url":"https:\/\/katech-solutions.com\/de\/vegan\/vegane-desserts\/","name":"Vegane Desserts |","isPartOf":{"@id":"https:\/\/katech-solutions.com\/#website"},"datePublished":"2017-07-31T12:33:11+00:00","dateModified":"2017-08-31T11:05:31+00:00","breadcrumb":{"@id":"https:\/\/katech-solutions.com\/de\/vegan\/vegane-desserts\/#breadcrumb"},"inLanguage":"de","potentialAction":[{"@type":"ReadAction","target":["https:\/\/katech-solutions.com\/de\/vegan\/vegane-desserts\/"]}]},{"@type":"BreadcrumbList","@id":"https:\/\/katech-solutions.com\/de\/vegan\/vegane-desserts\/#breadcrumb","itemListElement":[{"@type":"ListItem","position":1,"name":"Fleisch-Alternativen","item":"https:\/\/katech-solutions.com\/de\/vegan\/"},{"@type":"ListItem","position":2,"name":"Fleisch-Alternativen","item":"https:\/\/katech-solutions.com\/de\/vegan\/"},{"@type":"ListItem","position":3,"name":"Vegane Desserts"}]},{"@type":"WebSite","@id":"https:\/\/katech-solutions.com\/#website","url":"https:\/\/katech-solutions.com\/","name":"KaTech","description":"","potentialAction":[{"@type":"SearchAction","target":{"@type":"EntryPoint","urlTemplate":"https:\/\/katech-solutions.com\/?s={search_term_string}"},"query-input":{"@type":"PropertyValueSpecification","valueRequired":true,"valueName":"search_term_string"}}],"inLanguage":"de"}]}},"_links":{"self":[{"href":"https:\/\/katech-solutions.com\/de\/wp-json\/wp\/v2\/pages\/8081","targetHints":{"allow":["GET"]}}],"collection":[{"href":"https:\/\/katech-solutions.com\/de\/wp-json\/wp\/v2\/pages"}],"about":[{"href":"https:\/\/katech-solutions.com\/de\/wp-json\/wp\/v2\/types\/page"}],"author":[{"embeddable":true,"href":"https:\/\/katech-solutions.com\/de\/wp-json\/wp\/v2\/users\/3"}],"replies":[{"embeddable":true,"href":"https:\/\/katech-solutions.com\/de\/wp-json\/wp\/v2\/comments?post=8081"}],"version-history":[{"count":7,"href":"https:\/\/katech-solutions.com\/de\/wp-json\/wp\/v2\/pages\/8081\/revisions"}],"predecessor-version":[{"id":8456,"href":"https:\/\/katech-solutions.com\/de\/wp-json\/wp\/v2\/pages\/8081\/revisions\/8456"}],"up":[{"embeddable":true,"href":"https:\/\/katech-solutions.com\/de\/wp-json\/wp\/v2\/pages\/8069"}],"wp:attachment":[{"href":"https:\/\/katech-solutions.com\/de\/wp-json\/wp\/v2\/media?parent=8081"}],"curies":[{"name":"wp","href":"https:\/\/api.w.org\/{rel}","templated":true}]}}