{"id":8077,"date":"2017-07-31T12:33:11","date_gmt":"2017-07-31T12:33:11","guid":{"rendered":"https:\/\/www.khpartner.com\/?page_id=8077\/"},"modified":"2019-11-19T10:11:01","modified_gmt":"2019-11-19T10:11:01","slug":"veganer-joghurt","status":"publish","type":"page","link":"https:\/\/katech-solutions.com\/de\/vegan\/veganer-joghurt\/","title":{"rendered":"Veganer Joghurt"},"content":{"rendered":"<p>Herk\u00f6mmlicher Joghurt ist aus mit Bakterien kultivierter Milch hergestellt, um die gew\u00fcnschte dicke, cremige Konsistenz zu erhalten. Bei veganem Joghurt wird die Milch durch eine Alternative auf pflanzlicher Basis ersetzt. Unter Verwendung der richtigen Kombination von funktionalen Zutaten, die dem Verfahren angepasst sind, wird die Konsistenz eines Milchjoghurts mit unterschiedlichen Fettstufen perfekt imitiert. Wir, bei KaTech, sind in der Lage, egal ob fermentiert oder ges\u00e4uert, ob frisch oder w\u00e4rmebehandelt, bei unterschiedlichen Fett- oder Eiwei\u00dfgehalten, Ihnen das vegane Joghurtprodukt zu entwickeln, das Sie sich w\u00fcnschen. Sprechen Sie uns gern an.<\/p>\n","protected":false},"excerpt":{"rendered":"<p>Herk\u00f6mmlicher Joghurt ist aus mit Bakterien kultivierter Milch hergestellt, um die gew\u00fcnschte dicke, cremige Konsistenz zu erhalten. Bei veganem Joghurt wird die Milch durch eine Alternative auf pflanzlicher Basis ersetzt. Unter Verwendung der richtigen Kombination von funktionalen Zutaten, die dem &hellip; <a class=\"continue-reading\" href=\"https:\/\/katech-solutions.com\/de\/vegan\/veganer-joghurt\/\">Weiterlesen <span class=\"meta-nav\">&rarr;<\/span><\/a><\/p>\n","protected":false},"author":3,"featured_media":0,"parent":8069,"menu_order":0,"comment_status":"closed","ping_status":"closed","template":"","meta":{"_acf_changed":false,"footnotes":""},"class_list":["post-8077","page","type-page","status-publish","hentry"],"acf":[],"yoast_head":"<!-- This site is optimized with the Yoast SEO plugin v27.2 - https:\/\/yoast.com\/product\/yoast-seo-wordpress\/ -->\n<title>Veganer Joghurt |<\/title>\n<meta name=\"robots\" content=\"index, follow, max-snippet:-1, max-image-preview:large, max-video-preview:-1\" \/>\n<link rel=\"canonical\" href=\"https:\/\/katech-solutions.com\/de\/vegan\/veganer-joghurt\/\" \/>\n<meta property=\"og:locale\" content=\"de_DE\" \/>\n<meta property=\"og:type\" content=\"article\" \/>\n<meta property=\"og:title\" content=\"Veganer Joghurt |\" \/>\n<meta property=\"og:description\" content=\"Herk\u00f6mmlicher Joghurt ist aus mit Bakterien kultivierter Milch hergestellt, um die gew\u00fcnschte dicke, cremige Konsistenz zu erhalten. Bei veganem Joghurt wird die Milch durch eine Alternative auf pflanzlicher Basis ersetzt. Unter Verwendung der richtigen Kombination von funktionalen Zutaten, die dem &hellip; Weiterlesen &rarr;\" \/>\n<meta property=\"og:url\" content=\"https:\/\/katech-solutions.com\/de\/vegan\/veganer-joghurt\/\" \/>\n<meta property=\"og:site_name\" content=\"KaTech\" \/>\n<meta property=\"article:modified_time\" content=\"2019-11-19T10:11:01+00:00\" \/>\n<script type=\"application\/ld+json\" class=\"yoast-schema-graph\">{\"@context\":\"https:\/\/schema.org\",\"@graph\":[{\"@type\":\"WebPage\",\"@id\":\"https:\/\/katech-solutions.com\/de\/vegan\/veganer-joghurt\/\",\"url\":\"https:\/\/katech-solutions.com\/de\/vegan\/veganer-joghurt\/\",\"name\":\"Veganer Joghurt |\",\"isPartOf\":{\"@id\":\"https:\/\/katech-solutions.com\/#website\"},\"datePublished\":\"2017-07-31T12:33:11+00:00\",\"dateModified\":\"2019-11-19T10:11:01+00:00\",\"breadcrumb\":{\"@id\":\"https:\/\/katech-solutions.com\/de\/vegan\/veganer-joghurt\/#breadcrumb\"},\"inLanguage\":\"de\",\"potentialAction\":[{\"@type\":\"ReadAction\",\"target\":[\"https:\/\/katech-solutions.com\/de\/vegan\/veganer-joghurt\/\"]}]},{\"@type\":\"BreadcrumbList\",\"@id\":\"https:\/\/katech-solutions.com\/de\/vegan\/veganer-joghurt\/#breadcrumb\",\"itemListElement\":[{\"@type\":\"ListItem\",\"position\":1,\"name\":\"Fleisch-Alternativen\",\"item\":\"https:\/\/katech-solutions.com\/de\/vegan\/\"},{\"@type\":\"ListItem\",\"position\":2,\"name\":\"Veganer Joghurt\"}]},{\"@type\":\"WebSite\",\"@id\":\"https:\/\/katech-solutions.com\/#website\",\"url\":\"https:\/\/katech-solutions.com\/\",\"name\":\"KaTech\",\"description\":\"\",\"potentialAction\":[{\"@type\":\"SearchAction\",\"target\":{\"@type\":\"EntryPoint\",\"urlTemplate\":\"https:\/\/katech-solutions.com\/?s={search_term_string}\"},\"query-input\":{\"@type\":\"PropertyValueSpecification\",\"valueRequired\":true,\"valueName\":\"search_term_string\"}}],\"inLanguage\":\"de\"}]}<\/script>\n<!-- \/ Yoast SEO plugin. -->","yoast_head_json":{"title":"Veganer Joghurt |","robots":{"index":"index","follow":"follow","max-snippet":"max-snippet:-1","max-image-preview":"max-image-preview:large","max-video-preview":"max-video-preview:-1"},"canonical":"https:\/\/katech-solutions.com\/de\/vegan\/veganer-joghurt\/","og_locale":"de_DE","og_type":"article","og_title":"Veganer Joghurt |","og_description":"Herk\u00f6mmlicher Joghurt ist aus mit Bakterien kultivierter Milch hergestellt, um die gew\u00fcnschte dicke, cremige Konsistenz zu erhalten. Bei veganem Joghurt wird die Milch durch eine Alternative auf pflanzlicher Basis ersetzt. Unter Verwendung der richtigen Kombination von funktionalen Zutaten, die dem &hellip; Weiterlesen &rarr;","og_url":"https:\/\/katech-solutions.com\/de\/vegan\/veganer-joghurt\/","og_site_name":"KaTech","article_modified_time":"2019-11-19T10:11:01+00:00","schema":{"@context":"https:\/\/schema.org","@graph":[{"@type":"WebPage","@id":"https:\/\/katech-solutions.com\/de\/vegan\/veganer-joghurt\/","url":"https:\/\/katech-solutions.com\/de\/vegan\/veganer-joghurt\/","name":"Veganer Joghurt |","isPartOf":{"@id":"https:\/\/katech-solutions.com\/#website"},"datePublished":"2017-07-31T12:33:11+00:00","dateModified":"2019-11-19T10:11:01+00:00","breadcrumb":{"@id":"https:\/\/katech-solutions.com\/de\/vegan\/veganer-joghurt\/#breadcrumb"},"inLanguage":"de","potentialAction":[{"@type":"ReadAction","target":["https:\/\/katech-solutions.com\/de\/vegan\/veganer-joghurt\/"]}]},{"@type":"BreadcrumbList","@id":"https:\/\/katech-solutions.com\/de\/vegan\/veganer-joghurt\/#breadcrumb","itemListElement":[{"@type":"ListItem","position":1,"name":"Fleisch-Alternativen","item":"https:\/\/katech-solutions.com\/de\/vegan\/"},{"@type":"ListItem","position":2,"name":"Veganer Joghurt"}]},{"@type":"WebSite","@id":"https:\/\/katech-solutions.com\/#website","url":"https:\/\/katech-solutions.com\/","name":"KaTech","description":"","potentialAction":[{"@type":"SearchAction","target":{"@type":"EntryPoint","urlTemplate":"https:\/\/katech-solutions.com\/?s={search_term_string}"},"query-input":{"@type":"PropertyValueSpecification","valueRequired":true,"valueName":"search_term_string"}}],"inLanguage":"de"}]}},"_links":{"self":[{"href":"https:\/\/katech-solutions.com\/de\/wp-json\/wp\/v2\/pages\/8077","targetHints":{"allow":["GET"]}}],"collection":[{"href":"https:\/\/katech-solutions.com\/de\/wp-json\/wp\/v2\/pages"}],"about":[{"href":"https:\/\/katech-solutions.com\/de\/wp-json\/wp\/v2\/types\/page"}],"author":[{"embeddable":true,"href":"https:\/\/katech-solutions.com\/de\/wp-json\/wp\/v2\/users\/3"}],"replies":[{"embeddable":true,"href":"https:\/\/katech-solutions.com\/de\/wp-json\/wp\/v2\/comments?post=8077"}],"version-history":[{"count":10,"href":"https:\/\/katech-solutions.com\/de\/wp-json\/wp\/v2\/pages\/8077\/revisions"}],"predecessor-version":[{"id":10581,"href":"https:\/\/katech-solutions.com\/de\/wp-json\/wp\/v2\/pages\/8077\/revisions\/10581"}],"up":[{"embeddable":true,"href":"https:\/\/katech-solutions.com\/de\/wp-json\/wp\/v2\/pages\/8069"}],"wp:attachment":[{"href":"https:\/\/katech-solutions.com\/de\/wp-json\/wp\/v2\/media?parent=8077"}],"curies":[{"name":"wp","href":"https:\/\/api.w.org\/{rel}","templated":true}]}}