{"id":8075,"date":"2017-07-31T12:33:11","date_gmt":"2017-07-31T12:33:11","guid":{"rendered":"https:\/\/www.khpartner.com\/?page_id=8075\/"},"modified":"2017-08-31T11:01:32","modified_gmt":"2017-08-31T11:01:32","slug":"vegane-kaesealternativen","status":"publish","type":"page","link":"https:\/\/katech-solutions.com\/de\/vegan\/vegane-kaesealternativen\/","title":{"rendered":"Vegane K\u00e4sealternativen"},"content":{"rendered":"<p>Auch K\u00e4se ist ein Produkt, das viele, unterschiedliche Eigenschaften aufweist und deswegen einen weit verbreiteten Einsatz in der internationalen K\u00fcche findet. Diese vielf\u00e4ltigen Produkteigenschaften sind bisher nur schwer auf pflanzlicher Basis erreichbar gewesen. Die vegane Version sollte gut pur zu essen sein, sich aufschneiden oder reiben lassen und im Ofen schmelzen und dabei F\u00e4den ziehen. &nbsp;<\/p>\n<p>Vegane K\u00e4sealternativen bestehen nur aus Fett, Wasser und trockenen Komponenten, daher ist der richtige Geschmack eine weitere Herausforderung.&nbsp;<\/p>\n<p>Wir bei KaTech haben unterschiedliche vegane K\u00e4sealternativen entwickelt, die dem Originalk\u00e4se aus Milch mit seinen unterschiedlichen Produkteigenschaften entsprechen.&nbsp; Sie erhalten von uns vegane L\u00f6sungen f\u00fcr Gouda, Mozzarella, Feta und Pizzak\u00e4se.<\/p>\n<p>F\u00fcr mehr Information kontaktieren Sie uns.<\/p>\n","protected":false},"excerpt":{"rendered":"<p>Auch K\u00e4se ist ein Produkt, das viele, unterschiedliche Eigenschaften aufweist und deswegen einen weit verbreiteten Einsatz in der internationalen K\u00fcche findet. Diese vielf\u00e4ltigen Produkteigenschaften sind bisher nur schwer auf pflanzlicher Basis erreichbar gewesen. Die vegane Version sollte gut pur zu &hellip; <a class=\"continue-reading\" href=\"https:\/\/katech-solutions.com\/de\/vegan\/vegane-kaesealternativen\/\">Weiterlesen <span class=\"meta-nav\">&rarr;<\/span><\/a><\/p>\n","protected":false},"author":3,"featured_media":0,"parent":8069,"menu_order":0,"comment_status":"closed","ping_status":"closed","template":"","meta":{"_acf_changed":false,"footnotes":""},"class_list":["post-8075","page","type-page","status-publish","hentry"],"acf":[],"yoast_head":"<!-- This site is optimized with the Yoast SEO plugin v27.2 - https:\/\/yoast.com\/product\/yoast-seo-wordpress\/ -->\n<title>Vegane K\u00e4sealternativen |<\/title>\n<meta name=\"robots\" content=\"index, follow, max-snippet:-1, max-image-preview:large, max-video-preview:-1\" \/>\n<link rel=\"canonical\" href=\"https:\/\/katech-solutions.com\/de\/vegan\/vegane-kaesealternativen\/\" \/>\n<meta property=\"og:locale\" content=\"de_DE\" \/>\n<meta property=\"og:type\" content=\"article\" \/>\n<meta property=\"og:title\" content=\"Vegane K\u00e4sealternativen |\" \/>\n<meta property=\"og:description\" content=\"Auch K\u00e4se ist ein Produkt, das viele, unterschiedliche Eigenschaften aufweist und deswegen einen weit verbreiteten Einsatz in der internationalen K\u00fcche findet. Diese vielf\u00e4ltigen Produkteigenschaften sind bisher nur schwer auf pflanzlicher Basis erreichbar gewesen. Die vegane Version sollte gut pur zu &hellip; Weiterlesen &rarr;\" \/>\n<meta property=\"og:url\" content=\"https:\/\/katech-solutions.com\/de\/vegan\/vegane-kaesealternativen\/\" \/>\n<meta property=\"og:site_name\" content=\"KaTech\" \/>\n<meta property=\"article:modified_time\" content=\"2017-08-31T11:01:32+00:00\" \/>\n<meta name=\"twitter:label1\" content=\"Gesch\u00e4tzte Lesezeit\" \/>\n\t<meta name=\"twitter:data1\" content=\"1\u00a0Minute\" \/>\n<script type=\"application\/ld+json\" class=\"yoast-schema-graph\">{\"@context\":\"https:\/\/schema.org\",\"@graph\":[{\"@type\":\"WebPage\",\"@id\":\"https:\/\/katech-solutions.com\/de\/vegan\/vegane-kaesealternativen\/\",\"url\":\"https:\/\/katech-solutions.com\/de\/vegan\/vegane-kaesealternativen\/\",\"name\":\"Vegane K\u00e4sealternativen |\",\"isPartOf\":{\"@id\":\"https:\/\/katech-solutions.com\/#website\"},\"datePublished\":\"2017-07-31T12:33:11+00:00\",\"dateModified\":\"2017-08-31T11:01:32+00:00\",\"breadcrumb\":{\"@id\":\"https:\/\/katech-solutions.com\/de\/vegan\/vegane-kaesealternativen\/#breadcrumb\"},\"inLanguage\":\"de\",\"potentialAction\":[{\"@type\":\"ReadAction\",\"target\":[\"https:\/\/katech-solutions.com\/de\/vegan\/vegane-kaesealternativen\/\"]}]},{\"@type\":\"BreadcrumbList\",\"@id\":\"https:\/\/katech-solutions.com\/de\/vegan\/vegane-kaesealternativen\/#breadcrumb\",\"itemListElement\":[{\"@type\":\"ListItem\",\"position\":1,\"name\":\"Fleisch-Alternativen\",\"item\":\"https:\/\/katech-solutions.com\/de\/vegan\/\"},{\"@type\":\"ListItem\",\"position\":2,\"name\":\"Vegane K\u00e4sealternativen\"}]},{\"@type\":\"WebSite\",\"@id\":\"https:\/\/katech-solutions.com\/#website\",\"url\":\"https:\/\/katech-solutions.com\/\",\"name\":\"KaTech\",\"description\":\"\",\"potentialAction\":[{\"@type\":\"SearchAction\",\"target\":{\"@type\":\"EntryPoint\",\"urlTemplate\":\"https:\/\/katech-solutions.com\/?s={search_term_string}\"},\"query-input\":{\"@type\":\"PropertyValueSpecification\",\"valueRequired\":true,\"valueName\":\"search_term_string\"}}],\"inLanguage\":\"de\"}]}<\/script>\n<!-- \/ Yoast SEO plugin. -->","yoast_head_json":{"title":"Vegane K\u00e4sealternativen |","robots":{"index":"index","follow":"follow","max-snippet":"max-snippet:-1","max-image-preview":"max-image-preview:large","max-video-preview":"max-video-preview:-1"},"canonical":"https:\/\/katech-solutions.com\/de\/vegan\/vegane-kaesealternativen\/","og_locale":"de_DE","og_type":"article","og_title":"Vegane K\u00e4sealternativen |","og_description":"Auch K\u00e4se ist ein Produkt, das viele, unterschiedliche Eigenschaften aufweist und deswegen einen weit verbreiteten Einsatz in der internationalen K\u00fcche findet. Diese vielf\u00e4ltigen Produkteigenschaften sind bisher nur schwer auf pflanzlicher Basis erreichbar gewesen. Die vegane Version sollte gut pur zu &hellip; Weiterlesen &rarr;","og_url":"https:\/\/katech-solutions.com\/de\/vegan\/vegane-kaesealternativen\/","og_site_name":"KaTech","article_modified_time":"2017-08-31T11:01:32+00:00","twitter_misc":{"Gesch\u00e4tzte Lesezeit":"1\u00a0Minute"},"schema":{"@context":"https:\/\/schema.org","@graph":[{"@type":"WebPage","@id":"https:\/\/katech-solutions.com\/de\/vegan\/vegane-kaesealternativen\/","url":"https:\/\/katech-solutions.com\/de\/vegan\/vegane-kaesealternativen\/","name":"Vegane K\u00e4sealternativen |","isPartOf":{"@id":"https:\/\/katech-solutions.com\/#website"},"datePublished":"2017-07-31T12:33:11+00:00","dateModified":"2017-08-31T11:01:32+00:00","breadcrumb":{"@id":"https:\/\/katech-solutions.com\/de\/vegan\/vegane-kaesealternativen\/#breadcrumb"},"inLanguage":"de","potentialAction":[{"@type":"ReadAction","target":["https:\/\/katech-solutions.com\/de\/vegan\/vegane-kaesealternativen\/"]}]},{"@type":"BreadcrumbList","@id":"https:\/\/katech-solutions.com\/de\/vegan\/vegane-kaesealternativen\/#breadcrumb","itemListElement":[{"@type":"ListItem","position":1,"name":"Fleisch-Alternativen","item":"https:\/\/katech-solutions.com\/de\/vegan\/"},{"@type":"ListItem","position":2,"name":"Vegane K\u00e4sealternativen"}]},{"@type":"WebSite","@id":"https:\/\/katech-solutions.com\/#website","url":"https:\/\/katech-solutions.com\/","name":"KaTech","description":"","potentialAction":[{"@type":"SearchAction","target":{"@type":"EntryPoint","urlTemplate":"https:\/\/katech-solutions.com\/?s={search_term_string}"},"query-input":{"@type":"PropertyValueSpecification","valueRequired":true,"valueName":"search_term_string"}}],"inLanguage":"de"}]}},"_links":{"self":[{"href":"https:\/\/katech-solutions.com\/de\/wp-json\/wp\/v2\/pages\/8075","targetHints":{"allow":["GET"]}}],"collection":[{"href":"https:\/\/katech-solutions.com\/de\/wp-json\/wp\/v2\/pages"}],"about":[{"href":"https:\/\/katech-solutions.com\/de\/wp-json\/wp\/v2\/types\/page"}],"author":[{"embeddable":true,"href":"https:\/\/katech-solutions.com\/de\/wp-json\/wp\/v2\/users\/3"}],"replies":[{"embeddable":true,"href":"https:\/\/katech-solutions.com\/de\/wp-json\/wp\/v2\/comments?post=8075"}],"version-history":[{"count":6,"href":"https:\/\/katech-solutions.com\/de\/wp-json\/wp\/v2\/pages\/8075\/revisions"}],"predecessor-version":[{"id":8450,"href":"https:\/\/katech-solutions.com\/de\/wp-json\/wp\/v2\/pages\/8075\/revisions\/8450"}],"up":[{"embeddable":true,"href":"https:\/\/katech-solutions.com\/de\/wp-json\/wp\/v2\/pages\/8069"}],"wp:attachment":[{"href":"https:\/\/katech-solutions.com\/de\/wp-json\/wp\/v2\/media?parent=8075"}],"curies":[{"name":"wp","href":"https:\/\/api.w.org\/{rel}","templated":true}]}}