{"id":8071,"date":"2017-07-31T12:33:11","date_gmt":"2017-07-31T12:33:11","guid":{"rendered":"https:\/\/www.khpartner.com\/?page_id=8071\/"},"modified":"2017-08-31T11:00:48","modified_gmt":"2017-08-31T11:00:48","slug":"vegane-sahneprodukte","status":"publish","type":"page","link":"https:\/\/katech-solutions.com\/de\/vegan\/vegane-sahneprodukte\/","title":{"rendered":"Vegane Sahneprodukte"},"content":{"rendered":"<p>Sahne ist die Rahmschicht, die sich auf unbehandelter Milch absetzt. Aufgrund ihrer vielseitigen Einsetzbarkeit, wie Erhitzen, Aufschlagen, Aufsch\u00e4umen oder als Kaffeewei\u00dfer, ist sie aus der internationalen K\u00fcche nicht mehr wegzudenken.&nbsp;<\/p>\n<p>Die auf dem Markt bisher bekannten Sahnealternativen enthalten Milchbestandteile und sind somit f\u00fcr den veganen Konsumenten nicht geeignet.&nbsp;<\/p>\n<p>KaTech hat verschiedene vegane Alternativen entwickelt, die die gleichen Eigenschaften von Sahne aufweisen.&nbsp; Je nach gew\u00fcnschtem Produkt kann es sich um eine hitzebest\u00e4ndige vegane Sahne handeln, um vegane Schlagsahne oder veganen Kaffeewei\u00dfer.&nbsp;<\/p>\n<p>Dazu wird in unserer Entwicklung m\u00f6glichst auf die Verwendung von Palm\u00f6l verzichtet. Dies steht im Einklang mit unserer Philosophie der Nachhaltigkeit.&nbsp;<\/p>\n<p>F\u00fcr mehr Information kontaktieren Sie uns.<\/p>\n","protected":false},"excerpt":{"rendered":"<p>Sahne ist die Rahmschicht, die sich auf unbehandelter Milch absetzt. Aufgrund ihrer vielseitigen Einsetzbarkeit, wie Erhitzen, Aufschlagen, Aufsch\u00e4umen oder als Kaffeewei\u00dfer, ist sie aus der internationalen K\u00fcche nicht mehr wegzudenken.&nbsp; Die auf dem Markt bisher bekannten Sahnealternativen enthalten Milchbestandteile und &hellip; <a class=\"continue-reading\" href=\"https:\/\/katech-solutions.com\/de\/vegan\/vegane-sahneprodukte\/\">Weiterlesen <span class=\"meta-nav\">&rarr;<\/span><\/a><\/p>\n","protected":false},"author":3,"featured_media":0,"parent":8069,"menu_order":0,"comment_status":"closed","ping_status":"closed","template":"","meta":{"_acf_changed":false,"footnotes":""},"class_list":["post-8071","page","type-page","status-publish","hentry"],"acf":[],"yoast_head":"<!-- This site is optimized with the Yoast SEO plugin v27.2 - https:\/\/yoast.com\/product\/yoast-seo-wordpress\/ -->\n<title>Vegane Sahneprodukte |<\/title>\n<meta name=\"robots\" content=\"index, follow, max-snippet:-1, max-image-preview:large, max-video-preview:-1\" \/>\n<link rel=\"canonical\" href=\"https:\/\/katech-solutions.com\/de\/vegan\/vegane-sahneprodukte\/\" \/>\n<meta property=\"og:locale\" content=\"de_DE\" \/>\n<meta property=\"og:type\" content=\"article\" \/>\n<meta property=\"og:title\" content=\"Vegane Sahneprodukte |\" \/>\n<meta property=\"og:description\" content=\"Sahne ist die Rahmschicht, die sich auf unbehandelter Milch absetzt. Aufgrund ihrer vielseitigen Einsetzbarkeit, wie Erhitzen, Aufschlagen, Aufsch\u00e4umen oder als Kaffeewei\u00dfer, ist sie aus der internationalen K\u00fcche nicht mehr wegzudenken.&nbsp; Die auf dem Markt bisher bekannten Sahnealternativen enthalten Milchbestandteile und &hellip; Weiterlesen &rarr;\" \/>\n<meta property=\"og:url\" content=\"https:\/\/katech-solutions.com\/de\/vegan\/vegane-sahneprodukte\/\" \/>\n<meta property=\"og:site_name\" content=\"KaTech\" \/>\n<meta property=\"article:modified_time\" content=\"2017-08-31T11:00:48+00:00\" \/>\n<meta name=\"twitter:label1\" content=\"Gesch\u00e4tzte Lesezeit\" \/>\n\t<meta name=\"twitter:data1\" content=\"1\u00a0Minute\" \/>\n<script type=\"application\/ld+json\" class=\"yoast-schema-graph\">{\"@context\":\"https:\/\/schema.org\",\"@graph\":[{\"@type\":\"WebPage\",\"@id\":\"https:\/\/katech-solutions.com\/de\/vegan\/vegane-sahneprodukte\/\",\"url\":\"https:\/\/katech-solutions.com\/de\/vegan\/vegane-sahneprodukte\/\",\"name\":\"Vegane Sahneprodukte |\",\"isPartOf\":{\"@id\":\"https:\/\/katech-solutions.com\/#website\"},\"datePublished\":\"2017-07-31T12:33:11+00:00\",\"dateModified\":\"2017-08-31T11:00:48+00:00\",\"breadcrumb\":{\"@id\":\"https:\/\/katech-solutions.com\/de\/vegan\/vegane-sahneprodukte\/#breadcrumb\"},\"inLanguage\":\"de\",\"potentialAction\":[{\"@type\":\"ReadAction\",\"target\":[\"https:\/\/katech-solutions.com\/de\/vegan\/vegane-sahneprodukte\/\"]}]},{\"@type\":\"BreadcrumbList\",\"@id\":\"https:\/\/katech-solutions.com\/de\/vegan\/vegane-sahneprodukte\/#breadcrumb\",\"itemListElement\":[{\"@type\":\"ListItem\",\"position\":1,\"name\":\"Fleisch-Alternativen\",\"item\":\"https:\/\/katech-solutions.com\/de\/vegan\/\"},{\"@type\":\"ListItem\",\"position\":2,\"name\":\"Vegane Sahneprodukte\"}]},{\"@type\":\"WebSite\",\"@id\":\"https:\/\/katech-solutions.com\/#website\",\"url\":\"https:\/\/katech-solutions.com\/\",\"name\":\"KaTech\",\"description\":\"\",\"potentialAction\":[{\"@type\":\"SearchAction\",\"target\":{\"@type\":\"EntryPoint\",\"urlTemplate\":\"https:\/\/katech-solutions.com\/?s={search_term_string}\"},\"query-input\":{\"@type\":\"PropertyValueSpecification\",\"valueRequired\":true,\"valueName\":\"search_term_string\"}}],\"inLanguage\":\"de\"}]}<\/script>\n<!-- \/ Yoast SEO plugin. -->","yoast_head_json":{"title":"Vegane Sahneprodukte |","robots":{"index":"index","follow":"follow","max-snippet":"max-snippet:-1","max-image-preview":"max-image-preview:large","max-video-preview":"max-video-preview:-1"},"canonical":"https:\/\/katech-solutions.com\/de\/vegan\/vegane-sahneprodukte\/","og_locale":"de_DE","og_type":"article","og_title":"Vegane Sahneprodukte |","og_description":"Sahne ist die Rahmschicht, die sich auf unbehandelter Milch absetzt. Aufgrund ihrer vielseitigen Einsetzbarkeit, wie Erhitzen, Aufschlagen, Aufsch\u00e4umen oder als Kaffeewei\u00dfer, ist sie aus der internationalen K\u00fcche nicht mehr wegzudenken.&nbsp; Die auf dem Markt bisher bekannten Sahnealternativen enthalten Milchbestandteile und &hellip; Weiterlesen &rarr;","og_url":"https:\/\/katech-solutions.com\/de\/vegan\/vegane-sahneprodukte\/","og_site_name":"KaTech","article_modified_time":"2017-08-31T11:00:48+00:00","twitter_misc":{"Gesch\u00e4tzte Lesezeit":"1\u00a0Minute"},"schema":{"@context":"https:\/\/schema.org","@graph":[{"@type":"WebPage","@id":"https:\/\/katech-solutions.com\/de\/vegan\/vegane-sahneprodukte\/","url":"https:\/\/katech-solutions.com\/de\/vegan\/vegane-sahneprodukte\/","name":"Vegane Sahneprodukte |","isPartOf":{"@id":"https:\/\/katech-solutions.com\/#website"},"datePublished":"2017-07-31T12:33:11+00:00","dateModified":"2017-08-31T11:00:48+00:00","breadcrumb":{"@id":"https:\/\/katech-solutions.com\/de\/vegan\/vegane-sahneprodukte\/#breadcrumb"},"inLanguage":"de","potentialAction":[{"@type":"ReadAction","target":["https:\/\/katech-solutions.com\/de\/vegan\/vegane-sahneprodukte\/"]}]},{"@type":"BreadcrumbList","@id":"https:\/\/katech-solutions.com\/de\/vegan\/vegane-sahneprodukte\/#breadcrumb","itemListElement":[{"@type":"ListItem","position":1,"name":"Fleisch-Alternativen","item":"https:\/\/katech-solutions.com\/de\/vegan\/"},{"@type":"ListItem","position":2,"name":"Vegane Sahneprodukte"}]},{"@type":"WebSite","@id":"https:\/\/katech-solutions.com\/#website","url":"https:\/\/katech-solutions.com\/","name":"KaTech","description":"","potentialAction":[{"@type":"SearchAction","target":{"@type":"EntryPoint","urlTemplate":"https:\/\/katech-solutions.com\/?s={search_term_string}"},"query-input":{"@type":"PropertyValueSpecification","valueRequired":true,"valueName":"search_term_string"}}],"inLanguage":"de"}]}},"_links":{"self":[{"href":"https:\/\/katech-solutions.com\/de\/wp-json\/wp\/v2\/pages\/8071","targetHints":{"allow":["GET"]}}],"collection":[{"href":"https:\/\/katech-solutions.com\/de\/wp-json\/wp\/v2\/pages"}],"about":[{"href":"https:\/\/katech-solutions.com\/de\/wp-json\/wp\/v2\/types\/page"}],"author":[{"embeddable":true,"href":"https:\/\/katech-solutions.com\/de\/wp-json\/wp\/v2\/users\/3"}],"replies":[{"embeddable":true,"href":"https:\/\/katech-solutions.com\/de\/wp-json\/wp\/v2\/comments?post=8071"}],"version-history":[{"count":6,"href":"https:\/\/katech-solutions.com\/de\/wp-json\/wp\/v2\/pages\/8071\/revisions"}],"predecessor-version":[{"id":8448,"href":"https:\/\/katech-solutions.com\/de\/wp-json\/wp\/v2\/pages\/8071\/revisions\/8448"}],"up":[{"embeddable":true,"href":"https:\/\/katech-solutions.com\/de\/wp-json\/wp\/v2\/pages\/8069"}],"wp:attachment":[{"href":"https:\/\/katech-solutions.com\/de\/wp-json\/wp\/v2\/media?parent=8071"}],"curies":[{"name":"wp","href":"https:\/\/api.w.org\/{rel}","templated":true}]}}