{"id":8069,"date":"2017-07-31T12:32:23","date_gmt":"2017-07-31T12:32:23","guid":{"rendered":"https:\/\/www.khpartner.com\/?page_id=8069\/"},"modified":"2021-11-02T09:57:28","modified_gmt":"2021-11-02T09:57:28","slug":"vegan","status":"publish","type":"page","link":"https:\/\/katech-solutions.com\/de\/vegan\/","title":{"rendered":"Fleisch-Alternativen"},"content":{"rendered":"<p>Der Markt f\u00fcr pflanzenbasierte Produkte ist in den letzten Jahren stark gewachsen. Laut der globalen Datenbank Innova wird dieser Trend den Lebensmittelmarkt auch in den kommenden Jahren stark ver\u00e4ndern.<\/p>\n<p>Der Hauptgrund daf\u00fcr ist der heutige Verbraucher, der sich mehr Gedanken \u00fcber Gesundheit, Wohlbefinden, Tier- und Klimaschutz macht und deswegen vermehrt nach pflanzenbasierten Lebensmitteln greift.<\/p>\n<p>Auf dem Markt ist bereits eine Vielzahl an pflanzlichen Alternativen erh\u00e4ltlich. Sie versuchen beliebte, traditionelle Fleischprodukte zu imitieren. Das gibt dem Verbraucher die M\u00f6glichkeit nicht auf Lieblingsgerichte verzichten zu m\u00fcssen, wenn er sich f\u00fcr eine pflanzenbasierte Ern\u00e4hrung entscheidet. Auch sogenannte Flexitarier, die nur an einzelnen Tagen in der Woche Fleisch konsumieren, nutzen gerne die bequeme Art sich pflanzenbasiert zu ern\u00e4hren.<\/p>\n<p>Damit pflanzliche Produkte auf dem Markt erfolgreich sind, m\u00fcssen sie den Erwartungen der Verbraucher gerecht werden. Aufgrund der Vielfalt an Produkten auf dem Markt ist der Verbraucher von heute sehr kritisch geworden. Ein Produkt, das seinen Erwartungen nicht entspricht, wird nicht wieder gekauft. Daher besteht die gr\u00f6\u00dfte Herausforderung f\u00fcr Hersteller von Fleischalternativen darin, das richtige Mundgef\u00fchl und den richtigen Geschmack zu treffen, die vom Verbraucher erwartet werden.<\/p>\n<p>Da KaTech \u00fcber ein breites Wissen aus den unterschiedlichen Lebensmittelbereichen verf\u00fcgt, konnten pflanzenbasierte Produkte entwickelt werden, die diese hohen Erwartungen nicht nur erf\u00fcllen, sondern sogar dar\u00fcber hinausgehen. Da uns eine gro\u00dfe Vielfalt an texturgebenden Stabilisierungen zur Verf\u00fcgung steht, k\u00f6nnen wir unsere Entwicklungen genau an die Anforderungen unserer Kunden anpassen. Das bedeutet, dass nicht nur lokale Pr\u00e4ferenzen erf\u00fcllt werden k\u00f6nnen, sondern auch Produktionsprozesse vor Ort beim Hersteller bei den Entwicklungen ber\u00fccksichtigt werden. Zus\u00e4tzlich wird auf eine Verbesserung der N\u00e4hrwerte dieser Lebensmittel geachtet.<\/p>\n<p>&nbsp;<\/p>\n","protected":false},"excerpt":{"rendered":"<p>Der Markt f\u00fcr pflanzenbasierte Produkte ist in den letzten Jahren stark gewachsen. Laut der globalen Datenbank Innova wird dieser Trend den Lebensmittelmarkt auch in den kommenden Jahren stark ver\u00e4ndern. Der Hauptgrund daf\u00fcr ist der heutige Verbraucher, der sich mehr Gedanken &hellip; <a class=\"continue-reading\" href=\"https:\/\/katech-solutions.com\/de\/vegan\/\">Weiterlesen <span class=\"meta-nav\">&rarr;<\/span><\/a><\/p>\n","protected":false},"author":3,"featured_media":0,"parent":0,"menu_order":0,"comment_status":"closed","ping_status":"closed","template":"layout-content-3.php","meta":{"_acf_changed":false,"footnotes":""},"class_list":["post-8069","page","type-page","status-publish","hentry"],"acf":[],"yoast_head":"<!-- This site is optimized with the Yoast SEO plugin v27.2 - https:\/\/yoast.com\/product\/yoast-seo-wordpress\/ -->\n<title>Fleisch-Alternativen |<\/title>\n<meta name=\"robots\" content=\"index, follow, max-snippet:-1, max-image-preview:large, max-video-preview:-1\" \/>\n<link rel=\"canonical\" href=\"https:\/\/katech-solutions.com\/de\/vegan\/\" \/>\n<meta property=\"og:locale\" content=\"de_DE\" \/>\n<meta property=\"og:type\" content=\"article\" \/>\n<meta property=\"og:title\" content=\"Fleisch-Alternativen |\" \/>\n<meta property=\"og:description\" content=\"Der Markt f\u00fcr pflanzenbasierte Produkte ist in den letzten Jahren stark gewachsen. Laut der globalen Datenbank Innova wird dieser Trend den Lebensmittelmarkt auch in den kommenden Jahren stark ver\u00e4ndern. Der Hauptgrund daf\u00fcr ist der heutige Verbraucher, der sich mehr Gedanken &hellip; Weiterlesen &rarr;\" \/>\n<meta property=\"og:url\" content=\"https:\/\/katech-solutions.com\/de\/vegan\/\" \/>\n<meta property=\"og:site_name\" content=\"KaTech\" \/>\n<meta property=\"article:modified_time\" content=\"2021-11-02T09:57:28+00:00\" \/>\n<meta name=\"twitter:label1\" content=\"Gesch\u00e4tzte Lesezeit\" \/>\n\t<meta name=\"twitter:data1\" content=\"2\u00a0Minuten\" \/>\n<script type=\"application\/ld+json\" class=\"yoast-schema-graph\">{\"@context\":\"https:\/\/schema.org\",\"@graph\":[{\"@type\":\"WebPage\",\"@id\":\"https:\/\/katech-solutions.com\/de\/vegan\/\",\"url\":\"https:\/\/katech-solutions.com\/de\/vegan\/\",\"name\":\"Fleisch-Alternativen |\",\"isPartOf\":{\"@id\":\"https:\/\/katech-solutions.com\/#website\"},\"datePublished\":\"2017-07-31T12:32:23+00:00\",\"dateModified\":\"2021-11-02T09:57:28+00:00\",\"inLanguage\":\"de\",\"potentialAction\":[{\"@type\":\"ReadAction\",\"target\":[\"https:\/\/katech-solutions.com\/de\/vegan\/\"]}]},{\"@type\":\"WebSite\",\"@id\":\"https:\/\/katech-solutions.com\/#website\",\"url\":\"https:\/\/katech-solutions.com\/\",\"name\":\"KaTech\",\"description\":\"\",\"potentialAction\":[{\"@type\":\"SearchAction\",\"target\":{\"@type\":\"EntryPoint\",\"urlTemplate\":\"https:\/\/katech-solutions.com\/?s={search_term_string}\"},\"query-input\":{\"@type\":\"PropertyValueSpecification\",\"valueRequired\":true,\"valueName\":\"search_term_string\"}}],\"inLanguage\":\"de\"}]}<\/script>\n<!-- \/ Yoast SEO plugin. -->","yoast_head_json":{"title":"Fleisch-Alternativen |","robots":{"index":"index","follow":"follow","max-snippet":"max-snippet:-1","max-image-preview":"max-image-preview:large","max-video-preview":"max-video-preview:-1"},"canonical":"https:\/\/katech-solutions.com\/de\/vegan\/","og_locale":"de_DE","og_type":"article","og_title":"Fleisch-Alternativen |","og_description":"Der Markt f\u00fcr pflanzenbasierte Produkte ist in den letzten Jahren stark gewachsen. Laut der globalen Datenbank Innova wird dieser Trend den Lebensmittelmarkt auch in den kommenden Jahren stark ver\u00e4ndern. Der Hauptgrund daf\u00fcr ist der heutige Verbraucher, der sich mehr Gedanken &hellip; Weiterlesen &rarr;","og_url":"https:\/\/katech-solutions.com\/de\/vegan\/","og_site_name":"KaTech","article_modified_time":"2021-11-02T09:57:28+00:00","twitter_misc":{"Gesch\u00e4tzte Lesezeit":"2\u00a0Minuten"},"schema":{"@context":"https:\/\/schema.org","@graph":[{"@type":"WebPage","@id":"https:\/\/katech-solutions.com\/de\/vegan\/","url":"https:\/\/katech-solutions.com\/de\/vegan\/","name":"Fleisch-Alternativen |","isPartOf":{"@id":"https:\/\/katech-solutions.com\/#website"},"datePublished":"2017-07-31T12:32:23+00:00","dateModified":"2021-11-02T09:57:28+00:00","inLanguage":"de","potentialAction":[{"@type":"ReadAction","target":["https:\/\/katech-solutions.com\/de\/vegan\/"]}]},{"@type":"WebSite","@id":"https:\/\/katech-solutions.com\/#website","url":"https:\/\/katech-solutions.com\/","name":"KaTech","description":"","potentialAction":[{"@type":"SearchAction","target":{"@type":"EntryPoint","urlTemplate":"https:\/\/katech-solutions.com\/?s={search_term_string}"},"query-input":{"@type":"PropertyValueSpecification","valueRequired":true,"valueName":"search_term_string"}}],"inLanguage":"de"}]}},"_links":{"self":[{"href":"https:\/\/katech-solutions.com\/de\/wp-json\/wp\/v2\/pages\/8069","targetHints":{"allow":["GET"]}}],"collection":[{"href":"https:\/\/katech-solutions.com\/de\/wp-json\/wp\/v2\/pages"}],"about":[{"href":"https:\/\/katech-solutions.com\/de\/wp-json\/wp\/v2\/types\/page"}],"author":[{"embeddable":true,"href":"https:\/\/katech-solutions.com\/de\/wp-json\/wp\/v2\/users\/3"}],"replies":[{"embeddable":true,"href":"https:\/\/katech-solutions.com\/de\/wp-json\/wp\/v2\/comments?post=8069"}],"version-history":[{"count":6,"href":"https:\/\/katech-solutions.com\/de\/wp-json\/wp\/v2\/pages\/8069\/revisions"}],"predecessor-version":[{"id":11311,"href":"https:\/\/katech-solutions.com\/de\/wp-json\/wp\/v2\/pages\/8069\/revisions\/11311"}],"wp:attachment":[{"href":"https:\/\/katech-solutions.com\/de\/wp-json\/wp\/v2\/media?parent=8069"}],"curies":[{"name":"wp","href":"https:\/\/api.w.org\/{rel}","templated":true}]}}