{"id":7019,"date":"2015-09-18T13:51:28","date_gmt":"2015-09-18T13:51:28","guid":{"rendered":"https:\/\/www.khpartner.com\/?page_id=7019"},"modified":"2025-11-20T11:47:29","modified_gmt":"2025-11-20T11:47:29","slug":"karriere","status":"publish","type":"page","link":"https:\/\/katech-solutions.com\/de\/karriere\/","title":{"rendered":"Karriere"},"content":{"rendered":"<h1 id=\"content-head-small\">Karriere<\/h1>\n<p>KaTech Ingredient Solutions ist ein junges, internationales, lebensmitteltechnologisches Unternehmen. Wir sind spezialisiert auf die Entwicklung und den Vertrieb von individuell entwickelten Stabilisierungssystemen f\u00fcr die Lebensmittelindustrie. Die Schwerpunkte unserer Entwicklungsarbeit liegen in den Bereichen Milch- und Milchalternativprodukte, Fleisch- und Fischalternativprodukte, Feinkost und Backwaren. Hauptstandort ist Deutschland mit Tochterunternehmen in England und Polen.<\/p>\n<p>Entdecken Sie offene Stellenangebote bei KaTech: <u><a title=\"https:\/\/ingredion.wd1.myworkdayjobs.com\/de-DE\/IngredionCareers?q=KaTech\" href=\"https:\/\/ingredion.wd1.myworkdayjobs.com\/de-DE\/IngredionCareers?q=KaTech\" data-outlook-id=\"156105e2-e3d6-44ba-b90e-652f2328cff9\">hier<\/a><\/u>.<\/p>\n<p>Bei KaTech und Ingredion suchen wir engagierte und leidenschaftliche Menschen, die \u00fcber die richtigen F\u00e4higkeiten verf\u00fcgen und gemeinsam mit uns die Zukunft gestalten m\u00f6chten. Ist derzeit keine passende Stelle f\u00fcr Sie ausgeschrieben? <u><a id=\"OWA8e09fc95-d9bf-bda1-7043-27ace21c2fe8\" class=\"OWAAutoLink\" title=\"https:\/\/ingredion.wd1.myworkdayjobs.com\/en-US\/IngredionCareers\/introduceYourself\" href=\"https:\/\/ingredion.wd1.myworkdayjobs.com\/en-US\/IngredionCareers\/introduceYourself\" data-auth=\"NotApplicable\" data-linkindex=\"2\">Dann lassen Sie uns in Kontakt bleiben.<\/a><\/u><\/p>\n<h4>Mehr Datenschutzinformationen f\u00fcr Bewerber finden Sie <a href=\"https:\/\/katech-solutions.com\/de\/datenschutzinformation-fuer-bewerber\/\">hier<\/a>.<\/h4>\n","protected":false},"excerpt":{"rendered":"<p>Karriere KaTech Ingredient Solutions ist ein junges, internationales, lebensmitteltechnologisches Unternehmen. Wir sind spezialisiert auf die Entwicklung und den Vertrieb von individuell entwickelten Stabilisierungssystemen f\u00fcr die Lebensmittelindustrie. Die Schwerpunkte unserer Entwicklungsarbeit liegen in den Bereichen Milch- und Milchalternativprodukte, Fleisch- und Fischalternativprodukte, &hellip; <a class=\"continue-reading\" href=\"https:\/\/katech-solutions.com\/de\/karriere\/\">Weiterlesen <span class=\"meta-nav\">&rarr;<\/span><\/a><\/p>\n","protected":false},"author":3,"featured_media":0,"parent":0,"menu_order":0,"comment_status":"closed","ping_status":"closed","template":"onecolumn-page-career.php","meta":{"_acf_changed":false,"footnotes":""},"class_list":["post-7019","page","type-page","status-publish","hentry"],"acf":[],"yoast_head":"<!-- This site is optimized with the Yoast SEO plugin v27.2 - https:\/\/yoast.com\/product\/yoast-seo-wordpress\/ -->\n<title>Karriere |<\/title>\n<meta name=\"robots\" content=\"index, follow, max-snippet:-1, max-image-preview:large, max-video-preview:-1\" \/>\n<link rel=\"canonical\" href=\"https:\/\/katech-solutions.com\/de\/karriere\/\" \/>\n<meta property=\"og:locale\" content=\"de_DE\" \/>\n<meta property=\"og:type\" content=\"article\" \/>\n<meta property=\"og:title\" content=\"Karriere |\" \/>\n<meta property=\"og:description\" content=\"Karriere KaTech Ingredient Solutions ist ein junges, internationales, lebensmitteltechnologisches Unternehmen. Wir sind spezialisiert auf die Entwicklung und den Vertrieb von individuell entwickelten Stabilisierungssystemen f\u00fcr die Lebensmittelindustrie. Die Schwerpunkte unserer Entwicklungsarbeit liegen in den Bereichen Milch- und Milchalternativprodukte, Fleisch- und Fischalternativprodukte, &hellip; Weiterlesen &rarr;\" \/>\n<meta property=\"og:url\" content=\"https:\/\/katech-solutions.com\/de\/karriere\/\" \/>\n<meta property=\"og:site_name\" content=\"KaTech\" \/>\n<meta property=\"article:modified_time\" content=\"2025-11-20T11:47:29+00:00\" \/>\n<meta name=\"twitter:label1\" content=\"Gesch\u00e4tzte Lesezeit\" \/>\n\t<meta name=\"twitter:data1\" content=\"1\u00a0Minute\" \/>\n<script type=\"application\/ld+json\" class=\"yoast-schema-graph\">{\"@context\":\"https:\/\/schema.org\",\"@graph\":[{\"@type\":\"WebPage\",\"@id\":\"https:\/\/katech-solutions.com\/de\/karriere\/\",\"url\":\"https:\/\/katech-solutions.com\/de\/karriere\/\",\"name\":\"Karriere |\",\"isPartOf\":{\"@id\":\"https:\/\/katech-solutions.com\/#website\"},\"datePublished\":\"2015-09-18T13:51:28+00:00\",\"dateModified\":\"2025-11-20T11:47:29+00:00\",\"inLanguage\":\"de\",\"potentialAction\":[{\"@type\":\"ReadAction\",\"target\":[\"https:\/\/katech-solutions.com\/de\/karriere\/\"]}]},{\"@type\":\"WebSite\",\"@id\":\"https:\/\/katech-solutions.com\/#website\",\"url\":\"https:\/\/katech-solutions.com\/\",\"name\":\"KaTech\",\"description\":\"\",\"potentialAction\":[{\"@type\":\"SearchAction\",\"target\":{\"@type\":\"EntryPoint\",\"urlTemplate\":\"https:\/\/katech-solutions.com\/?s={search_term_string}\"},\"query-input\":{\"@type\":\"PropertyValueSpecification\",\"valueRequired\":true,\"valueName\":\"search_term_string\"}}],\"inLanguage\":\"de\"}]}<\/script>\n<!-- \/ Yoast SEO plugin. -->","yoast_head_json":{"title":"Karriere |","robots":{"index":"index","follow":"follow","max-snippet":"max-snippet:-1","max-image-preview":"max-image-preview:large","max-video-preview":"max-video-preview:-1"},"canonical":"https:\/\/katech-solutions.com\/de\/karriere\/","og_locale":"de_DE","og_type":"article","og_title":"Karriere |","og_description":"Karriere KaTech Ingredient Solutions ist ein junges, internationales, lebensmitteltechnologisches Unternehmen. Wir sind spezialisiert auf die Entwicklung und den Vertrieb von individuell entwickelten Stabilisierungssystemen f\u00fcr die Lebensmittelindustrie. Die Schwerpunkte unserer Entwicklungsarbeit liegen in den Bereichen Milch- und Milchalternativprodukte, Fleisch- und Fischalternativprodukte, &hellip; Weiterlesen &rarr;","og_url":"https:\/\/katech-solutions.com\/de\/karriere\/","og_site_name":"KaTech","article_modified_time":"2025-11-20T11:47:29+00:00","twitter_misc":{"Gesch\u00e4tzte Lesezeit":"1\u00a0Minute"},"schema":{"@context":"https:\/\/schema.org","@graph":[{"@type":"WebPage","@id":"https:\/\/katech-solutions.com\/de\/karriere\/","url":"https:\/\/katech-solutions.com\/de\/karriere\/","name":"Karriere |","isPartOf":{"@id":"https:\/\/katech-solutions.com\/#website"},"datePublished":"2015-09-18T13:51:28+00:00","dateModified":"2025-11-20T11:47:29+00:00","inLanguage":"de","potentialAction":[{"@type":"ReadAction","target":["https:\/\/katech-solutions.com\/de\/karriere\/"]}]},{"@type":"WebSite","@id":"https:\/\/katech-solutions.com\/#website","url":"https:\/\/katech-solutions.com\/","name":"KaTech","description":"","potentialAction":[{"@type":"SearchAction","target":{"@type":"EntryPoint","urlTemplate":"https:\/\/katech-solutions.com\/?s={search_term_string}"},"query-input":{"@type":"PropertyValueSpecification","valueRequired":true,"valueName":"search_term_string"}}],"inLanguage":"de"}]}},"_links":{"self":[{"href":"https:\/\/katech-solutions.com\/de\/wp-json\/wp\/v2\/pages\/7019","targetHints":{"allow":["GET"]}}],"collection":[{"href":"https:\/\/katech-solutions.com\/de\/wp-json\/wp\/v2\/pages"}],"about":[{"href":"https:\/\/katech-solutions.com\/de\/wp-json\/wp\/v2\/types\/page"}],"author":[{"embeddable":true,"href":"https:\/\/katech-solutions.com\/de\/wp-json\/wp\/v2\/users\/3"}],"replies":[{"embeddable":true,"href":"https:\/\/katech-solutions.com\/de\/wp-json\/wp\/v2\/comments?post=7019"}],"version-history":[{"count":69,"href":"https:\/\/katech-solutions.com\/de\/wp-json\/wp\/v2\/pages\/7019\/revisions"}],"predecessor-version":[{"id":13564,"href":"https:\/\/katech-solutions.com\/de\/wp-json\/wp\/v2\/pages\/7019\/revisions\/13564"}],"wp:attachment":[{"href":"https:\/\/katech-solutions.com\/de\/wp-json\/wp\/v2\/media?parent=7019"}],"curies":[{"name":"wp","href":"https:\/\/api.w.org\/{rel}","templated":true}]}}