{"id":6672,"date":"2014-11-19T09:37:57","date_gmt":"2014-11-19T09:37:57","guid":{"rendered":"https:\/\/www.khpartner.com\/site\/?page_id=6672"},"modified":"2024-07-10T08:51:01","modified_gmt":"2024-07-10T08:51:01","slug":"impressum","status":"publish","type":"page","link":"https:\/\/katech-solutions.com\/de\/impressum\/","title":{"rendered":"Impressum"},"content":{"rendered":"<h1 id=\"content-head-small\">Impressum<\/h1>\n<p><strong>KaTech<\/strong>\u00a0Ingredient Solutions GmbH<br \/>\nAegidienstra\u00dfe 22<br \/>\n23552 L\u00fcbeck<\/p>\n<p>Tel. 0451 40 70 2-0<br \/>\nTelefax: 0451 40 70 2-377<br \/>\ne-mail-Kontakt: <a href=\"mailto:hello@katech-solutions.com\">hello@katech-solutions.com<br \/>\n<\/a><br \/>\n<strong>Vertretungsberechtigte Gesch\u00e4ftsf\u00fchrer:<\/strong><br \/>\nCyril Carrat, Michael O\u2019Riordan, Marcel Hergett, Rudi\u00a0Yahya<\/p>\n<p><strong>Handelsregister:<\/strong><br \/>\nAmtsgericht L\u00fcbeck, HRB 12373 HL<\/p>\n<p><strong>USt-Identifikationsnummer:<\/strong><br \/>\nDE 274 985 947<\/p>\n<p>Tel. 0451 40 70 2-0<br \/>\nTelefax: 0451 40 70 2-377<br \/>\ne-mail-Kontakt: <a href=\"mailto:hello@khpartner.com\">hello@katech-solutions.com<\/a><\/p>\n<p><strong>Haftungsausschluss<\/strong><\/p>\n<p><span style=\"text-decoration: underline;\">Inhalte<\/span><\/p>\n<p>Wir haben die Inhalte dieser Website mit gro\u00dfer Sorgfalt erstellt. Dennoch \u00fcbernehmen wir f\u00fcr die Richtigkeit, Vollst\u00e4ndigkeit und Aktualit\u00e4t der bereitgestellten Informationen keine Gew\u00e4hr. Haftungsanspr\u00fcche im Zusammenhang mit der Nutzung dieser Website sind grunds\u00e4tzlich ausgeschlossen, sofern nicht vors\u00e4tzlich oder grob fahrl\u00e4ssig gehandelt wurde. S\u00e4mtliche Angebote sind freibleibend und unverbindlich.<\/p>\n<p><span style=\"text-decoration: underline;\">Links<\/span><\/p>\n<p>Im Hinblick auf Links zu Web-Seiten Dritter weisen wir darauf hin, dass wir auf deren Inhalte keinen Einfluss haben und deshalb f\u00fcr solche fremden Inhalte keine Gew\u00e4hr \u00fcbernehmen. Zum Zeitpunkt der Verlinkung waren uns keine rechtswidrigen Inhalte erkennbar. Wir k\u00f6nnen jedoch die Inhalte verlinkter Seiten nicht fortlaufend pr\u00fcfen und distanzieren uns deshalb von solchen Inhalten, die nach der Linksetzung ver\u00e4ndert wurden.<\/p>\n<p><span style=\"text-decoration: underline;\">Urheberrecht<\/span><\/p>\n<p>Die bereitgestellten Inhalte unterliegen dem Urheberrecht. Die Vervielf\u00e4ltigung, Bearbeitung und Verbreitung ohne unsere ausdr\u00fcckliche Zustimmung sind untersagt. Kopien oder Downloads dieser Seite sind f\u00fcr den kommerziellen Gebrauch nicht gestattet.<\/p>\n<p>&nbsp;<\/p>\n<p><strong>Datenschutz<\/strong><\/p>\n<p><span style=\"text-decoration: underline;\">Grunds\u00e4tze<\/span><\/p>\n<p>Datenschutz und Datensicherheit haben einen sehr hohen Stellenwert f\u00fcr uns und sind Bestandteil unserer Unternehmenspolitik. Der Schutz pers\u00f6nlicher Daten sowie die Sicherheit aller Gesch\u00e4ftsdaten wird w\u00e4hrend s\u00e4mtlicher Gesch\u00e4ftsprozesse ber\u00fccksichtigt. Diese Erkl\u00e4rung erl\u00e4utert, welche Daten erfasst und wie sie genutzt werden.<\/p>\n<p><span style=\"text-decoration: underline;\">Erhebung und Verarbeitung personenbezogener Daten<\/span><\/p>\n<p>Beim Besuch dieser Web-Site wird der Name Ihres Internetserviceproviders, die Website, von der aus Sie uns besuchen, die bei uns besuchten Seiten, die Art des Browsers, mit welchem Sie zugreifen, sowie Datum und Dauer des Besuchs gespeichert.<\/p>\n<p>Weitere personenbezogenen Daten werden nur dann erfasst, wenn Sie auf Ihre eigene Initiative hin an uns \u00fcbermittelt werden.<\/p>\n<p><span style=\"text-decoration: underline;\">Verwendung und Weitergabe personenbezogener Daten<\/span><\/p>\n<p>Wir nutzen die erhobenen Daten nur zum Zwecke der technischen Administration der Website und zur Kundenverwaltung. Nur wenn dies gesetzlich vorgeschrieben ist, werden wir Daten an staatliche Stellen offenlegen. Ansonsten geben wir Daten ohne Ihre Einwilligung nicht an Dritte weiter.<\/p>\n<p><span style=\"text-decoration: underline;\">Cookies<\/span><\/p>\n<p>Beim Besuch unserer Website speichern wir einige Informationen in Form so genannter \u201eCookies\u201c auf Ihrem Computer, um unsere Website nach den Pr\u00e4ferenzen der Nutzer optimieren zu k\u00f6nnen. Sie k\u00f6nnen das Speichern von Cookies auf Ihrer Festplatte verhindern, indem Sie in Ihren Browser-Einstellungen \u201ekeine Cookies akzeptieren\u201c w\u00e4hlen. Wenn Sie keine Cookies akzeptieren, kann dieses aber unter Umst\u00e4nden zu Funktionseinschr\u00e4nkungen unseres Angebots f\u00fchren.<\/p>\n<p><span style=\"text-decoration: underline;\">Website Statistik<\/span><\/p>\n<p>Unsere Web-Site benutzt Google Analytics, ein Web-Analysedienst der Google Inc. (\u201eGoogle\u201c). Google Analytics verwendet so genannte \u201eCookies\u201c, Textdateien, die auf Ihrem Computer gespeichert werden und die eine Analyse der Benutzung der Web-Site durch Sie erm\u00f6glichen. Die durch den Cookie erzeugten Informationen \u00fcber Ihre Benutzung dieser Web-Site werden in der Regel an einen Server von Google in den USA \u00fcbertragen und dort gespeichert. Im Falle der Aktivierung der IP-Anonymisierung auf dieser Website wird Ihre IP-Adresse von Google jedoch innerhalb von Mitgliedsstaaten der Europ\u00e4ischen Union oder in anderen Vertragsstaaten des Abkommens \u00fcber den europ\u00e4ischen Wirtschaftsraum zuvor gek\u00fcrzt. Nur in Ausnahmef\u00e4llen, wenn es z. B. zu technischen Ausf\u00e4llen in Europa kommt, kann es notwendig werden, dass die volle IP-Adresse an einen Server von Google in den USA \u00fcbertragen und dort gek\u00fcrzt wird. Im Auftrag des Betreibers dieser Website wird Google diese Informationen benutzen, um Ihre Nutzung der Website auszuwerten, um Reports \u00fcber die Website-Aktivit\u00e4ten zusammenzustellen und um weitere mit der Website-Nutzung und der Internetnutzung verbundene Dienstleistungen gegen\u00fcber dem Website-Betreiber zu erbringen. Die im Rahmen von Google Analytics von Ihrem Browser \u00fcbermittelte IP-Adresse wird nicht mit anderen Daten von Google zusammengef\u00fchrt.<\/p>\n<p>Sie k\u00f6nnen die Speicherung der Cookies durch eine entsprechende Einstellung Ihrer Browser-Software verhindern; wir weisen Sie jedoch darauf hin, dass Sie in diesem Fall gegebenenfalls nicht s\u00e4mtliche Funktionen der Website vollumf\u00e4nglich werden nutzen k\u00f6nnen. Sie k\u00f6nnen dar\u00fcber hinaus die Erfassung der durch das Cookie erzeugten und auf Ihre Nutzung der Web-Site bezogenen Daten (inklusive Ihrer IP-Adresse) an Google sowie die Verarbeitung dieser Daten durch Google verhindern, indem Sie das unter dem folgenden Link verf\u00fcgbare Browser-Plugin herunterladen und installieren: <a href=\"http:\/\/tools.google.com\/dlpage\/gaoptout?hl=de\">http:\/\/tools.google.com\/dlpage\/gaoptout?hl=de<\/a><\/p>\n<p><span style=\"text-decoration: underline;\">Auskunftsrecht<\/span><\/p>\n<p>Auf schriftliche Anfrage geben wir Ihnen jederzeit kostenfrei Auskunft, ob und welche personenbezogenen Daten von Ihnen bei uns gespeichert werden und welchem Zweck die Speicherung dient.<\/p>\n<p>&nbsp;<\/p>\n","protected":false},"excerpt":{"rendered":"<p>Impressum KaTech\u00a0Ingredient Solutions GmbH Aegidienstra\u00dfe 22 23552 L\u00fcbeck Tel. 0451 40 70 2-0 Telefax: 0451 40 70 2-377 e-mail-Kontakt: hello@katech-solutions.com Vertretungsberechtigte Gesch\u00e4ftsf\u00fchrer: Cyril Carrat, Michael O\u2019Riordan, Marcel Hergett, Rudi\u00a0Yahya Handelsregister: Amtsgericht L\u00fcbeck, HRB 12373 HL USt-Identifikationsnummer: DE 274 985 947 &hellip; <a class=\"continue-reading\" href=\"https:\/\/katech-solutions.com\/de\/impressum\/\">Weiterlesen <span class=\"meta-nav\">&rarr;<\/span><\/a><\/p>\n","protected":false},"author":3,"featured_media":0,"parent":0,"menu_order":0,"comment_status":"closed","ping_status":"closed","template":"onecolumn-page.php","meta":{"_acf_changed":false,"footnotes":""},"class_list":["post-6672","page","type-page","status-publish","hentry"],"acf":[],"yoast_head":"<!-- This site is optimized with the Yoast SEO plugin v27.2 - https:\/\/yoast.com\/product\/yoast-seo-wordpress\/ -->\n<title>Impressum |<\/title>\n<meta name=\"robots\" content=\"index, follow, max-snippet:-1, max-image-preview:large, max-video-preview:-1\" \/>\n<link rel=\"canonical\" href=\"https:\/\/katech-solutions.com\/de\/impressum\/\" \/>\n<meta property=\"og:locale\" content=\"de_DE\" \/>\n<meta property=\"og:type\" content=\"article\" \/>\n<meta property=\"og:title\" content=\"Impressum |\" \/>\n<meta property=\"og:description\" content=\"Impressum KaTech\u00a0Ingredient Solutions GmbH Aegidienstra\u00dfe 22 23552 L\u00fcbeck Tel. 0451 40 70 2-0 Telefax: 0451 40 70 2-377 e-mail-Kontakt: hello@katech-solutions.com Vertretungsberechtigte Gesch\u00e4ftsf\u00fchrer: Cyril Carrat, Michael O\u2019Riordan, Marcel Hergett, Rudi\u00a0Yahya Handelsregister: Amtsgericht L\u00fcbeck, HRB 12373 HL USt-Identifikationsnummer: DE 274 985 947 &hellip; Weiterlesen &rarr;\" \/>\n<meta property=\"og:url\" content=\"https:\/\/katech-solutions.com\/de\/impressum\/\" \/>\n<meta property=\"og:site_name\" content=\"KaTech\" \/>\n<meta property=\"article:modified_time\" content=\"2024-07-10T08:51:01+00:00\" \/>\n<meta name=\"twitter:label1\" content=\"Gesch\u00e4tzte Lesezeit\" \/>\n\t<meta name=\"twitter:data1\" content=\"4\u00a0Minuten\" \/>\n<script type=\"application\/ld+json\" class=\"yoast-schema-graph\">{\"@context\":\"https:\/\/schema.org\",\"@graph\":[{\"@type\":\"WebPage\",\"@id\":\"https:\/\/katech-solutions.com\/de\/impressum\/\",\"url\":\"https:\/\/katech-solutions.com\/de\/impressum\/\",\"name\":\"Impressum |\",\"isPartOf\":{\"@id\":\"https:\/\/katech-solutions.com\/#website\"},\"datePublished\":\"2014-11-19T09:37:57+00:00\",\"dateModified\":\"2024-07-10T08:51:01+00:00\",\"inLanguage\":\"de\",\"potentialAction\":[{\"@type\":\"ReadAction\",\"target\":[\"https:\/\/katech-solutions.com\/de\/impressum\/\"]}]},{\"@type\":\"WebSite\",\"@id\":\"https:\/\/katech-solutions.com\/#website\",\"url\":\"https:\/\/katech-solutions.com\/\",\"name\":\"KaTech\",\"description\":\"\",\"potentialAction\":[{\"@type\":\"SearchAction\",\"target\":{\"@type\":\"EntryPoint\",\"urlTemplate\":\"https:\/\/katech-solutions.com\/?s={search_term_string}\"},\"query-input\":{\"@type\":\"PropertyValueSpecification\",\"valueRequired\":true,\"valueName\":\"search_term_string\"}}],\"inLanguage\":\"de\"}]}<\/script>\n<!-- \/ Yoast SEO plugin. -->","yoast_head_json":{"title":"Impressum |","robots":{"index":"index","follow":"follow","max-snippet":"max-snippet:-1","max-image-preview":"max-image-preview:large","max-video-preview":"max-video-preview:-1"},"canonical":"https:\/\/katech-solutions.com\/de\/impressum\/","og_locale":"de_DE","og_type":"article","og_title":"Impressum |","og_description":"Impressum KaTech\u00a0Ingredient Solutions GmbH Aegidienstra\u00dfe 22 23552 L\u00fcbeck Tel. 0451 40 70 2-0 Telefax: 0451 40 70 2-377 e-mail-Kontakt: hello@katech-solutions.com Vertretungsberechtigte Gesch\u00e4ftsf\u00fchrer: Cyril Carrat, Michael O\u2019Riordan, Marcel Hergett, Rudi\u00a0Yahya Handelsregister: Amtsgericht L\u00fcbeck, HRB 12373 HL USt-Identifikationsnummer: DE 274 985 947 &hellip; Weiterlesen &rarr;","og_url":"https:\/\/katech-solutions.com\/de\/impressum\/","og_site_name":"KaTech","article_modified_time":"2024-07-10T08:51:01+00:00","twitter_misc":{"Gesch\u00e4tzte Lesezeit":"4\u00a0Minuten"},"schema":{"@context":"https:\/\/schema.org","@graph":[{"@type":"WebPage","@id":"https:\/\/katech-solutions.com\/de\/impressum\/","url":"https:\/\/katech-solutions.com\/de\/impressum\/","name":"Impressum |","isPartOf":{"@id":"https:\/\/katech-solutions.com\/#website"},"datePublished":"2014-11-19T09:37:57+00:00","dateModified":"2024-07-10T08:51:01+00:00","inLanguage":"de","potentialAction":[{"@type":"ReadAction","target":["https:\/\/katech-solutions.com\/de\/impressum\/"]}]},{"@type":"WebSite","@id":"https:\/\/katech-solutions.com\/#website","url":"https:\/\/katech-solutions.com\/","name":"KaTech","description":"","potentialAction":[{"@type":"SearchAction","target":{"@type":"EntryPoint","urlTemplate":"https:\/\/katech-solutions.com\/?s={search_term_string}"},"query-input":{"@type":"PropertyValueSpecification","valueRequired":true,"valueName":"search_term_string"}}],"inLanguage":"de"}]}},"_links":{"self":[{"href":"https:\/\/katech-solutions.com\/de\/wp-json\/wp\/v2\/pages\/6672","targetHints":{"allow":["GET"]}}],"collection":[{"href":"https:\/\/katech-solutions.com\/de\/wp-json\/wp\/v2\/pages"}],"about":[{"href":"https:\/\/katech-solutions.com\/de\/wp-json\/wp\/v2\/types\/page"}],"author":[{"embeddable":true,"href":"https:\/\/katech-solutions.com\/de\/wp-json\/wp\/v2\/users\/3"}],"replies":[{"embeddable":true,"href":"https:\/\/katech-solutions.com\/de\/wp-json\/wp\/v2\/comments?post=6672"}],"version-history":[{"count":22,"href":"https:\/\/katech-solutions.com\/de\/wp-json\/wp\/v2\/pages\/6672\/revisions"}],"predecessor-version":[{"id":13420,"href":"https:\/\/katech-solutions.com\/de\/wp-json\/wp\/v2\/pages\/6672\/revisions\/13420"}],"wp:attachment":[{"href":"https:\/\/katech-solutions.com\/de\/wp-json\/wp\/v2\/media?parent=6672"}],"curies":[{"name":"wp","href":"https:\/\/api.w.org\/{rel}","templated":true}]}}