{"id":6513,"date":"2014-11-11T14:10:36","date_gmt":"2014-11-11T14:10:36","guid":{"rendered":"https:\/\/www.khpartner.com\/site\/unsere-facilities-de\/sales-office-poland\/"},"modified":"2018-12-06T11:34:42","modified_gmt":"2018-12-06T11:34:42","slug":"sales-office-poland","status":"publish","type":"page","link":"https:\/\/katech-solutions.com\/de\/sales-office-poland\/","title":{"rendered":"Vertriebsb\u00fcro Polen"},"content":{"rendered":"<h2>Vertriebsb\u00fcro Polen<\/h2>\n<p>Unser Vertriebsb\u00fcro in Polen ist zust\u00e4ndig f\u00fcr den polnischen und osteurop\u00e4ischen Markt. Unsere qualifizierten Mitarbeiter vor Ort kennen die speziellen Anforderungen und Voraussetzungen \u00fcber das polnische und osteurop\u00e4ische Essverhalten\/die polnischen und osteurop\u00e4ischen Lebensmittel und geben Ihnen eine kompetente technologische Betreuung und Beratung vor Ort. Das temperatur-, feuchtigkeitskontrollierte und bewachte Warenlager in Polen stellt termingetreue Lieferung f\u00fcr Sie sicher.<\/p>\n","protected":false},"excerpt":{"rendered":"<p>Vertriebsb\u00fcro Polen Unser Vertriebsb\u00fcro in Polen ist zust\u00e4ndig f\u00fcr den polnischen und osteurop\u00e4ischen Markt. Unsere qualifizierten Mitarbeiter vor Ort kennen die speziellen Anforderungen und Voraussetzungen \u00fcber das polnische und osteurop\u00e4ische Essverhalten\/die polnischen und osteurop\u00e4ischen Lebensmittel und geben Ihnen eine kompetente &hellip; <a class=\"continue-reading\" href=\"https:\/\/katech-solutions.com\/de\/sales-office-poland\/\">Weiterlesen <span class=\"meta-nav\">&rarr;<\/span><\/a><\/p>\n","protected":false},"author":3,"featured_media":0,"parent":0,"menu_order":4,"comment_status":"closed","ping_status":"closed","template":"layout-content-3.php","meta":{"_acf_changed":false,"footnotes":""},"class_list":["post-6513","page","type-page","status-publish","hentry"],"acf":[],"yoast_head":"<!-- This site is optimized with the Yoast SEO plugin v27.2 - https:\/\/yoast.com\/product\/yoast-seo-wordpress\/ -->\n<title>Vertriebsb\u00fcro Polen |<\/title>\n<meta name=\"robots\" content=\"index, follow, max-snippet:-1, max-image-preview:large, max-video-preview:-1\" \/>\n<link rel=\"canonical\" href=\"https:\/\/katech-solutions.com\/de\/sales-office-poland\/\" \/>\n<meta property=\"og:locale\" content=\"de_DE\" \/>\n<meta property=\"og:type\" content=\"article\" \/>\n<meta property=\"og:title\" content=\"Vertriebsb\u00fcro Polen |\" \/>\n<meta property=\"og:description\" content=\"Vertriebsb\u00fcro Polen Unser Vertriebsb\u00fcro in Polen ist zust\u00e4ndig f\u00fcr den polnischen und osteurop\u00e4ischen Markt. Unsere qualifizierten Mitarbeiter vor Ort kennen die speziellen Anforderungen und Voraussetzungen \u00fcber das polnische und osteurop\u00e4ische Essverhalten\/die polnischen und osteurop\u00e4ischen Lebensmittel und geben Ihnen eine kompetente &hellip; Weiterlesen &rarr;\" \/>\n<meta property=\"og:url\" content=\"https:\/\/katech-solutions.com\/de\/sales-office-poland\/\" \/>\n<meta property=\"og:site_name\" content=\"KaTech\" \/>\n<meta property=\"article:modified_time\" content=\"2018-12-06T11:34:42+00:00\" \/>\n<script type=\"application\/ld+json\" class=\"yoast-schema-graph\">{\"@context\":\"https:\/\/schema.org\",\"@graph\":[{\"@type\":\"WebPage\",\"@id\":\"https:\/\/katech-solutions.com\/de\/sales-office-poland\/\",\"url\":\"https:\/\/katech-solutions.com\/de\/sales-office-poland\/\",\"name\":\"Vertriebsb\u00fcro Polen |\",\"isPartOf\":{\"@id\":\"https:\/\/katech-solutions.com\/#website\"},\"datePublished\":\"2014-11-11T14:10:36+00:00\",\"dateModified\":\"2018-12-06T11:34:42+00:00\",\"inLanguage\":\"de\",\"potentialAction\":[{\"@type\":\"ReadAction\",\"target\":[\"https:\/\/katech-solutions.com\/de\/sales-office-poland\/\"]}]},{\"@type\":\"WebSite\",\"@id\":\"https:\/\/katech-solutions.com\/#website\",\"url\":\"https:\/\/katech-solutions.com\/\",\"name\":\"KaTech\",\"description\":\"\",\"potentialAction\":[{\"@type\":\"SearchAction\",\"target\":{\"@type\":\"EntryPoint\",\"urlTemplate\":\"https:\/\/katech-solutions.com\/?s={search_term_string}\"},\"query-input\":{\"@type\":\"PropertyValueSpecification\",\"valueRequired\":true,\"valueName\":\"search_term_string\"}}],\"inLanguage\":\"de\"}]}<\/script>\n<!-- \/ Yoast SEO plugin. -->","yoast_head_json":{"title":"Vertriebsb\u00fcro Polen |","robots":{"index":"index","follow":"follow","max-snippet":"max-snippet:-1","max-image-preview":"max-image-preview:large","max-video-preview":"max-video-preview:-1"},"canonical":"https:\/\/katech-solutions.com\/de\/sales-office-poland\/","og_locale":"de_DE","og_type":"article","og_title":"Vertriebsb\u00fcro Polen |","og_description":"Vertriebsb\u00fcro Polen Unser Vertriebsb\u00fcro in Polen ist zust\u00e4ndig f\u00fcr den polnischen und osteurop\u00e4ischen Markt. Unsere qualifizierten Mitarbeiter vor Ort kennen die speziellen Anforderungen und Voraussetzungen \u00fcber das polnische und osteurop\u00e4ische Essverhalten\/die polnischen und osteurop\u00e4ischen Lebensmittel und geben Ihnen eine kompetente &hellip; Weiterlesen &rarr;","og_url":"https:\/\/katech-solutions.com\/de\/sales-office-poland\/","og_site_name":"KaTech","article_modified_time":"2018-12-06T11:34:42+00:00","schema":{"@context":"https:\/\/schema.org","@graph":[{"@type":"WebPage","@id":"https:\/\/katech-solutions.com\/de\/sales-office-poland\/","url":"https:\/\/katech-solutions.com\/de\/sales-office-poland\/","name":"Vertriebsb\u00fcro Polen |","isPartOf":{"@id":"https:\/\/katech-solutions.com\/#website"},"datePublished":"2014-11-11T14:10:36+00:00","dateModified":"2018-12-06T11:34:42+00:00","inLanguage":"de","potentialAction":[{"@type":"ReadAction","target":["https:\/\/katech-solutions.com\/de\/sales-office-poland\/"]}]},{"@type":"WebSite","@id":"https:\/\/katech-solutions.com\/#website","url":"https:\/\/katech-solutions.com\/","name":"KaTech","description":"","potentialAction":[{"@type":"SearchAction","target":{"@type":"EntryPoint","urlTemplate":"https:\/\/katech-solutions.com\/?s={search_term_string}"},"query-input":{"@type":"PropertyValueSpecification","valueRequired":true,"valueName":"search_term_string"}}],"inLanguage":"de"}]}},"_links":{"self":[{"href":"https:\/\/katech-solutions.com\/de\/wp-json\/wp\/v2\/pages\/6513","targetHints":{"allow":["GET"]}}],"collection":[{"href":"https:\/\/katech-solutions.com\/de\/wp-json\/wp\/v2\/pages"}],"about":[{"href":"https:\/\/katech-solutions.com\/de\/wp-json\/wp\/v2\/types\/page"}],"author":[{"embeddable":true,"href":"https:\/\/katech-solutions.com\/de\/wp-json\/wp\/v2\/users\/3"}],"replies":[{"embeddable":true,"href":"https:\/\/katech-solutions.com\/de\/wp-json\/wp\/v2\/comments?post=6513"}],"version-history":[{"count":17,"href":"https:\/\/katech-solutions.com\/de\/wp-json\/wp\/v2\/pages\/6513\/revisions"}],"predecessor-version":[{"id":9148,"href":"https:\/\/katech-solutions.com\/de\/wp-json\/wp\/v2\/pages\/6513\/revisions\/9148"}],"wp:attachment":[{"href":"https:\/\/katech-solutions.com\/de\/wp-json\/wp\/v2\/media?parent=6513"}],"curies":[{"name":"wp","href":"https:\/\/api.w.org\/{rel}","templated":true}]}}