{"id":5378,"date":"2013-06-20T10:48:34","date_gmt":"2013-06-20T10:48:34","guid":{"rendered":"https:\/\/www.khpartner.com\/site\/wo-sie-uns-finden\/katech-poland-2\/"},"modified":"2021-12-16T13:30:42","modified_gmt":"2021-12-16T13:30:42","slug":"katech-polen-2","status":"publish","type":"page","link":"https:\/\/katech-solutions.com\/de\/wo-sie-uns-finden\/katech-polen-2\/","title":{"rendered":"KaTech Polen"},"content":{"rendered":"<h1 id=\"content-head\" class=\"h1-468\">KaTech Verkaufsb\u00fcro, Polen<\/h1>\n<div class=\"contact\">\n<div class=\"contact-section\">\n<h3>KaTech Poland<\/h3>\n<p><strong>KaTech Ingredient Solutions Sp. z o.o.<br \/>\n<\/strong>ul. Powsta\u0144c\u00f3w Wlkp. 49<br \/>\n62-060 St\u0119szew<br \/>\nPolen<\/p>\n<p class=\"col2\">Tel: +48 61 670 70 01<br \/>\nFax: +48 61 670 70 01<br \/>\nEmail: <a href=\"mailto:kontakt@khpartner.com\">kontakt@khpartner.com<\/a><\/p>\n<\/div>\n<div class=\"contact-section\">\n<p class=\"col2\">\n<\/div>\n<p><iframe loading=\"lazy\" style=\"border: 0;\" src=\"https:\/\/www.google.com\/maps\/embed?pb=!1m18!1m12!1m3!1d2440.667427752983!2d16.69287031579871!3d52.28573947977051!2m3!1f0!2f0!3f0!3m2!1i1024!2i768!4f13.1!3m3!1m2!1s0x47044b79b862714b%3A0x5d1267fd2285f1fb!2sKaTech+Ingredient+Solutions+Sp.+z+o.o.!5e0!3m2!1sen!2spl!4v1537168044768\" width=\"880\" height=\"400\" frameborder=\"0\" allowfullscreen=\"allowfullscreen\"><\/iframe><\/p>\n<\/div>\n","protected":false},"excerpt":{"rendered":"<p>KaTech Verkaufsb\u00fcro, Polen KaTech Poland KaTech Ingredient Solutions Sp. z o.o. ul. Powsta\u0144c\u00f3w Wlkp. 49 62-060 St\u0119szew Polen Tel: +48 61 670 70 01 Fax: +48 61 670 70 01 Email: kontakt@khpartner.com<\/p>\n","protected":false},"author":3,"featured_media":0,"parent":1110,"menu_order":0,"comment_status":"closed","ping_status":"closed","template":"onecolumn-page.php","meta":{"_acf_changed":false,"footnotes":""},"class_list":["post-5378","page","type-page","status-publish","hentry"],"acf":[],"yoast_head":"<!-- This site is optimized with the Yoast SEO plugin v27.2 - https:\/\/yoast.com\/product\/yoast-seo-wordpress\/ -->\n<title>KaTech - Find Our Sales Office KaTech Poland<\/title>\n<meta name=\"description\" content=\"KaTech are a food technology company with a sales office in Poland, KaTech Poland.\" \/>\n<meta name=\"robots\" content=\"index, follow, max-snippet:-1, max-image-preview:large, max-video-preview:-1\" \/>\n<link rel=\"canonical\" href=\"https:\/\/katech-solutions.com\/de\/wo-sie-uns-finden\/katech-polen-2\/\" \/>\n<meta property=\"og:locale\" content=\"de_DE\" \/>\n<meta property=\"og:type\" content=\"article\" \/>\n<meta property=\"og:title\" content=\"KaTech - Find Our Sales Office KaTech Poland\" \/>\n<meta property=\"og:description\" content=\"KaTech are a food technology company with a sales office in Poland, KaTech Poland.\" \/>\n<meta property=\"og:url\" content=\"https:\/\/katech-solutions.com\/de\/wo-sie-uns-finden\/katech-polen-2\/\" \/>\n<meta property=\"og:site_name\" content=\"KaTech\" \/>\n<meta property=\"article:modified_time\" content=\"2021-12-16T13:30:42+00:00\" \/>\n<script type=\"application\/ld+json\" class=\"yoast-schema-graph\">{\"@context\":\"https:\/\/schema.org\",\"@graph\":[{\"@type\":\"WebPage\",\"@id\":\"https:\/\/katech-solutions.com\/de\/wo-sie-uns-finden\/katech-polen-2\/\",\"url\":\"https:\/\/katech-solutions.com\/de\/wo-sie-uns-finden\/katech-polen-2\/\",\"name\":\"KaTech - Find Our Sales Office KaTech Poland\",\"isPartOf\":{\"@id\":\"https:\/\/katech-solutions.com\/#website\"},\"datePublished\":\"2013-06-20T10:48:34+00:00\",\"dateModified\":\"2021-12-16T13:30:42+00:00\",\"description\":\"KaTech are a food technology company with a sales office in Poland, KaTech Poland.\",\"breadcrumb\":{\"@id\":\"https:\/\/katech-solutions.com\/de\/wo-sie-uns-finden\/katech-polen-2\/#breadcrumb\"},\"inLanguage\":\"de\",\"potentialAction\":[{\"@type\":\"ReadAction\",\"target\":[\"https:\/\/katech-solutions.com\/de\/wo-sie-uns-finden\/katech-polen-2\/\"]}]},{\"@type\":\"BreadcrumbList\",\"@id\":\"https:\/\/katech-solutions.com\/de\/wo-sie-uns-finden\/katech-polen-2\/#breadcrumb\",\"itemListElement\":[{\"@type\":\"ListItem\",\"position\":1,\"name\":\"Wo sie uns finden\",\"item\":\"https:\/\/katech-solutions.com\/de\/wo-sie-uns-finden\/\"},{\"@type\":\"ListItem\",\"position\":2,\"name\":\"KaTech Polen\"}]},{\"@type\":\"WebSite\",\"@id\":\"https:\/\/katech-solutions.com\/#website\",\"url\":\"https:\/\/katech-solutions.com\/\",\"name\":\"KaTech\",\"description\":\"\",\"potentialAction\":[{\"@type\":\"SearchAction\",\"target\":{\"@type\":\"EntryPoint\",\"urlTemplate\":\"https:\/\/katech-solutions.com\/?s={search_term_string}\"},\"query-input\":{\"@type\":\"PropertyValueSpecification\",\"valueRequired\":true,\"valueName\":\"search_term_string\"}}],\"inLanguage\":\"de\"}]}<\/script>\n<!-- \/ Yoast SEO plugin. -->","yoast_head_json":{"title":"KaTech - Find Our Sales Office KaTech Poland","description":"KaTech are a food technology company with a sales office in Poland, KaTech Poland.","robots":{"index":"index","follow":"follow","max-snippet":"max-snippet:-1","max-image-preview":"max-image-preview:large","max-video-preview":"max-video-preview:-1"},"canonical":"https:\/\/katech-solutions.com\/de\/wo-sie-uns-finden\/katech-polen-2\/","og_locale":"de_DE","og_type":"article","og_title":"KaTech - Find Our Sales Office KaTech Poland","og_description":"KaTech are a food technology company with a sales office in Poland, KaTech Poland.","og_url":"https:\/\/katech-solutions.com\/de\/wo-sie-uns-finden\/katech-polen-2\/","og_site_name":"KaTech","article_modified_time":"2021-12-16T13:30:42+00:00","schema":{"@context":"https:\/\/schema.org","@graph":[{"@type":"WebPage","@id":"https:\/\/katech-solutions.com\/de\/wo-sie-uns-finden\/katech-polen-2\/","url":"https:\/\/katech-solutions.com\/de\/wo-sie-uns-finden\/katech-polen-2\/","name":"KaTech - Find Our Sales Office KaTech Poland","isPartOf":{"@id":"https:\/\/katech-solutions.com\/#website"},"datePublished":"2013-06-20T10:48:34+00:00","dateModified":"2021-12-16T13:30:42+00:00","description":"KaTech are a food technology company with a sales office in Poland, KaTech Poland.","breadcrumb":{"@id":"https:\/\/katech-solutions.com\/de\/wo-sie-uns-finden\/katech-polen-2\/#breadcrumb"},"inLanguage":"de","potentialAction":[{"@type":"ReadAction","target":["https:\/\/katech-solutions.com\/de\/wo-sie-uns-finden\/katech-polen-2\/"]}]},{"@type":"BreadcrumbList","@id":"https:\/\/katech-solutions.com\/de\/wo-sie-uns-finden\/katech-polen-2\/#breadcrumb","itemListElement":[{"@type":"ListItem","position":1,"name":"Wo sie uns finden","item":"https:\/\/katech-solutions.com\/de\/wo-sie-uns-finden\/"},{"@type":"ListItem","position":2,"name":"KaTech Polen"}]},{"@type":"WebSite","@id":"https:\/\/katech-solutions.com\/#website","url":"https:\/\/katech-solutions.com\/","name":"KaTech","description":"","potentialAction":[{"@type":"SearchAction","target":{"@type":"EntryPoint","urlTemplate":"https:\/\/katech-solutions.com\/?s={search_term_string}"},"query-input":{"@type":"PropertyValueSpecification","valueRequired":true,"valueName":"search_term_string"}}],"inLanguage":"de"}]}},"_links":{"self":[{"href":"https:\/\/katech-solutions.com\/de\/wp-json\/wp\/v2\/pages\/5378","targetHints":{"allow":["GET"]}}],"collection":[{"href":"https:\/\/katech-solutions.com\/de\/wp-json\/wp\/v2\/pages"}],"about":[{"href":"https:\/\/katech-solutions.com\/de\/wp-json\/wp\/v2\/types\/page"}],"author":[{"embeddable":true,"href":"https:\/\/katech-solutions.com\/de\/wp-json\/wp\/v2\/users\/3"}],"replies":[{"embeddable":true,"href":"https:\/\/katech-solutions.com\/de\/wp-json\/wp\/v2\/comments?post=5378"}],"version-history":[{"count":15,"href":"https:\/\/katech-solutions.com\/de\/wp-json\/wp\/v2\/pages\/5378\/revisions"}],"predecessor-version":[{"id":11418,"href":"https:\/\/katech-solutions.com\/de\/wp-json\/wp\/v2\/pages\/5378\/revisions\/11418"}],"up":[{"embeddable":true,"href":"https:\/\/katech-solutions.com\/de\/wp-json\/wp\/v2\/pages\/1110"}],"wp:attachment":[{"href":"https:\/\/katech-solutions.com\/de\/wp-json\/wp\/v2\/media?parent=5378"}],"curies":[{"name":"wp","href":"https:\/\/api.w.org\/{rel}","templated":true}]}}