{"id":535,"date":"2012-06-25T13:00:00","date_gmt":"2012-06-25T13:00:00","guid":{"rendered":"\/?page_id=535"},"modified":"2015-01-20T10:17:11","modified_gmt":"2015-01-20T10:17:11","slug":"milchmischgetranke","status":"publish","type":"page","link":"https:\/\/katech-solutions.com\/de\/milchgetranke\/milchmischgetranke\/","title":{"rendered":"Milchmischgetr\u00e4nke"},"content":{"rendered":"<p>Aromatisierte Milchmischgetr\u00e4nke und Schokoladenmilch sind in der Regel Milchgetr\u00e4nke, die aus Milch, Zucker, Stabilisatoren, Farbstoffen, Aromen und\/oder Kakaopulver bestehen.<\/p>\n<p>Milchmischgetr\u00e4nke werden h\u00e4ufig mithilfe des ESL-Verfahrens pasteurisiert, damit sie gek\u00fchlt l\u00e4nger haltbar sind oder UHT behandelt\/sterilisiert f\u00fcr l\u00e4ngere Haltbarkeit bei Raumtemperatur.<\/p>\n<p>Vier haupts\u00e4chliche Trends bewirken das Wachstum in der Kategorie &#8222;Aromatisierte Milchgetr\u00e4nke&#8220;: der Wunsch der Verbraucher nach nahrhafter und gesunder Kost, den die angereicherten Getr\u00e4nke erf\u00fcllen; die vermehrte Au\u00dfer-Haus-Verpflegung; allgemeines Interesse an neuen Getr\u00e4nken sowie das Bed\u00fcrfnis nach Genuss.<\/p>\n","protected":false},"excerpt":{"rendered":"<p>Aromatisierte Milchmischgetr\u00e4nke und Schokoladenmilch sind in der Regel Milchgetr\u00e4nke, die aus Milch, Zucker, Stabilisatoren, Farbstoffen, Aromen und\/oder Kakaopulver bestehen. Milchmischgetr\u00e4nke werden h\u00e4ufig mithilfe des ESL-Verfahrens pasteurisiert, damit sie gek\u00fchlt l\u00e4nger haltbar sind oder UHT behandelt\/sterilisiert f\u00fcr l\u00e4ngere Haltbarkeit bei Raumtemperatur. &hellip; <a class=\"continue-reading\" href=\"https:\/\/katech-solutions.com\/de\/milchgetranke\/milchmischgetranke\/\">Weiterlesen <span class=\"meta-nav\">&rarr;<\/span><\/a><\/p>\n","protected":false},"author":3,"featured_media":0,"parent":1016,"menu_order":0,"comment_status":"closed","ping_status":"open","template":"","meta":{"_acf_changed":false,"footnotes":""},"class_list":["post-535","page","type-page","status-publish","hentry"],"acf":[],"yoast_head":"<!-- This site is optimized with the Yoast SEO plugin v27.2 - https:\/\/yoast.com\/product\/yoast-seo-wordpress\/ -->\n<title>KaTech-Stabilisatoren und Emulgatoren f\u00fcr Milchmichgetr\u00e4nke<\/title>\n<meta name=\"description\" content=\"KaTech sind ein Lebensmittel-Technologie-Unternehmen, spezialisiert auf Stabilisator und Emulgator L\u00f6sungen f\u00fcr Milchmichgetr\u00e4nke.\" \/>\n<meta name=\"robots\" content=\"index, follow, max-snippet:-1, max-image-preview:large, max-video-preview:-1\" \/>\n<link rel=\"canonical\" href=\"https:\/\/katech-solutions.com\/de\/milchgetranke\/milchmischgetranke\/\" \/>\n<meta property=\"og:locale\" content=\"de_DE\" \/>\n<meta property=\"og:type\" content=\"article\" \/>\n<meta property=\"og:title\" content=\"KaTech-Stabilisatoren und Emulgatoren f\u00fcr Milchmichgetr\u00e4nke\" \/>\n<meta property=\"og:description\" content=\"KaTech sind ein Lebensmittel-Technologie-Unternehmen, spezialisiert auf Stabilisator und Emulgator L\u00f6sungen f\u00fcr Milchmichgetr\u00e4nke.\" \/>\n<meta property=\"og:url\" content=\"https:\/\/katech-solutions.com\/de\/milchgetranke\/milchmischgetranke\/\" \/>\n<meta property=\"og:site_name\" content=\"KaTech\" \/>\n<meta property=\"article:modified_time\" content=\"2015-01-20T10:17:11+00:00\" \/>\n<script type=\"application\/ld+json\" class=\"yoast-schema-graph\">{\"@context\":\"https:\/\/schema.org\",\"@graph\":[{\"@type\":\"WebPage\",\"@id\":\"https:\/\/katech-solutions.com\/de\/milchgetranke\/milchmischgetranke\/\",\"url\":\"https:\/\/katech-solutions.com\/de\/milchgetranke\/milchmischgetranke\/\",\"name\":\"KaTech-Stabilisatoren und Emulgatoren f\u00fcr Milchmichgetr\u00e4nke\",\"isPartOf\":{\"@id\":\"https:\/\/katech-solutions.com\/#website\"},\"datePublished\":\"2012-06-25T13:00:00+00:00\",\"dateModified\":\"2015-01-20T10:17:11+00:00\",\"description\":\"KaTech sind ein Lebensmittel-Technologie-Unternehmen, spezialisiert auf Stabilisator und Emulgator L\u00f6sungen f\u00fcr Milchmichgetr\u00e4nke.\",\"breadcrumb\":{\"@id\":\"https:\/\/katech-solutions.com\/de\/milchgetranke\/milchmischgetranke\/#breadcrumb\"},\"inLanguage\":\"de\",\"potentialAction\":[{\"@type\":\"ReadAction\",\"target\":[\"https:\/\/katech-solutions.com\/de\/milchgetranke\/milchmischgetranke\/\"]}]},{\"@type\":\"BreadcrumbList\",\"@id\":\"https:\/\/katech-solutions.com\/de\/milchgetranke\/milchmischgetranke\/#breadcrumb\",\"itemListElement\":[{\"@type\":\"ListItem\",\"position\":1,\"name\":\"Milchgetr\u00e4nke\",\"item\":\"https:\/\/katech-solutions.com\/de\/milchgetranke\/\"},{\"@type\":\"ListItem\",\"position\":2,\"name\":\"Milchmischgetr\u00e4nke\"}]},{\"@type\":\"WebSite\",\"@id\":\"https:\/\/katech-solutions.com\/#website\",\"url\":\"https:\/\/katech-solutions.com\/\",\"name\":\"KaTech\",\"description\":\"\",\"potentialAction\":[{\"@type\":\"SearchAction\",\"target\":{\"@type\":\"EntryPoint\",\"urlTemplate\":\"https:\/\/katech-solutions.com\/?s={search_term_string}\"},\"query-input\":{\"@type\":\"PropertyValueSpecification\",\"valueRequired\":true,\"valueName\":\"search_term_string\"}}],\"inLanguage\":\"de\"}]}<\/script>\n<!-- \/ Yoast SEO plugin. -->","yoast_head_json":{"title":"KaTech-Stabilisatoren und Emulgatoren f\u00fcr Milchmichgetr\u00e4nke","description":"KaTech sind ein Lebensmittel-Technologie-Unternehmen, spezialisiert auf Stabilisator und Emulgator L\u00f6sungen f\u00fcr Milchmichgetr\u00e4nke.","robots":{"index":"index","follow":"follow","max-snippet":"max-snippet:-1","max-image-preview":"max-image-preview:large","max-video-preview":"max-video-preview:-1"},"canonical":"https:\/\/katech-solutions.com\/de\/milchgetranke\/milchmischgetranke\/","og_locale":"de_DE","og_type":"article","og_title":"KaTech-Stabilisatoren und Emulgatoren f\u00fcr Milchmichgetr\u00e4nke","og_description":"KaTech sind ein Lebensmittel-Technologie-Unternehmen, spezialisiert auf Stabilisator und Emulgator L\u00f6sungen f\u00fcr Milchmichgetr\u00e4nke.","og_url":"https:\/\/katech-solutions.com\/de\/milchgetranke\/milchmischgetranke\/","og_site_name":"KaTech","article_modified_time":"2015-01-20T10:17:11+00:00","schema":{"@context":"https:\/\/schema.org","@graph":[{"@type":"WebPage","@id":"https:\/\/katech-solutions.com\/de\/milchgetranke\/milchmischgetranke\/","url":"https:\/\/katech-solutions.com\/de\/milchgetranke\/milchmischgetranke\/","name":"KaTech-Stabilisatoren und Emulgatoren f\u00fcr Milchmichgetr\u00e4nke","isPartOf":{"@id":"https:\/\/katech-solutions.com\/#website"},"datePublished":"2012-06-25T13:00:00+00:00","dateModified":"2015-01-20T10:17:11+00:00","description":"KaTech sind ein Lebensmittel-Technologie-Unternehmen, spezialisiert auf Stabilisator und Emulgator L\u00f6sungen f\u00fcr Milchmichgetr\u00e4nke.","breadcrumb":{"@id":"https:\/\/katech-solutions.com\/de\/milchgetranke\/milchmischgetranke\/#breadcrumb"},"inLanguage":"de","potentialAction":[{"@type":"ReadAction","target":["https:\/\/katech-solutions.com\/de\/milchgetranke\/milchmischgetranke\/"]}]},{"@type":"BreadcrumbList","@id":"https:\/\/katech-solutions.com\/de\/milchgetranke\/milchmischgetranke\/#breadcrumb","itemListElement":[{"@type":"ListItem","position":1,"name":"Milchgetr\u00e4nke","item":"https:\/\/katech-solutions.com\/de\/milchgetranke\/"},{"@type":"ListItem","position":2,"name":"Milchmischgetr\u00e4nke"}]},{"@type":"WebSite","@id":"https:\/\/katech-solutions.com\/#website","url":"https:\/\/katech-solutions.com\/","name":"KaTech","description":"","potentialAction":[{"@type":"SearchAction","target":{"@type":"EntryPoint","urlTemplate":"https:\/\/katech-solutions.com\/?s={search_term_string}"},"query-input":{"@type":"PropertyValueSpecification","valueRequired":true,"valueName":"search_term_string"}}],"inLanguage":"de"}]}},"_links":{"self":[{"href":"https:\/\/katech-solutions.com\/de\/wp-json\/wp\/v2\/pages\/535","targetHints":{"allow":["GET"]}}],"collection":[{"href":"https:\/\/katech-solutions.com\/de\/wp-json\/wp\/v2\/pages"}],"about":[{"href":"https:\/\/katech-solutions.com\/de\/wp-json\/wp\/v2\/types\/page"}],"author":[{"embeddable":true,"href":"https:\/\/katech-solutions.com\/de\/wp-json\/wp\/v2\/users\/3"}],"replies":[{"embeddable":true,"href":"https:\/\/katech-solutions.com\/de\/wp-json\/wp\/v2\/comments?post=535"}],"version-history":[{"count":27,"href":"https:\/\/katech-solutions.com\/de\/wp-json\/wp\/v2\/pages\/535\/revisions"}],"predecessor-version":[{"id":6810,"href":"https:\/\/katech-solutions.com\/de\/wp-json\/wp\/v2\/pages\/535\/revisions\/6810"}],"up":[{"embeddable":true,"href":"https:\/\/katech-solutions.com\/de\/wp-json\/wp\/v2\/pages\/1016"}],"wp:attachment":[{"href":"https:\/\/katech-solutions.com\/de\/wp-json\/wp\/v2\/media?parent=535"}],"curies":[{"name":"wp","href":"https:\/\/api.w.org\/{rel}","templated":true}]}}