{"id":5203,"date":"2013-11-12T13:20:58","date_gmt":"2013-11-12T13:20:58","guid":{"rendered":"https:\/\/www.khpartner.com\/site\/?page_id=5203"},"modified":"2026-01-22T16:58:44","modified_gmt":"2026-01-22T16:58:44","slug":"unsere-losungen","status":"publish","type":"page","link":"https:\/\/katech-solutions.com\/de\/unsere-losungen\/","title":{"rendered":"Unsere L\u00f6sungen"},"content":{"rendered":"<p><strong>Wir liefern keine Rohstoffe. Wir bieten L\u00f6sungen.<\/strong><\/p>\n<p style=\"text-align: justify;\">Bei KaTech entwickeln wir produkt- und prozess-spezifische L\u00f6sungen zur Optimierung und Aufwertung der Rezepturen unserer Kunden.<\/p>\n<p style=\"text-align: justify;\">Wir haben einen umfassenden Blick \u00fcber den kompletten Rohstoff-Markt und k\u00f6nnen eine v\u00f6llig unabh\u00e4ngige Sicht anbieten. Dadurch sind wir in der Lage, schnell innovative und funktionelle Rohstoffe in unsere Entwicklungen einzubeziehen und sicherstellen, dass die Belieferung kosteneffektiv ist.<\/p>\n<p style=\"text-align: justify;\">Wir beschaffen und nutzen qualitativ hochwertigste Rohstoffe aus m\u00f6glichst nachhaltigen und wirtschaftlich ethischen Quellen. Unser Portfolio umfasst bisher mehr als 300 Rohstoffe aus etwa 30 Rohstoffgruppen und w\u00e4chst fast t\u00e4glich an.<\/p>\n<p style=\"text-align: justify;\">Unsere Produktionst\u00e4tte in Reinfeld, Deutschland ist wie folgt zertifiziert:<\/p>\n<p style=\"text-align: justify;\"><a href=\"https:\/\/www.khpartner.com\/site\/de\/zertifizierungen\/\">BRC, Foodchain ID, IFS, RSPO, Halal, Kosher und Sedex<\/a><\/p>\n<p style=\"text-align: justify;\">Als noch junges Unternehmen mit einem Team aus hocherfahrenen Personen in jeder Schl\u00fcsselfunktion erschaffen wir Werte f\u00fcr Ihr Unternehmen durch kreative Entwicklung spezifischer Stabilisierungs Systeme, die Ihren Produkt- und Prozessanforderungen entsprechen.<\/p>\n<p style=\"text-align: justify;\">Sofern Sie nach neuen Produkten suchen, Ihre Kosten reduzieren m\u00f6chten oder problematische Produkte haben, KaTech kann Ihnen helfen.<\/p>\n<p style=\"text-align: justify;\">Wir kreieren Funktionalit\u00e4t.<\/p>\n<div id=\"wrapperv2\">\n<div class=\"accordionButton\">Gelierung<\/div>\n<div class=\"accordionContent\"><strong>Durch den Einsatz von:<\/strong> z.B. Alginaten, Carrageenen, Gelatine, Pektinen, Xanthan\/LBG<br \/>\n<strong>F\u00fcr den Einsatz in:<\/strong> Milcherzeugnissen, F\u00fcllungen, aufgeschlagenen Produkten wie Mousse oder Sahne-Toppings, Frucht-Erzeugnissen oder Getr\u00e4nken<\/div>\n<div class=\"accordionButton\">Protein Schutz<\/div>\n<div class=\"accordionContent\"><strong>Durch den Einsatz von:<\/strong> z.B. Pektinen, Cellulose Gum, MC, MCC<br \/>\n<strong>F\u00fcr den Einsatz in:<\/strong> Milchprodukten wie Sauermilchgetr\u00e4nken (Joghurt, Molke, Buttermilch) oder Sauermilchdesserts, z.B. Joghurt<\/div>\n<div class=\"accordionButton\">Mundgef\u00fchl, Viskosit\u00e4t<\/div>\n<div class=\"accordionContent\"><strong>Durch den Einsatz von:<\/strong> z.B. Guarkernmehl, LBG, Xanthan Gum, St\u00e4rken (nativ, chemisch oder physikalisch modifiziert), Carrageenen, Proteinen (pflanzlich, tierisch z.B. Milchproteine)<br \/>\n<strong>F\u00fcr den Einsatz in:<\/strong> Allen Arten von Lebensmitteln im Milch- oder Feinkostbereich<\/div>\n<div class=\"accordionButton\">Emulgierung<\/div>\n<div class=\"accordionContent\"><strong>Durch den Einsatz von:<\/strong> Emulgatoren wie Datems, Lactems, Citrems, Mono-Di-Glyceriden, Polysorbaten, PGE; teilweise auch aus nachhaltigen Quellen (Mass Balance oder Segregation)<br \/>\noder nat\u00fcrlichen Emulgatoren wie Ei-Albumin, Eigelb (Bodenhaltung oder von freilaufenden H\u00fchnern), Milcherzeugnissen (wie Kaseinate, WPC, Trockenmilch oder Molkenerzeugnisse) oder pflanzlichen Proteinen oder Protein Isolaten<br \/>\n<strong>F\u00fcr den Einsatz in:<\/strong> Savoury Produkten wie Suppen und Saucen, Dressings, Mayonnaise oder im Milchbereich f\u00fcr aufgeschlagene Produkte, Sahneerzeugnisse<\/div>\n<div class=\"accordionButton\">Aufschlagf\u00e4higkeit, Schaumstabilit\u00e4t<\/div>\n<div class=\"accordionContent\"><strong>Durch den Einsatz von:<\/strong> z.B. Gelatine, Carrageenen, Lactems, St\u00e4rken, Proteinen, Spr\u00fchemulgatoren\/Compounds<br \/>\n<strong>F\u00fcr den Einsatz in:<\/strong> Mousses, F\u00fcllungen, (Sahne-)Toppings, jede Art von aufgeschlagenen Produkten<\/div>\n<div class=\"accordionButton\">Wasserbindung<\/div>\n<div class=\"accordionContent\"><strong>Durch den Einsatz von:<\/strong> Galaktomannanen (Guar- oder Tarakernmehl, LBG), St\u00e4rken, Carrageen, Fiber<br \/>\n<strong>F\u00fcr den Einsatz in:<\/strong> allen Arten von Lebensmittelerzeugnissen<\/div>\n<div class=\"accordionButton\">Clean Label<\/div>\n<div class=\"accordionContent\"><strong>Durch den Einsatz von:<\/strong> z.B. Fiber (Weizen, Erbse, Citrus, Hafer), nativen und physikalisch modifizierten St\u00e4rken, Pektinen, Proteinen<br \/>\n<strong>F\u00fcr den Einsatz in:<\/strong> Desserts und alle Arten von Milch- oder Feinkostprodukten<\/div>\n<div class=\"accordionButton\">S\u00e4ureregulierung<\/div>\n<div class=\"accordionContent\"><strong>Durch den Einsatz von:<\/strong> Phosphaten, Citraten, Carbonaten, Acetaten, Sulphaten, Chloriden, Ascorbaten<br \/>\n<strong>F\u00fcr den Einsatz in:<\/strong> einer Vielzahl von Milcherzeugnissen oder Produkten, die Milchbestandteile enthalten zur z.B. Pufferung sowie f\u00fcr Feinkosterzeugnisse f\u00fcr die Haltbarkeit oder den Geschmack<\/div>\n<div class=\"accordionButton\">Protein-Anreicherung<\/div>\n<div class=\"accordionContent\"><strong>Durch den Einsatz von:<\/strong> Kaseinaten, WPC, MPC, Milchpulvern, Milch- \/ Molke-Isolaten, pflanzliche Eiwei\u00dfe oder Isolate<br \/>\n<strong>F\u00fcr den Einsatz in:<\/strong> speziell Joghurt und Desserts<\/div>\n<\/div>\n<p><strong>Alle hier genannten Zutaten oder Zusatzstoffe werden bei uns in vielen verschiedenen Qualit\u00e4ten, Viskosit\u00e4ten, Korngr\u00f6\u00dfen sowie auch in Bio-Qualit\u00e4t entsprechend der Verordnung (EG) 834\/2007 eingesetzt.<br \/>\nWir haben ein implementiertes HACCP-Konzept, striktes Allergenmanagement und all unsere Abl\u00e4ufe entsprechen GHP und den Anforderungen nach IFS Food (8) sowie BRC Food (9). Selbstverst\u00e4ndlich ist unsere Produktionsst\u00e4tte in Reinfeld\/Wesenberg GMO-frei.<br \/>\n<\/strong><\/p>\n","protected":false},"excerpt":{"rendered":"<p>Wir liefern keine Rohstoffe. Wir bieten L\u00f6sungen. Bei KaTech entwickeln wir produkt- und prozess-spezifische L\u00f6sungen zur Optimierung und Aufwertung der Rezepturen unserer Kunden. Wir haben einen umfassenden Blick \u00fcber den kompletten Rohstoff-Markt und k\u00f6nnen eine v\u00f6llig unabh\u00e4ngige Sicht anbieten. Dadurch &hellip; <a class=\"continue-reading\" href=\"https:\/\/katech-solutions.com\/de\/unsere-losungen\/\">Weiterlesen <span class=\"meta-nav\">&rarr;<\/span><\/a><\/p>\n","protected":false},"author":3,"featured_media":0,"parent":0,"menu_order":0,"comment_status":"closed","ping_status":"closed","template":"layout-content-4.php","meta":{"_acf_changed":false,"footnotes":""},"class_list":["post-5203","page","type-page","status-publish","hentry"],"acf":[],"yoast_head":"<!-- This site is optimized with the Yoast SEO plugin v27.2 - https:\/\/yoast.com\/product\/yoast-seo-wordpress\/ -->\n<title>KaTech - Offering A Range Of Bespoke Functional Ingredients<\/title>\n<meta name=\"description\" content=\"KaTech are a food technology company specialising in the creation of stabilisers and emulsifiers for the food industry using functional ingredients.\" \/>\n<meta name=\"robots\" content=\"index, follow, max-snippet:-1, max-image-preview:large, max-video-preview:-1\" \/>\n<link rel=\"canonical\" href=\"https:\/\/katech-solutions.com\/de\/unsere-losungen\/\" \/>\n<meta property=\"og:locale\" content=\"de_DE\" \/>\n<meta property=\"og:type\" content=\"article\" \/>\n<meta property=\"og:title\" content=\"KaTech - Offering A Range Of Bespoke Functional Ingredients\" \/>\n<meta property=\"og:description\" content=\"KaTech are a food technology company specialising in the creation of stabilisers and emulsifiers for the food industry using functional ingredients.\" \/>\n<meta property=\"og:url\" content=\"https:\/\/katech-solutions.com\/de\/unsere-losungen\/\" \/>\n<meta property=\"og:site_name\" content=\"KaTech\" \/>\n<meta property=\"article:modified_time\" content=\"2026-01-22T16:58:44+00:00\" \/>\n<meta name=\"twitter:label1\" content=\"Gesch\u00e4tzte Lesezeit\" \/>\n\t<meta name=\"twitter:data1\" content=\"3\u00a0Minuten\" \/>\n<script type=\"application\/ld+json\" class=\"yoast-schema-graph\">{\"@context\":\"https:\/\/schema.org\",\"@graph\":[{\"@type\":\"WebPage\",\"@id\":\"https:\/\/katech-solutions.com\/de\/unsere-losungen\/\",\"url\":\"https:\/\/katech-solutions.com\/de\/unsere-losungen\/\",\"name\":\"KaTech - Offering A Range Of Bespoke Functional Ingredients\",\"isPartOf\":{\"@id\":\"https:\/\/katech-solutions.com\/#website\"},\"datePublished\":\"2013-11-12T13:20:58+00:00\",\"dateModified\":\"2026-01-22T16:58:44+00:00\",\"description\":\"KaTech are a food technology company specialising in the creation of stabilisers and emulsifiers for the food industry using functional ingredients.\",\"inLanguage\":\"de\",\"potentialAction\":[{\"@type\":\"ReadAction\",\"target\":[\"https:\/\/katech-solutions.com\/de\/unsere-losungen\/\"]}]},{\"@type\":\"WebSite\",\"@id\":\"https:\/\/katech-solutions.com\/#website\",\"url\":\"https:\/\/katech-solutions.com\/\",\"name\":\"KaTech\",\"description\":\"\",\"potentialAction\":[{\"@type\":\"SearchAction\",\"target\":{\"@type\":\"EntryPoint\",\"urlTemplate\":\"https:\/\/katech-solutions.com\/?s={search_term_string}\"},\"query-input\":{\"@type\":\"PropertyValueSpecification\",\"valueRequired\":true,\"valueName\":\"search_term_string\"}}],\"inLanguage\":\"de\"}]}<\/script>\n<!-- \/ Yoast SEO plugin. -->","yoast_head_json":{"title":"KaTech - Offering A Range Of Bespoke Functional Ingredients","description":"KaTech are a food technology company specialising in the creation of stabilisers and emulsifiers for the food industry using functional ingredients.","robots":{"index":"index","follow":"follow","max-snippet":"max-snippet:-1","max-image-preview":"max-image-preview:large","max-video-preview":"max-video-preview:-1"},"canonical":"https:\/\/katech-solutions.com\/de\/unsere-losungen\/","og_locale":"de_DE","og_type":"article","og_title":"KaTech - Offering A Range Of Bespoke Functional Ingredients","og_description":"KaTech are a food technology company specialising in the creation of stabilisers and emulsifiers for the food industry using functional ingredients.","og_url":"https:\/\/katech-solutions.com\/de\/unsere-losungen\/","og_site_name":"KaTech","article_modified_time":"2026-01-22T16:58:44+00:00","twitter_misc":{"Gesch\u00e4tzte Lesezeit":"3\u00a0Minuten"},"schema":{"@context":"https:\/\/schema.org","@graph":[{"@type":"WebPage","@id":"https:\/\/katech-solutions.com\/de\/unsere-losungen\/","url":"https:\/\/katech-solutions.com\/de\/unsere-losungen\/","name":"KaTech - Offering A Range Of Bespoke Functional Ingredients","isPartOf":{"@id":"https:\/\/katech-solutions.com\/#website"},"datePublished":"2013-11-12T13:20:58+00:00","dateModified":"2026-01-22T16:58:44+00:00","description":"KaTech are a food technology company specialising in the creation of stabilisers and emulsifiers for the food industry using functional ingredients.","inLanguage":"de","potentialAction":[{"@type":"ReadAction","target":["https:\/\/katech-solutions.com\/de\/unsere-losungen\/"]}]},{"@type":"WebSite","@id":"https:\/\/katech-solutions.com\/#website","url":"https:\/\/katech-solutions.com\/","name":"KaTech","description":"","potentialAction":[{"@type":"SearchAction","target":{"@type":"EntryPoint","urlTemplate":"https:\/\/katech-solutions.com\/?s={search_term_string}"},"query-input":{"@type":"PropertyValueSpecification","valueRequired":true,"valueName":"search_term_string"}}],"inLanguage":"de"}]}},"_links":{"self":[{"href":"https:\/\/katech-solutions.com\/de\/wp-json\/wp\/v2\/pages\/5203","targetHints":{"allow":["GET"]}}],"collection":[{"href":"https:\/\/katech-solutions.com\/de\/wp-json\/wp\/v2\/pages"}],"about":[{"href":"https:\/\/katech-solutions.com\/de\/wp-json\/wp\/v2\/types\/page"}],"author":[{"embeddable":true,"href":"https:\/\/katech-solutions.com\/de\/wp-json\/wp\/v2\/users\/3"}],"replies":[{"embeddable":true,"href":"https:\/\/katech-solutions.com\/de\/wp-json\/wp\/v2\/comments?post=5203"}],"version-history":[{"count":46,"href":"https:\/\/katech-solutions.com\/de\/wp-json\/wp\/v2\/pages\/5203\/revisions"}],"predecessor-version":[{"id":13615,"href":"https:\/\/katech-solutions.com\/de\/wp-json\/wp\/v2\/pages\/5203\/revisions\/13615"}],"wp:attachment":[{"href":"https:\/\/katech-solutions.com\/de\/wp-json\/wp\/v2\/media?parent=5203"}],"curies":[{"name":"wp","href":"https:\/\/api.w.org\/{rel}","templated":true}]}}