{"id":5063,"date":"2014-01-15T11:54:33","date_gmt":"2014-01-15T11:54:33","guid":{"rendered":"https:\/\/www.khpartner.com\/site\/?page_id=5063"},"modified":"2020-02-25T15:22:27","modified_gmt":"2020-02-25T15:22:27","slug":"neues-produkt-6","status":"publish","type":"page","link":"https:\/\/katech-solutions.com\/de\/neues-produkt-6\/","title":{"rendered":"Neue Produkte"},"content":{"rendered":"<h2>Neue Produkte<\/h2>\n<p style=\"text-align: justify;\">F\u00fcr Sie als Nahrungsmittelhersteller sind Ihre Produkte die Grundlage Ihres Unternehmens. W\u00e4hrend einige Produkte konkurrenzlos sind, m\u00fcssen die meisten Unternehmen ihre Produktpalette st\u00e4ndig weiter entwickeln und neue M\u00e4rkte erschlie\u00dfen, um wettbewerbsf\u00e4hig zu bleiben. Neue Produkte k\u00f6nnen sowohl \u201cneu f\u00fcr Ihr Unternehmen\u201d als auch \u201eneu aus Produkt- oder Marken-Perspektive\u201c sein.<\/p>\n<p style=\"text-align: justify;\">Die F\u00e4higkeit, einen neuen Markt schnell und erfolgreich zu erschlie\u00dfen, ist ausschlaggebend f\u00fcr einen langfristig hohen Marktanteil. Bei KaTech verstehen wir jede Stufe der Entwicklung neuer Produkte und wir k\u00f6nnen Sie unterst\u00fctzen ein neues Produkt effizient und effektiv auf den Markt zu bringen.<\/p>\n<p style=\"text-align: justify;\">Wenn Sie ein neues Produkt entwickeln und auf einen Markt bringen wollen, kontaktieren Sie uns. Wir unterst\u00fctzen Sie sehr gern bei diesem Vorhaben. Weitere Informationen entnehmen Sie bitte nebenstehender Prezi.<\/p>\n","protected":false},"excerpt":{"rendered":"<p>Neue Produkte F\u00fcr Sie als Nahrungsmittelhersteller sind Ihre Produkte die Grundlage Ihres Unternehmens. W\u00e4hrend einige Produkte konkurrenzlos sind, m\u00fcssen die meisten Unternehmen ihre Produktpalette st\u00e4ndig weiter entwickeln und neue M\u00e4rkte erschlie\u00dfen, um wettbewerbsf\u00e4hig zu bleiben. Neue Produkte k\u00f6nnen sowohl \u201cneu &hellip; <a class=\"continue-reading\" href=\"https:\/\/katech-solutions.com\/de\/neues-produkt-6\/\">Weiterlesen <span class=\"meta-nav\">&rarr;<\/span><\/a><\/p>\n","protected":false},"author":3,"featured_media":0,"parent":0,"menu_order":0,"comment_status":"closed","ping_status":"closed","template":"layout-content-3.php","meta":{"_acf_changed":false,"footnotes":""},"class_list":["post-5063","page","type-page","status-publish","hentry"],"acf":[],"yoast_head":"<!-- This site is optimized with the Yoast SEO plugin v27.2 - https:\/\/yoast.com\/product\/yoast-seo-wordpress\/ -->\n<title>Neue Produkte |<\/title>\n<meta name=\"description\" content=\"KaTech ist ein Lebensmitteltechnologie-Unternehmen, spezialisiert in der Entwicklung neuer Produkte f\u00fcr die Lebensmittelindustrie.\" \/>\n<meta name=\"robots\" content=\"index, follow, max-snippet:-1, max-image-preview:large, max-video-preview:-1\" \/>\n<link rel=\"canonical\" href=\"https:\/\/katech-solutions.com\/de\/neues-produkt-6\/\" \/>\n<meta property=\"og:locale\" content=\"de_DE\" \/>\n<meta property=\"og:type\" content=\"article\" \/>\n<meta property=\"og:title\" content=\"Neue Produkte |\" \/>\n<meta property=\"og:description\" content=\"KaTech ist ein Lebensmitteltechnologie-Unternehmen, spezialisiert in der Entwicklung neuer Produkte f\u00fcr die Lebensmittelindustrie.\" \/>\n<meta property=\"og:url\" content=\"https:\/\/katech-solutions.com\/de\/neues-produkt-6\/\" \/>\n<meta property=\"og:site_name\" content=\"KaTech\" \/>\n<meta property=\"article:modified_time\" content=\"2020-02-25T15:22:27+00:00\" \/>\n<meta name=\"twitter:label1\" content=\"Gesch\u00e4tzte Lesezeit\" \/>\n\t<meta name=\"twitter:data1\" content=\"1\u00a0Minute\" \/>\n<script type=\"application\/ld+json\" class=\"yoast-schema-graph\">{\"@context\":\"https:\/\/schema.org\",\"@graph\":[{\"@type\":\"WebPage\",\"@id\":\"https:\/\/katech-solutions.com\/de\/neues-produkt-6\/\",\"url\":\"https:\/\/katech-solutions.com\/de\/neues-produkt-6\/\",\"name\":\"Neue Produkte |\",\"isPartOf\":{\"@id\":\"https:\/\/katech-solutions.com\/#website\"},\"datePublished\":\"2014-01-15T11:54:33+00:00\",\"dateModified\":\"2020-02-25T15:22:27+00:00\",\"description\":\"KaTech ist ein Lebensmitteltechnologie-Unternehmen, spezialisiert in der Entwicklung neuer Produkte f\u00fcr die Lebensmittelindustrie.\",\"inLanguage\":\"de\",\"potentialAction\":[{\"@type\":\"ReadAction\",\"target\":[\"https:\/\/katech-solutions.com\/de\/neues-produkt-6\/\"]}]},{\"@type\":\"WebSite\",\"@id\":\"https:\/\/katech-solutions.com\/#website\",\"url\":\"https:\/\/katech-solutions.com\/\",\"name\":\"KaTech\",\"description\":\"\",\"potentialAction\":[{\"@type\":\"SearchAction\",\"target\":{\"@type\":\"EntryPoint\",\"urlTemplate\":\"https:\/\/katech-solutions.com\/?s={search_term_string}\"},\"query-input\":{\"@type\":\"PropertyValueSpecification\",\"valueRequired\":true,\"valueName\":\"search_term_string\"}}],\"inLanguage\":\"de\"}]}<\/script>\n<!-- \/ Yoast SEO plugin. -->","yoast_head_json":{"title":"Neue Produkte |","description":"KaTech ist ein Lebensmitteltechnologie-Unternehmen, spezialisiert in der Entwicklung neuer Produkte f\u00fcr die Lebensmittelindustrie.","robots":{"index":"index","follow":"follow","max-snippet":"max-snippet:-1","max-image-preview":"max-image-preview:large","max-video-preview":"max-video-preview:-1"},"canonical":"https:\/\/katech-solutions.com\/de\/neues-produkt-6\/","og_locale":"de_DE","og_type":"article","og_title":"Neue Produkte |","og_description":"KaTech ist ein Lebensmitteltechnologie-Unternehmen, spezialisiert in der Entwicklung neuer Produkte f\u00fcr die Lebensmittelindustrie.","og_url":"https:\/\/katech-solutions.com\/de\/neues-produkt-6\/","og_site_name":"KaTech","article_modified_time":"2020-02-25T15:22:27+00:00","twitter_misc":{"Gesch\u00e4tzte Lesezeit":"1\u00a0Minute"},"schema":{"@context":"https:\/\/schema.org","@graph":[{"@type":"WebPage","@id":"https:\/\/katech-solutions.com\/de\/neues-produkt-6\/","url":"https:\/\/katech-solutions.com\/de\/neues-produkt-6\/","name":"Neue Produkte |","isPartOf":{"@id":"https:\/\/katech-solutions.com\/#website"},"datePublished":"2014-01-15T11:54:33+00:00","dateModified":"2020-02-25T15:22:27+00:00","description":"KaTech ist ein Lebensmitteltechnologie-Unternehmen, spezialisiert in der Entwicklung neuer Produkte f\u00fcr die Lebensmittelindustrie.","inLanguage":"de","potentialAction":[{"@type":"ReadAction","target":["https:\/\/katech-solutions.com\/de\/neues-produkt-6\/"]}]},{"@type":"WebSite","@id":"https:\/\/katech-solutions.com\/#website","url":"https:\/\/katech-solutions.com\/","name":"KaTech","description":"","potentialAction":[{"@type":"SearchAction","target":{"@type":"EntryPoint","urlTemplate":"https:\/\/katech-solutions.com\/?s={search_term_string}"},"query-input":{"@type":"PropertyValueSpecification","valueRequired":true,"valueName":"search_term_string"}}],"inLanguage":"de"}]}},"_links":{"self":[{"href":"https:\/\/katech-solutions.com\/de\/wp-json\/wp\/v2\/pages\/5063","targetHints":{"allow":["GET"]}}],"collection":[{"href":"https:\/\/katech-solutions.com\/de\/wp-json\/wp\/v2\/pages"}],"about":[{"href":"https:\/\/katech-solutions.com\/de\/wp-json\/wp\/v2\/types\/page"}],"author":[{"embeddable":true,"href":"https:\/\/katech-solutions.com\/de\/wp-json\/wp\/v2\/users\/3"}],"replies":[{"embeddable":true,"href":"https:\/\/katech-solutions.com\/de\/wp-json\/wp\/v2\/comments?post=5063"}],"version-history":[{"count":21,"href":"https:\/\/katech-solutions.com\/de\/wp-json\/wp\/v2\/pages\/5063\/revisions"}],"predecessor-version":[{"id":10603,"href":"https:\/\/katech-solutions.com\/de\/wp-json\/wp\/v2\/pages\/5063\/revisions\/10603"}],"wp:attachment":[{"href":"https:\/\/katech-solutions.com\/de\/wp-json\/wp\/v2\/media?parent=5063"}],"curies":[{"name":"wp","href":"https:\/\/api.w.org\/{rel}","templated":true}]}}